{"id":33390,"date":"2026-03-18T19:05:11","date_gmt":"2026-03-18T18:05:11","guid":{"rendered":"https:\/\/27-215.pl\/?page_id=33390"},"modified":"2026-03-18T19:20:44","modified_gmt":"2026-03-18T18:20:44","slug":"dane-kontaktowe","status":"publish","type":"page","link":"https:\/\/27-215.pl\/index.php\/dane-kontaktowe\/","title":{"rendered":"Dane kontaktowe"},"content":{"rendered":"<p data-start=\"1173\" data-end=\"1250\"><br data-start=\"1192\" data-end=\"1195\" \/>BeeVista Sp. z o.o.<br data-start=\"1214\" data-end=\"1217\" \/>ul. Skalista 6<br data-start=\"1231\" data-end=\"1234\" \/>27-215 W\u0105chock<\/p>\n<p data-start=\"1252\" data-end=\"1323\">NIP: 6642156824<br data-start=\"1267\" data-end=\"1270\" \/>KRS: 0001143344<br data-start=\"1285\" data-end=\"1288\" \/>REGON: 540385890<br data-start=\"1304\" data-end=\"1307\" \/>BDO: 000653903<\/p>\n<p data-start=\"1325\" data-end=\"1376\">e-mail: <a class=\"decorated-link cursor-pointer\" rel=\"noopener\" data-start=\"1333\" data-end=\"1350\">sklep@beevista.pl<\/a><br data-start=\"1350\" data-end=\"1353\" \/>telefon: 736 90 94 95<\/p>\n<p data-start=\"1378\" data-end=\"1456\"><strong data-start=\"1378\" data-end=\"1402\">Odst\u0105pienie od umowy<\/strong><br data-start=\"1402\" data-end=\"1405\" \/>O\u015bwiadczenie o odst\u0105pieniu od umowy mo\u017cna z\u0142o\u017cy\u0107:<\/p>\n<ul data-start=\"1457\" data-end=\"1562\">\n<li data-section-id=\"aifbbo\" data-start=\"1457\" data-end=\"1508\">\n<p data-start=\"1459\" data-end=\"1508\">drog\u0105 elektroniczn\u0105 na adres: <a class=\"decorated-link cursor-pointer\" rel=\"noopener\" data-start=\"1489\" data-end=\"1506\">sklep@beevista.pl<\/a><\/p>\n<\/li>\n<li data-section-id=\"y0263v\" data-start=\"1509\" data-end=\"1562\">\n<p data-start=\"1511\" data-end=\"1562\">pisemnie na adres: ul. Skalista 6, 27-215 W\u0105chock<\/p>\n<\/li>\n<\/ul>\n<p data-start=\"1564\" data-end=\"1654\"><strong data-start=\"1564\" data-end=\"1574\">Zwroty<\/strong><br data-start=\"1574\" data-end=\"1577\" \/>Zwracane produkty nale\u017cy odsy\u0142a\u0107 na adres:<br data-start=\"1619\" data-end=\"1622\" \/>ul. Skalista 6, 27-215 W\u0105chock<\/p>\n","protected":false},"excerpt":{"rendered":"<p>BeeVista Sp. z o.o.ul. Skalista 627-215 W\u0105chock NIP: 6642156824KRS: 0001143344REGON: 540385890BDO: 000653903 e-mail: sklep@beevista.pltelefon: 736 90 94 95 Odst\u0105pienie od umowyO\u015bwiadczenie o odst\u0105pieniu od umowy mo\u017cna z\u0142o\u017cy\u0107: drog\u0105 elektroniczn\u0105 na adres: sklep@beevista.pl pisemnie na adres: ul. Skalista 6, 27-215 W\u0105chock ZwrotyZwracane produkty nale\u017cy odsy\u0142a\u0107 na adres:ul. Skalista 6, 27-215 W\u0105chock<\/p>\n","protected":false},"author":1,"featured_media":0,"parent":0,"menu_order":0,"comment_status":"closed","ping_status":"closed","template":"","meta":{"footnotes":""},"class_list":["post-33390","page","type-page","status-publish","hentry"],"_links":{"self":[{"href":"https:\/\/27-215.pl\/index.php\/wp-json\/wp\/v2\/pages\/33390","targetHints":{"allow":["GET"]}}],"collection":[{"href":"https:\/\/27-215.pl\/index.php\/wp-json\/wp\/v2\/pages"}],"about":[{"href":"https:\/\/27-215.pl\/index.php\/wp-json\/wp\/v2\/types\/page"}],"author":[{"embeddable":true,"href":"https:\/\/27-215.pl\/index.php\/wp-json\/wp\/v2\/users\/1"}],"replies":[{"embeddable":true,"href":"https:\/\/27-215.pl\/index.php\/wp-json\/wp\/v2\/comments?post=33390"}],"version-history":[{"count":2,"href":"https:\/\/27-215.pl\/index.php\/wp-json\/wp\/v2\/pages\/33390\/revisions"}],"predecessor-version":[{"id":33396,"href":"https:\/\/27-215.pl\/index.php\/wp-json\/wp\/v2\/pages\/33390\/revisions\/33396"}],"wp:attachment":[{"href":"https:\/\/27-215.pl\/index.php\/wp-json\/wp\/v2\/media?parent=33390"}],"curies":[{"name":"wp","href":"https:\/\/api.w.org\/{rel}","templated":true}]}}