{"id":65,"date":"2024-12-09T18:54:44","date_gmt":"2024-12-09T17:54:44","guid":{"rendered":"https:\/\/www.27-215.pl\/?page_id=65"},"modified":"2026-03-18T19:36:21","modified_gmt":"2026-03-18T18:36:21","slug":"polityka-prywatnosci","status":"publish","type":"page","link":"https:\/\/27-215.pl\/index.php\/polityka-prywatnosci\/","title":{"rendered":"Polityka prywatno\u015bci"},"content":{"rendered":"<p data-start=\"145\" data-end=\"189\"><strong data-start=\"145\" data-end=\"189\">POLITYKA PRYWATNO\u015aCI BeeVista Sp. z o.o.<\/strong><\/p>\n<p data-start=\"191\" data-end=\"660\"><strong data-start=\"191\" data-end=\"220\">\u00a7 1. Postanowienia og\u00f3lne<\/strong><br data-start=\"220\" data-end=\"223\" \/>Niniejsza Polityka Prywatno\u015bci okre\u015bla zasady przetwarzania danych osobowych przez BeeVista Sp. z o.o. z siedzib\u0105 w W\u0105chocku przy ul. Skalista 6, 27-215 W\u0105chock, wpisan\u0105 do rejestru przedsi\u0119biorc\u00f3w KRS prowadzonego przez S\u0105d Rejonowy w Kielcach, X Wydzia\u0142 Gospodarczy KRS pod numerem 0001143344, NIP: 6642156824, REGON: 540385890 (dalej \u201eAdministrator\u201d), w zwi\u0105zku z korzystaniem ze sklepu internetowego dost\u0119pnego pod adresem 27-215.pl.<\/p>\n<p data-start=\"662\" data-end=\"769\">Kontakt z Administratorem mo\u017cliwy jest pod adresem e-mail: <a class=\"decorated-link cursor-pointer\" rel=\"noopener\" data-start=\"721\" data-end=\"736\">sklep@27-215.pl<\/a> lub telefonicznie: 736 90 94 95.<\/p>\n<p data-start=\"771\" data-end=\"947\">Administrator przetwarza dane osobowe zgodnie z obowi\u0105zuj\u0105cymi przepisami prawa, w szczeg\u00f3lno\u015bci zgodnie z Rozporz\u0105dzeniem Parlamentu Europejskiego i Rady (UE) 2016\/679 (RODO).<\/p>\n<p data-start=\"949\" data-end=\"1118\"><strong data-start=\"949\" data-end=\"996\">\u00a7 2. Zakres przetwarzanych danych osobowych<\/strong><br data-start=\"996\" data-end=\"999\" \/>Administrator przetwarza dane osobowe podawane przez U\u017cytkownika w zwi\u0105zku z korzystaniem ze Sklepu, w szczeg\u00f3lno\u015bci:<\/p>\n<ul data-start=\"1119\" data-end=\"1280\">\n<li data-section-id=\"1ivvyv9\" data-start=\"1119\" data-end=\"1139\">\n<p data-start=\"1121\" data-end=\"1139\">imi\u0119 i nazwisko,<\/p>\n<\/li>\n<li data-section-id=\"1inhlfq\" data-start=\"1140\" data-end=\"1158\">\n<p data-start=\"1142\" data-end=\"1158\">adres dostawy,<\/p>\n<\/li>\n<li data-section-id=\"dnp6ck\" data-start=\"1159\" data-end=\"1176\">\n<p data-start=\"1161\" data-end=\"1176\">adres e-mail,<\/p>\n<\/li>\n<li data-section-id=\"jcdln3\" data-start=\"1177\" data-end=\"1196\">\n<p data-start=\"1179\" data-end=\"1196\">numer telefonu,<\/p>\n<\/li>\n<li data-section-id=\"10msbeg\" data-start=\"1197\" data-end=\"1280\">\n<p data-start=\"1199\" data-end=\"1280\">dane niezb\u0119dne do realizacji p\u0142atno\u015bci (przetwarzane przez operator\u00f3w p\u0142atno\u015bci).<\/p>\n<\/li>\n<\/ul>\n<p data-start=\"1282\" data-end=\"1372\">Podanie danych osobowych jest dobrowolne, jednak niezb\u0119dne do zawarcia i realizacji umowy.<\/p>\n<p data-start=\"1374\" data-end=\"1483\"><strong data-start=\"1374\" data-end=\"1426\">\u00a7 3. Cele i podstawy prawne przetwarzania danych<\/strong><br data-start=\"1426\" data-end=\"1429\" \/>Dane osobowe przetwarzane s\u0105 w nast\u0119puj\u0105cych celach:<\/p>\n<ul data-start=\"1484\" data-end=\"1951\">\n<li data-section-id=\"16pgg80\" data-start=\"1484\" data-end=\"1569\">\n<p data-start=\"1486\" data-end=\"1569\">realizacja zam\u00f3wienia \u2013 na podstawie art. 6 ust. 1 lit. b RODO (wykonanie umowy),<\/p>\n<\/li>\n<li data-section-id=\"ynnvcz\" data-start=\"1570\" data-end=\"1644\">\n<p data-start=\"1572\" data-end=\"1644\">kontakt w sprawie zam\u00f3wienia \u2013 na podstawie art. 6 ust. 1 lit. b RODO,<\/p>\n<\/li>\n<li data-section-id=\"8erqfm\" data-start=\"1645\" data-end=\"1738\">\n<p data-start=\"1647\" data-end=\"1738\">obs\u0142uga reklamacji i zwrot\u00f3w \u2013 na podstawie art. 6 ust. 1 lit. c RODO (obowi\u0105zek prawny),<\/p>\n<\/li>\n<li data-section-id=\"7ycilp\" data-start=\"1739\" data-end=\"1808\">\n<p data-start=\"1741\" data-end=\"1808\">prowadzenie ksi\u0119gowo\u015bci \u2013 na podstawie art. 6 ust. 1 lit. c RODO,<\/p>\n<\/li>\n<li data-section-id=\"45mja4\" data-start=\"1809\" data-end=\"1951\">\n<p data-start=\"1811\" data-end=\"1951\">ewentualne dochodzenie roszcze\u0144 lub obrona przed roszczeniami \u2013 na podstawie art. 6 ust. 1 lit. f RODO (uzasadniony interes Administratora).<\/p>\n<\/li>\n<\/ul>\n<p data-start=\"1953\" data-end=\"2039\">Dane nie s\u0105 wykorzystywane do zautomatyzowanego podejmowania decyzji ani profilowania.<\/p>\n<p data-start=\"2041\" data-end=\"2149\"><strong data-start=\"2041\" data-end=\"2075\">\u00a7 4. Odbiorcy danych osobowych<\/strong><br data-start=\"2075\" data-end=\"2078\" \/>Dane osobowe mog\u0105 by\u0107 przekazywane nast\u0119puj\u0105cym kategoriom odbiorc\u00f3w:<\/p>\n<ul data-start=\"2150\" data-end=\"2381\">\n<li data-section-id=\"13fwsvl\" data-start=\"2150\" data-end=\"2215\">\n<p data-start=\"2152\" data-end=\"2215\">firmom kurierskim i logistycznym \u2013 w celu realizacji dostawy,<\/p>\n<\/li>\n<li data-section-id=\"qeyzlm\" data-start=\"2216\" data-end=\"2268\">\n<p data-start=\"2218\" data-end=\"2268\">operatorom p\u0142atno\u015bci \u2013 w celu obs\u0142ugi p\u0142atno\u015bci,<\/p>\n<\/li>\n<li data-section-id=\"1pvugmh\" data-start=\"2269\" data-end=\"2381\">\n<p data-start=\"2271\" data-end=\"2381\">podmiotom \u015bwiadcz\u0105cym us\u0142ugi ksi\u0119gowe, hostingowe oraz IT \u2013 w zakresie niezb\u0119dnym do prowadzenia dzia\u0142alno\u015bci.<\/p>\n<\/li>\n<\/ul>\n<p data-start=\"2383\" data-end=\"2487\">Podmioty te przetwarzaj\u0105 dane na podstawie um\u00f3w powierzenia i zgodnie z obowi\u0105zuj\u0105cymi przepisami prawa.<\/p>\n<p data-start=\"2489\" data-end=\"2611\"><strong data-start=\"2489\" data-end=\"2527\">\u00a7 5. Przekazywanie danych poza EOG<\/strong><br data-start=\"2527\" data-end=\"2530\" \/>Dane osobowe co do zasady nie s\u0105 przekazywane poza Europejski Obszar Gospodarczy.<\/p>\n<p data-start=\"2613\" data-end=\"2849\">W przypadku korzystania z narz\u0119dzi dostawc\u00f3w maj\u0105cych siedzib\u0119 poza EOG, dane mog\u0105 by\u0107 przekazywane na podstawie odpowiednich zabezpiecze\u0144 prawnych, w szczeg\u00f3lno\u015bci standardowych klauzul umownych zatwierdzonych przez Komisj\u0119 Europejsk\u0105.<\/p>\n<p data-start=\"2851\" data-end=\"2922\"><strong data-start=\"2851\" data-end=\"2887\">\u00a7 6. Okres przechowywania danych<\/strong><br data-start=\"2887\" data-end=\"2890\" \/>Dane osobowe przechowywane s\u0105:<\/p>\n<ul data-start=\"2923\" data-end=\"3112\">\n<li data-section-id=\"i1o3du\" data-start=\"2923\" data-end=\"2976\">\n<p data-start=\"2925\" data-end=\"2976\">przez czas realizacji umowy oraz jej rozliczenia,<\/p>\n<\/li>\n<li data-section-id=\"1f6jte2\" data-start=\"2977\" data-end=\"3058\">\n<p data-start=\"2979\" data-end=\"3058\">przez okres wymagany przepisami prawa (np. dokumentacja ksi\u0119gowa \u2013 do 5 lat),<\/p>\n<\/li>\n<li data-section-id=\"6m70nh\" data-start=\"3059\" data-end=\"3112\">\n<p data-start=\"3061\" data-end=\"3112\">do czasu przedawnienia roszcze\u0144 zwi\u0105zanych z umow\u0105.<\/p>\n<\/li>\n<\/ul>\n<p data-start=\"3114\" data-end=\"3168\"><strong data-start=\"3114\" data-end=\"3140\">\u00a7 7. Prawa U\u017cytkownika<\/strong><br data-start=\"3140\" data-end=\"3143\" \/>U\u017cytkownik ma prawo do:<\/p>\n<ul data-start=\"3169\" data-end=\"3412\">\n<li data-section-id=\"16f49b\" data-start=\"3169\" data-end=\"3198\">\n<p data-start=\"3171\" data-end=\"3198\">dost\u0119pu do swoich danych,<\/p>\n<\/li>\n<li data-section-id=\"ln0ie3\" data-start=\"3199\" data-end=\"3223\">\n<p data-start=\"3201\" data-end=\"3223\">sprostowania danych,<\/p>\n<\/li>\n<li data-section-id=\"1cjkbmj\" data-start=\"3224\" data-end=\"3245\">\n<p data-start=\"3226\" data-end=\"3245\">usuni\u0119cia danych,<\/p>\n<\/li>\n<li data-section-id=\"1a6lw5u\" data-start=\"3246\" data-end=\"3277\">\n<p data-start=\"3248\" data-end=\"3277\">ograniczenia przetwarzania,<\/p>\n<\/li>\n<li data-section-id=\"1typq02\" data-start=\"3278\" data-end=\"3323\">\n<p data-start=\"3280\" data-end=\"3323\">wniesienia sprzeciwu wobec przetwarzania,<\/p>\n<\/li>\n<li data-section-id=\"1dpjb63\" data-start=\"3324\" data-end=\"3348\">\n<p data-start=\"3326\" data-end=\"3348\">przenoszenia danych,<\/p>\n<\/li>\n<li data-section-id=\"jxkx7b\" data-start=\"3349\" data-end=\"3412\">\n<p data-start=\"3351\" data-end=\"3412\">wniesienia skargi do Prezesa Urz\u0119du Ochrony Danych Osobowych.<\/p>\n<\/li>\n<\/ul>\n<p data-start=\"3414\" data-end=\"3571\"><strong data-start=\"3414\" data-end=\"3436\">\u00a7 8. Pliki cookies<\/strong><br data-start=\"3436\" data-end=\"3439\" \/>Strona internetowa wykorzystuje pliki cookies w celu zapewnienia prawid\u0142owego dzia\u0142ania, poprawy funkcjonalno\u015bci oraz analizy ruchu.<\/p>\n<p data-start=\"3573\" data-end=\"3598\">Cookies mog\u0105 obejmowa\u0107:<\/p>\n<ul data-start=\"3599\" data-end=\"3715\">\n<li data-section-id=\"1cddeie\" data-start=\"3599\" data-end=\"3652\">\n<p data-start=\"3601\" data-end=\"3652\">pliki techniczne \u2013 niezb\u0119dne do dzia\u0142ania strony,<\/p>\n<\/li>\n<li data-section-id=\"xz5jqg\" data-start=\"3653\" data-end=\"3715\">\n<p data-start=\"3655\" data-end=\"3715\">pliki analityczne \u2013 umo\u017cliwiaj\u0105ce analiz\u0119 ruchu i statystyk.<\/p>\n<\/li>\n<\/ul>\n<p data-start=\"3717\" data-end=\"3811\">U\u017cytkownik mo\u017ce zarz\u0105dza\u0107 plikami cookies poprzez ustawienia swojej przegl\u0105darki internetowej.<\/p>\n<p data-start=\"3813\" data-end=\"4022\"><strong data-start=\"3813\" data-end=\"3843\">\u00a7 9. Bezpiecze\u0144stwo danych<\/strong><br data-start=\"3843\" data-end=\"3846\" \/>Administrator stosuje odpowiednie \u015brodki techniczne i organizacyjne zapewniaj\u0105ce ochron\u0119 przetwarzanych danych osobowych przed nieuprawnionym dost\u0119pem, utrat\u0105 lub zniszczeniem.<\/p>\n<p data-start=\"4024\" data-end=\"4214\"><strong data-start=\"4024\" data-end=\"4061\">\u00a7 10. Zmiany Polityki Prywatno\u015bci<\/strong><br data-start=\"4061\" data-end=\"4064\" \/>Administrator zastrzega sobie prawo do wprowadzania zmian w Polityce Prywatno\u015bci w przypadku zmiany przepis\u00f3w prawa lub sposobu funkcjonowania Sklepu.<\/p>\n<p data-start=\"4216\" data-end=\"4294\">Aktualna wersja Polityki Prywatno\u015bci jest publikowana na stronie internetowej.<\/p>\n<p data-start=\"4296\" data-end=\"4392\" data-is-last-node=\"\" data-is-only-node=\"\">\n","protected":false},"excerpt":{"rendered":"<p>POLITYKA PRYWATNO\u015aCI BeeVista Sp. z o.o. \u00a7 1. Postanowienia og\u00f3lneNiniejsza Polityka Prywatno\u015bci okre\u015bla zasady przetwarzania danych osobowych przez BeeVista Sp. z o.o. z siedzib\u0105 w W\u0105chocku przy ul. Skalista 6, 27-215 W\u0105chock, wpisan\u0105 do rejestru przedsi\u0119biorc\u00f3w KRS prowadzonego przez S\u0105d Rejonowy w Kielcach, X Wydzia\u0142 Gospodarczy KRS pod numerem 0001143344, NIP: 6642156824, REGON: 540385890 (dalej [&hellip;]<\/p>\n","protected":false},"author":1,"featured_media":0,"parent":0,"menu_order":0,"comment_status":"closed","ping_status":"closed","template":"","meta":{"footnotes":""},"class_list":["post-65","page","type-page","status-publish","hentry"],"_links":{"self":[{"href":"https:\/\/27-215.pl\/index.php\/wp-json\/wp\/v2\/pages\/65","targetHints":{"allow":["GET"]}}],"collection":[{"href":"https:\/\/27-215.pl\/index.php\/wp-json\/wp\/v2\/pages"}],"about":[{"href":"https:\/\/27-215.pl\/index.php\/wp-json\/wp\/v2\/types\/page"}],"author":[{"embeddable":true,"href":"https:\/\/27-215.pl\/index.php\/wp-json\/wp\/v2\/users\/1"}],"replies":[{"embeddable":true,"href":"https:\/\/27-215.pl\/index.php\/wp-json\/wp\/v2\/comments?post=65"}],"version-history":[{"count":5,"href":"https:\/\/27-215.pl\/index.php\/wp-json\/wp\/v2\/pages\/65\/revisions"}],"predecessor-version":[{"id":33397,"href":"https:\/\/27-215.pl\/index.php\/wp-json\/wp\/v2\/pages\/65\/revisions\/33397"}],"wp:attachment":[{"href":"https:\/\/27-215.pl\/index.php\/wp-json\/wp\/v2\/media?parent=65"}],"curies":[{"name":"wp","href":"https:\/\/api.w.org\/{rel}","templated":true}]}}