{"id":70,"date":"2024-12-09T19:00:04","date_gmt":"2024-12-09T18:00:04","guid":{"rendered":"https:\/\/www.27-215.pl\/?page_id=70"},"modified":"2026-03-18T19:14:13","modified_gmt":"2026-03-18T18:14:13","slug":"regulamin-sklepu","status":"publish","type":"page","link":"https:\/\/27-215.pl\/index.php\/regulamin-sklepu\/","title":{"rendered":"Regulamin sklepu"},"content":{"rendered":"<p data-start=\"86\" data-end=\"140\"><strong data-start=\"86\" data-end=\"140\">REGULAMIN SKLEPU INTERNETOWEGO BeeVista Sp. z o.o.<\/strong><\/p>\n<p data-start=\"142\" data-end=\"495\"><strong data-start=\"142\" data-end=\"174\">\u00a7 1. Informacje o Sprzedawcy<\/strong><br data-start=\"174\" data-end=\"177\" \/>Sklep internetowy dost\u0119pny pod adresem 27-215.pl prowadzony jest przez BeeVista Sp. z o.o. z siedzib\u0105 w W\u0105chocku przy ul. Skalista 6, 27-215 W\u0105chock, wpisan\u0105 do rejestru przedsi\u0119biorc\u00f3w KRS prowadzonego przez S\u0105d Rejonowy w Kielcach, X Wydzia\u0142 Gospodarczy KRS pod numerem 0001143344, NIP: 6642156824, REGON: 540385890.<\/p>\n<p data-start=\"497\" data-end=\"620\"><strong data-start=\"497\" data-end=\"528\">Dane kontaktowe Sprzedawcy:<\/strong><br data-start=\"528\" data-end=\"531\" \/>adres: ul. Skalista 6, 27-215 W\u0105chock<br data-start=\"568\" data-end=\"571\" \/>e-mail: <a class=\"decorated-link cursor-pointer\" rel=\"noopener\" data-start=\"579\" data-end=\"594\">sklep@27-215.pl<\/a><br data-start=\"594\" data-end=\"597\" \/>telefon: 736 90 94 95<\/p>\n<p data-start=\"622\" data-end=\"771\">Regulamin okre\u015bla zasady korzystania ze Sklepu, sk\u0142adania zam\u00f3wie\u0144, zawierania um\u00f3w sprzeda\u017cy, odst\u0105pienia od umowy oraz post\u0119powania reklamacyjnego.<\/p>\n<p data-start=\"773\" data-end=\"1270\"><strong data-start=\"773\" data-end=\"791\">\u00a7 2. Definicje<\/strong><br data-start=\"791\" data-end=\"794\" \/>Konsument \u2013 osoba fizyczna dokonuj\u0105ca czynno\u015bci prawnej niezwi\u0105zanej bezpo\u015brednio z dzia\u0142alno\u015bci\u0105 gospodarcz\u0105.<br data-start=\"904\" data-end=\"907\" \/>Przedsi\u0119biorca na prawach konsumenta \u2013 osoba fizyczna zawieraj\u0105ca umow\u0119 bezpo\u015brednio z jej dzia\u0142alno\u015bci\u0105 gospodarcz\u0105, gdy nie ma ona dla niej charakteru zawodowego.<br data-start=\"1071\" data-end=\"1074\" \/>Sprzedawca \u2013 BeeVista Sp. z o.o.<br data-start=\"1106\" data-end=\"1109\" \/>Klient \u2013 ka\u017cdy podmiot dokonuj\u0105cy zakup\u00f3w w Sklepie.<br data-start=\"1161\" data-end=\"1164\" \/>Sklep \u2013 serwis internetowy dost\u0119pny pod adresem 27-215.pl.<br data-start=\"1222\" data-end=\"1225\" \/>Produkt \u2013 rzecz ruchoma dost\u0119pna w Sklepie.<\/p>\n<p data-start=\"1272\" data-end=\"1367\">Postanowienia dotycz\u0105ce Konsumenta stosuje si\u0119 r\u00f3wnie\u017c do Przedsi\u0119biorcy na prawach konsumenta.<\/p>\n<p data-start=\"1369\" data-end=\"1587\"><strong data-start=\"1369\" data-end=\"1406\">\u00a7 3. Zasady korzystania ze Sklepu<\/strong><br data-start=\"1406\" data-end=\"1409\" \/>Klient zobowi\u0105zany jest do korzystania ze Sklepu zgodnie z obowi\u0105zuj\u0105cym prawem oraz dobrymi obyczajami.<br data-start=\"1513\" data-end=\"1516\" \/>Warunkiem z\u0142o\u017cenia zam\u00f3wienia jest akceptacja niniejszego regulaminu.<\/p>\n<p data-start=\"1589\" data-end=\"1647\">Wymagania techniczne niezb\u0119dne do korzystania ze Sklepu:<\/p>\n<ul data-start=\"1648\" data-end=\"1789\">\n<li data-section-id=\"1k6w3pz\" data-start=\"1648\" data-end=\"1687\">\n<p data-start=\"1650\" data-end=\"1687\">urz\u0105dzenie z dost\u0119pem do Internetu,<\/p>\n<\/li>\n<li data-section-id=\"qzuqyp\" data-start=\"1688\" data-end=\"1726\">\n<p data-start=\"1690\" data-end=\"1726\">aktualna przegl\u0105darka internetowa,<\/p>\n<\/li>\n<li data-section-id=\"1stp4q7\" data-start=\"1727\" data-end=\"1752\">\n<p data-start=\"1729\" data-end=\"1752\">aktywne konto e-mail,<\/p>\n<\/li>\n<li data-section-id=\"1vpxmlp\" data-start=\"1753\" data-end=\"1789\">\n<p data-start=\"1755\" data-end=\"1789\">w\u0142\u0105czona obs\u0142uga plik\u00f3w cookies.<\/p>\n<\/li>\n<\/ul>\n<p data-start=\"1791\" data-end=\"1894\">Informacje o Produktach, w tym ich g\u0142\u00f3wne cechy oraz ceny, s\u0105 dost\u0119pne na stronach Produkt\u00f3w w Sklepie.<\/p>\n<p data-start=\"1896\" data-end=\"2045\"><strong data-start=\"1896\" data-end=\"1929\">\u00a7 4. Zawarcie umowy sprzeda\u017cy<\/strong><br data-start=\"1929\" data-end=\"1932\" \/>Zawarcie umowy sprzeda\u017cy nast\u0119puje poprzez z\u0142o\u017cenie zam\u00f3wienia w Sklepie i jego potwierdzenie przez Sprzedawc\u0119.<\/p>\n<p data-start=\"2047\" data-end=\"2083\">W celu z\u0142o\u017cenia zam\u00f3wienia nale\u017cy:<\/p>\n<ul data-start=\"2084\" data-end=\"2226\">\n<li data-section-id=\"kwipu\" data-start=\"2084\" data-end=\"2125\">\n<p data-start=\"2086\" data-end=\"2125\">wybra\u0107 produkt i doda\u0107 go do koszyka,<\/p>\n<\/li>\n<li data-section-id=\"c2y8jb\" data-start=\"2126\" data-end=\"2161\">\n<p data-start=\"2128\" data-end=\"2161\">uzupe\u0142ni\u0107 formularz zam\u00f3wienia,<\/p>\n<\/li>\n<li data-section-id=\"1n8v77z\" data-start=\"2162\" data-end=\"2200\">\n<p data-start=\"2164\" data-end=\"2200\">wybra\u0107 spos\u00f3b dostawy i p\u0142atno\u015bci,<\/p>\n<\/li>\n<li data-section-id=\"1ljwn6w\" data-start=\"2201\" data-end=\"2226\">\n<p data-start=\"2203\" data-end=\"2226\">potwierdzi\u0107 zam\u00f3wienie.<\/p>\n<\/li>\n<\/ul>\n<p data-start=\"2228\" data-end=\"2448\"><strong data-start=\"2228\" data-end=\"2244\">\u00a7 5. Dostawa<\/strong><br data-start=\"2244\" data-end=\"2247\" \/>Dostawa realizowana jest na terenie Polski.<br data-start=\"2290\" data-end=\"2293\" \/>Czas realizacji zam\u00f3wienia wynosi od 2 do 7 dni roboczych od momentu potwierdzenia zam\u00f3wienia.<br data-start=\"2387\" data-end=\"2390\" \/>Koszty dostawy s\u0105 wskazywane podczas sk\u0142adania zam\u00f3wienia.<\/p>\n<p data-start=\"2450\" data-end=\"2557\"><strong data-start=\"2450\" data-end=\"2482\">\u00a7 6. Ceny i metody p\u0142atno\u015bci<\/strong><br data-start=\"2482\" data-end=\"2485\" \/>Ceny produkt\u00f3w podawane s\u0105 w z\u0142otych polskich i zawieraj\u0105 podatek VAT.<\/p>\n<p data-start=\"2559\" data-end=\"2587\">Dost\u0119pne metody p\u0142atno\u015bci:<\/p>\n<ul data-start=\"2588\" data-end=\"2665\">\n<li data-section-id=\"sshvnk\" data-start=\"2588\" data-end=\"2608\">\n<p data-start=\"2590\" data-end=\"2608\">przelew bankowy,<\/p>\n<\/li>\n<li data-section-id=\"xeidgo\" data-start=\"2609\" data-end=\"2637\">\n<p data-start=\"2611\" data-end=\"2637\">p\u0142atno\u015bci elektroniczne,<\/p>\n<\/li>\n<li data-section-id=\"gx0e7z\" data-start=\"2638\" data-end=\"2665\">\n<p data-start=\"2640\" data-end=\"2665\">p\u0142atno\u015b\u0107 przy odbiorze.<\/p>\n<\/li>\n<\/ul>\n<p data-start=\"2667\" data-end=\"2809\">W przypadku wyboru p\u0142atno\u015bci przelewem, Klient zobowi\u0105zany jest do dokonania p\u0142atno\u015bci w terminie 3 dni roboczych od dnia z\u0142o\u017cenia zam\u00f3wienia.<\/p>\n<p data-start=\"2811\" data-end=\"2928\"><strong data-start=\"2811\" data-end=\"2846\">\u00a7 7. Prawo odst\u0105pienia od umowy<\/strong><br data-start=\"2846\" data-end=\"2849\" \/>Konsument ma prawo odst\u0105pi\u0107 od umowy w terminie 14 dni bez podania przyczyny.<\/p>\n<p data-start=\"2930\" data-end=\"2999\">Termin odst\u0105pienia wygasa po 14 dniach od dnia otrzymania produktu.<\/p>\n<p data-start=\"3001\" data-end=\"3121\">Aby skorzysta\u0107 z prawa odst\u0105pienia, nale\u017cy z\u0142o\u017cy\u0107 o\u015bwiadczenie na dane kontaktowe Sprzedawcy wskazane w \u00a71 Regulaminu.<\/p>\n<p data-start=\"3123\" data-end=\"3240\">Zwrot p\u0142atno\u015bci nast\u0119puje nie p\u00f3\u017aniej ni\u017c w terminie 14 dni od dnia otrzymania o\u015bwiadczenia o odst\u0105pieniu od umowy.<\/p>\n<p data-start=\"3242\" data-end=\"3354\">Sprzedawca mo\u017ce wstrzyma\u0107 zwrot p\u0142atno\u015bci do momentu otrzymania zwracanego produktu lub dowodu jego odes\u0142ania.<\/p>\n<p data-start=\"3356\" data-end=\"3516\">Zwrot \u015brodk\u00f3w nast\u0119puje przy u\u017cyciu takiego samego sposobu p\u0142atno\u015bci, jaki zosta\u0142 u\u017cyty przez Konsumenta, chyba \u017ce Konsument wyrazi zgod\u0119 na inne rozwi\u0105zanie.<\/p>\n<p data-start=\"3518\" data-end=\"3559\">Koszt zwrotu produktu ponosi Konsument.<\/p>\n<p data-start=\"3561\" data-end=\"3628\">Zwroty nale\u017cy kierowa\u0107 na adres:<br data-start=\"3593\" data-end=\"3596\" \/>ul. Skalista 6, 27-215 W\u0105chock<\/p>\n<p data-start=\"3630\" data-end=\"3707\">Prawo odst\u0105pienia nie przys\u0142uguje w przypadkach okre\u015blonych przepisami prawa.<\/p>\n<p data-start=\"3709\" data-end=\"3819\"><strong data-start=\"3709\" data-end=\"3754\">\u00a7 8. Reklamacje (zgodno\u015b\u0107 towaru z umow\u0105)<\/strong><br data-start=\"3754\" data-end=\"3757\" \/>Sprzedawca jest zobowi\u0105zany dostarczy\u0107 towar zgodny z umow\u0105.<\/p>\n<p data-start=\"3821\" data-end=\"3881\">W przypadku niezgodno\u015bci towaru z umow\u0105 Klient mo\u017ce \u017c\u0105da\u0107:<\/p>\n<ul data-start=\"3882\" data-end=\"4005\">\n<li data-section-id=\"10iqfu4\" data-start=\"3882\" data-end=\"3901\">\n<p data-start=\"3884\" data-end=\"3901\">naprawy towaru,<\/p>\n<\/li>\n<li data-section-id=\"1byxqeq\" data-start=\"3902\" data-end=\"3921\">\n<p data-start=\"3904\" data-end=\"3921\">wymiany towaru,<\/p>\n<\/li>\n<li data-section-id=\"1xo6nxc\" data-start=\"3922\" data-end=\"3941\">\n<p data-start=\"3924\" data-end=\"3941\">obni\u017cenia ceny,<\/p>\n<\/li>\n<li data-section-id=\"z8n8kx\" data-start=\"3942\" data-end=\"4005\">\n<p data-start=\"3944\" data-end=\"4005\">odst\u0105pienia od umowy (w przypadkach przewidzianych prawem).<\/p>\n<\/li>\n<\/ul>\n<p data-start=\"4007\" data-end=\"4089\">Reklamacje mo\u017cna sk\u0142ada\u0107 na dane kontaktowe Sprzedawcy wskazane w \u00a71 Regulaminu.<\/p>\n<p data-start=\"4091\" data-end=\"4184\">Reklamacja powinna zawiera\u0107 opis problemu oraz dane umo\u017cliwiaj\u0105ce identyfikacj\u0119 zam\u00f3wienia.<\/p>\n<p data-start=\"4186\" data-end=\"4263\">Sprzedawca rozpatruje reklamacj\u0119 w terminie do 14 dni od dnia jej otrzymania.<\/p>\n<p data-start=\"4265\" data-end=\"4451\"><strong data-start=\"4265\" data-end=\"4313\">\u00a7 9. Pozas\u0105dowe sposoby rozpatrywania spor\u00f3w<\/strong><br data-start=\"4313\" data-end=\"4316\" \/>Konsument ma mo\u017cliwo\u015b\u0107 skorzystania z pozas\u0105dowych sposob\u00f3w rozpatrywania reklamacji i dochodzenia roszcze\u0144, w szczeg\u00f3lno\u015bci poprzez:<\/p>\n<ul data-start=\"4452\" data-end=\"4574\">\n<li data-section-id=\"wzqkji\" data-start=\"4452\" data-end=\"4501\">\n<p data-start=\"4454\" data-end=\"4501\">mediacj\u0119 prowadzon\u0105 przez Inspekcj\u0119 Handlow\u0105,<\/p>\n<\/li>\n<li data-section-id=\"154d6bi\" data-start=\"4502\" data-end=\"4574\">\n<p data-start=\"4504\" data-end=\"4574\">platform\u0119 ODR dost\u0119pn\u0105 pod adresem: <a class=\"decorated-link cursor-pointer\" target=\"_new\" rel=\"noopener\" data-start=\"4540\" data-end=\"4574\">https:\/\/ec.europa.eu\/consumers\/odr<\/a><\/p>\n<\/li>\n<\/ul>\n<p data-start=\"4576\" data-end=\"4648\"><strong data-start=\"4576\" data-end=\"4593\">\u00a7 10. Faktury<\/strong><br data-start=\"4593\" data-end=\"4596\" \/>Na \u017cyczenie Klienta Sprzedawca wystawia faktur\u0119 VAT.<\/p>\n<p data-start=\"4650\" data-end=\"4808\"><strong data-start=\"4650\" data-end=\"4672\">\u00a7 11. Dane osobowe<\/strong><br data-start=\"4672\" data-end=\"4675\" \/>Dane osobowe Klient\u00f3w przetwarzane s\u0105 zgodnie z obowi\u0105zuj\u0105cymi przepisami prawa oraz Polityk\u0105 Prywatno\u015bci dost\u0119pn\u0105 na stronie Sklepu.<\/p>\n<p data-start=\"4810\" data-end=\"4915\" data-is-last-node=\"\" data-is-only-node=\"\"><strong data-start=\"4810\" data-end=\"4841\">\u00a7 12. Postanowienia ko\u0144cowe<\/strong><br data-start=\"4841\" data-end=\"4844\" \/>Regulamin obowi\u0105zuje od dnia publikacji na stronie internetowej Sklepu.<\/p>\n","protected":false},"excerpt":{"rendered":"<p>REGULAMIN SKLEPU INTERNETOWEGO BeeVista Sp. z o.o. \u00a7 1. Informacje o SprzedawcySklep internetowy dost\u0119pny pod adresem 27-215.pl prowadzony jest przez BeeVista Sp. z o.o. z siedzib\u0105 w W\u0105chocku przy ul. Skalista 6, 27-215 W\u0105chock, wpisan\u0105 do rejestru przedsi\u0119biorc\u00f3w KRS prowadzonego przez S\u0105d Rejonowy w Kielcach, X Wydzia\u0142 Gospodarczy KRS pod numerem 0001143344, NIP: 6642156824, REGON: [&hellip;]<\/p>\n","protected":false},"author":1,"featured_media":0,"parent":0,"menu_order":0,"comment_status":"closed","ping_status":"closed","template":"","meta":{"footnotes":""},"class_list":["post-70","page","type-page","status-publish","hentry"],"_links":{"self":[{"href":"https:\/\/27-215.pl\/index.php\/wp-json\/wp\/v2\/pages\/70","targetHints":{"allow":["GET"]}}],"collection":[{"href":"https:\/\/27-215.pl\/index.php\/wp-json\/wp\/v2\/pages"}],"about":[{"href":"https:\/\/27-215.pl\/index.php\/wp-json\/wp\/v2\/types\/page"}],"author":[{"embeddable":true,"href":"https:\/\/27-215.pl\/index.php\/wp-json\/wp\/v2\/users\/1"}],"replies":[{"embeddable":true,"href":"https:\/\/27-215.pl\/index.php\/wp-json\/wp\/v2\/comments?post=70"}],"version-history":[{"count":7,"href":"https:\/\/27-215.pl\/index.php\/wp-json\/wp\/v2\/pages\/70\/revisions"}],"predecessor-version":[{"id":33394,"href":"https:\/\/27-215.pl\/index.php\/wp-json\/wp\/v2\/pages\/70\/revisions\/33394"}],"wp:attachment":[{"href":"https:\/\/27-215.pl\/index.php\/wp-json\/wp\/v2\/media?parent=70"}],"curies":[{"name":"wp","href":"https:\/\/api.w.org\/{rel}","templated":true}]}}