{"id":1009,"date":"2025-07-30T12:12:17","date_gmt":"2025-07-30T10:12:17","guid":{"rendered":"https:\/\/www.27-215.pl\/?post_type=product&#038;p=1009"},"modified":"2026-04-04T08:51:50","modified_gmt":"2026-04-04T06:51:50","slug":"palacio-zel-do-masazu-z-jadem-weza-380ml","status":"publish","type":"product","link":"https:\/\/27-215.pl\/index.php\/produkt\/palacio-zel-do-masazu-z-jadem-weza-380ml\/","title":{"rendered":"Palacio \u017bel do masa\u017cu z jadem w\u0119\u017ca 380ml"},"content":{"rendered":"<p data-start=\"259\" data-end=\"641\">Szukasz skutecznej ulgi dla zm\u0119czonych mi\u0119\u015bni i staw\u00f3w? \ud83d\udcaa <strong data-start=\"318\" data-end=\"341\">PALACIO Snake Venom<\/strong> to profesjonalny \u017cel do masa\u017cu wzbogacony o <strong data-start=\"386\" data-end=\"420\">SYN-AKE \u2013 syntetyczny jad w\u0119\u017ca<\/strong>, kt\u00f3ry imituje naturalne dzia\u0142anie rozlu\u017aniaj\u0105ce. Preparat redukuje napi\u0119cie, \u0142agodzi b\u00f3l i poprawia ruchomo\u015b\u0107 staw\u00f3w \u2013 to idealne rozwi\u0105zanie zar\u00f3wno dla sportowc\u00f3w, jak i os\u00f3b zmagaj\u0105cych si\u0119 z codziennym dyskomfortem.<\/p>\n<p data-start=\"643\" data-end=\"1007\">\ud83d\udd25 <strong data-start=\"646\" data-end=\"694\">Silne dzia\u0142anie regeneruj\u0105ce i rozlu\u017aniaj\u0105ce<\/strong><br data-start=\"694\" data-end=\"697\" \/>\ud83d\udc86 <strong data-start=\"700\" data-end=\"745\">Przynosi ulg\u0119 zm\u0119czonym mi\u0119\u015bniom i stawom<\/strong><br data-start=\"745\" data-end=\"748\" \/>\ud83e\uddf4 <strong data-start=\"751\" data-end=\"804\">Szybko si\u0119 wch\u0142ania, nie zostawia t\u0142ustej warstwy<\/strong><br data-start=\"804\" data-end=\"807\" \/>\ud83c\udf31 <strong data-start=\"810\" data-end=\"854\">94,2% sk\u0142adnik\u00f3w pochodzenia naturalnego<\/strong><br data-start=\"854\" data-end=\"857\" \/>\ud83c\udf3f <strong data-start=\"860\" data-end=\"918\">Zio\u0142owe oleje i ekstrakty dla kompleksowej piel\u0119gnacji<\/strong><br data-start=\"918\" data-end=\"921\" \/>\ud83d\udd2c <strong data-start=\"924\" data-end=\"954\">Testowany dermatologicznie<\/strong><br data-start=\"954\" data-end=\"957\" \/>\u26a0\ufe0f <strong data-start=\"960\" data-end=\"1007\">Nie stosowa\u0107 u dzieci poni\u017cej 3. roku \u017cycia<\/strong><\/p>\n<h3 data-start=\"1009\" data-end=\"1025\">\u2705 Dzia\u0142anie:<\/h3>\n<ul data-start=\"1027\" data-end=\"1256\">\n<li data-start=\"1027\" data-end=\"1061\">\n<p data-start=\"1029\" data-end=\"1061\">\u0141agodzi b\u00f3le mi\u0119\u015bni i napi\u0119cia<\/p>\n<\/li>\n<li data-start=\"1062\" data-end=\"1106\">\n<p data-start=\"1064\" data-end=\"1106\">Poprawia ruchomo\u015b\u0107 i elastyczno\u015b\u0107 staw\u00f3w<\/p>\n<\/li>\n<li data-start=\"1107\" data-end=\"1151\">\n<p data-start=\"1109\" data-end=\"1151\">Wspiera regeneracj\u0119 po wysi\u0142ku fizycznym<\/p>\n<\/li>\n<li data-start=\"1152\" data-end=\"1189\">\n<p data-start=\"1154\" data-end=\"1189\">Dzia\u0142a odpr\u0119\u017caj\u0105co i od\u015bwie\u017caj\u0105co<\/p>\n<\/li>\n<li data-start=\"1190\" data-end=\"1256\">\n<p data-start=\"1192\" data-end=\"1256\">Idealny do masa\u017cu relaksacyjnego, sportowego i terapeutycznego<\/p>\n<\/li>\n<\/ul>\n<h3 data-start=\"1258\" data-end=\"1283\">\ud83c\udf3f Sk\u0142adniki aktywne:<\/h3>\n<ul data-start=\"1285\" data-end=\"1703\">\n<li data-start=\"1285\" data-end=\"1386\">\n<p data-start=\"1287\" data-end=\"1386\"><strong data-start=\"1287\" data-end=\"1321\">SYN-AKE (syntetyczny jad w\u0119\u017ca)<\/strong> \u2013 rozlu\u017ania mi\u0119\u015bnie, zmniejsza napi\u0119cie i wspomaga regeneracj\u0119<\/p>\n<\/li>\n<li data-start=\"1387\" data-end=\"1431\">\n<p data-start=\"1389\" data-end=\"1431\"><strong data-start=\"1389\" data-end=\"1402\">Gliceryna<\/strong> \u2013 nawil\u017ca i zmi\u0119kcza sk\u00f3r\u0119<\/p>\n<\/li>\n<li data-start=\"1432\" data-end=\"1492\">\n<p data-start=\"1434\" data-end=\"1492\"><strong data-start=\"1434\" data-end=\"1454\">Kamfora i mentol<\/strong> \u2013 od\u015bwie\u017caj\u0105, ch\u0142odz\u0105 i \u0142agodz\u0105 b\u00f3l<\/p>\n<\/li>\n<li data-start=\"1493\" data-end=\"1580\">\n<p data-start=\"1495\" data-end=\"1580\"><strong data-start=\"1495\" data-end=\"1524\">Oleje zio\u0142owe i ekstrakty<\/strong> \u2013 wspomagaj\u0105 dzia\u0142anie przeciwzapalne i piel\u0119gnacyjne<\/p>\n<\/li>\n<li data-start=\"1581\" data-end=\"1630\">\n<p data-start=\"1583\" data-end=\"1630\"><strong data-start=\"1583\" data-end=\"1597\">Kapsaicyna<\/strong> \u2013 rozgrzewa i pobudza kr\u0105\u017cenie<\/p>\n<\/li>\n<li data-start=\"1631\" data-end=\"1703\">\n<p data-start=\"1633\" data-end=\"1703\"><strong data-start=\"1633\" data-end=\"1645\">Kumaryna<\/strong> \u2013 naturalny sk\u0142adnik zapachowy o dzia\u0142aniu relaksuj\u0105cym<\/p>\n<\/li>\n<\/ul>\n<h3 data-start=\"1705\" data-end=\"1725\">\ud83e\uddf4 Jak stosowa\u0107?<\/h3>\n<p data-start=\"1727\" data-end=\"1995\">Na\u0142\u00f3\u017c odpowiedni\u0105 ilo\u015b\u0107 \u017celu na wybran\u0105 parti\u0119 cia\u0142a i delikatnie wmasuj do ca\u0142kowitego wch\u0142oni\u0119cia. Stosuj <strong data-start=\"1835\" data-end=\"1855\">w razie potrzeby<\/strong>, szczeg\u00f3lnie przy uczuciu napi\u0119cia lub dyskomfortu mi\u0119\u015bni i staw\u00f3w.<br data-start=\"1923\" data-end=\"1926\" \/>\u26a0\ufe0f Tylko do u\u017cytku zewn\u0119trznego. Nie stosowa\u0107 u dzieci poni\u017cej 3 lat.<\/p>\n<h3 data-start=\"1997\" data-end=\"2043\">\ud83d\udc0d SYN-AKE \u2013 si\u0142a, regeneracja i mobilno\u015b\u0107<\/h3>\n<p data-start=\"2045\" data-end=\"2325\"><strong data-start=\"2045\" data-end=\"2079\">Syntetyczny jad w\u0119\u017ca (SYN-AKE)<\/strong> to nowoczesny sk\u0142adnik inspirowany natur\u0105, kt\u00f3ry <strong data-start=\"2129\" data-end=\"2186\">przywraca sprawno\u015b\u0107 i elastyczno\u015b\u0107 mi\u0119\u015bni oraz staw\u00f3w<\/strong>. Pomaga rozlu\u017ani\u0107 napi\u0119cia, przyspiesza regeneracj\u0119 i poprawia og\u00f3lne samopoczucie \u2013 to wyj\u0105tkowe wsparcie dla Twojego cia\u0142a ka\u017cdego dnia.<\/p>\n","protected":false},"excerpt":{"rendered":"<p>Szukasz skutecznej ulgi dla zm\u0119czonych mi\u0119\u015bni i staw\u00f3w? \ud83d\udcaa PALACIO Snake Venom to profesjonalny \u017cel do masa\u017cu wzbogacony o SYN-AKE \u2013 syntetyczny jad w\u0119\u017ca, kt\u00f3ry imituje naturalne dzia\u0142anie rozlu\u017aniaj\u0105ce. Preparat redukuje napi\u0119cie, \u0142agodzi b\u00f3l i poprawia ruchomo\u015b\u0107 staw\u00f3w \u2013 to idealne rozwi\u0105zanie zar\u00f3wno dla sportowc\u00f3w, jak i os\u00f3b zmagaj\u0105cych si\u0119 z codziennym dyskomfortem. \ud83d\udd25 Silne [&hellip;]<\/p>\n","protected":false},"featured_media":1011,"template":"","meta":[],"product_brand":[22],"product_cat":[21],"product_tag":[],"class_list":{"0":"post-1009","1":"product","2":"type-product","3":"status-publish","4":"has-post-thumbnail","6":"product_brand-palacio","7":"product_cat-palacio","9":"first","10":"instock","11":"taxable","12":"shipping-taxable","13":"purchasable","14":"product-type-simple"},"_links":{"self":[{"href":"https:\/\/27-215.pl\/index.php\/wp-json\/wp\/v2\/product\/1009","targetHints":{"allow":["GET"]}}],"collection":[{"href":"https:\/\/27-215.pl\/index.php\/wp-json\/wp\/v2\/product"}],"about":[{"href":"https:\/\/27-215.pl\/index.php\/wp-json\/wp\/v2\/types\/product"}],"wp:featuredmedia":[{"embeddable":true,"href":"https:\/\/27-215.pl\/index.php\/wp-json\/wp\/v2\/media\/1011"}],"wp:attachment":[{"href":"https:\/\/27-215.pl\/index.php\/wp-json\/wp\/v2\/media?parent=1009"}],"wp:term":[{"taxonomy":"product_brand","embeddable":true,"href":"https:\/\/27-215.pl\/index.php\/wp-json\/wp\/v2\/product_brand?post=1009"},{"taxonomy":"product_cat","embeddable":true,"href":"https:\/\/27-215.pl\/index.php\/wp-json\/wp\/v2\/product_cat?post=1009"},{"taxonomy":"product_tag","embeddable":true,"href":"https:\/\/27-215.pl\/index.php\/wp-json\/wp\/v2\/product_tag?post=1009"}],"curies":[{"name":"wp","href":"https:\/\/api.w.org\/{rel}","templated":true}]}}