{"id":1086,"date":"2025-07-30T22:37:44","date_gmt":"2025-07-30T20:37:44","guid":{"rendered":"https:\/\/www.27-215.pl\/?post_type=product&#038;p=1086"},"modified":"2026-04-04T08:50:26","modified_gmt":"2026-04-04T06:50:26","slug":"odymiacz-elektryczny-do-apiwarolu","status":"publish","type":"product","link":"https:\/\/27-215.pl\/index.php\/produkt\/odymiacz-elektryczny-do-apiwarolu\/","title":{"rendered":"Odymiacz elektryczny do Apiwarolu"},"content":{"rendered":"<p>Odymiacz do apiwarolu zasilany jest dwoma bateriami AA 1,5 V (nie zawiera baterii w zestawie) Zosta\u0142 wykonany z my\u015bl\u0105 o u\u0142atwieniu odymiania przy zw\u0119\u017conych wylotkach<br \/>\nU\u017cycie odymiacza jest bardzo proste , wystarczy tylko w\u0142o\u017cy\u0107 tabletk\u0119 w otw\u00f3r znajduj\u0105cy si\u0119 na ko\u0144cu profilu przesun\u0105\u0107 lekko w prz\u00f3d (zabezpiecza to j\u0105 przed wypadni\u0119ciem)<br \/>\nTabletka Apiwarolu spalana jest bezpo\u015brednio w ulu dzi\u0119ki temu leczenie pszcz\u00f3\u0142 jest skuteczniejsze.<br \/>\nCa\u0142a Amitraza uwalniana jest wewn\u0105trz ula co pozwala na 100% wykorzystanie \u015brodka leczniczego.<br \/>\nOdymiacz nie wymaga jakiegokolwiek czyszczenia i konserwacji.<\/p>\n","protected":false},"excerpt":{"rendered":"<p>Odymiacz do apiwarolu zasilany jest dwoma bateriami AA 1,5 V (nie zawiera baterii w zestawie) Zosta\u0142 wykonany z my\u015bl\u0105 o u\u0142atwieniu odymiania przy zw\u0119\u017conych wylotkach U\u017cycie odymiacza jest bardzo proste , wystarczy tylko w\u0142o\u017cy\u0107 tabletk\u0119 w otw\u00f3r znajduj\u0105cy si\u0119 na ko\u0144cu profilu przesun\u0105\u0107 lekko w prz\u00f3d (zabezpiecza to j\u0105 przed wypadni\u0119ciem) Tabletka Apiwarolu spalana jest [&hellip;]<\/p>\n","protected":false},"featured_media":1087,"template":"","meta":[],"product_brand":[],"product_cat":[66],"product_tag":[],"class_list":{"0":"post-1086","1":"product","2":"type-product","3":"status-publish","4":"has-post-thumbnail","6":"product_cat-odymiacze","8":"first","9":"outofstock","10":"taxable","11":"shipping-taxable","12":"purchasable","13":"product-type-simple"},"_links":{"self":[{"href":"https:\/\/27-215.pl\/index.php\/wp-json\/wp\/v2\/product\/1086","targetHints":{"allow":["GET"]}}],"collection":[{"href":"https:\/\/27-215.pl\/index.php\/wp-json\/wp\/v2\/product"}],"about":[{"href":"https:\/\/27-215.pl\/index.php\/wp-json\/wp\/v2\/types\/product"}],"wp:featuredmedia":[{"embeddable":true,"href":"https:\/\/27-215.pl\/index.php\/wp-json\/wp\/v2\/media\/1087"}],"wp:attachment":[{"href":"https:\/\/27-215.pl\/index.php\/wp-json\/wp\/v2\/media?parent=1086"}],"wp:term":[{"taxonomy":"product_brand","embeddable":true,"href":"https:\/\/27-215.pl\/index.php\/wp-json\/wp\/v2\/product_brand?post=1086"},{"taxonomy":"product_cat","embeddable":true,"href":"https:\/\/27-215.pl\/index.php\/wp-json\/wp\/v2\/product_cat?post=1086"},{"taxonomy":"product_tag","embeddable":true,"href":"https:\/\/27-215.pl\/index.php\/wp-json\/wp\/v2\/product_tag?post=1086"}],"curies":[{"name":"wp","href":"https:\/\/api.w.org\/{rel}","templated":true}]}}