{"id":1091,"date":"2025-07-30T23:04:25","date_gmt":"2025-07-30T21:04:25","guid":{"rendered":"https:\/\/www.27-215.pl\/?post_type=product&#038;p=1091"},"modified":"2026-04-30T09:32:45","modified_gmt":"2026-04-30T07:32:45","slug":"ramki-do-ula","status":"publish","type":"product","link":"https:\/\/27-215.pl\/index.php\/produkt\/ramki-do-ula\/","title":{"rendered":"Ramki do ula"},"content":{"rendered":"<p>Komplet ramek do ula. Posiadaj\u0105 czopowane \u0142\u0105czenia, w beleczkach g\u00f3rnej i dolnej rowek do poprowadzenia drutowania, oraz otwory na drut.<\/p>\n<p>Opakowanie: 10 sztuk<br \/>\nGatunek: I klasa<\/p>\n<p>&nbsp;<\/p>\n","protected":false},"excerpt":{"rendered":"<p>Komplet ramek do ula. Posiadaj\u0105 czopowane \u0142\u0105czenia, w beleczkach g\u00f3rnej i dolnej rowek do poprowadzenia drutowania, oraz otwory na drut. Opakowanie: 10 sztuk Gatunek: I klasa &nbsp;<\/p>\n","protected":false},"featured_media":1109,"template":"","meta":[],"product_brand":[],"product_cat":[55],"product_tag":[],"class_list":{"0":"post-1091","1":"product","2":"type-product","3":"status-publish","4":"has-post-thumbnail","6":"product_cat-ramki","8":"first","9":"instock","10":"taxable","11":"shipping-taxable","12":"purchasable","13":"product-type-variable"},"_links":{"self":[{"href":"https:\/\/27-215.pl\/index.php\/wp-json\/wp\/v2\/product\/1091","targetHints":{"allow":["GET"]}}],"collection":[{"href":"https:\/\/27-215.pl\/index.php\/wp-json\/wp\/v2\/product"}],"about":[{"href":"https:\/\/27-215.pl\/index.php\/wp-json\/wp\/v2\/types\/product"}],"wp:featuredmedia":[{"embeddable":true,"href":"https:\/\/27-215.pl\/index.php\/wp-json\/wp\/v2\/media\/1109"}],"wp:attachment":[{"href":"https:\/\/27-215.pl\/index.php\/wp-json\/wp\/v2\/media?parent=1091"}],"wp:term":[{"taxonomy":"product_brand","embeddable":true,"href":"https:\/\/27-215.pl\/index.php\/wp-json\/wp\/v2\/product_brand?post=1091"},{"taxonomy":"product_cat","embeddable":true,"href":"https:\/\/27-215.pl\/index.php\/wp-json\/wp\/v2\/product_cat?post=1091"},{"taxonomy":"product_tag","embeddable":true,"href":"https:\/\/27-215.pl\/index.php\/wp-json\/wp\/v2\/product_tag?post=1091"}],"curies":[{"name":"wp","href":"https:\/\/api.w.org\/{rel}","templated":true}]}}