{"id":1110,"date":"2025-07-30T23:06:28","date_gmt":"2025-07-30T21:06:28","guid":{"rendered":"https:\/\/www.27-215.pl\/?post_type=product&#038;p=1110"},"modified":"2026-04-06T14:15:56","modified_gmt":"2026-04-06T12:15:56","slug":"podpalka-do-podkurzacza","status":"publish","type":"product","link":"https:\/\/27-215.pl\/index.php\/produkt\/podpalka-do-podkurzacza\/","title":{"rendered":"Podpa\u0142ka do podkurzacza"},"content":{"rendered":"<p data-start=\"293\" data-end=\"392\">Szybkie, bezpieczne i wygodne rozpalanie podkurzacza \u2013 bez nerw\u00f3w, bez dymu z papieru i bez chemii!<\/p>\n<p data-start=\"394\" data-end=\"616\">Ta <strong data-start=\"397\" data-end=\"419\">naturalna podpa\u0142ka<\/strong> wykonana z drewna i czystej parafiny to niezast\u0105piony pomocnik ka\u017cdego pszczelarza. Ma <strong data-start=\"507\" data-end=\"527\">przyjemny zapach<\/strong>, pali si\u0119 stabilnym p\u0142omieniem i pozwala b\u0142yskawicznie rozpali\u0107 ka\u017cdy typ podkurzacza \ud83e\udeb5<\/p>\n<h3 data-start=\"618\" data-end=\"639\">\u2705 Dlaczego warto?<\/h3>\n<ul data-start=\"640\" data-end=\"930\">\n<li data-start=\"640\" data-end=\"685\">\n<p data-start=\"642\" data-end=\"685\">\ud83c\udf3f <strong data-start=\"645\" data-end=\"664\">Naturalny sk\u0142ad<\/strong>: drewno + parafina<\/p>\n<\/li>\n<li data-start=\"686\" data-end=\"735\">\n<p data-start=\"688\" data-end=\"735\">\u26a1 <strong data-start=\"690\" data-end=\"712\">Szybkie rozpalanie<\/strong> \u2013 bez u\u017cycia papieru<\/p>\n<\/li>\n<li data-start=\"736\" data-end=\"811\">\n<p data-start=\"738\" data-end=\"811\">\ud83d\udd04 <strong data-start=\"741\" data-end=\"759\">Wielozadaniowa<\/strong> \u2013 sprawdzi si\u0119 te\u017c do grilla, kominka czy ogniska<\/p>\n<\/li>\n<li data-start=\"812\" data-end=\"879\">\n<p data-start=\"814\" data-end=\"879\">\ud83d\udc1d <strong data-start=\"817\" data-end=\"840\">Przyjazna pszczo\u0142om<\/strong> \u2013 nie zawiera dra\u017cni\u0105cych substancji<\/p>\n<\/li>\n<li data-start=\"880\" data-end=\"930\">\n<p data-start=\"882\" data-end=\"930\">\ud83d\udc4c <strong data-start=\"885\" data-end=\"902\">Wygodna forma<\/strong> \u2013 por\u0119czna i \u0142atwa w u\u017cyciu<\/p>\n<\/li>\n<\/ul>\n<p data-start=\"932\" data-end=\"1101\">Pasuje do ka\u017cdego rodzaju podkurzacza. Mo\u017cna j\u0105 r\u00f3wnie\u017c wykorzysta\u0107 przy ogniskach, w piecu czy kominku \u2013 wsz\u0119dzie tam, gdzie liczy si\u0119 <strong data-start=\"1068\" data-end=\"1100\">szybko\u015b\u0107 i wygoda rozpalania<\/strong>.<\/p>\n","protected":false},"excerpt":{"rendered":"<p>Szybkie, bezpieczne i wygodne rozpalanie podkurzacza \u2013 bez nerw\u00f3w, bez dymu z papieru i bez chemii! Ta naturalna podpa\u0142ka wykonana z drewna i czystej parafiny to niezast\u0105piony pomocnik ka\u017cdego pszczelarza. Ma przyjemny zapach, pali si\u0119 stabilnym p\u0142omieniem i pozwala b\u0142yskawicznie rozpali\u0107 ka\u017cdy typ podkurzacza \ud83e\udeb5 \u2705 Dlaczego warto? \ud83c\udf3f Naturalny sk\u0142ad: drewno + parafina \u26a1 [&hellip;]<\/p>\n","protected":false},"featured_media":1111,"template":"","meta":[],"product_brand":[],"product_cat":[61],"product_tag":[],"class_list":{"0":"post-1110","1":"product","2":"type-product","3":"status-publish","4":"has-post-thumbnail","6":"product_cat-inny","8":"first","9":"instock","10":"taxable","11":"shipping-taxable","12":"purchasable","13":"product-type-simple"},"_links":{"self":[{"href":"https:\/\/27-215.pl\/index.php\/wp-json\/wp\/v2\/product\/1110","targetHints":{"allow":["GET"]}}],"collection":[{"href":"https:\/\/27-215.pl\/index.php\/wp-json\/wp\/v2\/product"}],"about":[{"href":"https:\/\/27-215.pl\/index.php\/wp-json\/wp\/v2\/types\/product"}],"wp:featuredmedia":[{"embeddable":true,"href":"https:\/\/27-215.pl\/index.php\/wp-json\/wp\/v2\/media\/1111"}],"wp:attachment":[{"href":"https:\/\/27-215.pl\/index.php\/wp-json\/wp\/v2\/media?parent=1110"}],"wp:term":[{"taxonomy":"product_brand","embeddable":true,"href":"https:\/\/27-215.pl\/index.php\/wp-json\/wp\/v2\/product_brand?post=1110"},{"taxonomy":"product_cat","embeddable":true,"href":"https:\/\/27-215.pl\/index.php\/wp-json\/wp\/v2\/product_cat?post=1110"},{"taxonomy":"product_tag","embeddable":true,"href":"https:\/\/27-215.pl\/index.php\/wp-json\/wp\/v2\/product_tag?post=1110"}],"curies":[{"name":"wp","href":"https:\/\/api.w.org\/{rel}","templated":true}]}}