{"id":1112,"date":"2025-07-30T23:12:29","date_gmt":"2025-07-30T21:12:29","guid":{"rendered":"https:\/\/www.27-215.pl\/?post_type=product&#038;p=1112"},"modified":"2026-04-28T11:15:11","modified_gmt":"2026-04-28T09:15:11","slug":"ul-wielkopolski-drewniany-czesci","status":"publish","type":"product","link":"https:\/\/27-215.pl\/index.php\/produkt\/ul-wielkopolski-drewniany-czesci\/","title":{"rendered":"Ul wielkopolski drewniany &#8211; cz\u0119\u015bci"},"content":{"rendered":"<p>Cz\u0119\u015bci sk\u0142adowe ula wielkopolskiego.<\/p>\n<p>10 ramkowy drewniany klepkowy<\/p>\n","protected":false},"excerpt":{"rendered":"<p>Cz\u0119\u015bci sk\u0142adowe ula wielkopolskiego. 10 ramkowy drewniany klepkowy<\/p>\n","protected":false},"featured_media":1123,"template":"","meta":[],"product_brand":[],"product_cat":[40],"product_tag":[],"class_list":{"0":"post-1112","1":"product","2":"type-product","3":"status-publish","4":"has-post-thumbnail","6":"product_cat-ule","7":"product_shipping_class-brak-wysylki","9":"first","10":"instock","11":"taxable","12":"shipping-taxable","13":"purchasable","14":"product-type-variable"},"_links":{"self":[{"href":"https:\/\/27-215.pl\/index.php\/wp-json\/wp\/v2\/product\/1112","targetHints":{"allow":["GET"]}}],"collection":[{"href":"https:\/\/27-215.pl\/index.php\/wp-json\/wp\/v2\/product"}],"about":[{"href":"https:\/\/27-215.pl\/index.php\/wp-json\/wp\/v2\/types\/product"}],"wp:featuredmedia":[{"embeddable":true,"href":"https:\/\/27-215.pl\/index.php\/wp-json\/wp\/v2\/media\/1123"}],"wp:attachment":[{"href":"https:\/\/27-215.pl\/index.php\/wp-json\/wp\/v2\/media?parent=1112"}],"wp:term":[{"taxonomy":"product_brand","embeddable":true,"href":"https:\/\/27-215.pl\/index.php\/wp-json\/wp\/v2\/product_brand?post=1112"},{"taxonomy":"product_cat","embeddable":true,"href":"https:\/\/27-215.pl\/index.php\/wp-json\/wp\/v2\/product_cat?post=1112"},{"taxonomy":"product_tag","embeddable":true,"href":"https:\/\/27-215.pl\/index.php\/wp-json\/wp\/v2\/product_tag?post=1112"}],"curies":[{"name":"wp","href":"https:\/\/api.w.org\/{rel}","templated":true}]}}