{"id":1124,"date":"2025-07-30T23:21:43","date_gmt":"2025-07-30T21:21:43","guid":{"rendered":"https:\/\/www.27-215.pl\/?post_type=product&#038;p=1124"},"modified":"2026-04-29T15:14:22","modified_gmt":"2026-04-29T13:14:22","slug":"weza-pszczela","status":"publish","type":"product","link":"https:\/\/27-215.pl\/index.php\/produkt\/weza-pszczela\/","title":{"rendered":"W\u0119za pszczela"},"content":{"rendered":"<p>Oferowana przez nas w\u0119za jest wolna od zab\u00f3jczych patogen\u00f3w \u2013 zgnilca ameryka\u0144skiego, ki\u015blicy, nosemozy poniewa\u017c przed obr\u00f3bk\u0105 jest poddana sterylizacji w autoklawie.<\/p>\n<p>Przed rozpocz\u0119ciem pracy z w\u0119z\u0105 zalecamy aby przez 12-24 h przetrzyma\u0107 j\u0105 w pomieszczeniu o temperaturze 20-24 \u00b0C. W ni\u017cszych temperaturach w\u0119za b\u0119dzie zbyt krucha i \u0142amliwa.<\/p>\n<p>&nbsp;<\/p>\n<p>Podana cena dotyczy 1kg w\u0119zy.<\/p>\n","protected":false},"excerpt":{"rendered":"<p>Oferowana przez nas w\u0119za jest wolna od zab\u00f3jczych patogen\u00f3w \u2013 zgnilca ameryka\u0144skiego, ki\u015blicy, nosemozy poniewa\u017c przed obr\u00f3bk\u0105 jest poddana sterylizacji w autoklawie. Przed rozpocz\u0119ciem pracy z w\u0119z\u0105 zalecamy aby przez 12-24 h przetrzyma\u0107 j\u0105 w pomieszczeniu o temperaturze 20-24 \u00b0C. W ni\u017cszych temperaturach w\u0119za b\u0119dzie zbyt krucha i \u0142amliwa. &nbsp; Podana cena dotyczy 1kg w\u0119zy.<\/p>\n","protected":false},"featured_media":1130,"template":"","meta":[],"product_brand":[67],"product_cat":[55],"product_tag":[],"class_list":{"0":"post-1124","1":"product","2":"type-product","3":"status-publish","4":"has-post-thumbnail","6":"product_brand-pasieka-torun","7":"product_cat-ramki","8":"product_shipping_class-brak-wysylki","10":"first","11":"instock","12":"taxable","13":"shipping-taxable","14":"purchasable","15":"product-type-variable"},"_links":{"self":[{"href":"https:\/\/27-215.pl\/index.php\/wp-json\/wp\/v2\/product\/1124","targetHints":{"allow":["GET"]}}],"collection":[{"href":"https:\/\/27-215.pl\/index.php\/wp-json\/wp\/v2\/product"}],"about":[{"href":"https:\/\/27-215.pl\/index.php\/wp-json\/wp\/v2\/types\/product"}],"wp:featuredmedia":[{"embeddable":true,"href":"https:\/\/27-215.pl\/index.php\/wp-json\/wp\/v2\/media\/1130"}],"wp:attachment":[{"href":"https:\/\/27-215.pl\/index.php\/wp-json\/wp\/v2\/media?parent=1124"}],"wp:term":[{"taxonomy":"product_brand","embeddable":true,"href":"https:\/\/27-215.pl\/index.php\/wp-json\/wp\/v2\/product_brand?post=1124"},{"taxonomy":"product_cat","embeddable":true,"href":"https:\/\/27-215.pl\/index.php\/wp-json\/wp\/v2\/product_cat?post=1124"},{"taxonomy":"product_tag","embeddable":true,"href":"https:\/\/27-215.pl\/index.php\/wp-json\/wp\/v2\/product_tag?post=1124"}],"curies":[{"name":"wp","href":"https:\/\/api.w.org\/{rel}","templated":true}]}}