{"id":1156,"date":"2025-08-01T14:00:18","date_gmt":"2025-08-01T12:00:18","guid":{"rendered":"https:\/\/www.27-215.pl\/?post_type=product&#038;p=1156"},"modified":"2026-04-04T08:52:33","modified_gmt":"2026-04-04T06:52:33","slug":"sklenarob-12-herbatka-sklenara-ziola-dla-pszczol","status":"publish","type":"product","link":"https:\/\/27-215.pl\/index.php\/produkt\/sklenarob-12-herbatka-sklenara-ziola-dla-pszczol\/","title":{"rendered":"SKLENAROB-12 &#8211; Herbatka Sklenara \u2013 zio\u0142a dla pszcz\u00f3\u0142"},"content":{"rendered":"<p data-start=\"288\" data-end=\"603\"><strong data-start=\"288\" data-end=\"304\">Sklenarob\u201112<\/strong> to zaawansowana, naturalna mieszanka zio\u0142owa dla pszcz\u00f3\u0142, opracowana z my\u015bl\u0105 o wsparciu odporno\u015bci, poprawie kondycji rodzin pszczelich i utrzymaniu zdrowego mikroklimatu w ulu. Zawiera <strong data-start=\"491\" data-end=\"522\">12 starannie dobranych zi\u00f3\u0142<\/strong>, kt\u00f3re dzia\u0142aj\u0105 synergicznie, wspomagaj\u0105c zdrowie i naturaln\u0105 odporno\u015b\u0107 pszcz\u00f3\u0142.<\/p>\n<h3 data-start=\"605\" data-end=\"634\">\u2705 Sk\u0142ad i dzia\u0142anie zi\u00f3\u0142:<\/h3>\n<ul data-start=\"635\" data-end=\"1548\">\n<li data-start=\"635\" data-end=\"721\">\n<p data-start=\"637\" data-end=\"721\"><strong data-start=\"637\" data-end=\"647\">Bylica<\/strong> \u2013 wspiera uk\u0142ad pokarmowy, dzia\u0142a przeciwzapalnie i przeciwpaso\u017cytniczo<\/p>\n<\/li>\n<li data-start=\"722\" data-end=\"814\">\n<p data-start=\"724\" data-end=\"814\"><strong data-start=\"724\" data-end=\"751\">Kobylak (szczaw ko\u0144ski)<\/strong> \u2013 \u017ar\u00f3d\u0142o naturalnych tanin, dzia\u0142a wzmacniaj\u0105co i \u015bci\u0105gaj\u0105co<\/p>\n<\/li>\n<li data-start=\"815\" data-end=\"886\">\n<p data-start=\"817\" data-end=\"886\"><strong data-start=\"817\" data-end=\"830\">Kora d\u0119bu<\/strong> \u2013 ma silne w\u0142a\u015bciwo\u015bci antyseptyczne i przeciwzapalne<\/p>\n<\/li>\n<li data-start=\"887\" data-end=\"956\">\n<p data-start=\"889\" data-end=\"956\"><strong data-start=\"889\" data-end=\"911\">Krwawnik pospolity<\/strong> \u2013 wspiera trawienie, \u0142agodzi stany zapalne<\/p>\n<\/li>\n<li data-start=\"957\" data-end=\"1020\">\n<p data-start=\"959\" data-end=\"1020\"><strong data-start=\"959\" data-end=\"967\">Lipa<\/strong> \u2013 dzia\u0142a koj\u0105co, uspokajaj\u0105co i wspomaga odporno\u015b\u0107<\/p>\n<\/li>\n<li data-start=\"1021\" data-end=\"1093\">\n<p data-start=\"1023\" data-end=\"1093\"><strong data-start=\"1023\" data-end=\"1032\">Mi\u0119ta<\/strong> \u2013 u\u0142atwia trawienie, dzia\u0142a od\u015bwie\u017caj\u0105co i antybakteryjnie<\/p>\n<\/li>\n<li data-start=\"1094\" data-end=\"1164\">\n<p data-start=\"1096\" data-end=\"1164\"><strong data-start=\"1096\" data-end=\"1115\">Melisa lekarska<\/strong> \u2013 uspokaja pszczo\u0142y, dzia\u0142a przeciwbakteryjnie<\/p>\n<\/li>\n<li data-start=\"1165\" data-end=\"1241\">\n<p data-start=\"1167\" data-end=\"1241\"><strong data-start=\"1167\" data-end=\"1177\">Pio\u0142un<\/strong> \u2013 wspiera detoksykacj\u0119, dzia\u0142a przeciwwirusowo i paso\u017cytniczo<\/p>\n<\/li>\n<li data-start=\"1242\" data-end=\"1317\">\n<p data-start=\"1244\" data-end=\"1317\"><strong data-start=\"1244\" data-end=\"1256\">Pokrzywa<\/strong> \u2013 wzmacnia organizm i oczyszcza, dzia\u0142a og\u00f3lnowzmacniaj\u0105co<\/p>\n<\/li>\n<li data-start=\"1318\" data-end=\"1371\">\n<p data-start=\"1320\" data-end=\"1371\"><strong data-start=\"1320\" data-end=\"1332\">Rumianek<\/strong> \u2013 dzia\u0142a przeciwzapalnie i \u0142agodz\u0105co<\/p>\n<\/li>\n<li data-start=\"1372\" data-end=\"1454\">\n<p data-start=\"1374\" data-end=\"1454\"><strong data-start=\"1374\" data-end=\"1390\">P\u0105czki sosny<\/strong> \u2013 dzia\u0142aj\u0105 przeciwzapalnie, wspieraj\u0105 odporno\u015b\u0107<\/p>\n<\/li>\n<li data-start=\"1455\" data-end=\"1548\">\n<p data-start=\"1457\" data-end=\"1548\"><strong data-start=\"1457\" data-end=\"1468\">Wrotycz<\/strong> \u2013 tradycyjnie stosowany przy problemach paso\u017cytniczych, dzia\u0142a silnie ochronnie<\/p>\n<\/li>\n<\/ul>\n<h3 data-start=\"1555\" data-end=\"1575\">\ud83e\uddea Zastosowanie:<\/h3>\n<ul data-start=\"1576\" data-end=\"1810\">\n<li data-start=\"1576\" data-end=\"1640\">\n<p data-start=\"1578\" data-end=\"1640\">W okresach os\u0142abienia rodzin pszczelich (wiosna, p\u00f3\u017ane lato)<\/p>\n<\/li>\n<li data-start=\"1641\" data-end=\"1702\">\n<p data-start=\"1643\" data-end=\"1702\">W czasie intensywnego czerwienia i przygotowa\u0144 do zimowli<\/p>\n<\/li>\n<li data-start=\"1703\" data-end=\"1756\">\n<p data-start=\"1705\" data-end=\"1756\">W celu wzmocnienia odporno\u015bci i poprawy trawienia<\/p>\n<\/li>\n<li data-start=\"1757\" data-end=\"1810\">\n<p data-start=\"1759\" data-end=\"1810\">Do podawania w syropie cukrowym lub w formie naparu<\/p>\n<\/li>\n<\/ul>\n<p><strong>U\u017cycie<\/strong>:<\/p>\n<ul>\n<li>3 \u0142y\u017ceczki mieszanki zio\u0142owej (5g) zala\u0107 200 ml wrz\u0105tku. (tak jakby\u015bmy robili herbat\u0119)<\/li>\n<li>Napar pozostawi\u0107 pod przykryciem na oko\u0142o 30 minut.<\/li>\n<li>Po ostygni\u0119ciu napar nale\u017cy przecedzi\u0107 przez sito.<\/li>\n<li>Wymiesza\u0107 z 800ml wody aby uzyska\u0107 1 litr cieczy.<\/li>\n<li>U\u017cy\u0107 cieczy do stworzenia wymaganego syropu np. 1l wody + 1 kg cukru.<\/li>\n<li>Je\u017celi wymagane jest stworzenie wi\u0119kszej ilo\u015bci syropu nale\u017cy zwielokrotni\u0107 proporcje.<\/li>\n<li>Zaleca si\u0119 przygotowanie herbatki bezpo\u015brednio przed podaniem.<\/li>\n<\/ul>\n","protected":false},"excerpt":{"rendered":"<p>Sklenarob\u201112 to zaawansowana, naturalna mieszanka zio\u0142owa dla pszcz\u00f3\u0142, opracowana z my\u015bl\u0105 o wsparciu odporno\u015bci, poprawie kondycji rodzin pszczelich i utrzymaniu zdrowego mikroklimatu w ulu. Zawiera 12 starannie dobranych zi\u00f3\u0142, kt\u00f3re dzia\u0142aj\u0105 synergicznie, wspomagaj\u0105c zdrowie i naturaln\u0105 odporno\u015b\u0107 pszcz\u00f3\u0142. \u2705 Sk\u0142ad i dzia\u0142anie zi\u00f3\u0142: Bylica \u2013 wspiera uk\u0142ad pokarmowy, dzia\u0142a przeciwzapalnie i przeciwpaso\u017cytniczo Kobylak (szczaw ko\u0144ski) [&hellip;]<\/p>\n","protected":false},"featured_media":1155,"template":"","meta":[],"product_brand":[],"product_cat":[35],"product_tag":[],"class_list":{"0":"post-1156","1":"product","2":"type-product","3":"status-publish","4":"has-post-thumbnail","6":"product_cat-dodatki-paszowe","8":"first","9":"instock","10":"taxable","11":"shipping-taxable","12":"purchasable","13":"product-type-variable"},"_links":{"self":[{"href":"https:\/\/27-215.pl\/index.php\/wp-json\/wp\/v2\/product\/1156","targetHints":{"allow":["GET"]}}],"collection":[{"href":"https:\/\/27-215.pl\/index.php\/wp-json\/wp\/v2\/product"}],"about":[{"href":"https:\/\/27-215.pl\/index.php\/wp-json\/wp\/v2\/types\/product"}],"wp:featuredmedia":[{"embeddable":true,"href":"https:\/\/27-215.pl\/index.php\/wp-json\/wp\/v2\/media\/1155"}],"wp:attachment":[{"href":"https:\/\/27-215.pl\/index.php\/wp-json\/wp\/v2\/media?parent=1156"}],"wp:term":[{"taxonomy":"product_brand","embeddable":true,"href":"https:\/\/27-215.pl\/index.php\/wp-json\/wp\/v2\/product_brand?post=1156"},{"taxonomy":"product_cat","embeddable":true,"href":"https:\/\/27-215.pl\/index.php\/wp-json\/wp\/v2\/product_cat?post=1156"},{"taxonomy":"product_tag","embeddable":true,"href":"https:\/\/27-215.pl\/index.php\/wp-json\/wp\/v2\/product_tag?post=1156"}],"curies":[{"name":"wp","href":"https:\/\/api.w.org\/{rel}","templated":true}]}}