{"id":1196,"date":"2025-08-05T21:49:52","date_gmt":"2025-08-05T19:49:52","guid":{"rendered":"https:\/\/www.27-215.pl\/?post_type=product&#038;p=1196"},"modified":"2026-04-04T08:54:58","modified_gmt":"2026-04-04T06:54:58","slug":"1196","status":"publish","type":"product","link":"https:\/\/27-215.pl\/index.php\/produkt\/1196\/","title":{"rendered":"Koncha do \u015bwiecowania uszu &#8211; Herbacone"},"content":{"rendered":"<p data-start=\"395\" data-end=\"879\">Konchy do \u015bwiecowania uszu to wyj\u0105tkowy, naturalny produkt inspirowany pradawn\u0105 tradycj\u0105 uzdrawiania stosowan\u0105 m.in. przez Indian Hopi. R\u0119cznie wykonane z czystego wosku pszczelego, konchy \u0142\u0105cz\u0105 w sobie relaksacyjny rytua\u0142 z dzia\u0142aniem terapeutycznym. Pomagaj\u0105 nie tylko oczy\u015bci\u0107 kana\u0142y uszne i zatoki, ale tak\u017ce odpr\u0119\u017cy\u0107 cia\u0142o i zharmonizowa\u0107 energi\u0119. Ich delikatny zapach miodu wprowadza w stan wyciszenia i odpr\u0119\u017cenia, a ca\u0142y zabieg przynosi ukojenie zar\u00f3wno cia\u0142u, jak i umys\u0142owi.<\/p>\n<h3 data-start=\"881\" data-end=\"923\">\ud83c\udf3f Naturalny sk\u0142ad i subtelny aromat<\/h3>\n<p data-start=\"924\" data-end=\"1052\">Wykonane r\u0119cznie z czystego, \u015bwie\u017cego wosku pszczelego. Posiadaj\u0105 miodowo-\u017c\u00f3\u0142t\u0105 barw\u0119 i delikatny zapach, kt\u00f3ry pot\u0119guje relaks.<\/p>\n<h3 data-start=\"1054\" data-end=\"1093\">\ud83d\udd25 Skuteczniejsze ni\u017c \u015bwiece Hopi<\/h3>\n<p data-start=\"1094\" data-end=\"1221\">Konchy wykazuj\u0105 silniejsze i g\u0142\u0119bsze dzia\u0142anie, szybciej przynosz\u0105 efekt terapeutyczny i wspieraj\u0105 odpr\u0119\u017cenie ca\u0142ego organizmu.<\/p>\n<h3 data-start=\"1223\" data-end=\"1268\">\ud83e\uddd8 Dzia\u0142anie relaksuj\u0105ce i energetyczne<\/h3>\n<ul data-start=\"1269\" data-end=\"1387\">\n<li data-start=\"1269\" data-end=\"1293\">\n<p data-start=\"1271\" data-end=\"1293\">poprawa samopoczucia<\/p>\n<\/li>\n<li data-start=\"1294\" data-end=\"1313\">\n<p data-start=\"1296\" data-end=\"1313\">redukcja stresu<\/p>\n<\/li>\n<li data-start=\"1314\" data-end=\"1347\">\n<p data-start=\"1316\" data-end=\"1347\">harmonizacja energii i emocji<\/p>\n<\/li>\n<li data-start=\"1348\" data-end=\"1387\">\n<p data-start=\"1350\" data-end=\"1387\">wspomaganie oczyszczania aury i czakr<\/p>\n<\/li>\n<\/ul>\n<h3 data-start=\"1389\" data-end=\"1416\">\ud83d\udc9b Korzy\u015bci zdrowotne<\/h3>\n<ul data-start=\"1417\" data-end=\"1634\">\n<li data-start=\"1417\" data-end=\"1449\">\n<p data-start=\"1419\" data-end=\"1449\">\u0142agodz\u0105 b\u00f3le g\u0142owy i migreny<\/p>\n<\/li>\n<li data-start=\"1450\" data-end=\"1510\">\n<p data-start=\"1452\" data-end=\"1510\">wspieraj\u0105 leczenie zatok, uszu, g\u00f3rnych dr\u00f3g oddechowych<\/p>\n<\/li>\n<li data-start=\"1511\" data-end=\"1542\">\n<p data-start=\"1513\" data-end=\"1542\">eliminuj\u0105 nadmiar woskowiny<\/p>\n<\/li>\n<li data-start=\"1543\" data-end=\"1590\">\n<p data-start=\"1545\" data-end=\"1590\">poprawiaj\u0105 prac\u0119 zmys\u0142\u00f3w i uk\u0142adu nerwowego<\/p>\n<\/li>\n<li data-start=\"1591\" data-end=\"1634\">\n<p data-start=\"1593\" data-end=\"1634\">pomocne przy menopauzie i szumach usznych<\/p>\n<\/li>\n<\/ul>\n<h3 data-start=\"1636\" data-end=\"1661\">\u26a0\ufe0f Przeciwwskazania<\/h3>\n<p data-start=\"1662\" data-end=\"1798\">Nie stosowa\u0107 w przypadku perforacji b\u0142ony b\u0119benkowej, ropnego zapalenia ucha, t\u0119tniaka, uraz\u00f3w g\u0142owy lub uczulenia na produkty pszczele.<\/p>\n<p data-start=\"1800\" data-end=\"1903\">\n","protected":false},"excerpt":{"rendered":"<p>Konchy do \u015bwiecowania uszu to wyj\u0105tkowy, naturalny produkt inspirowany pradawn\u0105 tradycj\u0105 uzdrawiania stosowan\u0105 m.in. przez Indian Hopi. R\u0119cznie wykonane z czystego wosku pszczelego, konchy \u0142\u0105cz\u0105 w sobie relaksacyjny rytua\u0142 z dzia\u0142aniem terapeutycznym. Pomagaj\u0105 nie tylko oczy\u015bci\u0107 kana\u0142y uszne i zatoki, ale tak\u017ce odpr\u0119\u017cy\u0107 cia\u0142o i zharmonizowa\u0107 energi\u0119. Ich delikatny zapach miodu wprowadza w stan wyciszenia [&hellip;]<\/p>\n","protected":false},"featured_media":1197,"template":"","meta":[],"product_brand":[],"product_cat":[68],"product_tag":[],"class_list":{"0":"post-1196","1":"product","2":"type-product","3":"status-publish","4":"has-post-thumbnail","6":"product_cat-inne-kosmetyki","8":"first","9":"instock","10":"taxable","11":"shipping-taxable","12":"purchasable","13":"product-type-simple"},"_links":{"self":[{"href":"https:\/\/27-215.pl\/index.php\/wp-json\/wp\/v2\/product\/1196","targetHints":{"allow":["GET"]}}],"collection":[{"href":"https:\/\/27-215.pl\/index.php\/wp-json\/wp\/v2\/product"}],"about":[{"href":"https:\/\/27-215.pl\/index.php\/wp-json\/wp\/v2\/types\/product"}],"wp:featuredmedia":[{"embeddable":true,"href":"https:\/\/27-215.pl\/index.php\/wp-json\/wp\/v2\/media\/1197"}],"wp:attachment":[{"href":"https:\/\/27-215.pl\/index.php\/wp-json\/wp\/v2\/media?parent=1196"}],"wp:term":[{"taxonomy":"product_brand","embeddable":true,"href":"https:\/\/27-215.pl\/index.php\/wp-json\/wp\/v2\/product_brand?post=1196"},{"taxonomy":"product_cat","embeddable":true,"href":"https:\/\/27-215.pl\/index.php\/wp-json\/wp\/v2\/product_cat?post=1196"},{"taxonomy":"product_tag","embeddable":true,"href":"https:\/\/27-215.pl\/index.php\/wp-json\/wp\/v2\/product_tag?post=1196"}],"curies":[{"name":"wp","href":"https:\/\/api.w.org\/{rel}","templated":true}]}}