{"id":1210,"date":"2025-08-08T11:15:32","date_gmt":"2025-08-08T09:15:32","guid":{"rendered":"https:\/\/www.27-215.pl\/?post_type=product&#038;p=1210"},"modified":"2026-04-04T08:52:47","modified_gmt":"2026-04-04T06:52:47","slug":"palacio-cannabis-sport-gel-rozgrzewajacy-zel-do-masazu-miesni-200-ml","status":"publish","type":"product","link":"https:\/\/27-215.pl\/index.php\/produkt\/palacio-cannabis-sport-gel-rozgrzewajacy-zel-do-masazu-miesni-200-ml\/","title":{"rendered":"Palacio Cannabis Sport Gel ROZGRZEWAJ\u0104CY \u017cel do masa\u017cu mi\u0119\u015bni 200 ml"},"content":{"rendered":"<p data-start=\"146\" data-end=\"484\">Szukasz czego\u015b, co pomo\u017ce Twoim mi\u0119\u015bniom szybciej wr\u00f3ci\u0107 do formy po wysi\u0142ku? \ud83d\udcaa Ten <strong data-start=\"231\" data-end=\"280\">rozgrzewaj\u0105cy \u017cel sportowy z dodatkiem konopi<\/strong> to strza\u0142 w dziesi\u0105tk\u0119 dla aktywnych os\u00f3b! Stworzony z my\u015bl\u0105 o sportowcach i osobach prowadz\u0105cych aktywny tryb \u017cycia, przynosi natychmiastow\u0105 ulg\u0119, rozlu\u017ania napi\u0119te mi\u0119\u015bnie i wspiera regeneracj\u0119 staw\u00f3w.<\/p>\n<p data-start=\"486\" data-end=\"853\">\ud83d\udca5 <strong data-start=\"489\" data-end=\"519\">Efekt ekstra rozgrzewaj\u0105cy<\/strong> \u2013 idealny do masa\u017cu przed i po treningu<br data-start=\"559\" data-end=\"562\" \/>\ud83c\udf3f <strong data-start=\"565\" data-end=\"596\">Naturalne sk\u0142adniki aktywne<\/strong> \u2013 w tym olej konopny, ekstrakt z papryczek chili i olej s\u0142onecznikowy<br data-start=\"666\" data-end=\"669\" \/>\ud83d\udec0 <strong data-start=\"672\" data-end=\"697\">Wspiera kr\u0105\u017cenie krwi<\/strong> i niweluje uczucie dyskomfortu<br data-start=\"728\" data-end=\"731\" \/>\ud83e\uddf4 <strong data-start=\"734\" data-end=\"765\">Zmi\u0119kcza i regeneruje sk\u00f3r\u0119<\/strong><br data-start=\"765\" data-end=\"768\" \/>\ud83d\udd2c <strong data-start=\"771\" data-end=\"801\">Testowany dermatologicznie<\/strong><br data-start=\"801\" data-end=\"804\" \/>\u2757 <strong data-start=\"806\" data-end=\"853\">Nie stosowa\u0107 u dzieci poni\u017cej 3. roku \u017cycia<\/strong><\/p>\n<h3 data-start=\"855\" data-end=\"882\">\u2705 Kiedy warto stosowa\u0107?<\/h3>\n<ul data-start=\"884\" data-end=\"1109\">\n<li data-start=\"884\" data-end=\"942\">\n<p data-start=\"886\" data-end=\"942\">Przed treningiem \u2013 przygotuj mi\u0119\u015bnie do wysi\u0142ku \ud83c\udfcb\ufe0f\u200d\u2642\ufe0f<\/p>\n<\/li>\n<li data-start=\"943\" data-end=\"986\">\n<p data-start=\"945\" data-end=\"986\">Po treningu \u2013 wspom\u00f3\u017c regeneracj\u0119 \ud83d\udc86\u200d\u2640\ufe0f<\/p>\n<\/li>\n<li data-start=\"987\" data-end=\"1055\">\n<p data-start=\"989\" data-end=\"1055\">Przy b\u00f3lach plec\u00f3w, napi\u0119ciu mi\u0119\u015bniowym lub sztywno\u015bci staw\u00f3w \ud83e\uddb4<\/p>\n<\/li>\n<li data-start=\"1056\" data-end=\"1109\">\n<p data-start=\"1058\" data-end=\"1109\">Podczas masa\u017cu relaksacyjnego lub terapeutycznego<\/p>\n<\/li>\n<\/ul>\n<h3 data-start=\"1111\" data-end=\"1136\">\ud83c\udf31 Sk\u0142adniki aktywne:<\/h3>\n<ul data-start=\"1138\" data-end=\"1597\">\n<li data-start=\"1138\" data-end=\"1204\">\n<p data-start=\"1140\" data-end=\"1204\"><strong data-start=\"1140\" data-end=\"1156\">Olej konopny<\/strong> \u2013 g\u0142\u0119boko odpr\u0119\u017ca uk\u0142ad mi\u0119\u015bniowo-szkieletowy<\/p>\n<\/li>\n<li data-start=\"1205\" data-end=\"1272\">\n<p data-start=\"1207\" data-end=\"1272\"><strong data-start=\"1207\" data-end=\"1239\">Ekstrakt z ostrych papryczek<\/strong> \u2013 pobudza kr\u0105\u017cenie i rozgrzewa<\/p>\n<\/li>\n<li data-start=\"1273\" data-end=\"1328\">\n<p data-start=\"1275\" data-end=\"1328\"><strong data-start=\"1275\" data-end=\"1297\">Olej s\u0142onecznikowy<\/strong> \u2013 \u0142agodzi i piel\u0119gnuje sk\u00f3r\u0119<\/p>\n<\/li>\n<li data-start=\"1329\" data-end=\"1385\">\n<p data-start=\"1331\" data-end=\"1385\"><strong data-start=\"1331\" data-end=\"1352\">Kannabidiol (CBD)<\/strong> \u2013 dzia\u0142a koj\u0105co i regeneruj\u0105co<\/p>\n<\/li>\n<li data-start=\"1386\" data-end=\"1447\">\n<p data-start=\"1388\" data-end=\"1447\"><strong data-start=\"1388\" data-end=\"1409\">Ekstrakty zio\u0142owe<\/strong> \u2013 wsparcie natury dla Twojego cia\u0142a<\/p>\n<\/li>\n<li data-start=\"1448\" data-end=\"1521\">\n<p data-start=\"1450\" data-end=\"1521\"><strong data-start=\"1450\" data-end=\"1484\">Perfumy waniliowo-grejpfrutowe<\/strong> \u2013 przyjemny, energetyzuj\u0105cy zapach<\/p>\n<\/li>\n<li data-start=\"1522\" data-end=\"1597\">\n<p data-start=\"1524\" data-end=\"1597\"><strong data-start=\"1524\" data-end=\"1536\">Kumaryna<\/strong> \u2013 naturalny sk\u0142adnik o w\u0142a\u015bciwo\u015bciach aromaterapeutycznych<\/p>\n<\/li>\n<\/ul>\n<h3 data-start=\"1599\" data-end=\"1619\">\ud83e\uddf4 Jak stosowa\u0107?<\/h3>\n<p data-start=\"1621\" data-end=\"1824\">Na\u0142\u00f3\u017c niewielk\u0105 ilo\u015b\u0107 \u017celu na wybrane miejsce i delikatnie wmasuj, a\u017c do ca\u0142kowitego wch\u0142oni\u0119cia. Stosuj wed\u0142ug potrzeb \u2013 <strong data-start=\"1743\" data-end=\"1777\">przed lub po wysi\u0142ku fizycznym<\/strong>.<br data-start=\"1778\" data-end=\"1781\" \/>\u26a0\ufe0f <strong data-start=\"1784\" data-end=\"1824\">Nie stosowa\u0107 u dzieci poni\u017cej 3 lat.<\/strong><\/p>\n<h3 data-start=\"1826\" data-end=\"1866\">\ud83c\udf3f Moc konopi \u2013 naturalne odpr\u0119\u017cenie<\/h3>\n<p data-start=\"1868\" data-end=\"2067\">Konopie to nie tylko trend \u2013 to prawdziwa moc natury! \ud83d\udc9a Ten \u017cel wspiera g\u0142\u0119bokie rozlu\u017anienie mi\u0119\u015bni, redukuje napi\u0119cia oraz <strong data-start=\"1994\" data-end=\"2023\">poprawia mobilno\u015b\u0107 staw\u00f3w<\/strong>, daj\u0105c Ci pe\u0142n\u0105 swobod\u0119 ruchu ka\u017cdego dnia.<\/p>\n","protected":false},"excerpt":{"rendered":"<p>Szukasz czego\u015b, co pomo\u017ce Twoim mi\u0119\u015bniom szybciej wr\u00f3ci\u0107 do formy po wysi\u0142ku? \ud83d\udcaa Ten rozgrzewaj\u0105cy \u017cel sportowy z dodatkiem konopi to strza\u0142 w dziesi\u0105tk\u0119 dla aktywnych os\u00f3b! Stworzony z my\u015bl\u0105 o sportowcach i osobach prowadz\u0105cych aktywny tryb \u017cycia, przynosi natychmiastow\u0105 ulg\u0119, rozlu\u017ania napi\u0119te mi\u0119\u015bnie i wspiera regeneracj\u0119 staw\u00f3w. \ud83d\udca5 Efekt ekstra rozgrzewaj\u0105cy \u2013 idealny do [&hellip;]<\/p>\n","protected":false},"featured_media":1213,"template":"","meta":[],"product_brand":[22],"product_cat":[21],"product_tag":[],"class_list":{"0":"post-1210","1":"product","2":"type-product","3":"status-publish","4":"has-post-thumbnail","6":"product_brand-palacio","7":"product_cat-palacio","9":"first","10":"instock","11":"taxable","12":"shipping-taxable","13":"purchasable","14":"product-type-simple"},"_links":{"self":[{"href":"https:\/\/27-215.pl\/index.php\/wp-json\/wp\/v2\/product\/1210","targetHints":{"allow":["GET"]}}],"collection":[{"href":"https:\/\/27-215.pl\/index.php\/wp-json\/wp\/v2\/product"}],"about":[{"href":"https:\/\/27-215.pl\/index.php\/wp-json\/wp\/v2\/types\/product"}],"wp:featuredmedia":[{"embeddable":true,"href":"https:\/\/27-215.pl\/index.php\/wp-json\/wp\/v2\/media\/1213"}],"wp:attachment":[{"href":"https:\/\/27-215.pl\/index.php\/wp-json\/wp\/v2\/media?parent=1210"}],"wp:term":[{"taxonomy":"product_brand","embeddable":true,"href":"https:\/\/27-215.pl\/index.php\/wp-json\/wp\/v2\/product_brand?post=1210"},{"taxonomy":"product_cat","embeddable":true,"href":"https:\/\/27-215.pl\/index.php\/wp-json\/wp\/v2\/product_cat?post=1210"},{"taxonomy":"product_tag","embeddable":true,"href":"https:\/\/27-215.pl\/index.php\/wp-json\/wp\/v2\/product_tag?post=1210"}],"curies":[{"name":"wp","href":"https:\/\/api.w.org\/{rel}","templated":true}]}}