{"id":1214,"date":"2025-08-08T11:19:46","date_gmt":"2025-08-08T09:19:46","guid":{"rendered":"https:\/\/www.27-215.pl\/?post_type=product&#038;p=1214"},"modified":"2026-04-25T11:50:42","modified_gmt":"2026-04-25T09:50:42","slug":"palacio-cannabis-sport-gel-chlodzacy-zel-do-masazu-miesni-200-ml","status":"publish","type":"product","link":"https:\/\/27-215.pl\/index.php\/produkt\/palacio-cannabis-sport-gel-chlodzacy-zel-do-masazu-miesni-200-ml\/","title":{"rendered":"Palacio Cannabis Sport Gel CH\u0141ODZ\u0104CY \u017cel do masa\u017cu mi\u0119\u015bni 200 ml"},"content":{"rendered":"<p data-start=\"247\" data-end=\"573\">Potrzebujesz szybkiej ulgi po intensywnym treningu? \ud83d\udcaa <strong data-start=\"302\" data-end=\"350\">Ch\u0142odz\u0105cy \u017cel sportowy z ekstraktem z konopi<\/strong> to doskona\u0142e rozwi\u0105zanie dla zm\u0119czonych mi\u0119\u015bni i staw\u00f3w. Dzi\u0119ki efektowi ch\u0142odzenia natychmiastowo przynosi ulg\u0119, redukuje stan zapalny, koi b\u00f3l i wspomaga regeneracj\u0119 \u2013 wszystko po to, by\u015b szybciej wr\u00f3ci\u0142 do pe\u0142nej formy!<\/p>\n<p data-start=\"575\" data-end=\"950\">\u2744\ufe0f <strong data-start=\"578\" data-end=\"597\">Efekt ch\u0142odz\u0105cy<\/strong> \u2013 przynosi ulg\u0119 i od\u015bwie\u017cenie<br data-start=\"627\" data-end=\"630\" \/>\ud83d\udc9a <strong data-start=\"633\" data-end=\"664\">Naturalne sk\u0142adniki aktywne<\/strong> \u2013 m.in. olej konopny, mentol, kamfora i olejek mi\u0119towy<br data-start=\"719\" data-end=\"722\" \/>\ud83c\udf3f <strong data-start=\"725\" data-end=\"763\">Dzia\u0142a regeneruj\u0105co i wzmacniaj\u0105co<\/strong><br data-start=\"763\" data-end=\"766\" \/>\ud83d\udc86 <strong data-start=\"769\" data-end=\"816\">Relaksuje mi\u0119\u015bnie i poprawia komfort staw\u00f3w<\/strong><br data-start=\"816\" data-end=\"819\" \/>\ud83e\uddf4 <strong data-start=\"822\" data-end=\"861\">Lekka formu\u0142a \u2013 szybko si\u0119 wch\u0142ania<\/strong><br data-start=\"861\" data-end=\"864\" \/>\ud83d\udd2c <strong data-start=\"867\" data-end=\"897\">Testowany dermatologicznie<\/strong><br data-start=\"897\" data-end=\"900\" \/>\u26a0\ufe0f <strong data-start=\"903\" data-end=\"950\">Nie stosowa\u0107 u dzieci poni\u017cej 3. roku \u017cycia<\/strong><\/p>\n<h3 data-start=\"952\" data-end=\"979\">\u2705 Kiedy warto stosowa\u0107?<\/h3>\n<ul data-start=\"981\" data-end=\"1191\">\n<li data-start=\"981\" data-end=\"1021\">\n<p data-start=\"983\" data-end=\"1021\">Po treningu lub wysi\u0142ku fizycznym \ud83d\udca6<\/p>\n<\/li>\n<li data-start=\"1022\" data-end=\"1070\">\n<p data-start=\"1024\" data-end=\"1070\">W przypadku napi\u0119cia mi\u0119\u015bniowego i zm\u0119czenia<\/p>\n<\/li>\n<li data-start=\"1071\" data-end=\"1139\">\n<p data-start=\"1073\" data-end=\"1139\">Dla uczucia ch\u0142odzenia, odpr\u0119\u017cenia i poprawy elastyczno\u015bci sk\u00f3ry<\/p>\n<\/li>\n<li data-start=\"1140\" data-end=\"1191\">\n<p data-start=\"1142\" data-end=\"1191\">W celu przyspieszenia regeneracji po aktywno\u015bci<\/p>\n<\/li>\n<\/ul>\n<h3 data-start=\"1193\" data-end=\"1218\">\ud83c\udf31 Sk\u0142adniki aktywne:<\/h3>\n<ul data-start=\"1220\" data-end=\"1599\">\n<li data-start=\"1220\" data-end=\"1288\">\n<p data-start=\"1222\" data-end=\"1288\"><strong data-start=\"1222\" data-end=\"1238\">Olej konopny<\/strong> \u2013 g\u0142\u0119boko relaksuje uk\u0142ad mi\u0119\u015bniowo-szkieletowy<\/p>\n<\/li>\n<li data-start=\"1289\" data-end=\"1356\">\n<p data-start=\"1291\" data-end=\"1356\"><strong data-start=\"1291\" data-end=\"1309\">Olejek mi\u0119towy<\/strong> \u2013 ch\u0142odzi, od\u015bwie\u017ca i dzia\u0142a przeciwzapalnie<\/p>\n<\/li>\n<li data-start=\"1357\" data-end=\"1428\">\n<p data-start=\"1359\" data-end=\"1428\"><strong data-start=\"1359\" data-end=\"1380\">Kannabidiol (CBD)<\/strong> \u2013 wspomaga regeneracj\u0119 i \u0142agodzi podra\u017cnienia<\/p>\n<\/li>\n<li data-start=\"1429\" data-end=\"1495\">\n<p data-start=\"1431\" data-end=\"1495\"><strong data-start=\"1431\" data-end=\"1452\">Ekstrakty zio\u0142owe<\/strong> \u2013 naturalne wsparcie dla mi\u0119\u015bni i staw\u00f3w<\/p>\n<\/li>\n<li data-start=\"1496\" data-end=\"1554\">\n<p data-start=\"1498\" data-end=\"1554\"><strong data-start=\"1498\" data-end=\"1508\">Mentol<\/strong> \u2013 zapewnia intensywne uczucie ch\u0142odu i ulgi<\/p>\n<\/li>\n<li data-start=\"1555\" data-end=\"1599\">\n<p data-start=\"1557\" data-end=\"1599\"><strong data-start=\"1557\" data-end=\"1568\">Kamfora<\/strong> \u2013 pobudza kr\u0105\u017cenie i koi b\u00f3l<\/p>\n<\/li>\n<\/ul>\n<h3 data-start=\"1601\" data-end=\"1621\">\ud83e\uddf4 Jak stosowa\u0107?<\/h3>\n<p data-start=\"1623\" data-end=\"1845\">Na\u0142\u00f3\u017c niewielk\u0105 ilo\u015b\u0107 \u017celu na wybrane miejsce i delikatnie wmasuj, a\u017c do ca\u0142kowitego wch\u0142oni\u0119cia. Stosuj po aktywno\u015bci fizycznej, gdy potrzebujesz szybkiego od\u015bwie\u017cenia i ulgi.<br data-start=\"1799\" data-end=\"1802\" \/>\u26a0\ufe0f <strong data-start=\"1805\" data-end=\"1845\">Nie stosowa\u0107 u dzieci poni\u017cej 3 lat.<\/strong><\/p>\n<h3 data-start=\"1847\" data-end=\"1902\">\ud83c\udf3f Konopie \u2013 naturalne odpr\u0119\u017cenie dla Twojego cia\u0142a<\/h3>\n<p data-start=\"1904\" data-end=\"2174\">Konopie to naturalna moc regeneracji \ud83d\udc9a. Dzi\u0119ki unikalnemu po\u0142\u0105czeniu sk\u0142adnik\u00f3w ro\u015blinnych, wspieraj\u0105 g\u0142\u0119bokie rozlu\u017anienie, \u0142agodz\u0105 napi\u0119cie mi\u0119\u015bni i poprawiaj\u0105 ruchomo\u015b\u0107 staw\u00f3w. To idealny wyb\u00f3r dla ka\u017cdego, kto ceni sobie aktywny tryb \u017cycia i szybki powr\u00f3t do formy.<\/p>\n","protected":false},"excerpt":{"rendered":"<p>Potrzebujesz szybkiej ulgi po intensywnym treningu? \ud83d\udcaa Ch\u0142odz\u0105cy \u017cel sportowy z ekstraktem z konopi to doskona\u0142e rozwi\u0105zanie dla zm\u0119czonych mi\u0119\u015bni i staw\u00f3w. Dzi\u0119ki efektowi ch\u0142odzenia natychmiastowo przynosi ulg\u0119, redukuje stan zapalny, koi b\u00f3l i wspomaga regeneracj\u0119 \u2013 wszystko po to, by\u015b szybciej wr\u00f3ci\u0142 do pe\u0142nej formy! \u2744\ufe0f Efekt ch\u0142odz\u0105cy \u2013 przynosi ulg\u0119 i od\u015bwie\u017cenie\ud83d\udc9a Naturalne [&hellip;]<\/p>\n","protected":false},"featured_media":1212,"template":"","meta":[],"product_brand":[22],"product_cat":[21],"product_tag":[],"class_list":{"0":"post-1214","1":"product","2":"type-product","3":"status-publish","4":"has-post-thumbnail","6":"product_brand-palacio","7":"product_cat-palacio","9":"first","10":"outofstock","11":"taxable","12":"shipping-taxable","13":"purchasable","14":"product-type-simple"},"_links":{"self":[{"href":"https:\/\/27-215.pl\/index.php\/wp-json\/wp\/v2\/product\/1214","targetHints":{"allow":["GET"]}}],"collection":[{"href":"https:\/\/27-215.pl\/index.php\/wp-json\/wp\/v2\/product"}],"about":[{"href":"https:\/\/27-215.pl\/index.php\/wp-json\/wp\/v2\/types\/product"}],"wp:featuredmedia":[{"embeddable":true,"href":"https:\/\/27-215.pl\/index.php\/wp-json\/wp\/v2\/media\/1212"}],"wp:attachment":[{"href":"https:\/\/27-215.pl\/index.php\/wp-json\/wp\/v2\/media?parent=1214"}],"wp:term":[{"taxonomy":"product_brand","embeddable":true,"href":"https:\/\/27-215.pl\/index.php\/wp-json\/wp\/v2\/product_brand?post=1214"},{"taxonomy":"product_cat","embeddable":true,"href":"https:\/\/27-215.pl\/index.php\/wp-json\/wp\/v2\/product_cat?post=1214"},{"taxonomy":"product_tag","embeddable":true,"href":"https:\/\/27-215.pl\/index.php\/wp-json\/wp\/v2\/product_tag?post=1214"}],"curies":[{"name":"wp","href":"https:\/\/api.w.org\/{rel}","templated":true}]}}