{"id":1215,"date":"2025-08-08T11:27:10","date_gmt":"2025-08-08T09:27:10","guid":{"rendered":"https:\/\/www.27-215.pl\/?post_type=product&#038;p=1215"},"modified":"2026-04-24T20:11:36","modified_gmt":"2026-04-24T18:11:36","slug":"palacio-cbd-fortis-zel-do-masazu-z-cbd-i-ekstraktem-z-konopi-200ml","status":"publish","type":"product","link":"https:\/\/27-215.pl\/index.php\/produkt\/palacio-cbd-fortis-zel-do-masazu-z-cbd-i-ekstraktem-z-konopi-200ml\/","title":{"rendered":"PALACIO CBD Fortis \u2013 \u017bel do masa\u017cu z CBD i ekstraktem z konopi 200ml"},"content":{"rendered":"<p data-start=\"273\" data-end=\"644\">Odkryj si\u0142\u0119 natury zamkni\u0119t\u0105 w tym wyj\u0105tkowym \u017celu zio\u0142owym do masa\u017cu! \ud83c\udf3f <strong data-start=\"347\" data-end=\"369\">PALACIO CBD Fortis<\/strong> to innowacyjna formu\u0142a z CBD i ekstraktem z konopi, stworzona z my\u015bl\u0105 o osobach aktywnych, kt\u00f3re potrzebuj\u0105 <strong data-start=\"478\" data-end=\"506\">ulgi dla mi\u0119\u015bni i staw\u00f3w<\/strong> oraz g\u0142\u0119bokiego odpr\u0119\u017cenia. Dzia\u0142a terapeutycznie, wspomaga regeneracj\u0119 i poprawia mobilno\u015b\u0107, pozostawiaj\u0105c uczucie komfortu i \u015bwie\u017co\u015bci.<\/p>\n<p data-start=\"646\" data-end=\"962\">\ud83d\udd25 <strong data-start=\"649\" data-end=\"697\">Silne dzia\u0142anie rozlu\u017aniaj\u0105ce i regeneruj\u0105ce<\/strong><br data-start=\"697\" data-end=\"700\" \/>\ud83e\uddb5 <strong data-start=\"703\" data-end=\"734\">\u0141agodzi b\u00f3l mi\u0119\u015bni i staw\u00f3w<\/strong><br data-start=\"734\" data-end=\"737\" \/>\ud83d\udc86 <strong data-start=\"740\" data-end=\"794\">Idealny do masa\u017cu relaksacyjnego i terapeutycznego<\/strong><br data-start=\"794\" data-end=\"797\" \/>\ud83c\udf31 <strong data-start=\"800\" data-end=\"844\">95,2% sk\u0142adnik\u00f3w pochodzenia naturalnego<\/strong><br data-start=\"844\" data-end=\"847\" \/>\ud83c\udf3f <strong data-start=\"850\" data-end=\"873\">Zawiera CBD \u2013 50 mg<\/strong><br data-start=\"873\" data-end=\"876\" \/>\ud83d\udd2c <strong data-start=\"879\" data-end=\"909\">Testowany dermatologicznie<\/strong><br data-start=\"909\" data-end=\"912\" \/>\u26a0\ufe0f <strong data-start=\"915\" data-end=\"962\">Nie stosowa\u0107 u dzieci poni\u017cej 3. roku \u017cycia<\/strong><\/p>\n<h3 data-start=\"964\" data-end=\"985\">\u2705 Dlaczego warto?<\/h3>\n<ul data-start=\"987\" data-end=\"1231\">\n<li data-start=\"987\" data-end=\"1046\">\n<p data-start=\"989\" data-end=\"1046\">Przynosi ulg\u0119 po wysi\u0142ku fizycznym lub stresuj\u0105cym dniu<\/p>\n<\/li>\n<li data-start=\"1047\" data-end=\"1098\">\n<p data-start=\"1049\" data-end=\"1098\">Pomaga w regeneracji mi\u0119\u015bni i \u0142agodzeniu napi\u0119\u0107<\/p>\n<\/li>\n<li data-start=\"1099\" data-end=\"1164\">\n<p data-start=\"1101\" data-end=\"1164\">Polecany przy sztywno\u015bci, przeci\u0105\u017ceniach, b\u00f3lu plec\u00f3w i karku<\/p>\n<\/li>\n<li data-start=\"1165\" data-end=\"1231\">\n<p data-start=\"1167\" data-end=\"1231\">Doskona\u0142y do masa\u017cu w domowym SPA lub gabinecie terapeutycznym<\/p>\n<\/li>\n<\/ul>\n<h3 data-start=\"1233\" data-end=\"1258\">\ud83c\udf31 Sk\u0142adniki aktywne:<\/h3>\n<ul data-start=\"1260\" data-end=\"1620\">\n<li data-start=\"1260\" data-end=\"1333\">\n<p data-start=\"1262\" data-end=\"1333\"><strong data-start=\"1262\" data-end=\"1277\">CBD (50 mg)<\/strong> \u2013 dzia\u0142a przeciwb\u00f3lowo, przeciwzapalnie i relaksuj\u0105co<\/p>\n<\/li>\n<li data-start=\"1334\" data-end=\"1405\">\n<p data-start=\"1336\" data-end=\"1405\"><strong data-start=\"1336\" data-end=\"1357\">Ekstrakt z konopi<\/strong> \u2013 wspiera regeneracj\u0119 i poprawia elastyczno\u015b\u0107<\/p>\n<\/li>\n<li data-start=\"1406\" data-end=\"1479\">\n<p data-start=\"1408\" data-end=\"1479\"><strong data-start=\"1408\" data-end=\"1432\">Olejek eukaliptusowy<\/strong> \u2013 od\u015bwie\u017ca, ch\u0142odzi i dzia\u0142a przeciwzapalnie<\/p>\n<\/li>\n<li data-start=\"1480\" data-end=\"1546\">\n<p data-start=\"1482\" data-end=\"1546\"><strong data-start=\"1482\" data-end=\"1492\">Mentol<\/strong> \u2013 przynosi natychmiastowe uczucie ch\u0142odzenia i ulgi<\/p>\n<\/li>\n<li data-start=\"1547\" data-end=\"1620\">\n<p data-start=\"1549\" data-end=\"1620\"><strong data-start=\"1549\" data-end=\"1570\">Ekstrakty zio\u0142owe<\/strong> \u2013 naturalne wsparcie dla sk\u00f3ry, mi\u0119\u015bni i staw\u00f3w<\/p>\n<\/li>\n<\/ul>\n<h3 data-start=\"1622\" data-end=\"1642\">\ud83e\uddf4 Jak stosowa\u0107?<\/h3>\n<p data-start=\"1644\" data-end=\"1929\">Na\u0142\u00f3\u017c odpowiedni\u0105 ilo\u015b\u0107 \u017celu na zmienione miejsca \u2013 mi\u0119\u015bnie lub stawy. Wmasuj dok\u0142adnie okr\u0119\u017cnymi ruchami, a\u017c do ca\u0142kowitego wch\u0142oni\u0119cia. Stosuj w razie potrzeby, najlepiej po wysi\u0142ku fizycznym lub jako element codziennego rytua\u0142u relaksu.<br data-start=\"1883\" data-end=\"1886\" \/>\u26a0\ufe0f <strong data-start=\"1889\" data-end=\"1929\">Nie stosowa\u0107 u dzieci poni\u017cej 3 lat.<\/strong><\/p>\n<h3 data-start=\"1931\" data-end=\"1969\">\ud83c\udf3f CBD \u2013 relaks i terapia w jednym<\/h3>\n<p data-start=\"1971\" data-end=\"2363\"><strong data-start=\"1971\" data-end=\"1992\">Kannabidiol (CBD)<\/strong> to ceniony sk\u0142adnik pochodzenia ro\u015blinnego, znany ze swoich <strong data-start=\"2053\" data-end=\"2118\">w\u0142a\u015bciwo\u015bci przeciwzapalnych, przeciwb\u00f3lowych i odpr\u0119\u017caj\u0105cych<\/strong>. Stosowany w masa\u017cu dzia\u0142a koj\u0105co, pomaga zredukowa\u0107 napi\u0119cie i stres, a tak\u017ce poprawia kondycj\u0119 sk\u00f3ry \u2013 nawil\u017caj\u0105c j\u0105 i chroni\u0105c przed wolnymi rodnikami. Idealny dla ka\u017cdego typu sk\u00f3ry, <strong data-start=\"2306\" data-end=\"2313\">CBD<\/strong> zapewnia kompleksowe wsparcie dla cia\u0142a i umys\u0142u.<\/p>\n","protected":false},"excerpt":{"rendered":"<p>Odkryj si\u0142\u0119 natury zamkni\u0119t\u0105 w tym wyj\u0105tkowym \u017celu zio\u0142owym do masa\u017cu! \ud83c\udf3f PALACIO CBD Fortis to innowacyjna formu\u0142a z CBD i ekstraktem z konopi, stworzona z my\u015bl\u0105 o osobach aktywnych, kt\u00f3re potrzebuj\u0105 ulgi dla mi\u0119\u015bni i staw\u00f3w oraz g\u0142\u0119bokiego odpr\u0119\u017cenia. Dzia\u0142a terapeutycznie, wspomaga regeneracj\u0119 i poprawia mobilno\u015b\u0107, pozostawiaj\u0105c uczucie komfortu i \u015bwie\u017co\u015bci. \ud83d\udd25 Silne dzia\u0142anie [&hellip;]<\/p>\n","protected":false},"featured_media":1216,"template":"","meta":[],"product_brand":[22],"product_cat":[21],"product_tag":[],"class_list":{"0":"post-1215","1":"product","2":"type-product","3":"status-publish","4":"has-post-thumbnail","6":"product_brand-palacio","7":"product_cat-palacio","9":"first","10":"instock","11":"taxable","12":"shipping-taxable","13":"purchasable","14":"product-type-simple"},"_links":{"self":[{"href":"https:\/\/27-215.pl\/index.php\/wp-json\/wp\/v2\/product\/1215","targetHints":{"allow":["GET"]}}],"collection":[{"href":"https:\/\/27-215.pl\/index.php\/wp-json\/wp\/v2\/product"}],"about":[{"href":"https:\/\/27-215.pl\/index.php\/wp-json\/wp\/v2\/types\/product"}],"wp:featuredmedia":[{"embeddable":true,"href":"https:\/\/27-215.pl\/index.php\/wp-json\/wp\/v2\/media\/1216"}],"wp:attachment":[{"href":"https:\/\/27-215.pl\/index.php\/wp-json\/wp\/v2\/media?parent=1215"}],"wp:term":[{"taxonomy":"product_brand","embeddable":true,"href":"https:\/\/27-215.pl\/index.php\/wp-json\/wp\/v2\/product_brand?post=1215"},{"taxonomy":"product_cat","embeddable":true,"href":"https:\/\/27-215.pl\/index.php\/wp-json\/wp\/v2\/product_cat?post=1215"},{"taxonomy":"product_tag","embeddable":true,"href":"https:\/\/27-215.pl\/index.php\/wp-json\/wp\/v2\/product_tag?post=1215"}],"curies":[{"name":"wp","href":"https:\/\/api.w.org\/{rel}","templated":true}]}}