{"id":1217,"date":"2025-08-08T11:31:47","date_gmt":"2025-08-08T09:31:47","guid":{"rendered":"https:\/\/www.27-215.pl\/?post_type=product&#038;p=1217"},"modified":"2026-04-04T08:52:50","modified_gmt":"2026-04-04T06:52:50","slug":"palacio-cbd-chlodzacy-zel-do-masazu-z-cbd-i-konopiami-200ml","status":"publish","type":"product","link":"https:\/\/27-215.pl\/index.php\/produkt\/palacio-cbd-chlodzacy-zel-do-masazu-z-cbd-i-konopiami-200ml\/","title":{"rendered":"PALACIO CBD \u2013 Ch\u0142odz\u0105cy \u017cel do masa\u017cu z CBD i konopiami 200ml"},"content":{"rendered":"<p data-start=\"267\" data-end=\"608\">Potrzebujesz ukojenia po intensywnym treningu lub m\u0119cz\u0105cym dniu? \ud83d\udcaa <strong data-start=\"335\" data-end=\"356\">PALACIO CBD Chill<\/strong> to ch\u0142odz\u0105cy \u017cel do masa\u017cu, kt\u00f3ry dzi\u0119ki zawarto\u015bci <strong data-start=\"409\" data-end=\"424\">CBD (50 mg)<\/strong> i <strong data-start=\"427\" data-end=\"449\">ekstraktu z konopi<\/strong> zapewnia natychmiastow\u0105 ulg\u0119 zm\u0119czonym mi\u0119\u015bniom i stawom. Dzia\u0142a regeneruj\u0105co, odpr\u0119\u017caj\u0105co i od\u015bwie\u017caj\u0105co \u2013 idealny wyb\u00f3r dla os\u00f3b aktywnych i zestresowanych.<\/p>\n<p data-start=\"610\" data-end=\"946\">\u2744\ufe0f <strong data-start=\"613\" data-end=\"644\">Efekt ch\u0142odzenia i ukojenia<\/strong><br data-start=\"644\" data-end=\"647\" \/>\ud83e\uddb5 <strong data-start=\"650\" data-end=\"690\">Wspomaga regeneracj\u0119 mi\u0119\u015bni i staw\u00f3w<\/strong><br data-start=\"690\" data-end=\"693\" \/>\ud83d\udc86 <strong data-start=\"696\" data-end=\"733\">\u0141agodzi b\u00f3l, napi\u0119cie i zm\u0119czenie<\/strong><br data-start=\"733\" data-end=\"736\" \/>\ud83c\udf3f <strong data-start=\"739\" data-end=\"796\">Naturalna receptura z olejami i ekstraktami zio\u0142owymi<\/strong><br data-start=\"796\" data-end=\"799\" \/>\ud83e\uddf4 <strong data-start=\"802\" data-end=\"857\">Szybko si\u0119 wch\u0142ania, nie pozostawia t\u0142ustej warstwy<\/strong><br data-start=\"857\" data-end=\"860\" \/>\ud83d\udd2c <strong data-start=\"863\" data-end=\"893\">Testowany dermatologicznie<\/strong><br data-start=\"893\" data-end=\"896\" \/>\u26a0\ufe0f <strong data-start=\"899\" data-end=\"946\">Nie stosowa\u0107 u dzieci poni\u017cej 3. roku \u017cycia<\/strong><\/p>\n<h3 data-start=\"948\" data-end=\"964\">\u2705 Dzia\u0142anie:<\/h3>\n<ul data-start=\"966\" data-end=\"1186\">\n<li data-start=\"966\" data-end=\"1013\">\n<p data-start=\"968\" data-end=\"1013\">Regeneruje i wzmacnia zm\u0119czone partie cia\u0142a<\/p>\n<\/li>\n<li data-start=\"1014\" data-end=\"1061\">\n<p data-start=\"1016\" data-end=\"1061\">Przynosi ulg\u0119 i poprawia elastyczno\u015b\u0107 sk\u00f3ry<\/p>\n<\/li>\n<li data-start=\"1062\" data-end=\"1130\">\n<p data-start=\"1064\" data-end=\"1130\">Doskona\u0142y po treningu, pracy fizycznej lub d\u0142ugim dniu na nogach<\/p>\n<\/li>\n<li data-start=\"1131\" data-end=\"1186\">\n<p data-start=\"1133\" data-end=\"1186\">Polecany do masa\u017cy relaksacyjnych i regeneracyjnych<\/p>\n<\/li>\n<\/ul>\n<h3 data-start=\"1188\" data-end=\"1213\">\ud83c\udf31 Sk\u0142adniki aktywne:<\/h3>\n<ul data-start=\"1215\" data-end=\"1565\">\n<li data-start=\"1215\" data-end=\"1275\">\n<p data-start=\"1217\" data-end=\"1275\"><strong data-start=\"1217\" data-end=\"1232\">CBD (50 mg)<\/strong> \u2013 dzia\u0142a przeciwzapalnie i rozlu\u017aniaj\u0105co<\/p>\n<\/li>\n<li data-start=\"1276\" data-end=\"1335\">\n<p data-start=\"1278\" data-end=\"1335\"><strong data-start=\"1278\" data-end=\"1294\">Olej konopny<\/strong> \u2013 wspiera mi\u0119\u015bnie i regeneracj\u0119 tkanek<\/p>\n<\/li>\n<li data-start=\"1336\" data-end=\"1394\">\n<p data-start=\"1338\" data-end=\"1394\"><strong data-start=\"1338\" data-end=\"1356\">Olejek mi\u0119towy<\/strong> \u2013 ch\u0142odzi, od\u015bwie\u017ca i dzia\u0142a koj\u0105co<\/p>\n<\/li>\n<li data-start=\"1395\" data-end=\"1444\">\n<p data-start=\"1397\" data-end=\"1444\"><strong data-start=\"1397\" data-end=\"1407\">Mentol<\/strong> \u2013 daje efekt zimna i przynosi ulg\u0119<\/p>\n<\/li>\n<li data-start=\"1445\" data-end=\"1504\">\n<p data-start=\"1447\" data-end=\"1504\"><strong data-start=\"1447\" data-end=\"1458\">Kamfora<\/strong> \u2013 stymuluje kr\u0105\u017cenie i \u0142agodzi dolegliwo\u015bci<\/p>\n<\/li>\n<li data-start=\"1505\" data-end=\"1565\">\n<p data-start=\"1507\" data-end=\"1565\"><strong data-start=\"1507\" data-end=\"1528\">Ekstrakty zio\u0142owe<\/strong> \u2013 wspieraj\u0105 dzia\u0142anie regeneruj\u0105ce<\/p>\n<\/li>\n<\/ul>\n<h3 data-start=\"1567\" data-end=\"1587\">\ud83e\uddf4 Jak stosowa\u0107?<\/h3>\n<p data-start=\"1589\" data-end=\"1817\">Na\u0142\u00f3\u017c niewielk\u0105 ilo\u015b\u0107 \u017celu na zmienione miejsce i delikatnie wmasuj do ca\u0142kowitego wch\u0142oni\u0119cia. Stosuj zawsze wtedy, gdy odczuwasz dyskomfort, zm\u0119czenie lub napi\u0119cie mi\u0119\u015bni i staw\u00f3w.<br data-start=\"1771\" data-end=\"1774\" \/>\u26a0\ufe0f <strong data-start=\"1777\" data-end=\"1817\">Nie stosowa\u0107 u dzieci poni\u017cej 3 lat.<\/strong><\/p>\n<h3 data-start=\"1819\" data-end=\"1855\">\ud83c\udf3f CBD \u2013 naturalna ulga i relaks<\/h3>\n<p data-start=\"1857\" data-end=\"2371\"><strong data-start=\"1857\" data-end=\"1878\">CBD (kannabidiol)<\/strong>, pozyskiwane z konopi, to ro\u015blinny sk\u0142adnik znany ze swojego <strong data-start=\"1940\" data-end=\"2003\">dzia\u0142ania przeciwb\u00f3lowego, przeciwzapalnego i odpr\u0119\u017caj\u0105cego<\/strong>. \u015awietnie sprawdza si\u0119 w masa\u017cu, poniewa\u017c wspiera regeneracj\u0119, rozlu\u017ania mi\u0119\u015bnie i pomaga zredukowa\u0107 stres. Dodatkowo, <strong data-start=\"2123\" data-end=\"2147\">CBD piel\u0119gnuje sk\u00f3r\u0119<\/strong>, dzia\u0142a nawil\u017caj\u0105co i antyoksydacyjnie \u2013 sprawiaj\u0105c, \u017ce po zabiegu jest ona mi\u0119kka, elastyczna i od\u017cywiona. Odpowiedni dla ka\u017cdego typu sk\u00f3ry, stanowi doskona\u0142y wyb\u00f3r dla os\u00f3b szukaj\u0105cych <strong data-start=\"2336\" data-end=\"2370\">naturalnego wsparcia i relaksu<\/strong>.<\/p>\n","protected":false},"excerpt":{"rendered":"<p>Potrzebujesz ukojenia po intensywnym treningu lub m\u0119cz\u0105cym dniu? \ud83d\udcaa PALACIO CBD Chill to ch\u0142odz\u0105cy \u017cel do masa\u017cu, kt\u00f3ry dzi\u0119ki zawarto\u015bci CBD (50 mg) i ekstraktu z konopi zapewnia natychmiastow\u0105 ulg\u0119 zm\u0119czonym mi\u0119\u015bniom i stawom. Dzia\u0142a regeneruj\u0105co, odpr\u0119\u017caj\u0105co i od\u015bwie\u017caj\u0105co \u2013 idealny wyb\u00f3r dla os\u00f3b aktywnych i zestresowanych. \u2744\ufe0f Efekt ch\u0142odzenia i ukojenia\ud83e\uddb5 Wspomaga regeneracj\u0119 mi\u0119\u015bni [&hellip;]<\/p>\n","protected":false},"featured_media":1218,"template":"","meta":[],"product_brand":[22],"product_cat":[21],"product_tag":[],"class_list":{"0":"post-1217","1":"product","2":"type-product","3":"status-publish","4":"has-post-thumbnail","6":"product_brand-palacio","7":"product_cat-palacio","9":"first","10":"instock","11":"taxable","12":"shipping-taxable","13":"purchasable","14":"product-type-simple"},"_links":{"self":[{"href":"https:\/\/27-215.pl\/index.php\/wp-json\/wp\/v2\/product\/1217","targetHints":{"allow":["GET"]}}],"collection":[{"href":"https:\/\/27-215.pl\/index.php\/wp-json\/wp\/v2\/product"}],"about":[{"href":"https:\/\/27-215.pl\/index.php\/wp-json\/wp\/v2\/types\/product"}],"wp:featuredmedia":[{"embeddable":true,"href":"https:\/\/27-215.pl\/index.php\/wp-json\/wp\/v2\/media\/1218"}],"wp:attachment":[{"href":"https:\/\/27-215.pl\/index.php\/wp-json\/wp\/v2\/media?parent=1217"}],"wp:term":[{"taxonomy":"product_brand","embeddable":true,"href":"https:\/\/27-215.pl\/index.php\/wp-json\/wp\/v2\/product_brand?post=1217"},{"taxonomy":"product_cat","embeddable":true,"href":"https:\/\/27-215.pl\/index.php\/wp-json\/wp\/v2\/product_cat?post=1217"},{"taxonomy":"product_tag","embeddable":true,"href":"https:\/\/27-215.pl\/index.php\/wp-json\/wp\/v2\/product_tag?post=1217"}],"curies":[{"name":"wp","href":"https:\/\/api.w.org\/{rel}","templated":true}]}}