{"id":1219,"date":"2025-08-08T11:34:29","date_gmt":"2025-08-08T09:34:29","guid":{"rendered":"https:\/\/www.27-215.pl\/?post_type=product&#038;p=1219"},"modified":"2026-04-04T08:52:49","modified_gmt":"2026-04-04T06:52:49","slug":"palacio-cbd-calidum-rozgrzewajacy-zel-do-masazu-z-cbd-i-konopiami-200ml","status":"publish","type":"product","link":"https:\/\/27-215.pl\/index.php\/produkt\/palacio-cbd-calidum-rozgrzewajacy-zel-do-masazu-z-cbd-i-konopiami-200ml\/","title":{"rendered":"PALACIO CBD Calidum \u2013 Rozgrzewaj\u0105cy \u017cel do masa\u017cu z CBD i konopiami 200ml"},"content":{"rendered":"<p data-start=\"300\" data-end=\"675\">Szukasz ciep\u0142a i ulgi dla zm\u0119czonych mi\u0119\u015bni lub zesztywnia\u0142ych staw\u00f3w? \ud83d\udcaa <strong data-start=\"374\" data-end=\"397\">PALACIO CBD Calidum<\/strong> to intensywnie rozgrzewaj\u0105cy \u017cel do masa\u017cu, stworzony na bazie <strong data-start=\"461\" data-end=\"476\">CBD (50 mg)<\/strong> i ekstraktu z konopi. Dzi\u0119ki starannie dobranym sk\u0142adnikom \u017cel \u0142agodzi b\u00f3le, rozlu\u017ania mi\u0119\u015bnie i wspomaga regeneracj\u0119. Doskona\u0142y dla os\u00f3b aktywnych, idealny zar\u00f3wno <strong data-start=\"642\" data-end=\"651\">przed<\/strong>, jak i <strong data-start=\"659\" data-end=\"674\">po treningu<\/strong>.<\/p>\n<p data-start=\"677\" data-end=\"1030\">\ud83d\udd25 <strong data-start=\"680\" data-end=\"713\">Mocne dzia\u0142anie rozgrzewaj\u0105ce<\/strong> \u2013 dla pe\u0142nego relaksu ca\u0142ego cia\u0142a<br data-start=\"748\" data-end=\"751\" \/>\ud83e\uddb5 <strong data-start=\"754\" data-end=\"820\">Ulga dla spi\u0119tych plec\u00f3w, sztywnych staw\u00f3w i zm\u0119czonych mi\u0119\u015bni<\/strong><br data-start=\"820\" data-end=\"823\" \/>\ud83d\udc86 <strong data-start=\"826\" data-end=\"867\">Wspomaga kr\u0105\u017cenie krwi podczas masa\u017cu<\/strong><br data-start=\"867\" data-end=\"870\" \/>\ud83e\uddf4 <strong data-start=\"873\" data-end=\"904\">Zmi\u0119kcza i regeneruje sk\u00f3r\u0119<\/strong><br data-start=\"904\" data-end=\"907\" \/>\ud83c\udf3f <strong data-start=\"910\" data-end=\"941\">Naturalne sk\u0142adniki aktywne<\/strong><br data-start=\"941\" data-end=\"944\" \/>\ud83d\udd2c <strong data-start=\"947\" data-end=\"977\">Testowany dermatologicznie<\/strong><br data-start=\"977\" data-end=\"980\" \/>\u26a0\ufe0f <strong data-start=\"983\" data-end=\"1030\">Nie stosowa\u0107 u dzieci poni\u017cej 3. roku \u017cycia<\/strong><\/p>\n<h3 data-start=\"1032\" data-end=\"1063\">\u2705 Dzia\u0142anie i zastosowanie:<\/h3>\n<ul data-start=\"1065\" data-end=\"1293\">\n<li data-start=\"1065\" data-end=\"1096\">\n<p data-start=\"1067\" data-end=\"1096\">Rozlu\u017ania i ogrzewa mi\u0119\u015bnie<\/p>\n<\/li>\n<li data-start=\"1097\" data-end=\"1141\">\n<p data-start=\"1099\" data-end=\"1141\">Wspiera regeneracj\u0119 po wysi\u0142ku fizycznym<\/p>\n<\/li>\n<li data-start=\"1142\" data-end=\"1175\">\n<p data-start=\"1144\" data-end=\"1175\">\u0141agodzi dyskomfort i napi\u0119cia<\/p>\n<\/li>\n<li data-start=\"1176\" data-end=\"1242\">\n<p data-start=\"1178\" data-end=\"1242\">Polecany przy sztywno\u015bci staw\u00f3w, przeci\u0105\u017ceniach, b\u00f3lach krzy\u017ca<\/p>\n<\/li>\n<li data-start=\"1243\" data-end=\"1293\">\n<p data-start=\"1245\" data-end=\"1293\">Idealny do masa\u017cu relaksacyjnego i leczniczego<\/p>\n<\/li>\n<\/ul>\n<h3 data-start=\"1295\" data-end=\"1320\">\ud83c\udf31 Sk\u0142adniki aktywne:<\/h3>\n<ul data-start=\"1322\" data-end=\"1730\">\n<li data-start=\"1322\" data-end=\"1396\">\n<p data-start=\"1324\" data-end=\"1396\"><strong data-start=\"1324\" data-end=\"1339\">CBD (50 mg)<\/strong> \u2013 dzia\u0142anie przeciwzapalne, przeciwb\u00f3lowe, relaksuj\u0105ce<\/p>\n<\/li>\n<li data-start=\"1397\" data-end=\"1474\">\n<p data-start=\"1399\" data-end=\"1474\"><strong data-start=\"1399\" data-end=\"1429\">Ekstrakt z papryczek chili<\/strong> \u2013 intensywnie rozgrzewa i pobudza kr\u0105\u017cenie<\/p>\n<\/li>\n<li data-start=\"1475\" data-end=\"1542\">\n<p data-start=\"1477\" data-end=\"1542\"><strong data-start=\"1477\" data-end=\"1493\">Olej konopny<\/strong> \u2013 regeneruje, nawil\u017ca, wspiera mi\u0119\u015bnie i stawy<\/p>\n<\/li>\n<li data-start=\"1543\" data-end=\"1613\">\n<p data-start=\"1545\" data-end=\"1613\"><strong data-start=\"1545\" data-end=\"1567\">Olej s\u0142onecznikowy<\/strong> \u2013 \u0142agodzi podra\u017cnienia, dzia\u0142a piel\u0119gnuj\u0105co<\/p>\n<\/li>\n<li data-start=\"1614\" data-end=\"1680\">\n<p data-start=\"1616\" data-end=\"1680\"><strong data-start=\"1616\" data-end=\"1637\">Ekstrakty zio\u0142owe<\/strong> \u2013 koj\u0105ce dzia\u0142anie ro\u015blinnych substancji<\/p>\n<\/li>\n<li data-start=\"1681\" data-end=\"1730\">\n<p data-start=\"1683\" data-end=\"1730\"><strong data-start=\"1683\" data-end=\"1695\">Kumaryna<\/strong> \u2013 naturalny sk\u0142adnik aromatyczny<\/p>\n<\/li>\n<\/ul>\n<h3 data-start=\"1732\" data-end=\"1752\">\ud83e\uddf4 Jak stosowa\u0107?<\/h3>\n<p data-start=\"1754\" data-end=\"2027\">Na\u0142\u00f3\u017c niewielk\u0105 ilo\u015b\u0107 \u017celu na wybrane miejsce (plecy, barki, nogi, stawy) i delikatnie wmasuj do ca\u0142kowitego wch\u0142oni\u0119cia. Stosuj <strong data-start=\"1883\" data-end=\"1917\">przed lub po wysi\u0142ku fizycznym<\/strong> albo w razie potrzeby, by rozgrza\u0107 cia\u0142o i zredukowa\u0107 napi\u0119cie.<br data-start=\"1981\" data-end=\"1984\" \/>\u26a0\ufe0f <strong data-start=\"1987\" data-end=\"2027\">Nie stosowa\u0107 u dzieci poni\u017cej 3 lat.<\/strong><\/p>\n<h3 data-start=\"2029\" data-end=\"2066\">\ud83c\udf3f CBD \u2013 relaksuj\u0105cy dotyk natury<\/h3>\n<p data-start=\"2068\" data-end=\"2558\"><strong data-start=\"2068\" data-end=\"2089\">CBD (kannabidiol)<\/strong> to ro\u015blinna substancja pozyskiwana z konopi, doceniana w masa\u017cach za swoje <strong data-start=\"2165\" data-end=\"2194\">terapeutyczne w\u0142a\u015bciwo\u015bci<\/strong>. Dzia\u0142a koj\u0105co, przeciwzapalnie i przeciwb\u00f3lowo, przynosz\u0105c ulg\u0119 spi\u0119tym mi\u0119\u015bniom i obola\u0142ym stawom. Dodatkowo piel\u0119gnuje sk\u00f3r\u0119 \u2013 <strong data-start=\"2325\" data-end=\"2375\">nawil\u017ca j\u0105, zmi\u0119kcza i dzia\u0142a antyoksydacyjnie<\/strong>, co sprawia, \u017ce sk\u00f3ra po masa\u017cu jest przyjemnie g\u0142adka i zregenerowana. Odpowiedni dla ka\u017cdego typu sk\u00f3ry, stanowi doskona\u0142e wsparcie dla cia\u0142a i umys\u0142u w duchu naturalnej r\u00f3wnowagi.<\/p>\n","protected":false},"excerpt":{"rendered":"<p>Szukasz ciep\u0142a i ulgi dla zm\u0119czonych mi\u0119\u015bni lub zesztywnia\u0142ych staw\u00f3w? \ud83d\udcaa PALACIO CBD Calidum to intensywnie rozgrzewaj\u0105cy \u017cel do masa\u017cu, stworzony na bazie CBD (50 mg) i ekstraktu z konopi. Dzi\u0119ki starannie dobranym sk\u0142adnikom \u017cel \u0142agodzi b\u00f3le, rozlu\u017ania mi\u0119\u015bnie i wspomaga regeneracj\u0119. Doskona\u0142y dla os\u00f3b aktywnych, idealny zar\u00f3wno przed, jak i po treningu. \ud83d\udd25 Mocne [&hellip;]<\/p>\n","protected":false},"featured_media":1220,"template":"","meta":[],"product_brand":[22],"product_cat":[21],"product_tag":[],"class_list":{"0":"post-1219","1":"product","2":"type-product","3":"status-publish","4":"has-post-thumbnail","6":"product_brand-palacio","7":"product_cat-palacio","9":"first","10":"instock","11":"taxable","12":"shipping-taxable","13":"purchasable","14":"product-type-simple"},"_links":{"self":[{"href":"https:\/\/27-215.pl\/index.php\/wp-json\/wp\/v2\/product\/1219","targetHints":{"allow":["GET"]}}],"collection":[{"href":"https:\/\/27-215.pl\/index.php\/wp-json\/wp\/v2\/product"}],"about":[{"href":"https:\/\/27-215.pl\/index.php\/wp-json\/wp\/v2\/types\/product"}],"wp:featuredmedia":[{"embeddable":true,"href":"https:\/\/27-215.pl\/index.php\/wp-json\/wp\/v2\/media\/1220"}],"wp:attachment":[{"href":"https:\/\/27-215.pl\/index.php\/wp-json\/wp\/v2\/media?parent=1219"}],"wp:term":[{"taxonomy":"product_brand","embeddable":true,"href":"https:\/\/27-215.pl\/index.php\/wp-json\/wp\/v2\/product_brand?post=1219"},{"taxonomy":"product_cat","embeddable":true,"href":"https:\/\/27-215.pl\/index.php\/wp-json\/wp\/v2\/product_cat?post=1219"},{"taxonomy":"product_tag","embeddable":true,"href":"https:\/\/27-215.pl\/index.php\/wp-json\/wp\/v2\/product_tag?post=1219"}],"curies":[{"name":"wp","href":"https:\/\/api.w.org\/{rel}","templated":true}]}}