{"id":1223,"date":"2025-08-08T11:41:50","date_gmt":"2025-08-08T09:41:50","guid":{"rendered":"https:\/\/www.27-215.pl\/?post_type=product&#038;p=1223"},"modified":"2026-04-04T08:52:49","modified_gmt":"2026-04-04T06:52:49","slug":"palacio-cannahot-rozgrzewajacy-zel-do-masazu-z-olejem-konopnym-200-ml","status":"publish","type":"product","link":"https:\/\/27-215.pl\/index.php\/produkt\/palacio-cannahot-rozgrzewajacy-zel-do-masazu-z-olejem-konopnym-200-ml\/","title":{"rendered":"PALACIO CANNAHOT \u2013 Rozgrzewaj\u0105cy \u017cel do masa\u017cu z olejem konopnym 200 ml"},"content":{"rendered":"<p data-start=\"295\" data-end=\"670\"><strong data-start=\"295\" data-end=\"323\">Rozgrzej si\u0119 i zrelaksuj<\/strong> po ci\u0119\u017ckim dniu lub intensywnym treningu! \ud83d\udcaa <strong data-start=\"369\" data-end=\"389\">PALACIO CANNAHOT<\/strong> to wyj\u0105tkowy \u017cel do masa\u017cu z naturalnym olejem konopnym i mieszank\u0105 a\u017c <strong data-start=\"461\" data-end=\"472\">19 zi\u00f3\u0142<\/strong>, kt\u00f3ry przynosi g\u0142\u0119bok\u0105 ulg\u0119 mi\u0119\u015bniom i stawom. Zapewnia <strong data-start=\"530\" data-end=\"547\">koj\u0105ce ciep\u0142o<\/strong>, wspomaga kr\u0105\u017cenie i redukuje sztywno\u015b\u0107 \u2013 idealny w ch\u0142odne dni, po wysi\u0142ku fizycznym lub przy napi\u0119ciu wywo\u0142anym stresem.<\/p>\n<p data-start=\"672\" data-end=\"1090\">\ud83d\udd25 <strong data-start=\"675\" data-end=\"734\">Efekt rozgrzewaj\u0105cy \u2013 idealny po wysi\u0142ku i na zimne dni<\/strong><br data-start=\"734\" data-end=\"737\" \/>\ud83c\udf3f <strong data-start=\"740\" data-end=\"784\">94,2% sk\u0142adnik\u00f3w pochodzenia naturalnego<\/strong><br data-start=\"784\" data-end=\"787\" \/>\ud83d\udc86 <strong data-start=\"790\" data-end=\"831\">Relaksuje uk\u0142ad mi\u0119\u015bniowo-szkieletowy<\/strong><br data-start=\"831\" data-end=\"834\" \/>\ud83e\uddf4 <strong data-start=\"837\" data-end=\"891\">Szybko si\u0119 wch\u0142ania, nie pozostawia t\u0142ustego filmu<\/strong><br data-start=\"891\" data-end=\"894\" \/>\ud83e\udeb6 <strong data-start=\"897\" data-end=\"940\">\u0141agodzi sztywno\u015b\u0107 i wspiera regeneracj\u0119<\/strong><br data-start=\"940\" data-end=\"943\" \/>\ud83c\udf32 <strong data-start=\"946\" data-end=\"1001\">Zawiera olejek sosnowy \u2013 orze\u017awiaj\u0105cy, le\u015bny zapach<\/strong><br data-start=\"1001\" data-end=\"1004\" \/>\ud83d\udd2c <strong data-start=\"1007\" data-end=\"1037\">Testowany dermatologicznie<\/strong><br data-start=\"1037\" data-end=\"1040\" \/>\u26a0\ufe0f <strong data-start=\"1043\" data-end=\"1090\">Nie stosowa\u0107 u dzieci poni\u017cej 3. roku \u017cycia<\/strong><\/p>\n<h3 data-start=\"1092\" data-end=\"1119\">\u2705 Kiedy warto stosowa\u0107?<\/h3>\n<ul data-start=\"1121\" data-end=\"1357\">\n<li data-start=\"1121\" data-end=\"1148\">\n<p data-start=\"1123\" data-end=\"1148\">Po aktywno\u015bci fizycznej<\/p>\n<\/li>\n<li data-start=\"1149\" data-end=\"1193\">\n<p data-start=\"1151\" data-end=\"1193\">Przy napi\u0119ciu mi\u0119\u015bniowym i b\u00f3lach plec\u00f3w<\/p>\n<\/li>\n<li data-start=\"1194\" data-end=\"1240\">\n<p data-start=\"1196\" data-end=\"1240\">Na zimne stawy i zesztywnia\u0142e partie cia\u0142a<\/p>\n<\/li>\n<li data-start=\"1241\" data-end=\"1288\">\n<p data-start=\"1243\" data-end=\"1288\">Do relaksuj\u0105cego masa\u017cu po stresuj\u0105cym dniu<\/p>\n<\/li>\n<li data-start=\"1289\" data-end=\"1357\">\n<p data-start=\"1291\" data-end=\"1357\">W okresie jesienno-zimowym jako naturalne &#8222;rozgrzewaj\u0105ce wsparcie&#8221;<\/p>\n<\/li>\n<\/ul>\n<h3 data-start=\"1359\" data-end=\"1384\">\ud83c\udf31 Sk\u0142adniki aktywne:<\/h3>\n<ul data-start=\"1386\" data-end=\"1768\">\n<li data-start=\"1386\" data-end=\"1449\">\n<p data-start=\"1388\" data-end=\"1449\"><strong data-start=\"1388\" data-end=\"1404\">Olej konopny<\/strong> \u2013 g\u0142\u0119boko relaksuje i wspomaga regeneracj\u0119<\/p>\n<\/li>\n<li data-start=\"1450\" data-end=\"1517\">\n<p data-start=\"1452\" data-end=\"1517\"><strong data-start=\"1452\" data-end=\"1472\">Ekstrakt z chili<\/strong> \u2013 intensywnie rozgrzewa i pobudza kr\u0105\u017cenie<\/p>\n<\/li>\n<li data-start=\"1518\" data-end=\"1570\">\n<p data-start=\"1520\" data-end=\"1570\"><strong data-start=\"1520\" data-end=\"1542\">Olej s\u0142onecznikowy<\/strong> \u2013 \u0142agodzi i nawil\u017ca sk\u00f3r\u0119<\/p>\n<\/li>\n<li data-start=\"1571\" data-end=\"1625\">\n<p data-start=\"1573\" data-end=\"1625\"><strong data-start=\"1573\" data-end=\"1584\">Kamfora<\/strong> \u2013 dzia\u0142a rozgrzewaj\u0105co i przeciwb\u00f3lowo<\/p>\n<\/li>\n<li data-start=\"1626\" data-end=\"1697\">\n<p data-start=\"1628\" data-end=\"1697\"><strong data-start=\"1628\" data-end=\"1650\">Ekstrakt z 19 zi\u00f3\u0142<\/strong> \u2013 kompleksowe dzia\u0142anie koj\u0105ce i wspieraj\u0105ce<\/p>\n<\/li>\n<li data-start=\"1698\" data-end=\"1768\">\n<p data-start=\"1700\" data-end=\"1768\"><strong data-start=\"1700\" data-end=\"1718\">Olejek sosnowy<\/strong> \u2013 od\u015bwie\u017ca i wspomaga dro\u017cno\u015b\u0107 dr\u00f3g oddechowych<\/p>\n<\/li>\n<\/ul>\n<h3 data-start=\"1770\" data-end=\"1790\">\ud83e\uddf4 Jak stosowa\u0107?<\/h3>\n<p data-start=\"1792\" data-end=\"2077\">Wmasuj odpowiedni\u0105 ilo\u015b\u0107 \u017celu w wybrane partie cia\u0142a \u2013 najlepiej na zm\u0119czone mi\u0119\u015bnie lub stawy. Aby uzyska\u0107 najlepszy efekt, <strong data-start=\"1917\" data-end=\"1953\">po\u015bwi\u0119\u0107 chwil\u0119 na dok\u0142adny masa\u017c<\/strong>. Mo\u017cesz powtarza\u0107 aplikacj\u0119 <strong data-start=\"1982\" data-end=\"2005\">kilka razy dziennie<\/strong>, w zale\u017cno\u015bci od potrzeb.<br data-start=\"2031\" data-end=\"2034\" \/>\u26a0\ufe0f <strong data-start=\"2037\" data-end=\"2077\">Nie stosowa\u0107 u dzieci poni\u017cej 3 lat.<\/strong><\/p>\n<h3 data-start=\"2079\" data-end=\"2117\">\ud83c\udf3f Konopie \u2013 naturalna moc relaksu<\/h3>\n<p data-start=\"2119\" data-end=\"2406\"><strong data-start=\"2119\" data-end=\"2135\">Olej konopny<\/strong> to doskona\u0142y wyb\u00f3r, je\u015bli szukasz naturalnego sposobu na <strong data-start=\"2193\" data-end=\"2218\">g\u0142\u0119bokie rozlu\u017anienie<\/strong> mi\u0119\u015bni i staw\u00f3w. Dzia\u0142a koj\u0105co, regeneruj\u0105co i wspiera <strong data-start=\"2274\" data-end=\"2294\">ruchomo\u015b\u0107 staw\u00f3w<\/strong>, pomagaj\u0105c cia\u0142u wr\u00f3ci\u0107 do r\u00f3wnowagi po wysi\u0142ku lub stresie. To naturalna pomoc dla aktywnych i zestresowanych.<\/p>\n","protected":false},"excerpt":{"rendered":"<p>Rozgrzej si\u0119 i zrelaksuj po ci\u0119\u017ckim dniu lub intensywnym treningu! \ud83d\udcaa PALACIO CANNAHOT to wyj\u0105tkowy \u017cel do masa\u017cu z naturalnym olejem konopnym i mieszank\u0105 a\u017c 19 zi\u00f3\u0142, kt\u00f3ry przynosi g\u0142\u0119bok\u0105 ulg\u0119 mi\u0119\u015bniom i stawom. Zapewnia koj\u0105ce ciep\u0142o, wspomaga kr\u0105\u017cenie i redukuje sztywno\u015b\u0107 \u2013 idealny w ch\u0142odne dni, po wysi\u0142ku fizycznym lub przy napi\u0119ciu wywo\u0142anym stresem. [&hellip;]<\/p>\n","protected":false},"featured_media":1224,"template":"","meta":[],"product_brand":[22],"product_cat":[21],"product_tag":[],"class_list":{"0":"post-1223","1":"product","2":"type-product","3":"status-publish","4":"has-post-thumbnail","6":"product_brand-palacio","7":"product_cat-palacio","9":"first","10":"instock","11":"taxable","12":"shipping-taxable","13":"purchasable","14":"product-type-simple"},"_links":{"self":[{"href":"https:\/\/27-215.pl\/index.php\/wp-json\/wp\/v2\/product\/1223","targetHints":{"allow":["GET"]}}],"collection":[{"href":"https:\/\/27-215.pl\/index.php\/wp-json\/wp\/v2\/product"}],"about":[{"href":"https:\/\/27-215.pl\/index.php\/wp-json\/wp\/v2\/types\/product"}],"wp:featuredmedia":[{"embeddable":true,"href":"https:\/\/27-215.pl\/index.php\/wp-json\/wp\/v2\/media\/1224"}],"wp:attachment":[{"href":"https:\/\/27-215.pl\/index.php\/wp-json\/wp\/v2\/media?parent=1223"}],"wp:term":[{"taxonomy":"product_brand","embeddable":true,"href":"https:\/\/27-215.pl\/index.php\/wp-json\/wp\/v2\/product_brand?post=1223"},{"taxonomy":"product_cat","embeddable":true,"href":"https:\/\/27-215.pl\/index.php\/wp-json\/wp\/v2\/product_cat?post=1223"},{"taxonomy":"product_tag","embeddable":true,"href":"https:\/\/27-215.pl\/index.php\/wp-json\/wp\/v2\/product_tag?post=1223"}],"curies":[{"name":"wp","href":"https:\/\/api.w.org\/{rel}","templated":true}]}}