{"id":1229,"date":"2025-08-08T11:59:35","date_gmt":"2025-08-08T09:59:35","guid":{"rendered":"https:\/\/www.27-215.pl\/?post_type=product&#038;p=1229"},"modified":"2026-04-04T08:52:46","modified_gmt":"2026-04-04T06:52:46","slug":"palacio-apis-venenum-zel-do-masazu-z-jadem-pszczelim-200-ml","status":"publish","type":"product","link":"https:\/\/27-215.pl\/index.php\/produkt\/palacio-apis-venenum-zel-do-masazu-z-jadem-pszczelim-200-ml\/","title":{"rendered":"PALACIO Apis Venenum \u2013 \u017bel do masa\u017cu z jadem pszczelim 200 ml"},"content":{"rendered":"<p data-start=\"268\" data-end=\"590\">O\u017cyw swoj\u0105 sk\u00f3r\u0119 i zregeneruj zm\u0119czone mi\u0119\u015bnie dzi\u0119ki wyj\u0105tkowemu \u017celowi do masa\u017cu z <strong data-start=\"353\" data-end=\"385\">ekstraktem z jadu pszczelego<\/strong>! \ud83d\udc86\u200d\u2642\ufe0f <strong data-start=\"393\" data-end=\"417\">PALACIO Apis Venenum<\/strong> dzia\u0142a pobudzaj\u0105co, poprawia kr\u0105\u017cenie i elastyczno\u015b\u0107 sk\u00f3ry oraz przywraca jej \u015bwie\u017co\u015b\u0107. To doskona\u0142y wyb\u00f3r <strong data-start=\"525\" data-end=\"549\">po wysi\u0142ku fizycznym<\/strong> lub jako element codziennej piel\u0119gnacji.<\/p>\n<p data-start=\"592\" data-end=\"910\">\ud83e\uddf4 <strong data-start=\"595\" data-end=\"634\">Lekka formu\u0142a \u2013 szybko si\u0119 wch\u0142ania<\/strong><br data-start=\"634\" data-end=\"637\" \/>\ud83d\udd25 <strong data-start=\"640\" data-end=\"677\">Pobudza kr\u0105\u017cenie i uj\u0119drnia sk\u00f3r\u0119<\/strong><br data-start=\"677\" data-end=\"680\" \/>\ud83d\udcaa <strong data-start=\"683\" data-end=\"728\">Rozlu\u017ania mi\u0119\u015bnie i regeneruje po wysi\u0142ku<\/strong><br data-start=\"728\" data-end=\"731\" \/>\ud83c\udf3f <strong data-start=\"734\" data-end=\"775\">Zawiera propolis, kapsaicyn\u0119 i 7 zi\u00f3\u0142<\/strong><br data-start=\"775\" data-end=\"778\" \/>\ud83d\udca8 <strong data-start=\"781\" data-end=\"821\">Nadaje sk\u00f3rze spr\u0119\u017cysto\u015b\u0107 i \u015bwie\u017co\u015b\u0107<\/strong><br data-start=\"821\" data-end=\"824\" \/>\ud83d\udd2c <strong data-start=\"827\" data-end=\"857\">Testowany dermatologicznie<\/strong><br data-start=\"857\" data-end=\"860\" \/>\u26a0\ufe0f <strong data-start=\"863\" data-end=\"910\">Nie stosowa\u0107 u dzieci poni\u017cej 3. roku \u017cycia<\/strong><\/p>\n<h3 data-start=\"912\" data-end=\"943\">\u2705 Dzia\u0142anie i zastosowanie:<\/h3>\n<ul data-start=\"945\" data-end=\"1178\">\n<li data-start=\"945\" data-end=\"991\">\n<p data-start=\"947\" data-end=\"991\">Rozlu\u017anienie zm\u0119czonych i napi\u0119tych mi\u0119\u015bni<\/p>\n<\/li>\n<li data-start=\"992\" data-end=\"1037\">\n<p data-start=\"994\" data-end=\"1037\">Uj\u0119drnienie i poprawa elastyczno\u015bci sk\u00f3ry<\/p>\n<\/li>\n<li data-start=\"1038\" data-end=\"1074\">\n<p data-start=\"1040\" data-end=\"1074\">Regeneracja po wysi\u0142ku fizycznym<\/p>\n<\/li>\n<li data-start=\"1075\" data-end=\"1122\">\n<p data-start=\"1077\" data-end=\"1122\">Naturalne wsparcie w piel\u0119gnacji anty-aging<\/p>\n<\/li>\n<li data-start=\"1123\" data-end=\"1178\">\n<p data-start=\"1125\" data-end=\"1178\">Idealny do masa\u017cy relaksacyjnych w domu i gabinecie<\/p>\n<\/li>\n<\/ul>\n<h3 data-start=\"1180\" data-end=\"1205\">\ud83c\udf31 Sk\u0142adniki aktywne:<\/h3>\n<ul data-start=\"1207\" data-end=\"1628\">\n<li data-start=\"1207\" data-end=\"1296\">\n<p data-start=\"1209\" data-end=\"1296\"><strong data-start=\"1209\" data-end=\"1239\">Ekstrakt z jadu pszczelego<\/strong> \u2013 pobudza kr\u0105\u017cenie, dzia\u0142a uj\u0119drniaj\u0105co i odm\u0142adzaj\u0105co<\/p>\n<\/li>\n<li data-start=\"1297\" data-end=\"1359\">\n<p data-start=\"1299\" data-end=\"1359\"><strong data-start=\"1299\" data-end=\"1312\">Gliceryna<\/strong> \u2013 nawil\u017ca i chroni sk\u00f3r\u0119 przed przesuszeniem<\/p>\n<\/li>\n<li data-start=\"1360\" data-end=\"1431\">\n<p data-start=\"1362\" data-end=\"1431\"><strong data-start=\"1362\" data-end=\"1382\">Salicylan metylu<\/strong> \u2013 wspiera regeneracj\u0119 i dzia\u0142a przeciwzapalnie<\/p>\n<\/li>\n<li data-start=\"1432\" data-end=\"1510\">\n<p data-start=\"1434\" data-end=\"1510\"><strong data-start=\"1434\" data-end=\"1446\">Propolis<\/strong> \u2013 naturalny sk\u0142adnik o dzia\u0142aniu \u0142agodz\u0105cym i antybakteryjnym<\/p>\n<\/li>\n<li data-start=\"1511\" data-end=\"1559\">\n<p data-start=\"1513\" data-end=\"1559\"><strong data-start=\"1513\" data-end=\"1527\">Kapsaicyna<\/strong> \u2013 pobudza i rozgrzewa mi\u0119\u015bnie<\/p>\n<\/li>\n<li data-start=\"1560\" data-end=\"1628\">\n<p data-start=\"1562\" data-end=\"1628\"><strong data-start=\"1562\" data-end=\"1583\">Ekstrakt z 7 zi\u00f3\u0142<\/strong> \u2013 wzmacnia efekt regeneracji i piel\u0119gnacji<\/p>\n<\/li>\n<\/ul>\n<h3 data-start=\"1630\" data-end=\"1650\">\ud83e\uddf4 Jak stosowa\u0107?<\/h3>\n<p data-start=\"1652\" data-end=\"1970\">Na\u0142\u00f3\u017c niewielk\u0105 ilo\u015b\u0107 \u017celu na wybran\u0105 parti\u0119 cia\u0142a i delikatnie wmasuj do ca\u0142kowitego wch\u0142oni\u0119cia. Stosuj <strong data-start=\"1758\" data-end=\"1776\">wed\u0142ug potrzeb<\/strong>, najlepiej po aktywno\u015bci fizycznej lub jako element codziennego rytua\u0142u relaksu.<br data-start=\"1857\" data-end=\"1860\" \/>\u26a0\ufe0f <strong data-start=\"1863\" data-end=\"1970\">Tylko do u\u017cytku zewn\u0119trznego. Nie stosowa\u0107 w przypadku uczulenia na jad pszczeli lub produkty pszczele.<\/strong><\/p>\n<h3 data-start=\"1972\" data-end=\"2029\">\ud83d\udc1d Jad pszczeli \u2013 naturalne wsparcie dla Twojej sk\u00f3ry<\/h3>\n<p data-start=\"2031\" data-end=\"2344\"><strong data-start=\"2031\" data-end=\"2047\">Jad pszczeli<\/strong> to wyj\u0105tkowy sk\u0142adnik o silnym dzia\u0142aniu pobudzaj\u0105cym i odm\u0142adzaj\u0105cym. Stymuluje <strong data-start=\"2129\" data-end=\"2151\">produkcj\u0119 kolagenu<\/strong>, poprawia napi\u0119cie sk\u00f3ry i zmniejsza widoczno\u015b\u0107 drobnych zmarszczek. Wspiera elastyczno\u015b\u0107, dzia\u0142a przeciwzapalnie i przywraca zdrowy, m\u0142odzie\u0144czy wygl\u0105d. Odpowiedni dla wszystkich typ\u00f3w sk\u00f3ry.<\/p>\n","protected":false},"excerpt":{"rendered":"<p>O\u017cyw swoj\u0105 sk\u00f3r\u0119 i zregeneruj zm\u0119czone mi\u0119\u015bnie dzi\u0119ki wyj\u0105tkowemu \u017celowi do masa\u017cu z ekstraktem z jadu pszczelego! \ud83d\udc86\u200d\u2642\ufe0f PALACIO Apis Venenum dzia\u0142a pobudzaj\u0105co, poprawia kr\u0105\u017cenie i elastyczno\u015b\u0107 sk\u00f3ry oraz przywraca jej \u015bwie\u017co\u015b\u0107. To doskona\u0142y wyb\u00f3r po wysi\u0142ku fizycznym lub jako element codziennej piel\u0119gnacji. \ud83e\uddf4 Lekka formu\u0142a \u2013 szybko si\u0119 wch\u0142ania\ud83d\udd25 Pobudza kr\u0105\u017cenie i uj\u0119drnia sk\u00f3r\u0119\ud83d\udcaa [&hellip;]<\/p>\n","protected":false},"featured_media":1230,"template":"","meta":[],"product_brand":[26],"product_cat":[21],"product_tag":[],"class_list":{"0":"post-1229","1":"product","2":"type-product","3":"status-publish","4":"has-post-thumbnail","6":"product_brand-putorius","7":"product_cat-palacio","9":"first","10":"instock","11":"taxable","12":"shipping-taxable","13":"purchasable","14":"product-type-simple"},"_links":{"self":[{"href":"https:\/\/27-215.pl\/index.php\/wp-json\/wp\/v2\/product\/1229","targetHints":{"allow":["GET"]}}],"collection":[{"href":"https:\/\/27-215.pl\/index.php\/wp-json\/wp\/v2\/product"}],"about":[{"href":"https:\/\/27-215.pl\/index.php\/wp-json\/wp\/v2\/types\/product"}],"wp:featuredmedia":[{"embeddable":true,"href":"https:\/\/27-215.pl\/index.php\/wp-json\/wp\/v2\/media\/1230"}],"wp:attachment":[{"href":"https:\/\/27-215.pl\/index.php\/wp-json\/wp\/v2\/media?parent=1229"}],"wp:term":[{"taxonomy":"product_brand","embeddable":true,"href":"https:\/\/27-215.pl\/index.php\/wp-json\/wp\/v2\/product_brand?post=1229"},{"taxonomy":"product_cat","embeddable":true,"href":"https:\/\/27-215.pl\/index.php\/wp-json\/wp\/v2\/product_cat?post=1229"},{"taxonomy":"product_tag","embeddable":true,"href":"https:\/\/27-215.pl\/index.php\/wp-json\/wp\/v2\/product_tag?post=1229"}],"curies":[{"name":"wp","href":"https:\/\/api.w.org\/{rel}","templated":true}]}}