{"id":1557,"date":"2025-08-10T12:37:55","date_gmt":"2025-08-10T10:37:55","guid":{"rendered":"https:\/\/www.27-215.pl\/?post_type=product&#038;p=1557"},"modified":"2026-04-04T08:52:52","modified_gmt":"2026-04-04T06:52:52","slug":"palacio-cannabis-mydlo-konopne-100-g","status":"publish","type":"product","link":"https:\/\/27-215.pl\/index.php\/produkt\/palacio-cannabis-mydlo-konopne-100-g\/","title":{"rendered":"PALACIO Cannabis \u2013 Myd\u0142o konopne 100 g"},"content":{"rendered":"<p data-start=\"228\" data-end=\"527\">Oczyszczaj i piel\u0119gnuj swoj\u0105 sk\u00f3r\u0119 w naturalny spos\u00f3b! \ud83c\udf3f <strong data-start=\"286\" data-end=\"311\">PALACIO Cannabis Soap<\/strong> to delikatna kostka myj\u0105ca, wzbogacona o <strong data-start=\"353\" data-end=\"407\">wysokiej jako\u015bci olej konopny (Cannabis Sativa L.)<\/strong>, kt\u00f3ra <strong data-start=\"415\" data-end=\"466\">nawil\u017ca, od\u017cywia i zapobiega przesuszeniu sk\u00f3ry<\/strong>. Idealne do codziennego stosowania \u2013 dla ka\u017cdego typu sk\u00f3ry.<\/p>\n<p data-start=\"529\" data-end=\"796\">\ud83e\uddf4 <strong data-start=\"532\" data-end=\"575\">Delikatnie oczyszcza i piel\u0119gnuje sk\u00f3r\u0119<\/strong><br data-start=\"575\" data-end=\"578\" \/>\ud83d\udca7 <strong data-start=\"581\" data-end=\"617\">Nawil\u017ca i zapobiega przesuszeniu<\/strong><br data-start=\"617\" data-end=\"620\" \/>\ud83c\udf3f <strong data-start=\"623\" data-end=\"661\">Olej konopny zmi\u0119kcza i regeneruje<\/strong><br data-start=\"661\" data-end=\"664\" \/>\ud83e\udeb6 <strong data-start=\"667\" data-end=\"713\">Pozostawia sk\u00f3r\u0119 mi\u0119kk\u0105, g\u0142adk\u0105 i pachn\u0105c\u0105<\/strong><br data-start=\"713\" data-end=\"716\" \/>\u2714\ufe0f <strong data-start=\"719\" data-end=\"760\">Odpowiednie dla ka\u017cdego rodzaju sk\u00f3ry<\/strong><br data-start=\"760\" data-end=\"763\" \/>\ud83d\udd2c <strong data-start=\"766\" data-end=\"796\">Testowane dermatologicznie<\/strong><\/p>\n<h3 data-start=\"798\" data-end=\"819\">\u2705 Dlaczego warto?<\/h3>\n<ul data-start=\"821\" data-end=\"1054\">\n<li data-start=\"821\" data-end=\"869\">\n<p data-start=\"823\" data-end=\"869\">Myd\u0142o nie tylko myje, ale te\u017c <strong data-start=\"853\" data-end=\"867\">piel\u0119gnuje<\/strong><\/p>\n<\/li>\n<li data-start=\"870\" data-end=\"938\">\n<p data-start=\"872\" data-end=\"938\">Zapewnia <strong data-start=\"881\" data-end=\"936\">uczucie czysto\u015bci i \u015bwie\u017co\u015bci bez \u015bci\u0105gni\u0119cia sk\u00f3ry<\/strong><\/p>\n<\/li>\n<li data-start=\"939\" data-end=\"999\">\n<p data-start=\"941\" data-end=\"999\">Mo\u017ce by\u0107 u\u017cywane <strong data-start=\"958\" data-end=\"997\">codziennie \u2013 do r\u0105k, twarzy i cia\u0142a<\/strong><\/p>\n<\/li>\n<li data-start=\"1000\" data-end=\"1054\">\n<p data-start=\"1002\" data-end=\"1054\">Nadaje si\u0119 tak\u017ce do sk\u00f3ry wra\u017cliwej i przesuszonej<\/p>\n<\/li>\n<\/ul>\n<h3 data-start=\"1056\" data-end=\"1081\">\ud83c\udf31 Sk\u0142adniki aktywne:<\/h3>\n<ul data-start=\"1083\" data-end=\"1406\">\n<li data-start=\"1083\" data-end=\"1205\">\n<p data-start=\"1085\" data-end=\"1205\"><strong data-start=\"1085\" data-end=\"1122\">Olej konopny (Cannabis Sativa L.)<\/strong> \u2013 bogaty w kwasy omega-3 i omega-6; dzia\u0142a nawil\u017caj\u0105co, \u0142agodz\u0105co i regeneruj\u0105co<\/p>\n<\/li>\n<li data-start=\"1206\" data-end=\"1298\">\n<p data-start=\"1208\" data-end=\"1298\"><strong data-start=\"1208\" data-end=\"1237\">\u0141agodne substancje myj\u0105ce<\/strong> \u2013 skutecznie oczyszczaj\u0105, nie naruszaj\u0105c bariery lipidowej<\/p>\n<\/li>\n<li data-start=\"1299\" data-end=\"1363\">\n<p data-start=\"1301\" data-end=\"1363\"><strong data-start=\"1301\" data-end=\"1314\">Gliceryna<\/strong> \u2013 wspomaga nawil\u017cenie i zapobiega utracie wody<\/p>\n<\/li>\n<li data-start=\"1364\" data-end=\"1406\">\n<p data-start=\"1366\" data-end=\"1406\"><strong data-start=\"1366\" data-end=\"1377\">Perfumy<\/strong> \u2013 delikatny, \u015bwie\u017cy zapach<\/p>\n<\/li>\n<\/ul>\n<h3 data-start=\"1408\" data-end=\"1428\">\ud83e\uddf4 Jak stosowa\u0107?<\/h3>\n<p data-start=\"1430\" data-end=\"1641\">Zwil\u017c kostk\u0119 myd\u0142a i rozprowad\u017a pian\u0119 pocieraj\u0105c j\u0105 w d\u0142oniach. Na\u0142\u00f3\u017c pian\u0119 na sk\u00f3r\u0119 i <strong data-start=\"1517\" data-end=\"1544\">masuj kolistymi ruchami<\/strong>, nast\u0119pnie dok\u0142adnie sp\u0142ucz wod\u0105.<br data-start=\"1578\" data-end=\"1581\" \/>\ud83d\udca1 Odpowiednie do codziennego stosowania \u2013 rano i wieczorem.<\/p>\n<h3 data-start=\"1643\" data-end=\"1704\">\ud83c\udf3f Konopie \u2013 naturalna piel\u0119gnacja dla ka\u017cdego typu sk\u00f3ry<\/h3>\n<p data-start=\"1706\" data-end=\"2208\"><strong data-start=\"1706\" data-end=\"1722\">Olej konopny<\/strong> to coraz popularniejszy sk\u0142adnik kosmetyczny dzi\u0119ki swoim wyj\u0105tkowym w\u0142a\u015bciwo\u015bciom. Bogaty w kwasy t\u0142uszczowe omega-3 i omega-6, zapewnia <strong data-start=\"1861\" data-end=\"1912\">intensywne nawil\u017cenie i ochron\u0119 bariery sk\u00f3rnej<\/strong>. Dzia\u0142a <strong data-start=\"1921\" data-end=\"1962\">przeciwzapalnie, \u0142agodzi podra\u017cnienia<\/strong>, zmniejsza zaczerwienienia i wspomaga regeneracj\u0119. Dodatkowo zawiera przeciwutleniacze, kt\u00f3re chroni\u0105 sk\u00f3r\u0119 przed szkodliwymi czynnikami zewn\u0119trznymi. Konopie s\u0105 odpowiednie <strong data-start=\"2137\" data-end=\"2163\">dla ka\u017cdego typu sk\u00f3ry<\/strong> \u2013 tak\u017ce suchej, wra\u017cliwej i problematycznej.<\/p>\n","protected":false},"excerpt":{"rendered":"<p>Oczyszczaj i piel\u0119gnuj swoj\u0105 sk\u00f3r\u0119 w naturalny spos\u00f3b! \ud83c\udf3f PALACIO Cannabis Soap to delikatna kostka myj\u0105ca, wzbogacona o wysokiej jako\u015bci olej konopny (Cannabis Sativa L.), kt\u00f3ra nawil\u017ca, od\u017cywia i zapobiega przesuszeniu sk\u00f3ry. Idealne do codziennego stosowania \u2013 dla ka\u017cdego typu sk\u00f3ry. \ud83e\uddf4 Delikatnie oczyszcza i piel\u0119gnuje sk\u00f3r\u0119\ud83d\udca7 Nawil\u017ca i zapobiega przesuszeniu\ud83c\udf3f Olej konopny zmi\u0119kcza i [&hellip;]<\/p>\n","protected":false},"featured_media":1558,"template":"","meta":[],"product_brand":[22],"product_cat":[21],"product_tag":[],"class_list":{"0":"post-1557","1":"product","2":"type-product","3":"status-publish","4":"has-post-thumbnail","6":"product_brand-palacio","7":"product_cat-palacio","9":"first","10":"instock","11":"taxable","12":"shipping-taxable","13":"purchasable","14":"product-type-simple"},"_links":{"self":[{"href":"https:\/\/27-215.pl\/index.php\/wp-json\/wp\/v2\/product\/1557","targetHints":{"allow":["GET"]}}],"collection":[{"href":"https:\/\/27-215.pl\/index.php\/wp-json\/wp\/v2\/product"}],"about":[{"href":"https:\/\/27-215.pl\/index.php\/wp-json\/wp\/v2\/types\/product"}],"wp:featuredmedia":[{"embeddable":true,"href":"https:\/\/27-215.pl\/index.php\/wp-json\/wp\/v2\/media\/1558"}],"wp:attachment":[{"href":"https:\/\/27-215.pl\/index.php\/wp-json\/wp\/v2\/media?parent=1557"}],"wp:term":[{"taxonomy":"product_brand","embeddable":true,"href":"https:\/\/27-215.pl\/index.php\/wp-json\/wp\/v2\/product_brand?post=1557"},{"taxonomy":"product_cat","embeddable":true,"href":"https:\/\/27-215.pl\/index.php\/wp-json\/wp\/v2\/product_cat?post=1557"},{"taxonomy":"product_tag","embeddable":true,"href":"https:\/\/27-215.pl\/index.php\/wp-json\/wp\/v2\/product_tag?post=1557"}],"curies":[{"name":"wp","href":"https:\/\/api.w.org\/{rel}","templated":true}]}}