{"id":1579,"date":"2025-09-12T13:43:37","date_gmt":"2025-09-12T11:43:37","guid":{"rendered":"https:\/\/www.27-215.pl\/?post_type=product&#038;p=1579"},"modified":"2026-04-04T08:52:57","modified_gmt":"2026-04-04T06:52:57","slug":"palacio-cannabis-nawilzajacy-krem-do-twarzy-z-olejem-cbd-50-ml","status":"publish","type":"product","link":"https:\/\/27-215.pl\/index.php\/produkt\/palacio-cannabis-nawilzajacy-krem-do-twarzy-z-olejem-cbd-50-ml\/","title":{"rendered":"PALACIO Cannabis \u2013 Nawil\u017caj\u0105cy krem do twarzy z olejem CBD 50 ml"},"content":{"rendered":"<p data-start=\"249\" data-end=\"627\">Lekka formu\u0142a, intensywne dzia\u0142anie! \ud83d\udca7 <strong data-start=\"289\" data-end=\"339\">PALACIO Cannabis Hydrating Cellular Face Cream<\/strong> to nowoczesny krem do twarzy, kt\u00f3ry \u0142\u0105czy <strong data-start=\"382\" data-end=\"420\">wod\u0119 kom\u00f3rkow\u0105, olej konopny i CBD<\/strong>, aby zapewni\u0107 sk\u00f3rze <strong data-start=\"442\" data-end=\"499\">maksymalne nawil\u017cenie, ukojenie i naturaln\u0105 r\u00f3wnowag\u0119<\/strong> \u2013 bez uczucia ci\u0119\u017cko\u015bci i t\u0142ustego filmu. Doskonale si\u0119 wch\u0142ania, od\u015bwie\u017ca cer\u0119 i pozostawia j\u0105 <strong data-start=\"596\" data-end=\"626\">g\u0142adk\u0105, mi\u0119kk\u0105 i od\u017cywion\u0105<\/strong>.<\/p>\n<p data-start=\"629\" data-end=\"917\">\ud83d\udc86\u200d\u2640\ufe0f <strong data-start=\"635\" data-end=\"661\">Regeneruje i koi sk\u00f3r\u0119<\/strong><br data-start=\"661\" data-end=\"664\" \/>\ud83d\udca7 <strong data-start=\"667\" data-end=\"696\">Silnie nawil\u017ca i zmi\u0119kcza<\/strong><br data-start=\"696\" data-end=\"699\" \/>\ud83d\udee1\ufe0f <strong data-start=\"703\" data-end=\"749\">Chroni przed negatywnym wp\u0142ywem \u015brodowiska<\/strong><br data-start=\"749\" data-end=\"752\" \/>\ud83c\udf31 <strong data-start=\"755\" data-end=\"797\">98% sk\u0142adnik\u00f3w pochodzenia naturalnego<\/strong><br data-start=\"797\" data-end=\"800\" \/>\ud83e\uddf4 <strong data-start=\"803\" data-end=\"855\">Lekka, mi\u0119kka konsystencja \u2013 bez t\u0142ustej warstwy<\/strong><br data-start=\"855\" data-end=\"858\" \/>\ud83c\udf38 <strong data-start=\"861\" data-end=\"881\">Delikatny zapach<\/strong><br data-start=\"881\" data-end=\"884\" \/>\ud83d\udd2c <strong data-start=\"887\" data-end=\"917\">Testowany dermatologicznie<\/strong><\/p>\n<h3 data-start=\"919\" data-end=\"940\">\u2705 Dlaczego warto?<\/h3>\n<ul data-start=\"942\" data-end=\"1161\">\n<li data-start=\"942\" data-end=\"1002\">\n<p data-start=\"944\" data-end=\"1002\">Idealny do codziennej piel\u0119gnacji twarzy, szyi i dekoltu<\/p>\n<\/li>\n<li data-start=\"1003\" data-end=\"1057\">\n<p data-start=\"1005\" data-end=\"1057\">Doskona\u0142y pod makija\u017c dzi\u0119ki szybkiemu wch\u0142anianiu<\/p>\n<\/li>\n<li data-start=\"1058\" data-end=\"1102\">\n<p data-start=\"1060\" data-end=\"1102\">Wspiera naturaln\u0105 barier\u0119 ochronn\u0105 sk\u00f3ry<\/p>\n<\/li>\n<li data-start=\"1103\" data-end=\"1161\">\n<p data-start=\"1105\" data-end=\"1161\">Odpowiedni dla wszystkich typ\u00f3w cery \u2013 tak\u017ce wra\u017cliwej<\/p>\n<\/li>\n<\/ul>\n<h3 data-start=\"1163\" data-end=\"1188\">\ud83c\udf31 Sk\u0142adniki aktywne:<\/h3>\n<ul data-start=\"1190\" data-end=\"1554\">\n<li data-start=\"1190\" data-end=\"1276\">\n<p data-start=\"1192\" data-end=\"1276\"><strong data-start=\"1192\" data-end=\"1208\">Olej konopny<\/strong> \u2013 bogaty w kwasy omega-3 i omega-6, od\u017cywia, nawil\u017ca i regeneruje<\/p>\n<\/li>\n<li data-start=\"1277\" data-end=\"1356\">\n<p data-start=\"1279\" data-end=\"1356\"><strong data-start=\"1279\" data-end=\"1297\">Woda kom\u00f3rkowa<\/strong> \u2013 intensywnie od\u015bwie\u017ca i wspiera naturalne procesy sk\u00f3ry<\/p>\n<\/li>\n<li data-start=\"1357\" data-end=\"1441\">\n<p data-start=\"1359\" data-end=\"1441\"><strong data-start=\"1359\" data-end=\"1380\">CBD (kannabidiol)<\/strong> \u2013 dzia\u0142a przeciwzapalnie, \u0142agodzi podra\u017cnienia, regeneruje<\/p>\n<\/li>\n<li data-start=\"1442\" data-end=\"1507\">\n<p data-start=\"1444\" data-end=\"1507\"><strong data-start=\"1444\" data-end=\"1457\">Guma guar<\/strong> \u2013 poprawia konsystencj\u0119, wspiera g\u0142adko\u015b\u0107 sk\u00f3ry<\/p>\n<\/li>\n<li data-start=\"1508\" data-end=\"1554\">\n<p data-start=\"1510\" data-end=\"1554\"><strong data-start=\"1510\" data-end=\"1521\">Perfumy<\/strong> \u2013 subtelny, relaksuj\u0105cy aromat<\/p>\n<\/li>\n<\/ul>\n<h3 data-start=\"1556\" data-end=\"1576\">\ud83e\uddf4 Jak stosowa\u0107?<\/h3>\n<p data-start=\"1578\" data-end=\"1841\">Na\u0142\u00f3\u017c niewielk\u0105 ilo\u015b\u0107 kremu na <strong data-start=\"1609\" data-end=\"1653\">oczyszczon\u0105 sk\u00f3r\u0119 twarzy, szyi i dekoltu<\/strong>. Delikatnie wmasuj kolistymi ruchami a\u017c do ca\u0142kowitego wch\u0142oni\u0119cia.<br data-start=\"1721\" data-end=\"1724\" \/>\ud83d\udcc5 Stosuj <strong data-start=\"1734\" data-end=\"1758\">rano i\/lub wieczorem<\/strong>.<br data-start=\"1759\" data-end=\"1762\" \/>\ud83d\udca1 Dla najlepszych efekt\u00f3w po\u0142\u0105cz z innymi produktami z konopnej serii PALACIO.<\/p>\n<h3 data-start=\"1843\" data-end=\"1898\">\ud83c\udf3f Konopie \u2013 naturalna piel\u0119gnacja dla ka\u017cdej sk\u00f3ry<\/h3>\n<p data-start=\"1900\" data-end=\"2250\"><strong data-start=\"1900\" data-end=\"1916\">Olej konopny<\/strong> to cenny sk\u0142adnik w kosmetyce, ceniony za swoje <strong data-start=\"1965\" data-end=\"2020\">silnie nawil\u017caj\u0105ce, koj\u0105ce i regeneruj\u0105ce dzia\u0142anie<\/strong>. Wzmacnia naturaln\u0105 barier\u0119 sk\u00f3ry, \u0142agodzi zaczerwienienia i podra\u017cnienia, a dzi\u0119ki zawarto\u015bci antyoksydant\u00f3w chroni przed szkodliwym wp\u0142ywem \u015brodowiska. To doskona\u0142y wyb\u00f3r dla sk\u00f3ry wymagaj\u0105cej <strong data-start=\"2216\" data-end=\"2249\">zdrowego, promiennego wygl\u0105du<\/strong>.<\/p>\n","protected":false},"excerpt":{"rendered":"<p>Lekka formu\u0142a, intensywne dzia\u0142anie! \ud83d\udca7 PALACIO Cannabis Hydrating Cellular Face Cream to nowoczesny krem do twarzy, kt\u00f3ry \u0142\u0105czy wod\u0119 kom\u00f3rkow\u0105, olej konopny i CBD, aby zapewni\u0107 sk\u00f3rze maksymalne nawil\u017cenie, ukojenie i naturaln\u0105 r\u00f3wnowag\u0119 \u2013 bez uczucia ci\u0119\u017cko\u015bci i t\u0142ustego filmu. Doskonale si\u0119 wch\u0142ania, od\u015bwie\u017ca cer\u0119 i pozostawia j\u0105 g\u0142adk\u0105, mi\u0119kk\u0105 i od\u017cywion\u0105. \ud83d\udc86\u200d\u2640\ufe0f Regeneruje i [&hellip;]<\/p>\n","protected":false},"featured_media":1581,"template":"","meta":[],"product_brand":[22],"product_cat":[21],"product_tag":[],"class_list":{"0":"post-1579","1":"product","2":"type-product","3":"status-publish","4":"has-post-thumbnail","6":"product_brand-palacio","7":"product_cat-palacio","9":"first","10":"instock","11":"taxable","12":"shipping-taxable","13":"purchasable","14":"product-type-simple"},"_links":{"self":[{"href":"https:\/\/27-215.pl\/index.php\/wp-json\/wp\/v2\/product\/1579","targetHints":{"allow":["GET"]}}],"collection":[{"href":"https:\/\/27-215.pl\/index.php\/wp-json\/wp\/v2\/product"}],"about":[{"href":"https:\/\/27-215.pl\/index.php\/wp-json\/wp\/v2\/types\/product"}],"wp:featuredmedia":[{"embeddable":true,"href":"https:\/\/27-215.pl\/index.php\/wp-json\/wp\/v2\/media\/1581"}],"wp:attachment":[{"href":"https:\/\/27-215.pl\/index.php\/wp-json\/wp\/v2\/media?parent=1579"}],"wp:term":[{"taxonomy":"product_brand","embeddable":true,"href":"https:\/\/27-215.pl\/index.php\/wp-json\/wp\/v2\/product_brand?post=1579"},{"taxonomy":"product_cat","embeddable":true,"href":"https:\/\/27-215.pl\/index.php\/wp-json\/wp\/v2\/product_cat?post=1579"},{"taxonomy":"product_tag","embeddable":true,"href":"https:\/\/27-215.pl\/index.php\/wp-json\/wp\/v2\/product_tag?post=1579"}],"curies":[{"name":"wp","href":"https:\/\/api.w.org\/{rel}","templated":true}]}}