{"id":1580,"date":"2025-09-12T13:46:13","date_gmt":"2025-09-12T11:46:13","guid":{"rendered":"https:\/\/www.27-215.pl\/?post_type=product&#038;p=1580"},"modified":"2026-04-04T08:52:59","modified_gmt":"2026-04-04T06:52:59","slug":"palacio-cannabis-regenerujace-i-nawilzajace-bio-serum-do-twarzy-50-ml","status":"publish","type":"product","link":"https:\/\/27-215.pl\/index.php\/produkt\/palacio-cannabis-regenerujace-i-nawilzajace-bio-serum-do-twarzy-50-ml\/","title":{"rendered":"PALACIO Cannabis \u2013 Regeneruj\u0105ce i nawil\u017caj\u0105ce BIO serum do twarzy 50 ml"},"content":{"rendered":"<p data-start=\"290\" data-end=\"694\">Odkryj moc natury w piel\u0119gnacji twarzy! \u2728 <strong data-start=\"332\" data-end=\"367\">PALACIO Cannabis BIO Face Serum<\/strong> to organiczne serum z ekstraktem z konopi, kt\u00f3re <strong data-start=\"417\" data-end=\"480\">g\u0142\u0119boko nawil\u017ca, regeneruje i przywraca sk\u00f3rze elastyczno\u015b\u0107<\/strong>. Dzi\u0119ki po\u0142\u0105czeniu <strong data-start=\"500\" data-end=\"539\">CBD, oleju migda\u0142owego i mas\u0142a shea<\/strong> dzia\u0142a od\u017cywczo i ochronnie, jednocze\u015bnie pozostawiaj\u0105c cer\u0119 <strong data-start=\"601\" data-end=\"631\">g\u0142adk\u0105, mi\u0119kk\u0105 i promienn\u0105<\/strong>. Lekka konsystencja szybko si\u0119 wch\u0142ania, nie obci\u0105\u017caj\u0105c sk\u00f3ry.<\/p>\n<p data-start=\"696\" data-end=\"1066\">\ud83d\udca7 <strong data-start=\"699\" data-end=\"738\">Intensywne nawil\u017cenie i regeneracja<\/strong><br data-start=\"738\" data-end=\"741\" \/>\ud83c\udf31 <strong data-start=\"744\" data-end=\"783\">Formu\u0142a BIO \u2013 naturalna piel\u0119gnacja<\/strong><br data-start=\"783\" data-end=\"786\" \/>\ud83d\udc86\u200d\u2640\ufe0f <strong data-start=\"792\" data-end=\"861\">Wzmacnia i chroni sk\u00f3r\u0119 przed szkodliwymi czynnikami zewn\u0119trznymi<\/strong><br data-start=\"861\" data-end=\"864\" \/>\u2728 <strong data-start=\"866\" data-end=\"902\">Roz\u015bwietla, wyr\u00f3wnuje i koi cer\u0119<\/strong><br data-start=\"902\" data-end=\"905\" \/>\ud83e\uddf4 <strong data-start=\"908\" data-end=\"955\">Lekka, szybko wch\u0142aniaj\u0105ca si\u0119 konsystencja<\/strong><br data-start=\"955\" data-end=\"958\" \/>\ud83c\udf38 <strong data-start=\"961\" data-end=\"981\">Delikatny zapach<\/strong><br data-start=\"981\" data-end=\"984\" \/>\ud83d\udd2c <strong data-start=\"987\" data-end=\"1017\">Testowane dermatologicznie<\/strong><br data-start=\"1017\" data-end=\"1020\" \/>\u2714\ufe0f <strong data-start=\"1023\" data-end=\"1066\">Dla ka\u017cdego rodzaju sk\u00f3ry \u2013 dzie\u0144 i noc<\/strong><\/p>\n<h3 data-start=\"1068\" data-end=\"1089\">\u2705 Dlaczego warto?<\/h3>\n<ul data-start=\"1091\" data-end=\"1279\">\n<li data-start=\"1091\" data-end=\"1155\">\n<p data-start=\"1093\" data-end=\"1155\">Dzia\u0142a przeciwstarzeniowo i wzmacnia naturaln\u0105 barier\u0119 sk\u00f3ry<\/p>\n<\/li>\n<li data-start=\"1156\" data-end=\"1193\">\n<p data-start=\"1158\" data-end=\"1193\">Regeneruje i \u0142agodzi podra\u017cnienia<\/p>\n<\/li>\n<li data-start=\"1194\" data-end=\"1246\">\n<p data-start=\"1196\" data-end=\"1246\">Mo\u017ce by\u0107 stosowane codziennie \u2013 rano i wieczorem<\/p>\n<\/li>\n<li data-start=\"1247\" data-end=\"1279\">\n<p data-start=\"1249\" data-end=\"1279\">Idealne pod krem lub makija\u017c<\/p>\n<\/li>\n<\/ul>\n<h3 data-start=\"1281\" data-end=\"1306\">\ud83c\udf31 Sk\u0142adniki aktywne:<\/h3>\n<ul data-start=\"1308\" data-end=\"1862\">\n<li data-start=\"1308\" data-end=\"1399\">\n<p data-start=\"1310\" data-end=\"1399\"><strong data-start=\"1310\" data-end=\"1337\">Ekstrakt z konopi (BIO)<\/strong> \u2013 g\u0142\u0119boko nawil\u017ca, wspiera regeneracj\u0119 i elastyczno\u015b\u0107 sk\u00f3ry<\/p>\n<\/li>\n<li data-start=\"1400\" data-end=\"1492\">\n<p data-start=\"1402\" data-end=\"1492\"><strong data-start=\"1402\" data-end=\"1423\">CBD (kannabidiol)<\/strong> \u2013 dzia\u0142a przeciwzapalnie, \u0142agodzi podra\u017cnienia i stres oksydacyjny<\/p>\n<\/li>\n<li data-start=\"1493\" data-end=\"1561\">\n<p data-start=\"1495\" data-end=\"1561\"><strong data-start=\"1495\" data-end=\"1513\">Olej migda\u0142owy<\/strong> \u2013 od\u017cywia, zmi\u0119kcza i poprawia g\u0142adko\u015b\u0107 sk\u00f3ry<\/p>\n<\/li>\n<li data-start=\"1562\" data-end=\"1622\">\n<p data-start=\"1564\" data-end=\"1622\"><strong data-start=\"1564\" data-end=\"1578\">Mas\u0142o shea<\/strong> \u2013 regeneruje i chroni przed przesuszeniem<\/p>\n<\/li>\n<li data-start=\"1623\" data-end=\"1687\">\n<p data-start=\"1625\" data-end=\"1687\"><strong data-start=\"1625\" data-end=\"1647\">Lecytyna i mocznik<\/strong> \u2013 wspieraj\u0105 odnow\u0119 sk\u00f3ry i nawil\u017cenie<\/p>\n<\/li>\n<li data-start=\"1688\" data-end=\"1771\">\n<p data-start=\"1690\" data-end=\"1771\"><strong data-start=\"1690\" data-end=\"1703\">Gliceryna<\/strong> \u2013 zatrzymuje wod\u0119 w nask\u00f3rku, poprawiaj\u0105c j\u0119drno\u015b\u0107 i elastyczno\u015b\u0107<\/p>\n<\/li>\n<li data-start=\"1772\" data-end=\"1862\">\n<p data-start=\"1774\" data-end=\"1862\"><strong data-start=\"1774\" data-end=\"1813\">Kwas ferulowy (pochodna lipofilowa)<\/strong> \u2013 antyoksydant, chroni przed wolnymi rodnikami<\/p>\n<\/li>\n<\/ul>\n<h3 data-start=\"1864\" data-end=\"1884\">\ud83e\uddf4 Jak stosowa\u0107?<\/h3>\n<p data-start=\"1886\" data-end=\"2158\">Nanie\u015b niewielk\u0105 ilo\u015b\u0107 serum na <strong data-start=\"1918\" data-end=\"1962\">oczyszczon\u0105 sk\u00f3r\u0119 twarzy, szyi i dekoltu<\/strong>. Wmasuj delikatnie kolistymi ruchami do ca\u0142kowitego wch\u0142oni\u0119cia.<br data-start=\"2027\" data-end=\"2030\" \/>\ud83d\udcc5 Stosuj <strong data-start=\"2040\" data-end=\"2064\">rano i\/lub wieczorem<\/strong>.<br data-start=\"2065\" data-end=\"2068\" \/>\ud83d\udca1 Dla najlepszych efekt\u00f3w u\u017cywaj razem z innymi produktami konopnymi z serii <strong data-start=\"2146\" data-end=\"2157\">PALACIO<\/strong>.<\/p>\n<h3 data-start=\"2160\" data-end=\"2215\">\ud83c\udf3f Konopie \u2013 naturalna piel\u0119gnacja dla ka\u017cdej sk\u00f3ry<\/h3>\n<p data-start=\"2217\" data-end=\"2586\"><strong data-start=\"2217\" data-end=\"2244\">Olej i ekstrakt konopny<\/strong> to sk\u0142adniki bogate w <strong data-start=\"2267\" data-end=\"2294\">kwasy omega-3 i omega-6<\/strong>, kt\u00f3re intensywnie nawil\u017caj\u0105, chroni\u0105 barier\u0119 sk\u00f3ry i dzia\u0142aj\u0105 przeciwzapalnie. \u0141agodz\u0105 podra\u017cnienia, zmniejszaj\u0105 zaczerwienienia i wspieraj\u0105 zdrowy wygl\u0105d cery. Dzi\u0119ki zawarto\u015bci antyoksydant\u00f3w dodatkowo <strong data-start=\"2500\" data-end=\"2539\">chroni\u0105 przed stresem \u015brodowiskowym<\/strong>, pomagaj\u0105c zachowa\u0107 m\u0142odzie\u0144czy blask sk\u00f3ry.<\/p>\n","protected":false},"excerpt":{"rendered":"<p>Odkryj moc natury w piel\u0119gnacji twarzy! \u2728 PALACIO Cannabis BIO Face Serum to organiczne serum z ekstraktem z konopi, kt\u00f3re g\u0142\u0119boko nawil\u017ca, regeneruje i przywraca sk\u00f3rze elastyczno\u015b\u0107. Dzi\u0119ki po\u0142\u0105czeniu CBD, oleju migda\u0142owego i mas\u0142a shea dzia\u0142a od\u017cywczo i ochronnie, jednocze\u015bnie pozostawiaj\u0105c cer\u0119 g\u0142adk\u0105, mi\u0119kk\u0105 i promienn\u0105. Lekka konsystencja szybko si\u0119 wch\u0142ania, nie obci\u0105\u017caj\u0105c sk\u00f3ry. \ud83d\udca7 [&hellip;]<\/p>\n","protected":false},"featured_media":1582,"template":"","meta":[],"product_brand":[22],"product_cat":[21],"product_tag":[],"class_list":{"0":"post-1580","1":"product","2":"type-product","3":"status-publish","4":"has-post-thumbnail","6":"product_brand-palacio","7":"product_cat-palacio","9":"first","10":"instock","11":"taxable","12":"shipping-taxable","13":"purchasable","14":"product-type-simple"},"_links":{"self":[{"href":"https:\/\/27-215.pl\/index.php\/wp-json\/wp\/v2\/product\/1580","targetHints":{"allow":["GET"]}}],"collection":[{"href":"https:\/\/27-215.pl\/index.php\/wp-json\/wp\/v2\/product"}],"about":[{"href":"https:\/\/27-215.pl\/index.php\/wp-json\/wp\/v2\/types\/product"}],"wp:featuredmedia":[{"embeddable":true,"href":"https:\/\/27-215.pl\/index.php\/wp-json\/wp\/v2\/media\/1582"}],"wp:attachment":[{"href":"https:\/\/27-215.pl\/index.php\/wp-json\/wp\/v2\/media?parent=1580"}],"wp:term":[{"taxonomy":"product_brand","embeddable":true,"href":"https:\/\/27-215.pl\/index.php\/wp-json\/wp\/v2\/product_brand?post=1580"},{"taxonomy":"product_cat","embeddable":true,"href":"https:\/\/27-215.pl\/index.php\/wp-json\/wp\/v2\/product_cat?post=1580"},{"taxonomy":"product_tag","embeddable":true,"href":"https:\/\/27-215.pl\/index.php\/wp-json\/wp\/v2\/product_tag?post=1580"}],"curies":[{"name":"wp","href":"https:\/\/api.w.org\/{rel}","templated":true}]}}