{"id":1599,"date":"2025-09-15T10:45:49","date_gmt":"2025-09-15T08:45:49","guid":{"rendered":"https:\/\/www.27-215.pl\/?post_type=product&#038;p=1599"},"modified":"2026-04-05T07:06:23","modified_gmt":"2026-04-05T05:06:23","slug":"pleva-krem-przeciwzmarszczkowy-z-kropla-jadu-pszczelego-50g","status":"publish","type":"product","link":"https:\/\/27-215.pl\/index.php\/produkt\/pleva-krem-przeciwzmarszczkowy-z-kropla-jadu-pszczelego-50g\/","title":{"rendered":"Pleva Krem przeciwzmarszczkowy z kropl\u0105 jadu pszczelego 50g"},"content":{"rendered":"<p data-start=\"164\" data-end=\"558\">Naturalna moc przeciwzmarszczkowa w eleganckim wydaniu \ud83d\udcab \u201eKropla Mocy\u201d to lekki krem oparty na naturalnych olejach, wosku pszczelim i bambusowym ma\u015ble, wzbogacony o jad pszczeli (apisin). Dzi\u0119ki temu sk\u00f3ra staje si\u0119 bardziej j\u0119drna, promienna i chroniona przed skutkami dzia\u0142ania wolnych rodnik\u00f3w. Idealny wyb\u00f3r dla ka\u017cdego typu cery, tak\u017ce zm\u0119czonej i zestresowanej os\u0142abionym stylem \u017cycia.<\/p>\n<p data-start=\"560\" data-end=\"1019\">\ud83c\udf3f <strong data-start=\"563\" data-end=\"588\">Apisin (jad pszczeli)<\/strong> \u2013 dzia\u0142a pobudzaj\u0105co, wyg\u0142adzaj\u0105co i pomaga w widocznej redukcji zmarszczek.<br data-start=\"665\" data-end=\"668\" \/>\ud83c\udf30 <strong data-start=\"671\" data-end=\"702\">Mas\u0142o shea i olej makadamia<\/strong> \u2013 od\u017cywiaj\u0105, regeneruj\u0105 i zapewniaj\u0105 g\u0142\u0119bokie nawil\u017cenie sk\u00f3ry.<br data-start=\"766\" data-end=\"769\" \/>\ud83d\udee1\ufe0f <strong data-start=\"773\" data-end=\"800\">Wyci\u0105g z alg Kalpariane<\/strong> \u2013 chroni kolagen, ogranicza dzia\u0142anie wolnych rodnik\u00f3w i wspiera ochron\u0119 sk\u00f3ry przez czynniki zewn\u0119trzne.<br data-start=\"906\" data-end=\"909\" \/>\ud83d\udca7 <strong data-start=\"912\" data-end=\"952\">Ro\u015blinne oleje + naturalny emulgator<\/strong> \u2013 szybko si\u0119 wch\u0142ania, nadaje sk\u00f3rze mi\u0119kko\u015bci bez t\u0142ustego filmu.<\/p>\n<p data-start=\"1021\" data-end=\"1146\">Efekt? <strong data-start=\"1028\" data-end=\"1093\">Sk\u00f3ra staje si\u0119 wyra\u017anie bardziej j\u0119drna, elastyczna i g\u0142adka<\/strong> \u2013 efekt m\u0142odszej sk\u00f3ry, kt\u00f3ry odczujesz i zobaczysz.<\/p>\n<h3 data-start=\"1148\" data-end=\"1170\">\ud83c\udf38 Jak stosowa\u0107?<\/h3>\n<p data-start=\"1171\" data-end=\"1335\">Po oczyszczeniu twarzy i szyi delikatnie wklepuj krem opuszkami palc\u00f3w, najlepiej wieczorem. Stosuj regularnie \u2013 codzienna piel\u0119gnacja przynosi najlepsze rezultaty.<\/p>\n<p data-start=\"1337\" data-end=\"1480\">\ud83e\uddfe Sk\u0142adniki: woda, olej makadamia, mas\u0142o shea, wosk pszczeli, ekstrakt z alg, apisin (jad pszczeli), naturalne oleje i sk\u0142adniki nawil\u017caj\u0105ce<\/p>\n<p data-start=\"1482\" data-end=\"1502\">\u2696\ufe0f Pojemno\u015b\u0107: 50 g<\/p>\n","protected":false},"excerpt":{"rendered":"<p>Naturalna moc przeciwzmarszczkowa w eleganckim wydaniu \ud83d\udcab \u201eKropla Mocy\u201d to lekki krem oparty na naturalnych olejach, wosku pszczelim i bambusowym ma\u015ble, wzbogacony o jad pszczeli (apisin). Dzi\u0119ki temu sk\u00f3ra staje si\u0119 bardziej j\u0119drna, promienna i chroniona przed skutkami dzia\u0142ania wolnych rodnik\u00f3w. Idealny wyb\u00f3r dla ka\u017cdego typu cery, tak\u017ce zm\u0119czonej i zestresowanej os\u0142abionym stylem \u017cycia. \ud83c\udf3f [&hellip;]<\/p>\n","protected":false},"featured_media":1600,"template":"","meta":[],"product_brand":[27],"product_cat":[28],"product_tag":[],"class_list":{"0":"post-1599","1":"product","2":"type-product","3":"status-publish","4":"has-post-thumbnail","6":"product_brand-pleva","7":"product_cat-pleva","9":"first","10":"outofstock","11":"taxable","12":"shipping-taxable","13":"purchasable","14":"product-type-simple"},"_links":{"self":[{"href":"https:\/\/27-215.pl\/index.php\/wp-json\/wp\/v2\/product\/1599","targetHints":{"allow":["GET"]}}],"collection":[{"href":"https:\/\/27-215.pl\/index.php\/wp-json\/wp\/v2\/product"}],"about":[{"href":"https:\/\/27-215.pl\/index.php\/wp-json\/wp\/v2\/types\/product"}],"wp:featuredmedia":[{"embeddable":true,"href":"https:\/\/27-215.pl\/index.php\/wp-json\/wp\/v2\/media\/1600"}],"wp:attachment":[{"href":"https:\/\/27-215.pl\/index.php\/wp-json\/wp\/v2\/media?parent=1599"}],"wp:term":[{"taxonomy":"product_brand","embeddable":true,"href":"https:\/\/27-215.pl\/index.php\/wp-json\/wp\/v2\/product_brand?post=1599"},{"taxonomy":"product_cat","embeddable":true,"href":"https:\/\/27-215.pl\/index.php\/wp-json\/wp\/v2\/product_cat?post=1599"},{"taxonomy":"product_tag","embeddable":true,"href":"https:\/\/27-215.pl\/index.php\/wp-json\/wp\/v2\/product_tag?post=1599"}],"curies":[{"name":"wp","href":"https:\/\/api.w.org\/{rel}","templated":true}]}}