{"id":2025,"date":"2025-10-13T20:49:59","date_gmt":"2025-10-13T18:49:59","guid":{"rendered":"https:\/\/www.27-215.pl\/?post_type=product&#038;p=2025"},"modified":"2026-04-28T15:51:49","modified_gmt":"2026-04-28T13:51:49","slug":"putorius-masc-z-babki-lancetowatej-150ml","status":"publish","type":"product","link":"https:\/\/27-215.pl\/index.php\/produkt\/putorius-masc-z-babki-lancetowatej-150ml\/","title":{"rendered":"Putorius &#8211; Ma\u015b\u0107 z babki lancetowatej 150ml"},"content":{"rendered":"<p data-start=\"0\" data-end=\"74\">\ud83c\udf3f <strong data-start=\"3\" data-end=\"69\">Ma\u015b\u0107 z babki lancetowatej \u2013 naturalna regeneracja sk\u00f3ry 150 ml<\/strong> \ud83c\udf43<\/p>\n<p data-start=\"76\" data-end=\"319\">Zio\u0142owa ma\u015b\u0107 z ekstraktem z <strong data-start=\"104\" data-end=\"148\">babki lancetowatej (Plantago lanceolata)<\/strong> to tradycyjny, naturalny \u015brodek wspomagaj\u0105cy gojenie sk\u00f3ry. Doskonale \u0142agodzi podra\u017cnienia, wspiera regeneracj\u0119 tkanek i dzia\u0142a koj\u0105co przy r\u00f3\u017cnych problemach sk\u00f3rnych.<\/p>\n<p data-start=\"321\" data-end=\"638\">\ud83d\udc9a <strong data-start=\"324\" data-end=\"344\">Dzia\u0142anie ma\u015bci:<\/strong><br data-start=\"344\" data-end=\"347\" \/>\u2013 \u0141agodzi b\u00f3l i podra\u017cnienia sk\u00f3ry.<br data-start=\"382\" data-end=\"385\" \/>\u2013 Wspiera proces gojenia ran i blizn.<br data-start=\"422\" data-end=\"425\" \/>\u2013 Pomaga przy stanach zapalnych ran i trudno goj\u0105cych si\u0119 uszkodzeniach sk\u00f3ry.<br data-start=\"503\" data-end=\"506\" \/>\u2013 Zalecana do piel\u0119gnacji sk\u00f3ry z odle\u017cynami oraz przy powierzchniowych stanach zapalnych \u017cy\u0142 u os\u00f3b d\u0142ugotrwale unieruchomionych.<\/p>\n<p data-start=\"640\" data-end=\"717\">\u2728 <strong data-start=\"642\" data-end=\"669\">Dodatkowe zastosowanie:<\/strong><br data-start=\"669\" data-end=\"672\" \/>\u2013 Pomaga w walce z ropn\u0105 postaci\u0105 tr\u0105dziku.<\/p>\n<p data-start=\"719\" data-end=\"850\">\ud83c\udf3f <strong data-start=\"722\" data-end=\"745\">Substancje aktywne:<\/strong><br data-start=\"745\" data-end=\"748\" \/>Ekstrakt z babki lancetowatej \u2013 znany z w\u0142a\u015bciwo\u015bci przeciwzapalnych, regeneruj\u0105cych i \u015bci\u0105gaj\u0105cych.<\/p>\n<p data-start=\"852\" data-end=\"1011\">\ud83e\uddf4 <strong data-start=\"855\" data-end=\"873\">Spos\u00f3b u\u017cycia:<\/strong><br data-start=\"873\" data-end=\"876\" \/>Na\u0142\u00f3\u017c niewielk\u0105 ilo\u015b\u0107 ma\u015bci na oczyszczon\u0105 sk\u00f3r\u0119 w miejscu zmienionym i delikatnie wmasuj. Stosuj kilka razy dziennie wed\u0142ug potrzeb.<\/p>\n<p data-start=\"1013\" data-end=\"1220\">\u26a0\ufe0f <strong data-start=\"1016\" data-end=\"1039\">\u015arodki ostro\u017cno\u015bci:<\/strong><br data-start=\"1039\" data-end=\"1042\" \/>\u2013 Tylko do u\u017cytku zewn\u0119trznego.<br data-start=\"1073\" data-end=\"1076\" \/>\u2013 Nie stosowa\u0107 na otwarte rany.<br data-start=\"1107\" data-end=\"1110\" \/>\u2013 Unika\u0107 kontaktu z oczami i ich okolic\u0105.<br data-start=\"1151\" data-end=\"1154\" \/>\u2013 Nie stosowa\u0107 u dzieci poni\u017cej 3. roku \u017cycia.<br data-start=\"1200\" data-end=\"1203\" \/>\u2013 Nie spo\u017cywa\u0107.<\/p>\n<p data-start=\"1222\" data-end=\"1331\">\ud83e\uddfe <strong data-start=\"1225\" data-end=\"1235\">Sk\u0142ad:<\/strong> Petrolatum, Glycine Soja Oil, Isopropyl Myristate, Plantago Lanceolata Leaf Extract, Parfum.<\/p>\n<p data-start=\"1333\" data-end=\"1425\" data-is-last-node=\"\" data-is-only-node=\"\">\ud83d\udce6 <strong data-start=\"1336\" data-end=\"1350\">Pojemno\u015b\u0107:<\/strong> 150 ml<\/p>\n","protected":false},"excerpt":{"rendered":"<p>\ud83c\udf3f Ma\u015b\u0107 z babki lancetowatej \u2013 naturalna regeneracja sk\u00f3ry 150 ml \ud83c\udf43 Zio\u0142owa ma\u015b\u0107 z ekstraktem z babki lancetowatej (Plantago lanceolata) to tradycyjny, naturalny \u015brodek wspomagaj\u0105cy gojenie sk\u00f3ry. Doskonale \u0142agodzi podra\u017cnienia, wspiera regeneracj\u0119 tkanek i dzia\u0142a koj\u0105co przy r\u00f3\u017cnych problemach sk\u00f3rnych. \ud83d\udc9a Dzia\u0142anie ma\u015bci:\u2013 \u0141agodzi b\u00f3l i podra\u017cnienia sk\u00f3ry.\u2013 Wspiera proces gojenia ran i blizn.\u2013 [&hellip;]<\/p>\n","protected":false},"featured_media":2026,"template":"","meta":[],"product_brand":[26],"product_cat":[25],"product_tag":[],"class_list":{"0":"post-2025","1":"product","2":"type-product","3":"status-publish","4":"has-post-thumbnail","6":"product_brand-putorius","7":"product_cat-putorius","9":"first","10":"instock","11":"taxable","12":"shipping-taxable","13":"purchasable","14":"product-type-simple"},"_links":{"self":[{"href":"https:\/\/27-215.pl\/index.php\/wp-json\/wp\/v2\/product\/2025","targetHints":{"allow":["GET"]}}],"collection":[{"href":"https:\/\/27-215.pl\/index.php\/wp-json\/wp\/v2\/product"}],"about":[{"href":"https:\/\/27-215.pl\/index.php\/wp-json\/wp\/v2\/types\/product"}],"wp:featuredmedia":[{"embeddable":true,"href":"https:\/\/27-215.pl\/index.php\/wp-json\/wp\/v2\/media\/2026"}],"wp:attachment":[{"href":"https:\/\/27-215.pl\/index.php\/wp-json\/wp\/v2\/media?parent=2025"}],"wp:term":[{"taxonomy":"product_brand","embeddable":true,"href":"https:\/\/27-215.pl\/index.php\/wp-json\/wp\/v2\/product_brand?post=2025"},{"taxonomy":"product_cat","embeddable":true,"href":"https:\/\/27-215.pl\/index.php\/wp-json\/wp\/v2\/product_cat?post=2025"},{"taxonomy":"product_tag","embeddable":true,"href":"https:\/\/27-215.pl\/index.php\/wp-json\/wp\/v2\/product_tag?post=2025"}],"curies":[{"name":"wp","href":"https:\/\/api.w.org\/{rel}","templated":true}]}}