{"id":2034,"date":"2025-10-13T21:07:55","date_gmt":"2025-10-13T19:07:55","guid":{"rendered":"https:\/\/www.27-215.pl\/?post_type=product&#038;p=2034"},"modified":"2026-04-19T20:00:53","modified_gmt":"2026-04-19T18:00:53","slug":"alpa-szampon-konopny-luna-430-ml","status":"publish","type":"product","link":"https:\/\/27-215.pl\/index.php\/produkt\/alpa-szampon-konopny-luna-430-ml\/","title":{"rendered":"Alpa &#8211; Szampon konopny Luna &#8211; 430 ml"},"content":{"rendered":"<p data-start=\"0\" data-end=\"84\">\ud83e\uddf4 <strong data-start=\"3\" data-end=\"79\">LUNA Szampon konopny \u2013 naturalna piel\u0119gnacja i regeneracja w\u0142os\u00f3w 430 ml<\/strong> \ud83c\udf3f<\/p>\n<p data-start=\"86\" data-end=\"199\">Kosmetyk przeznaczony do <strong data-start=\"111\" data-end=\"138\">zewn\u0119trznego stosowania<\/strong>, odpowiedni do <strong data-start=\"154\" data-end=\"196\">mycia w\u0142os\u00f3w i piel\u0119gnacji sk\u00f3ry g\u0142owy<\/strong>.<\/p>\n<p data-start=\"201\" data-end=\"517\">\ud83d\udc9a <strong data-start=\"204\" data-end=\"218\">Dzia\u0142anie:<\/strong><br data-start=\"218\" data-end=\"221\" \/>Szampon zawiera <strong data-start=\"237\" data-end=\"253\">olej konopny<\/strong> pozyskiwany przez t\u0142oczenie nasion konopi siewnych, <strong data-start=\"306\" data-end=\"328\">bez zawarto\u015bci THC<\/strong>. Jest on bogaty w <strong data-start=\"347\" data-end=\"407\">niezb\u0119dne nienasycone kwasy t\u0142uszczowe omega-3 i omega-6<\/strong>, bia\u0142ka, <strong data-start=\"417\" data-end=\"442\">fitosterole, minera\u0142y<\/strong> (wap\u0144, magnez, potas, \u017celazo) oraz <strong data-start=\"478\" data-end=\"514\">witaminy A, B1, B2, B6, C, D i E<\/strong>.<\/p>\n<p data-start=\"519\" data-end=\"854\">Dzi\u0119ki temu kompleksowemu sk\u0142adowi:<br data-start=\"554\" data-end=\"557\" \/>\u2013 poprawia <strong data-start=\"568\" data-end=\"593\">ukrwienie sk\u00f3ry g\u0142owy<\/strong>, wspomagaj\u0105c naturalny <strong data-start=\"617\" data-end=\"634\">wzrost w\u0142os\u00f3w<\/strong>,<br data-start=\"635\" data-end=\"638\" \/>\u2013 <strong data-start=\"640\" data-end=\"661\">nawil\u017ca i od\u017cywia<\/strong> w\u0142osy oraz sk\u00f3r\u0119 g\u0142owy,<br data-start=\"685\" data-end=\"688\" \/>\u2013 zapobiega <strong data-start=\"700\" data-end=\"716\">przesuszaniu<\/strong> i \u0142uszczeniu si\u0119 sk\u00f3ry,<br data-start=\"740\" data-end=\"743\" \/>\u2013 nadaje w\u0142osom mi\u0119kko\u015b\u0107, po\u0142ysk i zdrowy wygl\u0105d,<br data-start=\"792\" data-end=\"795\" \/>\u2013 \u0142atwo si\u0119 wch\u0142ania, <strong data-start=\"817\" data-end=\"851\">nie pozostawia t\u0142ustej warstwy<\/strong>.<\/p>\n<p data-start=\"856\" data-end=\"1145\">\ud83d\udc86\u200d\u2640\ufe0f <strong data-start=\"862\" data-end=\"880\">Spos\u00f3b u\u017cycia:<\/strong><br data-start=\"880\" data-end=\"883\" \/>Nanie\u015b odpowiedni\u0105 ilo\u015b\u0107 szamponu na mokre w\u0142osy, w zale\u017cno\u015bci od ich stopnia przet\u0142uszczenia.<br data-start=\"977\" data-end=\"980\" \/>Delikatnie <strong data-start=\"991\" data-end=\"1023\">wmasuj w sk\u00f3r\u0119 g\u0142owy i w\u0142osy<\/strong>, a nast\u0119pnie dok\u0142adnie sp\u0142ucz czyst\u0105 wod\u0105.<br data-start=\"1066\" data-end=\"1069\" \/>W przypadku w\u0142os\u00f3w szybko przet\u0142uszczaj\u0105cych si\u0119 \u2013 proces mo\u017cna powt\u00f3rzy\u0107.<\/p>\n<p data-start=\"1147\" data-end=\"1354\">\ud83d\udce6 <strong data-start=\"1150\" data-end=\"1169\">Przechowywanie:<\/strong><br data-start=\"1169\" data-end=\"1172\" \/>Przechowywa\u0107 w suchym i czystym miejscu, w temperaturze <strong data-start=\"1228\" data-end=\"1246\">od 5\u00b0C do 25\u00b0C<\/strong>.<br data-start=\"1247\" data-end=\"1250\" \/>Chroni\u0107 przed mrozem, wilgoci\u0105 i <strong data-start=\"1283\" data-end=\"1319\">bezpo\u015brednim \u015bwiat\u0142em s\u0142onecznym<\/strong>.<br data-start=\"1320\" data-end=\"1323\" data-is-only-node=\"\" \/>Trzyma\u0107 <strong data-start=\"1331\" data-end=\"1351\">z dala od dzieci<\/strong>.<\/p>\n<p data-start=\"1356\" data-end=\"1532\" data-is-last-node=\"\" data-is-only-node=\"\">\ud83d\udca7 <strong data-start=\"1359\" data-end=\"1373\">Pojemno\u015b\u0107:<\/strong> 430 ml<\/p>\n","protected":false},"excerpt":{"rendered":"<p>\ud83e\uddf4 LUNA Szampon konopny \u2013 naturalna piel\u0119gnacja i regeneracja w\u0142os\u00f3w 430 ml \ud83c\udf3f Kosmetyk przeznaczony do zewn\u0119trznego stosowania, odpowiedni do mycia w\u0142os\u00f3w i piel\u0119gnacji sk\u00f3ry g\u0142owy. \ud83d\udc9a Dzia\u0142anie:Szampon zawiera olej konopny pozyskiwany przez t\u0142oczenie nasion konopi siewnych, bez zawarto\u015bci THC. Jest on bogaty w niezb\u0119dne nienasycone kwasy t\u0142uszczowe omega-3 i omega-6, bia\u0142ka, fitosterole, minera\u0142y (wap\u0144, [&hellip;]<\/p>\n","protected":false},"featured_media":2035,"template":"","meta":[],"product_brand":[24],"product_cat":[23],"product_tag":[],"class_list":{"0":"post-2034","1":"product","2":"type-product","3":"status-publish","4":"has-post-thumbnail","6":"product_brand-alpa","7":"product_cat-alpa","9":"first","10":"outofstock","11":"taxable","12":"shipping-taxable","13":"purchasable","14":"product-type-simple"},"_links":{"self":[{"href":"https:\/\/27-215.pl\/index.php\/wp-json\/wp\/v2\/product\/2034","targetHints":{"allow":["GET"]}}],"collection":[{"href":"https:\/\/27-215.pl\/index.php\/wp-json\/wp\/v2\/product"}],"about":[{"href":"https:\/\/27-215.pl\/index.php\/wp-json\/wp\/v2\/types\/product"}],"wp:featuredmedia":[{"embeddable":true,"href":"https:\/\/27-215.pl\/index.php\/wp-json\/wp\/v2\/media\/2035"}],"wp:attachment":[{"href":"https:\/\/27-215.pl\/index.php\/wp-json\/wp\/v2\/media?parent=2034"}],"wp:term":[{"taxonomy":"product_brand","embeddable":true,"href":"https:\/\/27-215.pl\/index.php\/wp-json\/wp\/v2\/product_brand?post=2034"},{"taxonomy":"product_cat","embeddable":true,"href":"https:\/\/27-215.pl\/index.php\/wp-json\/wp\/v2\/product_cat?post=2034"},{"taxonomy":"product_tag","embeddable":true,"href":"https:\/\/27-215.pl\/index.php\/wp-json\/wp\/v2\/product_tag?post=2034"}],"curies":[{"name":"wp","href":"https:\/\/api.w.org\/{rel}","templated":true}]}}