{"id":2352,"date":"2025-10-26T21:41:31","date_gmt":"2025-10-26T20:41:31","guid":{"rendered":"https:\/\/www.27-215.pl\/?post_type=product&#038;p=2352"},"modified":"2026-04-04T08:53:14","modified_gmt":"2026-04-04T06:53:14","slug":"palacio-cannabis-szampon-z-olejem-konopnym-250-ml","status":"publish","type":"product","link":"https:\/\/27-215.pl\/index.php\/produkt\/palacio-cannabis-szampon-z-olejem-konopnym-250-ml\/","title":{"rendered":"PALACIO Cannabis &#8211; Szampon z olejem konopnym 250 ml"},"content":{"rendered":"<p data-start=\"0\" data-end=\"87\">\ud83c\udf3f <strong data-start=\"3\" data-end=\"78\">PALACIO Cannabis Shampoo \u2013 nawil\u017caj\u0105cy szampon z olejem konopnym 250 ml<\/strong> \ud83d\udc86\u200d\u2640\ufe0f\u2728<\/p>\n<p data-start=\"89\" data-end=\"450\">Nadaj swoim w\u0142osom naturalny blask i witalno\u015b\u0107 dzi\u0119ki mocy konopi!<br data-start=\"155\" data-end=\"158\" \/><strong data-start=\"158\" data-end=\"186\">PALACIO Cannabis Shampoo<\/strong> to delikatny szampon wzbogacony <strong data-start=\"219\" data-end=\"276\">wysokiej jako\u015bci olejem konopnym (Cannabis Sativa L.)<\/strong>, kt\u00f3ry <strong data-start=\"284\" data-end=\"326\">piel\u0119gnuje, regeneruje i nawil\u017ca w\u0142osy<\/strong> od nasady a\u017c po same ko\u0144ce. Odpowiedni do <strong data-start=\"369\" data-end=\"395\">ka\u017cdego rodzaju w\u0142os\u00f3w<\/strong>, zapewnia codzienn\u0105 dawk\u0119 od\u017cywienia bez obci\u0105\u017cania.<\/p>\n<p data-start=\"452\" data-end=\"471\">\ud83d\udca7 <strong data-start=\"455\" data-end=\"469\">Dzia\u0142anie:<\/strong><\/p>\n<ul data-start=\"472\" data-end=\"751\">\n<li data-start=\"472\" data-end=\"525\">\n<p data-start=\"474\" data-end=\"525\"><strong data-start=\"474\" data-end=\"522\">nawil\u017ca i zapobiega przesuszeniu sk\u00f3ry g\u0142owy<\/strong>,<\/p>\n<\/li>\n<li data-start=\"526\" data-end=\"585\">\n<p data-start=\"528\" data-end=\"585\"><strong data-start=\"528\" data-end=\"556\">wzmacnia i od\u017cywia w\u0142osy<\/strong>, poprawiaj\u0105c ich kondycj\u0119,<\/p>\n<\/li>\n<li data-start=\"586\" data-end=\"644\">\n<p data-start=\"588\" data-end=\"644\"><strong data-start=\"588\" data-end=\"615\">nadaje blask i mi\u0119kko\u015b\u0107<\/strong>, u\u0142atwiaj\u0105c rozczesywanie,<\/p>\n<\/li>\n<li data-start=\"645\" data-end=\"694\">\n<p data-start=\"647\" data-end=\"694\"><strong data-start=\"647\" data-end=\"671\">delikatnie oczyszcza<\/strong> w\u0142osy i sk\u00f3r\u0119 g\u0142owy,<\/p>\n<\/li>\n<li data-start=\"695\" data-end=\"751\">\n<p data-start=\"697\" data-end=\"751\"><strong data-start=\"697\" data-end=\"748\">pozostawia w\u0142osy g\u0142adkie, l\u015bni\u0105ce i pe\u0142ne \u017cycia<\/strong>.<\/p>\n<\/li>\n<\/ul>\n<p data-start=\"753\" data-end=\"1067\">\ud83c\udf3f <strong data-start=\"756\" data-end=\"781\">Si\u0142a oleju konopnego:<\/strong><br data-start=\"781\" data-end=\"784\" \/>Olej konopny jest bogaty w <strong data-start=\"811\" data-end=\"849\">kwasy t\u0142uszczowe omega-3 i omega-6<\/strong>, kt\u00f3re wspieraj\u0105 zdrowie w\u0142os\u00f3w i sk\u00f3ry g\u0142owy. Dzia\u0142a <strong data-start=\"904\" data-end=\"942\">nawil\u017caj\u0105co, \u0142agodz\u0105co i ochronnie<\/strong>, pomagaj\u0105c zachowa\u0107 naturaln\u0105 r\u00f3wnowag\u0119 sk\u00f3ry. Dzi\u0119ki temu w\u0142osy staj\u0105 si\u0119 mocniejsze, bardziej elastyczne i pe\u0142ne blasku.<\/p>\n<p data-start=\"1069\" data-end=\"1267\">\ud83e\uddf4 <strong data-start=\"1072\" data-end=\"1090\">Spos\u00f3b u\u017cycia:<\/strong><br data-start=\"1090\" data-end=\"1093\" \/>Nanie\u015b odpowiedni\u0105 ilo\u015b\u0107 szamponu na mokre w\u0142osy, <strong data-start=\"1143\" data-end=\"1172\">wmasuj do uzyskania piany<\/strong>, a nast\u0119pnie dok\u0142adnie sp\u0142ucz ciep\u0142\u0105 wod\u0105. Szampon nadaje si\u0119 do <strong data-start=\"1238\" data-end=\"1264\">codziennego stosowania<\/strong>.<\/p>\n<p data-start=\"1269\" data-end=\"1360\">\ud83e\uddfe <strong data-start=\"1272\" data-end=\"1294\">Sk\u0142adniki aktywne:<\/strong><br data-start=\"1294\" data-end=\"1297\" \/>olej konopny, \u0142agodne substancje myj\u0105ce, kompozycja zapachowa<\/p>\n<p data-start=\"1362\" data-end=\"1388\">\ud83d\udce6 <strong data-start=\"1365\" data-end=\"1379\">Pojemno\u015b\u0107:<\/strong> 250 ml<\/p>\n","protected":false},"excerpt":{"rendered":"<p>\ud83c\udf3f PALACIO Cannabis Shampoo \u2013 nawil\u017caj\u0105cy szampon z olejem konopnym 250 ml \ud83d\udc86\u200d\u2640\ufe0f\u2728 Nadaj swoim w\u0142osom naturalny blask i witalno\u015b\u0107 dzi\u0119ki mocy konopi!PALACIO Cannabis Shampoo to delikatny szampon wzbogacony wysokiej jako\u015bci olejem konopnym (Cannabis Sativa L.), kt\u00f3ry piel\u0119gnuje, regeneruje i nawil\u017ca w\u0142osy od nasady a\u017c po same ko\u0144ce. Odpowiedni do ka\u017cdego rodzaju w\u0142os\u00f3w, zapewnia codzienn\u0105 [&hellip;]<\/p>\n","protected":false},"featured_media":2353,"template":"","meta":[],"product_brand":[22],"product_cat":[21],"product_tag":[],"class_list":{"0":"post-2352","1":"product","2":"type-product","3":"status-publish","4":"has-post-thumbnail","6":"product_brand-palacio","7":"product_cat-palacio","9":"first","10":"instock","11":"taxable","12":"shipping-taxable","13":"purchasable","14":"product-type-simple"},"_links":{"self":[{"href":"https:\/\/27-215.pl\/index.php\/wp-json\/wp\/v2\/product\/2352","targetHints":{"allow":["GET"]}}],"collection":[{"href":"https:\/\/27-215.pl\/index.php\/wp-json\/wp\/v2\/product"}],"about":[{"href":"https:\/\/27-215.pl\/index.php\/wp-json\/wp\/v2\/types\/product"}],"wp:featuredmedia":[{"embeddable":true,"href":"https:\/\/27-215.pl\/index.php\/wp-json\/wp\/v2\/media\/2353"}],"wp:attachment":[{"href":"https:\/\/27-215.pl\/index.php\/wp-json\/wp\/v2\/media?parent=2352"}],"wp:term":[{"taxonomy":"product_brand","embeddable":true,"href":"https:\/\/27-215.pl\/index.php\/wp-json\/wp\/v2\/product_brand?post=2352"},{"taxonomy":"product_cat","embeddable":true,"href":"https:\/\/27-215.pl\/index.php\/wp-json\/wp\/v2\/product_cat?post=2352"},{"taxonomy":"product_tag","embeddable":true,"href":"https:\/\/27-215.pl\/index.php\/wp-json\/wp\/v2\/product_tag?post=2352"}],"curies":[{"name":"wp","href":"https:\/\/api.w.org\/{rel}","templated":true}]}}