{"id":2354,"date":"2025-10-26T21:44:36","date_gmt":"2025-10-26T20:44:36","guid":{"rendered":"https:\/\/www.27-215.pl\/?post_type=product&#038;p=2354"},"modified":"2026-04-04T08:53:13","modified_gmt":"2026-04-04T06:53:13","slug":"palacio-cannabis-balsam-do-ust-z-olejem-konopnym-25g","status":"publish","type":"product","link":"https:\/\/27-215.pl\/index.php\/produkt\/palacio-cannabis-balsam-do-ust-z-olejem-konopnym-25g\/","title":{"rendered":"PALACIO Cannabis &#8211; balsam do ust z olejem konopnym 25g"},"content":{"rendered":"<p data-start=\"0\" data-end=\"90\">\ud83d\udc8b <strong data-start=\"3\" data-end=\"84\">PALACIO Cannabis Lip Balm \u2013 regeneruj\u0105cy balsam do ust z olejem konopnym 25 g<\/strong> \ud83c\udf3f\u2728<\/p>\n<p data-start=\"92\" data-end=\"416\">Po\u017cegnaj si\u0119 z suchymi i spierzchni\u0119tymi ustami!<br data-start=\"140\" data-end=\"143\" \/><strong data-start=\"143\" data-end=\"172\">PALACIO Cannabis Lip Balm<\/strong> to od\u017cywczy balsam z <strong data-start=\"194\" data-end=\"248\">organicznego oleju konopnego (BIO Cannabis Sativa)<\/strong>, kt\u00f3ry intensywnie <strong data-start=\"268\" data-end=\"300\">nawil\u017ca, regeneruje i chroni<\/strong> delikatn\u0105 sk\u00f3r\u0119 ust. Przywraca im mi\u0119kko\u015b\u0107, g\u0142adko\u015b\u0107 i naturalny blask, zapewniaj\u0105c d\u0142ugotrwa\u0142e uczucie komfortu.<\/p>\n<p data-start=\"418\" data-end=\"437\">\ud83d\udca7 <strong data-start=\"421\" data-end=\"435\">Dzia\u0142anie:<\/strong><\/p>\n<ul data-start=\"438\" data-end=\"699\">\n<li data-start=\"438\" data-end=\"488\">\n<p data-start=\"440\" data-end=\"488\"><strong data-start=\"440\" data-end=\"464\">od\u017cywia i regeneruje<\/strong> suche, pop\u0119kane usta,<\/p>\n<\/li>\n<li data-start=\"489\" data-end=\"531\">\n<p data-start=\"491\" data-end=\"531\"><strong data-start=\"491\" data-end=\"528\">nadaje mi\u0119kko\u015b\u0107 i subtelny po\u0142ysk<\/strong>,<\/p>\n<\/li>\n<li data-start=\"532\" data-end=\"570\">\n<p data-start=\"534\" data-end=\"570\"><strong data-start=\"534\" data-end=\"567\">podkre\u015bla naturalny kolor ust<\/strong>,<\/p>\n<\/li>\n<li data-start=\"571\" data-end=\"633\">\n<p data-start=\"573\" data-end=\"633\"><strong data-start=\"573\" data-end=\"630\">chroni przed niekorzystnymi warunkami atmosferycznymi<\/strong>,<\/p>\n<\/li>\n<li data-start=\"634\" data-end=\"699\">\n<p data-start=\"636\" data-end=\"699\"><strong data-start=\"636\" data-end=\"665\">natychmiast przynosi ulg\u0119<\/strong> i przyjemne uczucie nawil\u017cenia.<\/p>\n<\/li>\n<\/ul>\n<p data-start=\"701\" data-end=\"996\">\ud83c\udf3f <strong data-start=\"704\" data-end=\"729\">Si\u0142a oleju konopnego:<\/strong><br data-start=\"729\" data-end=\"732\" \/>Olej konopny to naturalny skarb bogaty w <strong data-start=\"773\" data-end=\"800\">kwasy omega-3 i omega-6<\/strong>, kt\u00f3re zapewniaj\u0105 intensywne nawil\u017cenie i odbudowuj\u0105 barier\u0119 ochronn\u0105 sk\u00f3ry. Ma r\u00f3wnie\u017c <strong data-start=\"889\" data-end=\"929\">dzia\u0142anie przeciwzapalne i \u0142agodz\u0105ce<\/strong>, co sprawia, \u017ce usta s\u0105 zdrowe, g\u0142adkie i odporne na wysuszenie.<\/p>\n<p data-start=\"998\" data-end=\"1160\">\ud83e\uddf4 <strong data-start=\"1001\" data-end=\"1019\">Spos\u00f3b u\u017cycia:<\/strong><br data-start=\"1019\" data-end=\"1022\" \/>Nak\u0142adaj balsam na usta <strong data-start=\"1046\" data-end=\"1069\">kilka razy dziennie<\/strong>, w zale\u017cno\u015bci od potrzeb. Idealny do codziennego stosowania \u2013 zar\u00f3wno zim\u0105, jak i latem.<\/p>\n<p data-start=\"1162\" data-end=\"1242\">\ud83e\uddfe <strong data-start=\"1165\" data-end=\"1187\">Sk\u0142adniki aktywne:<\/strong><br data-start=\"1187\" data-end=\"1190\" \/>olej konopny, olej mineralny, kompozycja zapachowa<\/p>\n<p data-start=\"1244\" data-end=\"1268\">\ud83d\udce6 <strong data-start=\"1247\" data-end=\"1261\">Pojemno\u015b\u0107:<\/strong> 25 g<\/p>\n","protected":false},"excerpt":{"rendered":"<p>\ud83d\udc8b PALACIO Cannabis Lip Balm \u2013 regeneruj\u0105cy balsam do ust z olejem konopnym 25 g \ud83c\udf3f\u2728 Po\u017cegnaj si\u0119 z suchymi i spierzchni\u0119tymi ustami!PALACIO Cannabis Lip Balm to od\u017cywczy balsam z organicznego oleju konopnego (BIO Cannabis Sativa), kt\u00f3ry intensywnie nawil\u017ca, regeneruje i chroni delikatn\u0105 sk\u00f3r\u0119 ust. Przywraca im mi\u0119kko\u015b\u0107, g\u0142adko\u015b\u0107 i naturalny blask, zapewniaj\u0105c d\u0142ugotrwa\u0142e uczucie [&hellip;]<\/p>\n","protected":false},"featured_media":2355,"template":"","meta":[],"product_brand":[22],"product_cat":[21],"product_tag":[],"class_list":{"0":"post-2354","1":"product","2":"type-product","3":"status-publish","4":"has-post-thumbnail","6":"product_brand-palacio","7":"product_cat-palacio","9":"first","10":"outofstock","11":"taxable","12":"shipping-taxable","13":"purchasable","14":"product-type-simple"},"_links":{"self":[{"href":"https:\/\/27-215.pl\/index.php\/wp-json\/wp\/v2\/product\/2354","targetHints":{"allow":["GET"]}}],"collection":[{"href":"https:\/\/27-215.pl\/index.php\/wp-json\/wp\/v2\/product"}],"about":[{"href":"https:\/\/27-215.pl\/index.php\/wp-json\/wp\/v2\/types\/product"}],"wp:featuredmedia":[{"embeddable":true,"href":"https:\/\/27-215.pl\/index.php\/wp-json\/wp\/v2\/media\/2355"}],"wp:attachment":[{"href":"https:\/\/27-215.pl\/index.php\/wp-json\/wp\/v2\/media?parent=2354"}],"wp:term":[{"taxonomy":"product_brand","embeddable":true,"href":"https:\/\/27-215.pl\/index.php\/wp-json\/wp\/v2\/product_brand?post=2354"},{"taxonomy":"product_cat","embeddable":true,"href":"https:\/\/27-215.pl\/index.php\/wp-json\/wp\/v2\/product_cat?post=2354"},{"taxonomy":"product_tag","embeddable":true,"href":"https:\/\/27-215.pl\/index.php\/wp-json\/wp\/v2\/product_tag?post=2354"}],"curies":[{"name":"wp","href":"https:\/\/api.w.org\/{rel}","templated":true}]}}