{"id":2358,"date":"2025-10-26T21:51:29","date_gmt":"2025-10-26T20:51:29","guid":{"rendered":"https:\/\/www.27-215.pl\/?post_type=product&#038;p=2358"},"modified":"2026-04-17T15:12:49","modified_gmt":"2026-04-17T13:12:49","slug":"palacio-cannabis-sol-do-kapieli-z-olejem-konopnym-200g","status":"publish","type":"product","link":"https:\/\/27-215.pl\/index.php\/produkt\/palacio-cannabis-sol-do-kapieli-z-olejem-konopnym-200g\/","title":{"rendered":"S\u00f3l do k\u0105pieli PALACIO z dodatkiem oleju konopnego, 200g"},"content":{"rendered":"<p data-start=\"0\" data-end=\"93\">\ud83d\udec1 <strong data-start=\"3\" data-end=\"87\">PALACIO Cannabis Bath Salt \u2013 regeneruj\u0105ca s\u00f3l do k\u0105pieli z olejem konopnym 200 g<\/strong> \ud83c\udf3f\u2728<\/p>\n<p data-start=\"95\" data-end=\"472\">Po d\u0142ugim dniu, zanurz si\u0119 w relaksuj\u0105cej k\u0105pieli, kt\u00f3ra przyniesie ulg\u0119 Twojemu cia\u0142u i umys\u0142owi. <strong data-start=\"179\" data-end=\"209\">PALACIO Cannabis Bath Salt<\/strong> to wyj\u0105tkowy produkt, \u0142\u0105cz\u0105cy korzy\u015bci <strong data-start=\"223\" data-end=\"249\">zio\u0142owej soli do k\u0105pieli<\/strong> z dobroczynnymi w\u0142a\u015bciwo\u015bciami <strong data-start=\"262\" data-end=\"308\">oleju konopnego (Cannabis Sativa Seed Oil)<\/strong>. Ten unikalny blend dzia\u0142a <strong data-start=\"323\" data-end=\"367\">regeneruj\u0105co, odpr\u0119\u017caj\u0105co i piel\u0119gnuj\u0105co<\/strong>, pomagaj\u0105c zniwelowa\u0107 uczucie zm\u0119czenia i ci\u0119\u017cko\u015bci n\u00f3g, oraz pozostawiaj\u0105c sk\u00f3r\u0119 mi\u0119kk\u0105, g\u0142adk\u0105 i od\u015bwie\u017con\u0105.<\/p>\n<p data-start=\"474\" data-end=\"493\">\ud83d\udca7 <strong data-start=\"477\" data-end=\"491\">Dzia\u0142anie:<\/strong><\/p>\n<ul data-start=\"494\" data-end=\"767\">\n<li data-start=\"494\" data-end=\"552\">\n<p data-start=\"496\" data-end=\"552\">Dzi\u0119ki swoim w\u0142a\u015bciwo\u015bciom <strong data-start=\"496\" data-end=\"522\">relaksuje i regeneruje<\/strong> cia\u0142o po wysi\u0142ku fizycznym,<\/p>\n<\/li>\n<li data-start=\"553\" data-end=\"608\">\n<p data-start=\"555\" data-end=\"608\">skutecznie <strong data-start=\"555\" data-end=\"582\">\u0142agodzi napi\u0119cie mi\u0119\u015bni<\/strong> i uczucie ci\u0119\u017ckich n\u00f3g,<\/p>\n<\/li>\n<li data-start=\"609\" data-end=\"673\">\n<p data-start=\"611\" data-end=\"673\"><strong data-start=\"611\" data-end=\"639\">zmi\u0119kcza i od\u017cywia sk\u00f3r\u0119<\/strong>, chroni\u0105c j\u0105 przed przesuszeniem,<\/p>\n<\/li>\n<li data-start=\"674\" data-end=\"719\">\n<p data-start=\"676\" data-end=\"719\">dzia\u0142a <strong data-start=\"676\" data-end=\"707\">koj\u0105co i wyciszaj\u0105co<\/strong> na umys\u0142,<\/p>\n<\/li>\n<li data-start=\"720\" data-end=\"767\">\n<p data-start=\"722\" data-end=\"767\">i <strong data-start=\"722\" data-end=\"764\">przywraca energi\u0119 i dobre samopoczucie<\/strong>.<\/p>\n<\/li>\n<\/ul>\n<p data-start=\"769\" data-end=\"1150\">\ud83c\udf3f <strong data-start=\"772\" data-end=\"796\">Moc oleju konopnego:<\/strong><br data-start=\"796\" data-end=\"799\" \/>Olej konopny wyr\u00f3\u017cnia si\u0119 zawarto\u015bci\u0105 <strong data-start=\"826\" data-end=\"864\">kwasy t\u0142uszczowe omega-3 i omega-6<\/strong>, kt\u00f3re intensywnie nawil\u017caj\u0105 i regeneruj\u0105 sk\u00f3r\u0119. Jego <strong data-start=\"917\" data-end=\"955\">przeciwzapalne i antyoksydacyjne<\/strong> w\u0142a\u015bciwo\u015bci wspieraj\u0105 naturaln\u0105 barier\u0119 ochronn\u0105 nask\u00f3rka, zmniejszaj\u0105 sucho\u015b\u0107 i sk\u0142onno\u015b\u0107 do p\u0119kania sk\u00f3ry. Regularne k\u0105piele z sol\u0105 konopn\u0105 pomagaj\u0105 odzyska\u0107 <strong data-start=\"1104\" data-end=\"1147\">r\u00f3wnowag\u0119 i odpr\u0119\u017cenie ca\u0142ego organizmu<\/strong>.<\/p>\n<p data-start=\"1152\" data-end=\"1433\">\ud83e\uddf4 <strong data-start=\"1155\" data-end=\"1173\">Spos\u00f3b u\u017cycia:<\/strong><br data-start=\"1173\" data-end=\"1176\" \/>Aby skorzysta\u0107 z korzy\u015bci soli, wsyp <strong data-start=\"1181\" data-end=\"1201\">1\u20132 gar\u015bcie soli<\/strong> do ciep\u0142ej k\u0105pieli i pozw\u00f3l jej si\u0119 rozpu\u015bci\u0107. Zalecany czas k\u0105pieli to oko\u0142o <strong data-start=\"1276\" data-end=\"1288\">20 minut<\/strong>.<br data-start=\"1289\" data-end=\"1292\" \/>Do <strong data-start=\"1295\" data-end=\"1311\">k\u0105pieli st\u00f3p<\/strong> \u2013 dodaj 1 gar\u015b\u0107 soli do miski z ciep\u0142\u0105 wod\u0105, aby <strong data-start=\"1361\" data-end=\"1396\">zmi\u0119kczy\u0107 zrogowacia\u0142y nask\u00f3rek<\/strong> i przynie\u015b\u0107 ulg\u0119 zm\u0119czonym stopom.<\/p>\n<p data-start=\"1435\" data-end=\"1504\">\ud83e\uddfe <strong data-start=\"1438\" data-end=\"1460\">Sk\u0142adniki aktywne:<\/strong><br data-start=\"1460\" data-end=\"1463\" \/>Olej konopny, s\u00f3l, kompozycja zapachowa<\/p>\n<p data-start=\"1506\" data-end=\"1531\">\ud83d\udce6 <strong data-start=\"1509\" data-end=\"1523\">Pojemno\u015b\u0107:<\/strong> 200 g<\/p>\n","protected":false},"excerpt":{"rendered":"<p>\ud83d\udec1 PALACIO Cannabis Bath Salt \u2013 regeneruj\u0105ca s\u00f3l do k\u0105pieli z olejem konopnym 200 g \ud83c\udf3f\u2728 Po d\u0142ugim dniu, zanurz si\u0119 w relaksuj\u0105cej k\u0105pieli, kt\u00f3ra przyniesie ulg\u0119 Twojemu cia\u0142u i umys\u0142owi. PALACIO Cannabis Bath Salt to wyj\u0105tkowy produkt, \u0142\u0105cz\u0105cy korzy\u015bci zio\u0142owej soli do k\u0105pieli z dobroczynnymi w\u0142a\u015bciwo\u015bciami oleju konopnego (Cannabis Sativa Seed Oil). Ten unikalny [&hellip;]<\/p>\n","protected":false},"featured_media":33625,"template":"","meta":[],"product_brand":[22],"product_cat":[21],"product_tag":[],"class_list":{"0":"post-2358","1":"product","2":"type-product","3":"status-publish","4":"has-post-thumbnail","6":"product_brand-palacio","7":"product_cat-palacio","9":"first","10":"instock","11":"taxable","12":"shipping-taxable","13":"purchasable","14":"product-type-simple"},"_links":{"self":[{"href":"https:\/\/27-215.pl\/index.php\/wp-json\/wp\/v2\/product\/2358","targetHints":{"allow":["GET"]}}],"collection":[{"href":"https:\/\/27-215.pl\/index.php\/wp-json\/wp\/v2\/product"}],"about":[{"href":"https:\/\/27-215.pl\/index.php\/wp-json\/wp\/v2\/types\/product"}],"wp:featuredmedia":[{"embeddable":true,"href":"https:\/\/27-215.pl\/index.php\/wp-json\/wp\/v2\/media\/33625"}],"wp:attachment":[{"href":"https:\/\/27-215.pl\/index.php\/wp-json\/wp\/v2\/media?parent=2358"}],"wp:term":[{"taxonomy":"product_brand","embeddable":true,"href":"https:\/\/27-215.pl\/index.php\/wp-json\/wp\/v2\/product_brand?post=2358"},{"taxonomy":"product_cat","embeddable":true,"href":"https:\/\/27-215.pl\/index.php\/wp-json\/wp\/v2\/product_cat?post=2358"},{"taxonomy":"product_tag","embeddable":true,"href":"https:\/\/27-215.pl\/index.php\/wp-json\/wp\/v2\/product_tag?post=2358"}],"curies":[{"name":"wp","href":"https:\/\/api.w.org\/{rel}","templated":true}]}}