{"id":2362,"date":"2025-10-26T21:56:18","date_gmt":"2025-10-26T20:56:18","guid":{"rendered":"https:\/\/www.27-215.pl\/?post_type=product&#038;p=2362"},"modified":"2026-04-17T14:15:17","modified_gmt":"2026-04-17T12:15:17","slug":"palacio-sol-do-kapieli-z-lawenda-200g","status":"publish","type":"product","link":"https:\/\/27-215.pl\/index.php\/produkt\/palacio-sol-do-kapieli-z-lawenda-200g\/","title":{"rendered":"S\u00f3l do k\u0105pieli PALACIO z ekstraktem lawendowym, 200g"},"content":{"rendered":"<p data-start=\"0\" data-end=\"96\">\ud83d\udc9c <strong data-start=\"3\" data-end=\"90\">PALACIO S\u00f3l do k\u0105pieli z lawend\u0105 \u2013 relaksuj\u0105cy aromat w Twojej k\u0105pieli 200 g<\/strong> \ud83c\udf38\u2728<\/p>\n<p data-start=\"98\" data-end=\"442\">Przemie\u0144 swoj\u0105 codzienn\u0105 k\u0105piel w relaksuj\u0105cy rytua\u0142!<br data-start=\"154\" data-end=\"157\" \/><strong data-start=\"157\" data-end=\"187\">PALACIO S\u00f3l do k\u0105pieli z lawend\u0105<\/strong> to unikalna mieszanka soli i <strong data-start=\"228\" data-end=\"262\">naturalnego olejku lawendowego<\/strong>, kt\u00f3ra <strong data-start=\"270\" data-end=\"310\">piel\u0119gnuje, nawil\u017ca i zmi\u0119kcza Twoj\u0105 sk\u00f3r\u0119<\/strong>, pozostawiaj\u0105c j\u0105 g\u0142adk\u0105 i pachn\u0105c\u0105. Delikatny zapach lawendy koi Twoje zmys\u0142y i u\u0142atwia relaksacj\u0119 po d\u0142ugim dniu.<\/p>\n<p data-start=\"444\" data-end=\"463\">\ud83d\udca7 <strong data-start=\"447\" data-end=\"461\">W\u0142a\u015bciwo\u015bci:<\/strong><\/p>\n<ul data-start=\"464\" data-end=\"724\">\n<li data-start=\"464\" data-end=\"529\">\n<p data-start=\"466\" data-end=\"529\"><strong data-start=\"466\" data-end=\"495\">wyg\u0142adza i zmi\u0119kcza sk\u00f3r\u0119<\/strong>, przywracaj\u0105c jej naturaln\u0105 elastyczno\u015b\u0107,<\/p>\n<\/li>\n<li data-start=\"530\" data-end=\"581\">\n<p data-start=\"532\" data-end=\"581\"><strong data-start=\"532\" data-end=\"556\">od\u017cywia i regeneruje<\/strong> such\u0105, zm\u0119czon\u0105 sk\u00f3r\u0119,<\/p>\n<\/li>\n<li data-start=\"582\" data-end=\"627\">\n<p data-start=\"584\" data-end=\"627\"><strong data-start=\"584\" data-end=\"624\">\u0142agodzi podra\u017cnienia i odpr\u0119\u017ca cia\u0142o<\/strong>,<\/p>\n<\/li>\n<li data-start=\"628\" data-end=\"667\">\n<p data-start=\"630\" data-end=\"667\"><strong data-start=\"630\" data-end=\"664\">uspokaja umys\u0142 i pomaga w relaksacji<\/strong>,<\/p>\n<\/li>\n<li data-start=\"668\" data-end=\"724\">\n<p data-start=\"670\" data-end=\"724\"><strong data-start=\"670\" data-end=\"711\">pozostawia delikatny, lawendowy aromat<\/strong> na Twojej sk\u00f3rze.<\/p>\n<\/li>\n<\/ul>\n<p data-start=\"726\" data-end=\"1057\">\ud83c\udf3f <strong data-start=\"729\" data-end=\"745\">W\u0142a\u015bciwo\u015bci lawendy:<\/strong><br data-start=\"745\" data-end=\"748\" \/>Naturalny olejek lawendowy jest <strong data-start=\"778\" data-end=\"808\">skutecznym eliksirem relaksu<\/strong>. Dzia\u0142a <strong data-start=\"817\" data-end=\"854\">antybakteryjnie i przeciwzapalnie<\/strong>, \u0142agodzi podra\u017cnienia, przy\u015bpiesza regeneracj\u0119 sk\u00f3ry i pomaga utrzyma\u0107 jej zdrowy wygl\u0105d. Jego aromat ma <strong data-start=\"969\" data-end=\"999\">uspokajaj\u0105cy wp\u0142yw<\/strong> na organizm, wspieraj\u0105c naturalny proces relaksacji.<\/p>\n<p data-start=\"1059\" data-end=\"1268\">\ud83d\udec1 <strong data-start=\"1062\" data-end=\"1080\">Jak u\u017cywa\u0107:<\/strong><br data-start=\"1080\" data-end=\"1083\" \/>Wype\u0142nij wann\u0119 ciep\u0142\u0105 wod\u0105, dodaj kilka gar\u015bci soli i pozw\u00f3l jej si\u0119 rozpu\u015bci\u0107. Zanurz si\u0119 w k\u0105pieli i <strong data-start=\"1206\" data-end=\"1265\">pozw\u00f3l sobie na chwil\u0119 relaksu i spokoju<\/strong>.<\/p>\n<p data-start=\"1270\" data-end=\"1321\">\ud83e\uddfe <strong data-start=\"1273\" data-end=\"1295\">Sk\u0142ad:<\/strong><br data-start=\"1295\" data-end=\"1298\" \/>s\u00f3l, olejek lawendowy<\/p>\n<p data-start=\"1323\" data-end=\"1348\">\ud83d\udce6 <strong data-start=\"1326\" data-end=\"1340\">Waga:<\/strong> 200 g<\/p>\n","protected":false},"excerpt":{"rendered":"<p>\ud83d\udc9c PALACIO S\u00f3l do k\u0105pieli z lawend\u0105 \u2013 relaksuj\u0105cy aromat w Twojej k\u0105pieli 200 g \ud83c\udf38\u2728 Przemie\u0144 swoj\u0105 codzienn\u0105 k\u0105piel w relaksuj\u0105cy rytua\u0142!PALACIO S\u00f3l do k\u0105pieli z lawend\u0105 to unikalna mieszanka soli i naturalnego olejku lawendowego, kt\u00f3ra piel\u0119gnuje, nawil\u017ca i zmi\u0119kcza Twoj\u0105 sk\u00f3r\u0119, pozostawiaj\u0105c j\u0105 g\u0142adk\u0105 i pachn\u0105c\u0105. Delikatny zapach lawendy koi Twoje zmys\u0142y i [&hellip;]<\/p>\n","protected":false},"featured_media":33623,"template":"","meta":[],"product_brand":[22],"product_cat":[21],"product_tag":[],"class_list":{"0":"post-2362","1":"product","2":"type-product","3":"status-publish","4":"has-post-thumbnail","6":"product_brand-palacio","7":"product_cat-palacio","9":"first","10":"instock","11":"taxable","12":"shipping-taxable","13":"purchasable","14":"product-type-simple"},"_links":{"self":[{"href":"https:\/\/27-215.pl\/index.php\/wp-json\/wp\/v2\/product\/2362","targetHints":{"allow":["GET"]}}],"collection":[{"href":"https:\/\/27-215.pl\/index.php\/wp-json\/wp\/v2\/product"}],"about":[{"href":"https:\/\/27-215.pl\/index.php\/wp-json\/wp\/v2\/types\/product"}],"wp:featuredmedia":[{"embeddable":true,"href":"https:\/\/27-215.pl\/index.php\/wp-json\/wp\/v2\/media\/33623"}],"wp:attachment":[{"href":"https:\/\/27-215.pl\/index.php\/wp-json\/wp\/v2\/media?parent=2362"}],"wp:term":[{"taxonomy":"product_brand","embeddable":true,"href":"https:\/\/27-215.pl\/index.php\/wp-json\/wp\/v2\/product_brand?post=2362"},{"taxonomy":"product_cat","embeddable":true,"href":"https:\/\/27-215.pl\/index.php\/wp-json\/wp\/v2\/product_cat?post=2362"},{"taxonomy":"product_tag","embeddable":true,"href":"https:\/\/27-215.pl\/index.php\/wp-json\/wp\/v2\/product_tag?post=2362"}],"curies":[{"name":"wp","href":"https:\/\/api.w.org\/{rel}","templated":true}]}}