{"id":2364,"date":"2025-10-26T21:58:48","date_gmt":"2025-10-26T20:58:48","guid":{"rendered":"https:\/\/www.27-215.pl\/?post_type=product&#038;p=2364"},"modified":"2026-04-17T13:19:58","modified_gmt":"2026-04-17T11:19:58","slug":"palacio-sol-do-kapieli-z-morza-martwego-200g","status":"publish","type":"product","link":"https:\/\/27-215.pl\/index.php\/produkt\/palacio-sol-do-kapieli-z-morza-martwego-200g\/","title":{"rendered":"S\u00f3l k\u0105pielowa PALACIO &#8211; 200g z Morza Martwego"},"content":{"rendered":"<p data-start=\"0\" data-end=\"89\">\ud83c\udf0a <strong data-start=\"3\" data-end=\"83\">PALACIO Dead Sea Bath Salt \u2013 naturalna s\u00f3l do k\u0105pieli z Morza Martwego o masie 200 g<\/strong> \ud83d\udca7\u2728<\/p>\n<p data-start=\"91\" data-end=\"436\">Poczuj relaksuj\u0105cy wp\u0142yw k\u0105pieli z minera\u0142ami z Morza Martwego, kt\u00f3ra pomaga przywr\u00f3ci\u0107 r\u00f3wnowag\u0119 i energi\u0119 Twojemu cia\u0142u. <strong data-start=\"217\" data-end=\"247\">PALACIO Dead Sea Bath Salt<\/strong> to wyj\u0105tkowa s\u00f3l o bogatym sk\u0142adzie mineralnym, w tym <strong data-start=\"309\" data-end=\"332\">magnez, potas i s\u00f3d<\/strong>, kt\u00f3re wspomagaj\u0105 <strong data-start=\"350\" data-end=\"388\">regeneracj\u0119 sk\u00f3ry, mi\u0119\u015bni i staw\u00f3w<\/strong>, a tak\u017ce odpr\u0119\u017caj\u0105 i piel\u0119gnuj\u0105 cia\u0142o.<\/p>\n<p data-start=\"438\" data-end=\"457\">\ud83d\udca7 <strong data-start=\"441\" data-end=\"455\">Dzia\u0142anie:<\/strong><\/p>\n<ul data-start=\"458\" data-end=\"706\">\n<li data-start=\"458\" data-end=\"503\">\n<p data-start=\"460\" data-end=\"503\">K\u0105piel z t\u0105 sol\u0105 <strong data-start=\"460\" data-end=\"500\">przynosi ulg\u0119 napi\u0119tym mi\u0119\u015bniom<\/strong> oraz redukuje stres.<\/p>\n<\/li>\n<li data-start=\"504\" data-end=\"539\">\n<p data-start=\"506\" data-end=\"539\">S\u00f3l ta <strong data-start=\"506\" data-end=\"536\">regeneruje i nawil\u017ca sk\u00f3r\u0119<\/strong>, poprawiaj\u0105c jej elastyczno\u015b\u0107.<\/p>\n<\/li>\n<li data-start=\"540\" data-end=\"595\">\n<p data-start=\"542\" data-end=\"595\">Pomaga <strong data-start=\"542\" data-end=\"592\">\u0142agodzi\u0107 objawy podra\u017cnie\u0144 i problem\u00f3w sk\u00f3rnych<\/strong>, zapewniaj\u0105c komfort sk\u00f3rze.<\/p>\n<\/li>\n<li data-start=\"596\" data-end=\"642\">\n<p data-start=\"598\" data-end=\"642\">Wspiera <strong data-start=\"598\" data-end=\"639\">naturaln\u0105 r\u00f3wnowag\u0119 organizmu<\/strong>, promuj\u0105c zdrowie i dobre samopoczucie.<\/p>\n<\/li>\n<li data-start=\"643\" data-end=\"706\">\n<p data-start=\"645\" data-end=\"706\">Przynosi <strong data-start=\"645\" data-end=\"669\">od\u015bwie\u017cenie i relaks<\/strong> po dniu pe\u0142nym stresu lub fizycznych wysi\u0142k\u00f3w.<\/p>\n<\/li>\n<\/ul>\n<p data-start=\"708\" data-end=\"1141\">\ud83c\udf3f <strong data-start=\"711\" data-end=\"741\">Wyj\u0105tkowe w\u0142a\u015bciwo\u015bci soli z Morza Martwego:<\/strong><br data-start=\"741\" data-end=\"744\" \/>S\u00f3l ta wyr\u00f3\u017cnia si\u0119 unikalnym sk\u0142adem mineralnym, zawieraj\u0105c <strong data-start=\"817\" data-end=\"848\">10-krotnie wi\u0119cej minera\u0142\u00f3w<\/strong> ni\u017c zwyk\u0142a s\u00f3l morska. Magnez dzia\u0142a <strong data-start=\"886\" data-end=\"910\">koj\u0105co i nawil\u017caj\u0105co<\/strong> na sk\u00f3r\u0119, potas pomaga <strong data-start=\"925\" data-end=\"967\">utrzyma\u0107 r\u00f3wnowag\u0119 wodno-elektrolitow\u0105<\/strong>, a s\u00f3d wspiera <strong data-start=\"983\" data-end=\"1005\">oczyszczanie sk\u00f3ry<\/strong> i jej regeneracj\u0119. Regularne k\u0105piele z t\u0105 sol\u0105 <strong data-start=\"1063\" data-end=\"1101\">poprawiaj\u0105 kondycj\u0119 sk\u00f3ry<\/strong>, nadaj\u0105c jej g\u0142adko\u015b\u0107 i zdrowy wygl\u0105d.<\/p>\n<p data-start=\"1143\" data-end=\"1426\">\ud83d\udec1 <strong data-start=\"1146\" data-end=\"1164\">Jak u\u017cywa\u0107:<\/strong><br data-start=\"1164\" data-end=\"1167\" \/>Dodaj <strong data-start=\"1172\" data-end=\"1192\">1\u20132 gar\u015bcie soli<\/strong> do ciep\u0142ej wody k\u0105pielowej i pozw\u00f3l jej si\u0119 rozpu\u015bci\u0107.<br data-start=\"1239\" data-end=\"1242\" \/>Do <strong data-start=\"1246\" data-end=\"1266\">piel\u0119gnacji st\u00f3p<\/strong>, wsyp 1 gar\u015b\u0107 do miski z ciep\u0142\u0105 wod\u0105, aby <strong data-start=\"1311\" data-end=\"1346\">zmi\u0119kczy\u0107 zrogowacia\u0142y nask\u00f3rek<\/strong> i ul\u017cy\u0107 zm\u0119czonym stopom.<br data-start=\"1381\" data-end=\"1384\" \/>Zalecany czas k\u0105pieli to <strong data-start=\"1407\" data-end=\"1423\">ok. 20 minut<\/strong>.<\/p>\n<p data-start=\"1428\" data-end=\"1475\">\ud83e\uddfe <strong data-start=\"1431\" data-end=\"1445\">Sk\u0142adniki:<\/strong><br data-start=\"1445\" data-end=\"1448\" \/>s\u00f3l naturalna, s\u00f3l morska<\/p>\n<p data-start=\"1477\" data-end=\"1502\">\ud83d\udce6 <strong data-start=\"1480\" data-end=\"1494\">Pojemno\u015b\u0107:<\/strong> 200 g<\/p>\n","protected":false},"excerpt":{"rendered":"<p>\ud83c\udf0a PALACIO Dead Sea Bath Salt \u2013 naturalna s\u00f3l do k\u0105pieli z Morza Martwego o masie 200 g \ud83d\udca7\u2728 Poczuj relaksuj\u0105cy wp\u0142yw k\u0105pieli z minera\u0142ami z Morza Martwego, kt\u00f3ra pomaga przywr\u00f3ci\u0107 r\u00f3wnowag\u0119 i energi\u0119 Twojemu cia\u0142u. PALACIO Dead Sea Bath Salt to wyj\u0105tkowa s\u00f3l o bogatym sk\u0142adzie mineralnym, w tym magnez, potas i s\u00f3d, kt\u00f3re [&hellip;]<\/p>\n","protected":false},"featured_media":33621,"template":"","meta":[],"product_brand":[22],"product_cat":[21],"product_tag":[],"class_list":{"0":"post-2364","1":"product","2":"type-product","3":"status-publish","4":"has-post-thumbnail","6":"product_brand-palacio","7":"product_cat-palacio","9":"first","10":"instock","11":"taxable","12":"shipping-taxable","13":"purchasable","14":"product-type-simple"},"_links":{"self":[{"href":"https:\/\/27-215.pl\/index.php\/wp-json\/wp\/v2\/product\/2364","targetHints":{"allow":["GET"]}}],"collection":[{"href":"https:\/\/27-215.pl\/index.php\/wp-json\/wp\/v2\/product"}],"about":[{"href":"https:\/\/27-215.pl\/index.php\/wp-json\/wp\/v2\/types\/product"}],"wp:featuredmedia":[{"embeddable":true,"href":"https:\/\/27-215.pl\/index.php\/wp-json\/wp\/v2\/media\/33621"}],"wp:attachment":[{"href":"https:\/\/27-215.pl\/index.php\/wp-json\/wp\/v2\/media?parent=2364"}],"wp:term":[{"taxonomy":"product_brand","embeddable":true,"href":"https:\/\/27-215.pl\/index.php\/wp-json\/wp\/v2\/product_brand?post=2364"},{"taxonomy":"product_cat","embeddable":true,"href":"https:\/\/27-215.pl\/index.php\/wp-json\/wp\/v2\/product_cat?post=2364"},{"taxonomy":"product_tag","embeddable":true,"href":"https:\/\/27-215.pl\/index.php\/wp-json\/wp\/v2\/product_tag?post=2364"}],"curies":[{"name":"wp","href":"https:\/\/api.w.org\/{rel}","templated":true}]}}