{"id":241,"date":"2026-01-06T12:40:21","date_gmt":"2026-01-06T11:40:21","guid":{"rendered":"https:\/\/www.27-215.pl\/?post_type=product&#038;p=241"},"modified":"2026-04-04T08:48:47","modified_gmt":"2026-04-04T06:48:47","slug":"kalendarz-pszczelarza-polskiego-2025","status":"publish","type":"product","link":"https:\/\/27-215.pl\/index.php\/produkt\/kalendarz-pszczelarza-polskiego-2025\/","title":{"rendered":"Kalendarz 2025 dla Pszczelarzy w Polsce"},"content":{"rendered":"<p>Kalendarz pszczelarski na rok 2025 stanowi kompletny przewodnik dla ka\u017cdego mi\u0142ego pszczelarstwa, obejmuj\u0105cy zar\u00f3wno codzienne zadania w pasiece, jak i cenne wskaz\u00f3wki oraz inspiracje na ca\u0142y rok. Poza tradycyjnymi obowi\u0105zkami przypisanymi do poszczeg\u00f3lnych miesi\u0119cy, takimi jak przegl\u0105dy uli, dokarmianie pszcz\u00f3\u0142 czy przygotowanie rodzin pszczelich do zimy, kalendarz zawiera r\u00f3wnie\u017c artyku\u0142y dotycz\u0105ce ekologii, zio\u0142olecznictwa i innych naturalnych metod wspierania zdrowia pszcz\u00f3\u0142.<\/p>\n<p>W\u015br\u00f3d tre\u015bci kalendarza mo\u017cna znale\u017a\u0107 mi\u0119dzy innymi opisy tradycji zwi\u0105zanych z zbiorem jadalnych grzyb\u00f3w le\u015bnych, artyku\u0142y po\u015bwi\u0119cone Hildegardzie z Bingen oraz naturalne sposoby na wzmocnienie odporno\u015bci organizmu. Autorzy omawiaj\u0105 r\u00f3wnie\u017c tematy zwi\u0105zane z histori\u0105 i kultur\u0105 pszczelarstwa, takie jak wspomnienia z czas\u00f3w walki o niepodleg\u0142o\u015b\u0107 oraz sylwetki wybitnych postaci.<\/p>\n<p>Ca\u0142o\u015b\u0107 zosta\u0142a wzbogacona licznymi praktycznymi wskaz\u00f3wkami oraz poradami dotycz\u0105cymi zio\u0142olecznictwa, ekologicznego podej\u015bcia do pasieki oraz zdrowia pszcz\u00f3\u0142. Nie jest to tylko narz\u0119dzie do planowania pracy w pasiece, lecz r\u00f3wnie\u017c inspiruj\u0105ca lektura, kt\u00f3ra pozwoli pszczelarzom poszerzy\u0107 swoj\u0105 wiedz\u0119 i zainspirowa\u0107 si\u0119 do dalszego rozwoju.<\/p>\n<p>Autor: Stefania Moraczewska, Maria Mazurkiewicz<br \/>\nWydawca: Fundacja Pomocy Cz\u0142owiekowi i \u015arodowisku &#8222;Humana Divinis&#8221;<br \/>\nStron: 256<br \/>\nFormat: 16,5 x 23,5 cm<br \/>\nOprawa: Mi\u0119kka<br \/>\nZdj\u0119cie ksi\u0105\u017cki pogl\u0105dowe<br \/>\nISBN: 978-83-60152-43-8<\/p>\n","protected":false},"excerpt":{"rendered":"<p>Kalendarz pszczelarski na rok 2025 stanowi kompletny przewodnik dla ka\u017cdego mi\u0142ego pszczelarstwa, obejmuj\u0105cy zar\u00f3wno codzienne zadania w pasiece, jak i cenne wskaz\u00f3wki oraz inspiracje na ca\u0142y rok. Poza tradycyjnymi obowi\u0105zkami przypisanymi do poszczeg\u00f3lnych miesi\u0119cy, takimi jak przegl\u0105dy uli, dokarmianie pszcz\u00f3\u0142 czy przygotowanie rodzin pszczelich do zimy, kalendarz zawiera r\u00f3wnie\u017c artyku\u0142y dotycz\u0105ce ekologii, zio\u0142olecznictwa i innych [&hellip;]<\/p>\n","protected":false},"featured_media":33455,"template":"","meta":[],"product_brand":[],"product_cat":[18],"product_tag":[],"class_list":{"0":"post-241","1":"product","2":"type-product","3":"status-publish","4":"has-post-thumbnail","6":"product_cat-literatura","8":"first","9":"outofstock","10":"taxable","11":"shipping-taxable","12":"purchasable","13":"product-type-simple"},"_links":{"self":[{"href":"https:\/\/27-215.pl\/index.php\/wp-json\/wp\/v2\/product\/241","targetHints":{"allow":["GET"]}}],"collection":[{"href":"https:\/\/27-215.pl\/index.php\/wp-json\/wp\/v2\/product"}],"about":[{"href":"https:\/\/27-215.pl\/index.php\/wp-json\/wp\/v2\/types\/product"}],"wp:featuredmedia":[{"embeddable":true,"href":"https:\/\/27-215.pl\/index.php\/wp-json\/wp\/v2\/media\/33455"}],"wp:attachment":[{"href":"https:\/\/27-215.pl\/index.php\/wp-json\/wp\/v2\/media?parent=241"}],"wp:term":[{"taxonomy":"product_brand","embeddable":true,"href":"https:\/\/27-215.pl\/index.php\/wp-json\/wp\/v2\/product_brand?post=241"},{"taxonomy":"product_cat","embeddable":true,"href":"https:\/\/27-215.pl\/index.php\/wp-json\/wp\/v2\/product_cat?post=241"},{"taxonomy":"product_tag","embeddable":true,"href":"https:\/\/27-215.pl\/index.php\/wp-json\/wp\/v2\/product_tag?post=241"}],"curies":[{"name":"wp","href":"https:\/\/api.w.org\/{rel}","templated":true}]}}