{"id":2416,"date":"2024-10-30T15:23:09","date_gmt":"2024-10-30T14:23:09","guid":{"rendered":"https:\/\/www.27-215.pl\/?post_type=product&#038;p=2416"},"modified":"2026-04-04T08:53:24","modified_gmt":"2026-04-04T06:53:24","slug":"zatwor-styropianowy","status":"publish","type":"product","link":"https:\/\/27-215.pl\/index.php\/produkt\/zatwor-styropianowy\/","title":{"rendered":"Zatw\u00f3r styropianowy"},"content":{"rendered":"<p data-start=\"0\" data-end=\"40\"><strong data-start=\"0\" data-end=\"40\">Zatw\u00f3r styropianowy do ula<\/strong><\/p>\n<p data-start=\"42\" data-end=\"310\">Zatw\u00f3r styropianowy to praktyczny element wyposa\u017cenia ula, kt\u00f3ry pomaga pszczelarzowi \u261d\ufe0f regulowa\u0107 przestrze\u0144 gniazdow\u0105 oraz poprawia\u0107 warunki termiczne wewn\u0105trz ula. Jest szczeg\u00f3lnie przydatny w okresach ch\u0142od\u00f3w \u2744\ufe0f, przy podkarmianiu oraz podczas formowania odk\u0142ad\u00f3w.<\/p>\n<p data-start=\"312\" data-end=\"349\"><strong data-start=\"312\" data-end=\"347\">Dlaczego warto stosowa\u0107 zatw\u00f3r?<\/strong><\/p>\n<ul data-start=\"351\" data-end=\"673\">\n<li data-start=\"351\" data-end=\"442\">\n<p data-start=\"353\" data-end=\"442\">zapewnia bardzo dobr\u0105 izolacj\u0119 ciepln\u0105 \u2668\ufe0f \u2013 pszczo\u0142y maj\u0105 mniej przestrzeni do ogrzania<\/p>\n<\/li>\n<li data-start=\"443\" data-end=\"494\">\n<p data-start=\"445\" data-end=\"494\">pomaga ograniczy\u0107 gniazdo we w\u0142a\u015bciwym czasie \u2705<\/p>\n<\/li>\n<li data-start=\"495\" data-end=\"565\">\n<p data-start=\"497\" data-end=\"565\">poprawia mikroklimat w ulu, co wspiera rozw\u00f3j rodziny pszczelej \u2600\ufe0f<\/p>\n<\/li>\n<li data-start=\"566\" data-end=\"612\">\n<p data-start=\"568\" data-end=\"612\">lekki, higieniczny, \u0142atwy w czyszczeniu \u2702\ufe0f<\/p>\n<\/li>\n<li data-start=\"613\" data-end=\"673\">\n<p data-start=\"615\" data-end=\"673\">sprawdza si\u0119 zar\u00f3wno w sezonie, jak i podczas zimowli \u2603\ufe0f<\/p>\n<\/li>\n<\/ul>\n<p data-start=\"675\" data-end=\"694\"><strong data-start=\"675\" data-end=\"692\">Kiedy u\u017cywa\u0107?<\/strong><\/p>\n<p data-start=\"696\" data-end=\"840\">\u27a1\ufe0f wiosn\u0105 \u2013 by zwi\u0119kszy\u0107 tempo rozwoju rodziny<br data-start=\"742\" data-end=\"745\" \/>\u21aa\ufe0f podczas ch\u0142odniejszych nocy i jesieni\u0105<br data-start=\"786\" data-end=\"789\" \/>\u270d\ufe0f przy formowaniu odk\u0142ad\u00f3w i pracach hodowlanych<\/p>\n<p data-start=\"842\" data-end=\"1000\">\n","protected":false},"excerpt":{"rendered":"<p>Zatw\u00f3r styropianowy do ula Zatw\u00f3r styropianowy to praktyczny element wyposa\u017cenia ula, kt\u00f3ry pomaga pszczelarzowi \u261d\ufe0f regulowa\u0107 przestrze\u0144 gniazdow\u0105 oraz poprawia\u0107 warunki termiczne wewn\u0105trz ula. Jest szczeg\u00f3lnie przydatny w okresach ch\u0142od\u00f3w \u2744\ufe0f, przy podkarmianiu oraz podczas formowania odk\u0142ad\u00f3w. Dlaczego warto stosowa\u0107 zatw\u00f3r? zapewnia bardzo dobr\u0105 izolacj\u0119 ciepln\u0105 \u2668\ufe0f \u2013 pszczo\u0142y maj\u0105 mniej przestrzeni do ogrzania pomaga [&hellip;]<\/p>\n","protected":false},"featured_media":2419,"template":"","meta":[],"product_brand":[],"product_cat":[55],"product_tag":[],"class_list":{"0":"post-2416","1":"product","2":"type-product","3":"status-publish","4":"has-post-thumbnail","6":"product_cat-ramki","8":"first","9":"instock","10":"taxable","11":"shipping-taxable","12":"purchasable","13":"product-type-variable"},"_links":{"self":[{"href":"https:\/\/27-215.pl\/index.php\/wp-json\/wp\/v2\/product\/2416","targetHints":{"allow":["GET"]}}],"collection":[{"href":"https:\/\/27-215.pl\/index.php\/wp-json\/wp\/v2\/product"}],"about":[{"href":"https:\/\/27-215.pl\/index.php\/wp-json\/wp\/v2\/types\/product"}],"wp:featuredmedia":[{"embeddable":true,"href":"https:\/\/27-215.pl\/index.php\/wp-json\/wp\/v2\/media\/2419"}],"wp:attachment":[{"href":"https:\/\/27-215.pl\/index.php\/wp-json\/wp\/v2\/media?parent=2416"}],"wp:term":[{"taxonomy":"product_brand","embeddable":true,"href":"https:\/\/27-215.pl\/index.php\/wp-json\/wp\/v2\/product_brand?post=2416"},{"taxonomy":"product_cat","embeddable":true,"href":"https:\/\/27-215.pl\/index.php\/wp-json\/wp\/v2\/product_cat?post=2416"},{"taxonomy":"product_tag","embeddable":true,"href":"https:\/\/27-215.pl\/index.php\/wp-json\/wp\/v2\/product_tag?post=2416"}],"curies":[{"name":"wp","href":"https:\/\/api.w.org\/{rel}","templated":true}]}}