{"id":2424,"date":"2024-10-30T15:31:00","date_gmt":"2024-10-30T14:31:00","guid":{"rendered":"https:\/\/www.27-215.pl\/?post_type=product&#038;p=2424"},"modified":"2026-04-04T08:53:20","modified_gmt":"2026-04-04T06:53:20","slug":"gwozdzie-do-ramek-miedziowane","status":"publish","type":"product","link":"https:\/\/27-215.pl\/index.php\/produkt\/gwozdzie-do-ramek-miedziowane\/","title":{"rendered":"Gwo\u017adzie do ramek miedziowane"},"content":{"rendered":"<p data-start=\"55\" data-end=\"326\">Miedziowane gwo\u017adzie do ramek to doskona\u0142y wyb\u00f3r dla pszczelarzy, kt\u00f3rzy ceni\u0105 sobie trwa\u0142o\u015b\u0107 i wysok\u0105 jako\u015b\u0107 wykonania \u270c\ufe0f. Pow\u0142oka miedziana zwi\u0119ksza odporno\u015b\u0107 na korozj\u0119 \u2600\ufe0f oraz poprawia przyczepno\u015b\u0107 gwo\u017adzia w drewnie, co przek\u0142ada si\u0119 na mocniejsz\u0105 konstrukcj\u0119 ramek.<\/p>\n<p data-start=\"328\" data-end=\"341\"><strong data-start=\"328\" data-end=\"339\">Zalety:<\/strong><\/p>\n<ul data-start=\"342\" data-end=\"534\">\n<li data-start=\"342\" data-end=\"398\">\n<p data-start=\"344\" data-end=\"398\">miedziowana pow\u0142oka \u2013 lepsza ochrona przed korozj\u0105 \u2705<\/p>\n<\/li>\n<li data-start=\"399\" data-end=\"469\">\n<p data-start=\"401\" data-end=\"469\">\u015bwietna przyczepno\u015b\u0107 w drewnie, co zapewnia stabilne po\u0142\u0105czenia \u261d\ufe0f<\/p>\n<\/li>\n<li data-start=\"470\" data-end=\"534\">\n<p data-start=\"472\" data-end=\"534\">idealne do zbijania ramek oraz prac stolarskich w pasiece \u2702\ufe0f<\/p>\n<\/li>\n<\/ul>\n<p data-start=\"536\" data-end=\"607\"><strong data-start=\"536\" data-end=\"550\">Parametry:<\/strong><br data-start=\"550\" data-end=\"553\" \/>\u2022 Wymiar: <strong data-start=\"563\" data-end=\"581\">1,4 mm \u00d7 30 mm<\/strong><br data-start=\"581\" data-end=\"584\" \/>\u2022 Opakowanie: <strong data-start=\"598\" data-end=\"607\">100 g<\/strong><\/p>\n","protected":false},"excerpt":{"rendered":"<p>Miedziowane gwo\u017adzie do ramek to doskona\u0142y wyb\u00f3r dla pszczelarzy, kt\u00f3rzy ceni\u0105 sobie trwa\u0142o\u015b\u0107 i wysok\u0105 jako\u015b\u0107 wykonania \u270c\ufe0f. Pow\u0142oka miedziana zwi\u0119ksza odporno\u015b\u0107 na korozj\u0119 \u2600\ufe0f oraz poprawia przyczepno\u015b\u0107 gwo\u017adzia w drewnie, co przek\u0142ada si\u0119 na mocniejsz\u0105 konstrukcj\u0119 ramek. Zalety: miedziowana pow\u0142oka \u2013 lepsza ochrona przed korozj\u0105 \u2705 \u015bwietna przyczepno\u015b\u0107 w drewnie, co zapewnia stabilne po\u0142\u0105czenia [&hellip;]<\/p>\n","protected":false},"featured_media":2425,"template":"","meta":[],"product_brand":[],"product_cat":[55],"product_tag":[],"class_list":{"0":"post-2424","1":"product","2":"type-product","3":"status-publish","4":"has-post-thumbnail","6":"product_cat-ramki","8":"first","9":"instock","10":"taxable","11":"shipping-taxable","12":"purchasable","13":"product-type-simple"},"_links":{"self":[{"href":"https:\/\/27-215.pl\/index.php\/wp-json\/wp\/v2\/product\/2424","targetHints":{"allow":["GET"]}}],"collection":[{"href":"https:\/\/27-215.pl\/index.php\/wp-json\/wp\/v2\/product"}],"about":[{"href":"https:\/\/27-215.pl\/index.php\/wp-json\/wp\/v2\/types\/product"}],"wp:featuredmedia":[{"embeddable":true,"href":"https:\/\/27-215.pl\/index.php\/wp-json\/wp\/v2\/media\/2425"}],"wp:attachment":[{"href":"https:\/\/27-215.pl\/index.php\/wp-json\/wp\/v2\/media?parent=2424"}],"wp:term":[{"taxonomy":"product_brand","embeddable":true,"href":"https:\/\/27-215.pl\/index.php\/wp-json\/wp\/v2\/product_brand?post=2424"},{"taxonomy":"product_cat","embeddable":true,"href":"https:\/\/27-215.pl\/index.php\/wp-json\/wp\/v2\/product_cat?post=2424"},{"taxonomy":"product_tag","embeddable":true,"href":"https:\/\/27-215.pl\/index.php\/wp-json\/wp\/v2\/product_tag?post=2424"}],"curies":[{"name":"wp","href":"https:\/\/api.w.org\/{rel}","templated":true}]}}