{"id":2428,"date":"2024-10-30T15:36:27","date_gmt":"2024-10-30T14:36:27","guid":{"rendered":"https:\/\/www.27-215.pl\/?post_type=product&#038;p=2428"},"modified":"2026-04-14T14:30:02","modified_gmt":"2026-04-14T12:30:02","slug":"gwozdzie-do-odstepnikow-ocynkowane","status":"publish","type":"product","link":"https:\/\/27-215.pl\/index.php\/produkt\/gwozdzie-do-odstepnikow-ocynkowane\/","title":{"rendered":"Gwo\u017adzie do odst\u0119pnik\u00f3w ocynkowane"},"content":{"rendered":"<p data-start=\"63\" data-end=\"310\">Gwo\u017adzie do odst\u0119pnik\u00f3w z \u017c\u00f3\u0142tym ocynkiem to praktyczne i trwa\u0142e rozwi\u0105zanie dla pszczelarzy, kt\u00f3rzy montuj\u0105 odst\u0119pniki na ramkach pszczelich \u270c\ufe0f. Dzi\u0119ki ocynkowaniu s\u0105 chronione przed korozj\u0105 \u2600\ufe0f, co zapewnia d\u0142ug\u0105 \u017cywotno\u015b\u0107 oraz estetyczny wygl\u0105d.<\/p>\n<p data-start=\"312\" data-end=\"325\"><strong data-start=\"312\" data-end=\"323\">Zalety:<\/strong><\/p>\n<ul data-start=\"326\" data-end=\"516\">\n<li data-start=\"326\" data-end=\"381\">\n<p data-start=\"328\" data-end=\"381\">\u017c\u00f3\u0142ty ocynk \u2013 skuteczna ochrona przed rdzewieniem \u2705<\/p>\n<\/li>\n<li data-start=\"382\" data-end=\"447\">\n<p data-start=\"384\" data-end=\"447\">odpowiednia d\u0142ugo\u015b\u0107 gwarantuje pewne mocowanie odst\u0119pnik\u00f3w \u261d\ufe0f<\/p>\n<\/li>\n<li data-start=\"448\" data-end=\"516\">\n<p data-start=\"450\" data-end=\"516\">idealne do prac stolarskich zwi\u0105zanych z przygotowaniem ramek \u2702\ufe0f<\/p>\n<\/li>\n<\/ul>\n<p data-start=\"518\" data-end=\"589\"><strong data-start=\"518\" data-end=\"532\">Parametry:<\/strong><br data-start=\"532\" data-end=\"535\" \/>\u2022 Wymiar: <strong data-start=\"545\" data-end=\"563\">1,2 mm \u00d7 20 mm<\/strong><br data-start=\"563\" data-end=\"566\" \/>\u2022 Opakowanie: <strong data-start=\"580\" data-end=\"589\">100 g<\/strong><\/p>\n","protected":false},"excerpt":{"rendered":"<p>Gwo\u017adzie do odst\u0119pnik\u00f3w z \u017c\u00f3\u0142tym ocynkiem to praktyczne i trwa\u0142e rozwi\u0105zanie dla pszczelarzy, kt\u00f3rzy montuj\u0105 odst\u0119pniki na ramkach pszczelich \u270c\ufe0f. Dzi\u0119ki ocynkowaniu s\u0105 chronione przed korozj\u0105 \u2600\ufe0f, co zapewnia d\u0142ug\u0105 \u017cywotno\u015b\u0107 oraz estetyczny wygl\u0105d. Zalety: \u017c\u00f3\u0142ty ocynk \u2013 skuteczna ochrona przed rdzewieniem \u2705 odpowiednia d\u0142ugo\u015b\u0107 gwarantuje pewne mocowanie odst\u0119pnik\u00f3w \u261d\ufe0f idealne do prac stolarskich zwi\u0105zanych [&hellip;]<\/p>\n","protected":false},"featured_media":2429,"template":"","meta":[],"product_brand":[],"product_cat":[55],"product_tag":[],"class_list":{"0":"post-2428","1":"product","2":"type-product","3":"status-publish","4":"has-post-thumbnail","6":"product_cat-ramki","8":"first","9":"instock","10":"taxable","11":"shipping-taxable","12":"purchasable","13":"product-type-simple"},"_links":{"self":[{"href":"https:\/\/27-215.pl\/index.php\/wp-json\/wp\/v2\/product\/2428","targetHints":{"allow":["GET"]}}],"collection":[{"href":"https:\/\/27-215.pl\/index.php\/wp-json\/wp\/v2\/product"}],"about":[{"href":"https:\/\/27-215.pl\/index.php\/wp-json\/wp\/v2\/types\/product"}],"wp:featuredmedia":[{"embeddable":true,"href":"https:\/\/27-215.pl\/index.php\/wp-json\/wp\/v2\/media\/2429"}],"wp:attachment":[{"href":"https:\/\/27-215.pl\/index.php\/wp-json\/wp\/v2\/media?parent=2428"}],"wp:term":[{"taxonomy":"product_brand","embeddable":true,"href":"https:\/\/27-215.pl\/index.php\/wp-json\/wp\/v2\/product_brand?post=2428"},{"taxonomy":"product_cat","embeddable":true,"href":"https:\/\/27-215.pl\/index.php\/wp-json\/wp\/v2\/product_cat?post=2428"},{"taxonomy":"product_tag","embeddable":true,"href":"https:\/\/27-215.pl\/index.php\/wp-json\/wp\/v2\/product_tag?post=2428"}],"curies":[{"name":"wp","href":"https:\/\/api.w.org\/{rel}","templated":true}]}}