{"id":2430,"date":"2025-10-30T15:42:56","date_gmt":"2025-10-30T14:42:56","guid":{"rendered":"https:\/\/www.27-215.pl\/?post_type=product&#038;p=2430"},"modified":"2026-04-17T12:22:33","modified_gmt":"2026-04-17T10:22:33","slug":"rekawice-skorzane-ii-gatunek-9-l","status":"publish","type":"product","link":"https:\/\/27-215.pl\/index.php\/produkt\/rekawice-skorzane-ii-gatunek-9-l\/","title":{"rendered":"R\u0119kawice ze sk\u00f3ry II gatunku, rozmiar 9\/L"},"content":{"rendered":"<blockquote>\n<p data-start=\"63\" data-end=\"379\"><strong data-start=\"381\" data-end=\"400\">ZWRO\u0106 UWAG\u0118! NINIEJSZY PRODUKT TO R\u0118KAWICE II GATUNKU, CHARAKTERYZUJ\u0104CE SI\u0118 \u017b\u00d3\u0141TYMI PRZEBARWIENIAMI NA R\u0118KAWACH!<\/strong><\/p>\n<\/blockquote>\n<p data-start=\"63\" data-end=\"379\">Dla pszczelarzy, kt\u00f3rzy szukaj\u0105 skutecznej ochrony d\u0142oni podczas pracy w ulu, a przy tym chc\u0105 zaoszcz\u0119dzi\u0107, idealnym rozwi\u0105zaniem s\u0105 r\u0119kawice sk\u00f3rzane II gatunku \u2714\ufe0f. Mog\u0105 one posiada\u0107 niewielkie wady wizualne, takie jak lekkie przebarwienia na r\u0119kawach \u2702\ufe0f, jednak nie maj\u0105 one wp\u0142ywu na komfort u\u017cytkowania ani funkcjonalno\u015b\u0107 produktu.<\/p>\n<p data-start=\"381\" data-end=\"402\"><strong data-start=\"381\" data-end=\"400\">Co sprawia, \u017ce s\u0105 one warte uwagi?<\/strong><\/p>\n<ul data-start=\"403\" data-end=\"659\">\n<li data-start=\"403\" data-end=\"456\">\n<p data-start=\"405\" data-end=\"456\">zapewnienie ca\u0142kowitej ochrony d\u0142oni przed pszczo\u0142ami \u261d\ufe0f<\/p>\n<\/li>\n<li data-start=\"457\" data-end=\"509\">\n<p data-start=\"459\" data-end=\"509\">mi\u0119kka sk\u00f3ra gwarantuje swobodne ruchy i wygod\u0119 podczas pracy \u270d\ufe0f<\/p>\n<\/li>\n<li data-start=\"510\" data-end=\"592\">\n<p data-start=\"512\" data-end=\"592\">wady wizualne nie wp\u0142ywaj\u0105 na jako\u015b\u0107 u\u017cytkow\u0105, kt\u00f3ra pozostaje na wysokim poziomie \u2705<\/p>\n<\/li>\n<li data-start=\"593\" data-end=\"659\">\n<p data-start=\"595\" data-end=\"659\"><strong data-start=\"595\" data-end=\"609\">50% taniej<\/strong> \u2013 korzystna oferta dla pszczelarzy, kt\u00f3rzy szukaj\u0105 oszcz\u0119dno\u015bci \u270c\ufe0f<\/p>\n<\/li>\n<\/ul>\n<p><strong>Rozmiar<\/strong>: 9\/L<\/p>\n","protected":false},"excerpt":{"rendered":"<p>ZWRO\u0106 UWAG\u0118! NINIEJSZY PRODUKT TO R\u0118KAWICE II GATUNKU, CHARAKTERYZUJ\u0104CE SI\u0118 \u017b\u00d3\u0141TYMI PRZEBARWIENIAMI NA R\u0118KAWACH! Dla pszczelarzy, kt\u00f3rzy szukaj\u0105 skutecznej ochrony d\u0142oni podczas pracy w ulu, a przy tym chc\u0105 zaoszcz\u0119dzi\u0107, idealnym rozwi\u0105zaniem s\u0105 r\u0119kawice sk\u00f3rzane II gatunku \u2714\ufe0f. Mog\u0105 one posiada\u0107 niewielkie wady wizualne, takie jak lekkie przebarwienia na r\u0119kawach \u2702\ufe0f, jednak nie maj\u0105 one [&hellip;]<\/p>\n","protected":false},"featured_media":33618,"template":"","meta":[],"product_brand":[],"product_cat":[52],"product_tag":[],"class_list":{"0":"post-2430","1":"product","2":"type-product","3":"status-publish","4":"has-post-thumbnail","6":"product_cat-rekawice","8":"first","9":"instock","10":"taxable","11":"shipping-taxable","12":"purchasable","13":"product-type-simple"},"_links":{"self":[{"href":"https:\/\/27-215.pl\/index.php\/wp-json\/wp\/v2\/product\/2430","targetHints":{"allow":["GET"]}}],"collection":[{"href":"https:\/\/27-215.pl\/index.php\/wp-json\/wp\/v2\/product"}],"about":[{"href":"https:\/\/27-215.pl\/index.php\/wp-json\/wp\/v2\/types\/product"}],"wp:featuredmedia":[{"embeddable":true,"href":"https:\/\/27-215.pl\/index.php\/wp-json\/wp\/v2\/media\/33618"}],"wp:attachment":[{"href":"https:\/\/27-215.pl\/index.php\/wp-json\/wp\/v2\/media?parent=2430"}],"wp:term":[{"taxonomy":"product_brand","embeddable":true,"href":"https:\/\/27-215.pl\/index.php\/wp-json\/wp\/v2\/product_brand?post=2430"},{"taxonomy":"product_cat","embeddable":true,"href":"https:\/\/27-215.pl\/index.php\/wp-json\/wp\/v2\/product_cat?post=2430"},{"taxonomy":"product_tag","embeddable":true,"href":"https:\/\/27-215.pl\/index.php\/wp-json\/wp\/v2\/product_tag?post=2430"}],"curies":[{"name":"wp","href":"https:\/\/api.w.org\/{rel}","templated":true}]}}