{"id":2491,"date":"2025-11-05T21:03:59","date_gmt":"2025-11-05T20:03:59","guid":{"rendered":"https:\/\/www.27-215.pl\/?post_type=product&#038;p=2491"},"modified":"2026-04-17T11:35:19","modified_gmt":"2026-04-17T09:35:19","slug":"putorius-wazelina-kosmetyczna-biala-150-ml","status":"publish","type":"product","link":"https:\/\/27-215.pl\/index.php\/produkt\/putorius-wazelina-kosmetyczna-biala-150-ml\/","title":{"rendered":"Wazelina kosmetyczna bia\u0142a 150 ml &#8211; Putorius"},"content":{"rendered":"<h2 data-start=\"77\" data-end=\"119\"><strong data-start=\"80\" data-end=\"112\">Delikatna ma\u015b\u0107 150 ml z bia\u0142\u0105 wazelin\u0105<\/strong> \ud83e\uddf4\ud83c\udf3f<\/h2>\n<p data-start=\"120\" data-end=\"399\">Doskona\u0142a dla ca\u0142ej rodziny, ta uniwersalna ma\u015b\u0107 do piel\u0119gnacji sk\u00f3ry jest idealna dla sk\u00f3ry suchej, szorstkiej, podra\u017cnionej lub pop\u0119kanej. Baz\u0105 tej ma\u015bci jest <strong data-start=\"259\" data-end=\"277\">bia\u0142a wazelina<\/strong>, kt\u00f3ra zosta\u0142a wzbogacona o <strong data-start=\"289\" data-end=\"324\">\u0142agodne ekstrakty zio\u0142owe<\/strong>, co pozwala jej doskonale nat\u0142uszcza\u0107, chroni\u0107 i wspiera\u0107 regeneracj\u0119 nask\u00f3rka.<\/p>\n<h3 data-start=\"401\" data-end=\"428\">\u2705 <strong data-start=\"407\" data-end=\"426\">Dlaczego warto?<\/strong><\/h3>\n<ul data-start=\"429\" data-end=\"723\">\n<li data-start=\"429\" data-end=\"473\">\n<p data-start=\"431\" data-end=\"473\">skutecznie <strong data-start=\"443\" data-end=\"465\">nawil\u017ca i zmi\u0119kcza<\/strong> sk\u00f3r\u0119<\/p>\n<\/li>\n<li data-start=\"474\" data-end=\"541\">\n<p data-start=\"476\" data-end=\"541\">tworzy <strong data-start=\"483\" data-end=\"503\">skuteczn\u0105 barier\u0119 ochronn\u0105<\/strong> przed przesuszeniem i podra\u017cnieniem<\/p>\n<\/li>\n<li data-start=\"542\" data-end=\"604\">\n<p data-start=\"544\" data-end=\"604\">idealnie nadaje si\u0119 do piel\u0119gnacji suchej, pop\u0119kanej sk\u00f3ry na d\u0142oniach, \u0142okciach, kolanach i pi\u0119tach<\/p>\n<\/li>\n<li data-start=\"605\" data-end=\"665\">\n<p data-start=\"607\" data-end=\"665\">bezpieczna w u\u017cyciu <strong data-start=\"632\" data-end=\"663\">dla dzieci od 3. roku \u017cycia<\/strong><\/p>\n<\/li>\n<li data-start=\"666\" data-end=\"723\">\n<p data-start=\"668\" data-end=\"723\">odpowiednia do codziennego piel\u0119gnowania sk\u00f3ry wra\u017cliwej<\/p>\n<\/li>\n<\/ul>\n<h3 data-start=\"725\" data-end=\"749\">\ud83c\udf3f <strong data-start=\"732\" data-end=\"747\">Jak dzia\u0142a?<\/strong><\/h3>\n<p data-start=\"750\" data-end=\"941\">Ma\u015b\u0107 ta zapobiega utracie wilgoci, nat\u0142uszcza sk\u00f3r\u0119 i \u0142agodzi jej szorstko\u015b\u0107. Dodatki zio\u0142owe wspomagaj\u0105 regeneracj\u0119, dzi\u0119ki czemu sk\u00f3ra staje si\u0119 mi\u0119kka, g\u0142adka i wyra\u017anie zadbana.<\/p>\n<h3 data-start=\"943\" data-end=\"970\">\ud83e\uddf4 <strong data-start=\"950\" data-end=\"968\">Spos\u00f3b u\u017cycia:<\/strong><\/h3>\n<p data-start=\"971\" data-end=\"1128\">Aplikuj cienk\u0105 warstw\u0119 ma\u015bci na czyst\u0105 i such\u0105 sk\u00f3r\u0119, a nast\u0119pnie delikatnie wmasuj. Stosuj kilka razy dziennie, zgodnie z potrzebami. Nie stosowa\u0107 na otwarte rany.<\/p>\n<h3 data-start=\"1130\" data-end=\"1153\">\ud83e\uddfe <strong data-start=\"1137\" data-end=\"1151\">Sk\u0142adniki:<\/strong><\/h3>\n<p data-start=\"1154\" data-end=\"1213\">Petrolatum (bia\u0142a wazelina), Glycine Soja Oil (olej sojowy)<\/p>\n<h3 data-start=\"1215\" data-end=\"1245\">\ud83d\udce6 <strong data-start=\"1222\" data-end=\"1236\">Pojemno\u015b\u0107:<\/strong> 150 ml<\/h3>\n","protected":false},"excerpt":{"rendered":"<p>Delikatna ma\u015b\u0107 150 ml z bia\u0142\u0105 wazelin\u0105 \ud83e\uddf4\ud83c\udf3f Doskona\u0142a dla ca\u0142ej rodziny, ta uniwersalna ma\u015b\u0107 do piel\u0119gnacji sk\u00f3ry jest idealna dla sk\u00f3ry suchej, szorstkiej, podra\u017cnionej lub pop\u0119kanej. Baz\u0105 tej ma\u015bci jest bia\u0142a wazelina, kt\u00f3ra zosta\u0142a wzbogacona o \u0142agodne ekstrakty zio\u0142owe, co pozwala jej doskonale nat\u0142uszcza\u0107, chroni\u0107 i wspiera\u0107 regeneracj\u0119 nask\u00f3rka. \u2705 Dlaczego warto? skutecznie nawil\u017ca [&hellip;]<\/p>\n","protected":false},"featured_media":33615,"template":"","meta":[],"product_brand":[26],"product_cat":[25],"product_tag":[],"class_list":{"0":"post-2491","1":"product","2":"type-product","3":"status-publish","4":"has-post-thumbnail","6":"product_brand-putorius","7":"product_cat-putorius","9":"first","10":"instock","11":"taxable","12":"shipping-taxable","13":"purchasable","14":"product-type-simple"},"_links":{"self":[{"href":"https:\/\/27-215.pl\/index.php\/wp-json\/wp\/v2\/product\/2491","targetHints":{"allow":["GET"]}}],"collection":[{"href":"https:\/\/27-215.pl\/index.php\/wp-json\/wp\/v2\/product"}],"about":[{"href":"https:\/\/27-215.pl\/index.php\/wp-json\/wp\/v2\/types\/product"}],"wp:featuredmedia":[{"embeddable":true,"href":"https:\/\/27-215.pl\/index.php\/wp-json\/wp\/v2\/media\/33615"}],"wp:attachment":[{"href":"https:\/\/27-215.pl\/index.php\/wp-json\/wp\/v2\/media?parent=2491"}],"wp:term":[{"taxonomy":"product_brand","embeddable":true,"href":"https:\/\/27-215.pl\/index.php\/wp-json\/wp\/v2\/product_brand?post=2491"},{"taxonomy":"product_cat","embeddable":true,"href":"https:\/\/27-215.pl\/index.php\/wp-json\/wp\/v2\/product_cat?post=2491"},{"taxonomy":"product_tag","embeddable":true,"href":"https:\/\/27-215.pl\/index.php\/wp-json\/wp\/v2\/product_tag?post=2491"}],"curies":[{"name":"wp","href":"https:\/\/api.w.org\/{rel}","templated":true}]}}