{"id":2495,"date":"2025-11-06T08:44:27","date_gmt":"2025-11-06T07:44:27","guid":{"rendered":"https:\/\/www.27-215.pl\/?post_type=product&#038;p=2495"},"modified":"2026-04-28T15:51:50","modified_gmt":"2026-04-28T13:51:50","slug":"putorius-masc-z-lawenda-150-ml","status":"publish","type":"product","link":"https:\/\/27-215.pl\/index.php\/produkt\/putorius-masc-z-lawenda-150-ml\/","title":{"rendered":"Ma\u015b\u0107 Putorius z ekstraktem lawendowym, 150 ml"},"content":{"rendered":"<p data-start=\"0\" data-end=\"30\"><strong data-start=\"0\" data-end=\"30\">Ma\u015b\u0107 z lawend\u0105 o obj\u0119to\u015bci 150 ml \ud83c\udf3f\ud83d\udc9c<\/strong><\/p>\n<p data-start=\"32\" data-end=\"260\">To delikatna ma\u015b\u0107, kt\u00f3ra \u0142\u0105czy w sobie ekstrakt z lawendy oraz naturalny wosk pszczeli, idealnie nadaj\u0105c si\u0119 do piel\u0119gnacji sk\u00f3ry, kt\u00f3ra potrzebuje ukojenia i odpr\u0119\u017cenia. Subtelny aromat lawendy dzia\u0142a koj\u0105co nie tylko na sk\u00f3r\u0119, ale r\u00f3wnie\u017c na umys\u0142.<\/p>\n<p data-start=\"262\" data-end=\"283\">\u2705 <strong data-start=\"264\" data-end=\"283\">Dlaczego jest tak korzystna?<\/strong><\/p>\n<ul data-start=\"284\" data-end=\"494\">\n<li data-start=\"284\" data-end=\"327\">\n<p data-start=\"286\" data-end=\"327\">posiada w\u0142a\u015bciwo\u015bci antybakteryjne i antyseptyczne<\/p>\n<\/li>\n<li data-start=\"328\" data-end=\"382\">\n<p data-start=\"330\" data-end=\"382\">\u0142agodzi podra\u017cnienia sk\u00f3ry i drobne urazy<\/p>\n<\/li>\n<li data-start=\"383\" data-end=\"433\">\n<p data-start=\"385\" data-end=\"433\">przyczynia si\u0119 do relaksacji i poprawy jako\u015bci snu<\/p>\n<\/li>\n<li data-start=\"434\" data-end=\"494\">\n<p data-start=\"436\" data-end=\"494\">nadaje si\u0119 do codziennego u\u017cytku w piel\u0119gnacji sk\u00f3ry ca\u0142ego cia\u0142a<\/p>\n<\/li>\n<\/ul>\n<p data-start=\"496\" data-end=\"742\">\ud83c\udf3f <strong data-start=\"499\" data-end=\"514\">Mechanizm dzia\u0142ania:<\/strong><br \/>\nEkstrakt z lawendy zapewnia ulg\u0119 i wyciszenie, natomiast wosk pszczeli tworzy ochronn\u0105 barier\u0119 na powierzchni sk\u00f3ry, chroni\u0105c j\u0105 przed utrat\u0105 wilgoci i wspieraj\u0105c naturalne procesy regeneracyjne. Dzi\u0119ki temu sk\u00f3ra napi\u0119ta odzyskuje komfort, a zmys\u0142y s\u0105 uspokajane przez delikatny aromat.<\/p>\n<p data-start=\"744\" data-end=\"908\">\ud83e\uddf4 <strong data-start=\"747\" data-end=\"765\">Spos\u00f3b stosowania:<\/strong><br \/>\nAplikuj cienk\u0105 warstw\u0119 ma\u015bci na oczyszczon\u0105 i such\u0105 sk\u00f3r\u0119, delikatnie wmasowuj\u0105c j\u0105. Produkt mo\u017cna stosowa\u0107 kilka razy dziennie, unikaj\u0105c aplikacji na otwarte rany.<\/p>\n<p data-start=\"910\" data-end=\"1071\">\ud83e\uddfe <strong data-start=\"913\" data-end=\"927\">Sk\u0142ad:<\/strong><br data-start=\"927\" data-end=\"930\" \/>Petrolatum (wazelina kosmetyczna), Glycine Soja Oil (olej sojowy), Lavandula Angustifolia Oil (olejek lawendowy), Cera Alba (wosk pszczeli)<\/p>\n<p data-start=\"1073\" data-end=\"1097\">\ud83d\udce6 <strong data-start=\"1076\" data-end=\"1090\">Wielko\u015b\u0107 opakowania:<\/strong> 150 ml<\/p>\n","protected":false},"excerpt":{"rendered":"<p>Ma\u015b\u0107 z lawend\u0105 o obj\u0119to\u015bci 150 ml \ud83c\udf3f\ud83d\udc9c To delikatna ma\u015b\u0107, kt\u00f3ra \u0142\u0105czy w sobie ekstrakt z lawendy oraz naturalny wosk pszczeli, idealnie nadaj\u0105c si\u0119 do piel\u0119gnacji sk\u00f3ry, kt\u00f3ra potrzebuje ukojenia i odpr\u0119\u017cenia. Subtelny aromat lawendy dzia\u0142a koj\u0105co nie tylko na sk\u00f3r\u0119, ale r\u00f3wnie\u017c na umys\u0142. \u2705 Dlaczego jest tak korzystna? posiada w\u0142a\u015bciwo\u015bci antybakteryjne i [&hellip;]<\/p>\n","protected":false},"featured_media":33613,"template":"","meta":[],"product_brand":[26],"product_cat":[25],"product_tag":[],"class_list":{"0":"post-2495","1":"product","2":"type-product","3":"status-publish","4":"has-post-thumbnail","6":"product_brand-putorius","7":"product_cat-putorius","9":"first","10":"instock","11":"taxable","12":"shipping-taxable","13":"purchasable","14":"product-type-simple"},"_links":{"self":[{"href":"https:\/\/27-215.pl\/index.php\/wp-json\/wp\/v2\/product\/2495","targetHints":{"allow":["GET"]}}],"collection":[{"href":"https:\/\/27-215.pl\/index.php\/wp-json\/wp\/v2\/product"}],"about":[{"href":"https:\/\/27-215.pl\/index.php\/wp-json\/wp\/v2\/types\/product"}],"wp:featuredmedia":[{"embeddable":true,"href":"https:\/\/27-215.pl\/index.php\/wp-json\/wp\/v2\/media\/33613"}],"wp:attachment":[{"href":"https:\/\/27-215.pl\/index.php\/wp-json\/wp\/v2\/media?parent=2495"}],"wp:term":[{"taxonomy":"product_brand","embeddable":true,"href":"https:\/\/27-215.pl\/index.php\/wp-json\/wp\/v2\/product_brand?post=2495"},{"taxonomy":"product_cat","embeddable":true,"href":"https:\/\/27-215.pl\/index.php\/wp-json\/wp\/v2\/product_cat?post=2495"},{"taxonomy":"product_tag","embeddable":true,"href":"https:\/\/27-215.pl\/index.php\/wp-json\/wp\/v2\/product_tag?post=2495"}],"curies":[{"name":"wp","href":"https:\/\/api.w.org\/{rel}","templated":true}]}}