{"id":2497,"date":"2025-11-06T08:47:40","date_gmt":"2025-11-06T07:47:40","guid":{"rendered":"https:\/\/www.27-215.pl\/?post_type=product&#038;p=2497"},"modified":"2026-04-24T20:11:36","modified_gmt":"2026-04-24T18:11:36","slug":"putorius-masc-z-przytulia-lesna-150-ml","status":"publish","type":"product","link":"https:\/\/27-215.pl\/index.php\/produkt\/putorius-masc-z-przytulia-lesna-150-ml\/","title":{"rendered":"Ma\u015b\u0107 Putorius z ekstraktem przytuli le\u015bnej, 150 ml"},"content":{"rendered":"<p data-start=\"0\" data-end=\"48\"><strong data-start=\"0\" data-end=\"46\">Luksusowa ma\u015b\u0107 \u201eSv\u00edzel\u201d z przytuli\u0105 le\u015bn\u0105 &#8211; 150 ml \ud83c\udf3f\u2728<\/strong><\/p>\n<p data-start=\"50\" data-end=\"255\">Stworzona, aby przywr\u00f3ci\u0107 sk\u00f3rze j\u0119drno\u015b\u0107 i blask, nasza ma\u015b\u0107 z ekstraktem z przytuli le\u015bnej jest doskona\u0142ym rozwi\u0105zaniem do piel\u0119gnacji twarzy i cia\u0142a, szczeg\u00f3lnie dla sk\u00f3ry zm\u0119czonej, z oznakami starzenia lub po goleniu.<\/p>\n<p data-start=\"257\" data-end=\"280\">\u2705 <strong data-start=\"259\" data-end=\"278\">Dlaczego warto si\u0119gn\u0105\u0107 po ni\u0105?<\/strong><\/p>\n<ul data-start=\"281\" data-end=\"502\">\n<li data-start=\"281\" data-end=\"346\">\n<p data-start=\"283\" data-end=\"346\">pomaga wyg\u0142adza\u0107 zmarszczki i zapobiega powstawaniu nowych<\/p>\n<\/li>\n<li data-start=\"347\" data-end=\"392\">\n<p data-start=\"349\" data-end=\"392\">poprawia elastyczno\u015b\u0107 i j\u0119drno\u015b\u0107 sk\u00f3ry<\/p>\n<\/li>\n<li data-start=\"393\" data-end=\"433\">\n<p data-start=\"395\" data-end=\"433\">\u0142agodzi podra\u017cnienia sk\u00f3ry po goleniu<\/p>\n<\/li>\n<li data-start=\"434\" data-end=\"502\">\n<p data-start=\"436\" data-end=\"502\">odpowiednia dla piel\u0119gnacji sk\u00f3ry twarzy i cia\u0142a, zar\u00f3wno dla m\u0119\u017cczyzn, jak i kobiet<\/p>\n<\/li>\n<\/ul>\n<p data-start=\"504\" data-end=\"808\">\ud83c\udf3f <strong data-start=\"507\" data-end=\"522\">Mechanizm dzia\u0142ania:<\/strong><br data-start=\"522\" data-end=\"525\" \/>W po\u0142\u0105czeniu z woskiem pszczelim, ekstrakt z przytuli le\u015bnej wykazuje silne w\u0142a\u015bciwo\u015bci regeneruj\u0105ce i ochronne, napinaj\u0105c i uj\u0119drniaj\u0105c sk\u00f3r\u0119, oraz chroni\u0105c j\u0105 przed negatywnym wp\u0142ywem czynnik\u00f3w zewn\u0119trznych, co sprawia, \u017ce jest idealna do codziennej piel\u0119gnacji sk\u00f3ry dojrza\u0142ej lub wymagaj\u0105cej komfortu.<\/p>\n<p data-start=\"810\" data-end=\"982\">\ud83e\uddf4 <strong data-start=\"813\" data-end=\"831\">Zastosowanie:<\/strong><br data-start=\"831\" data-end=\"834\" \/>Aplikuj niewielk\u0105 ilo\u015b\u0107 ma\u015bci na wybrane partie sk\u00f3ry i delikatnie wmasuj. Zalecana cz\u0119stotliwo\u015b\u0107 stosowania to 1-2 razy dziennie lub wed\u0142ug indywidualnych potrzeb. Nie zalecane jest stosowanie na otwarte rany.<\/p>\n<p data-start=\"984\" data-end=\"1201\">\ud83e\uddfe <strong data-start=\"987\" data-end=\"1001\">Sk\u0142ad:<\/strong><br data-start=\"1001\" data-end=\"1004\" \/>Petrolatum (wazelina kosmetyczna), Glycine Soja Oil (olej sojowy), Cera Alba (wosk pszczeli), Galium Verum Extract (ekstrakt z przytuli le\u015bnej) oraz dodatkowe ekstrakty zio\u0142owe<br data-start=\"1172\" data-end=\"1175\" \/>\ud83d\udce6 <strong data-start=\"1178\" data-end=\"1192\">Pojemno\u015b\u0107 opakowania:<\/strong> 150 ml<\/p>\n","protected":false},"excerpt":{"rendered":"<p>Luksusowa ma\u015b\u0107 \u201eSv\u00edzel\u201d z przytuli\u0105 le\u015bn\u0105 &#8211; 150 ml \ud83c\udf3f\u2728 Stworzona, aby przywr\u00f3ci\u0107 sk\u00f3rze j\u0119drno\u015b\u0107 i blask, nasza ma\u015b\u0107 z ekstraktem z przytuli le\u015bnej jest doskona\u0142ym rozwi\u0105zaniem do piel\u0119gnacji twarzy i cia\u0142a, szczeg\u00f3lnie dla sk\u00f3ry zm\u0119czonej, z oznakami starzenia lub po goleniu. \u2705 Dlaczego warto si\u0119gn\u0105\u0107 po ni\u0105? pomaga wyg\u0142adza\u0107 zmarszczki i zapobiega powstawaniu nowych [&hellip;]<\/p>\n","protected":false},"featured_media":33611,"template":"","meta":[],"product_brand":[26],"product_cat":[25],"product_tag":[],"class_list":{"0":"post-2497","1":"product","2":"type-product","3":"status-publish","4":"has-post-thumbnail","6":"product_brand-putorius","7":"product_cat-putorius","9":"first","10":"instock","11":"taxable","12":"shipping-taxable","13":"purchasable","14":"product-type-simple"},"_links":{"self":[{"href":"https:\/\/27-215.pl\/index.php\/wp-json\/wp\/v2\/product\/2497","targetHints":{"allow":["GET"]}}],"collection":[{"href":"https:\/\/27-215.pl\/index.php\/wp-json\/wp\/v2\/product"}],"about":[{"href":"https:\/\/27-215.pl\/index.php\/wp-json\/wp\/v2\/types\/product"}],"wp:featuredmedia":[{"embeddable":true,"href":"https:\/\/27-215.pl\/index.php\/wp-json\/wp\/v2\/media\/33611"}],"wp:attachment":[{"href":"https:\/\/27-215.pl\/index.php\/wp-json\/wp\/v2\/media?parent=2497"}],"wp:term":[{"taxonomy":"product_brand","embeddable":true,"href":"https:\/\/27-215.pl\/index.php\/wp-json\/wp\/v2\/product_brand?post=2497"},{"taxonomy":"product_cat","embeddable":true,"href":"https:\/\/27-215.pl\/index.php\/wp-json\/wp\/v2\/product_cat?post=2497"},{"taxonomy":"product_tag","embeddable":true,"href":"https:\/\/27-215.pl\/index.php\/wp-json\/wp\/v2\/product_tag?post=2497"}],"curies":[{"name":"wp","href":"https:\/\/api.w.org\/{rel}","templated":true}]}}