{"id":2501,"date":"2025-11-06T08:56:46","date_gmt":"2025-11-06T07:56:46","guid":{"rendered":"https:\/\/www.27-215.pl\/?post_type=product&#038;p=2501"},"modified":"2026-04-17T09:00:34","modified_gmt":"2026-04-17T07:00:34","slug":"putorius-krem-z-kozim-mlekiem-150ml","status":"publish","type":"product","link":"https:\/\/27-215.pl\/index.php\/produkt\/putorius-krem-z-kozim-mlekiem-150ml\/","title":{"rendered":"Krem Putorius o pojemno\u015bci 500ml, zawieraj\u0105cy kozie mleko"},"content":{"rendered":"<p data-start=\"0\" data-end=\"61\"><strong data-start=\"0\" data-end=\"61\">Od\u017cywczy i nawil\u017caj\u0105cy krem z kozim mlekiem \u2013 150 ml \ud83e\uddf4\ud83d\udc10<\/strong><\/p>\n<p data-start=\"63\" data-end=\"368\">Krem ten, zawieraj\u0105cy <strong data-start=\"90\" data-end=\"107\">kozie mleko<\/strong>, jest delikatny i od\u017cywczy, dzi\u0119ki czemu idealnie nadaje si\u0119 do piel\u0119gnacji ka\u017cdego typu cery, w szczeg\u00f3lno\u015bci suchej, zm\u0119czonej i wymagaj\u0105cej regeneracji. Dzi\u0119ki swoim bogatym sk\u0142adnikom od\u017cywczym, intensywnie nawil\u017ca sk\u00f3r\u0119, wyg\u0142adza j\u0105 i poprawia jej elastyczno\u015b\u0107, przywracaj\u0105c naturaln\u0105 mi\u0119kko\u015b\u0107 i promienny wygl\u0105d.<\/p>\n<p data-start=\"370\" data-end=\"391\">\u2705 <strong data-start=\"372\" data-end=\"391\">Dlaczego warto wybra\u0107 ten krem?<\/strong><\/p>\n<ul data-start=\"393\" data-end=\"635\">\n<li data-start=\"393\" data-end=\"432\">\n<p data-start=\"395\" data-end=\"432\">zapewnia intensywne nawil\u017cenie i od\u017cywienie sk\u00f3ry<\/p>\n<\/li>\n<li data-start=\"433\" data-end=\"476\">\n<p data-start=\"435\" data-end=\"476\">pomaga op\u00f3\u017ani\u0107 pojawienie si\u0119 oznak przedwczesnego starzenia<\/p>\n<\/li>\n<li data-start=\"477\" data-end=\"525\">\n<p data-start=\"479\" data-end=\"525\">regeneruje, zmi\u0119kcza i poprawia elastyczno\u015b\u0107 sk\u00f3ry<\/p>\n<\/li>\n<li data-start=\"526\" data-end=\"576\">\n<p data-start=\"528\" data-end=\"576\">jest idealny dla sk\u00f3ry suchej, zm\u0119czonej i wra\u017cliwej<\/p>\n<\/li>\n<li data-start=\"577\" data-end=\"635\">\n<p data-start=\"579\" data-end=\"635\">szybko si\u0119 wch\u0142ania, nie pozostawiaj\u0105c na sk\u00f3rze t\u0142ustej warstwy<\/p>\n<\/li>\n<\/ul>\n<p data-start=\"637\" data-end=\"655\">\ud83c\udf3f <strong data-start=\"640\" data-end=\"655\">Mechanizm dzia\u0142ania<\/strong><\/p>\n<p data-start=\"657\" data-end=\"969\">Sk\u0142adniki pochodz\u0105ce z <strong data-start=\"679\" data-end=\"696\">koziego mleka<\/strong> pomagaj\u0105 utrzyma\u0107 odpowiedni poziom nawil\u017cenia sk\u00f3ry, a tak\u017ce wspieraj\u0105 odbudow\u0119 naturalnej bariery ochronnej. Regularne stosowanie tego kremu poprawia kondycj\u0119 cery, czyni\u0105c j\u0105 mi\u0119kk\u0105, g\u0142adk\u0105 i bardziej elastyczn\u0105. Krem jest tak\u017ce odpowiedni dla cery problematycznej.<\/p>\n<p data-start=\"971\" data-end=\"1197\">\ud83e\uddf4 <strong data-start=\"974\" data-end=\"992\">Jak stosowa\u0107?<\/strong><br data-start=\"992\" data-end=\"995\" \/>Aplikuj niewielk\u0105 ilo\u015b\u0107 kremu na oczyszczon\u0105 sk\u00f3r\u0119 twarzy lub cia\u0142a, delikatnie wmasuj i pozostaw do wch\u0142oni\u0119cia. Zalecane jest stosowanie kilka razy dziennie, wed\u0142ug indywidualnych potrzeb. Nale\u017cy unika\u0107 kontaktu z oczami.<\/p>\n<p data-start=\"1199\" data-end=\"1225\">\ud83e\uddfe <strong data-start=\"1202\" data-end=\"1216\">Pojemno\u015b\u0107 opakowania:<\/strong> 500 ml<\/p>\n","protected":false},"excerpt":{"rendered":"<p>Od\u017cywczy i nawil\u017caj\u0105cy krem z kozim mlekiem \u2013 150 ml \ud83e\uddf4\ud83d\udc10 Krem ten, zawieraj\u0105cy kozie mleko, jest delikatny i od\u017cywczy, dzi\u0119ki czemu idealnie nadaje si\u0119 do piel\u0119gnacji ka\u017cdego typu cery, w szczeg\u00f3lno\u015bci suchej, zm\u0119czonej i wymagaj\u0105cej regeneracji. Dzi\u0119ki swoim bogatym sk\u0142adnikom od\u017cywczym, intensywnie nawil\u017ca sk\u00f3r\u0119, wyg\u0142adza j\u0105 i poprawia jej elastyczno\u015b\u0107, przywracaj\u0105c naturaln\u0105 mi\u0119kko\u015b\u0107 i [&hellip;]<\/p>\n","protected":false},"featured_media":33609,"template":"","meta":[],"product_brand":[26],"product_cat":[25],"product_tag":[],"class_list":{"0":"post-2501","1":"product","2":"type-product","3":"status-publish","4":"has-post-thumbnail","6":"product_brand-putorius","7":"product_cat-putorius","9":"first","10":"outofstock","11":"taxable","12":"shipping-taxable","13":"purchasable","14":"product-type-simple"},"_links":{"self":[{"href":"https:\/\/27-215.pl\/index.php\/wp-json\/wp\/v2\/product\/2501","targetHints":{"allow":["GET"]}}],"collection":[{"href":"https:\/\/27-215.pl\/index.php\/wp-json\/wp\/v2\/product"}],"about":[{"href":"https:\/\/27-215.pl\/index.php\/wp-json\/wp\/v2\/types\/product"}],"wp:featuredmedia":[{"embeddable":true,"href":"https:\/\/27-215.pl\/index.php\/wp-json\/wp\/v2\/media\/33609"}],"wp:attachment":[{"href":"https:\/\/27-215.pl\/index.php\/wp-json\/wp\/v2\/media?parent=2501"}],"wp:term":[{"taxonomy":"product_brand","embeddable":true,"href":"https:\/\/27-215.pl\/index.php\/wp-json\/wp\/v2\/product_brand?post=2501"},{"taxonomy":"product_cat","embeddable":true,"href":"https:\/\/27-215.pl\/index.php\/wp-json\/wp\/v2\/product_cat?post=2501"},{"taxonomy":"product_tag","embeddable":true,"href":"https:\/\/27-215.pl\/index.php\/wp-json\/wp\/v2\/product_tag?post=2501"}],"curies":[{"name":"wp","href":"https:\/\/api.w.org\/{rel}","templated":true}]}}