{"id":2504,"date":"2025-11-06T09:04:58","date_gmt":"2025-11-06T08:04:58","guid":{"rendered":"https:\/\/www.27-215.pl\/?post_type=product&#038;p=2504"},"modified":"2026-04-17T08:21:10","modified_gmt":"2026-04-17T06:21:10","slug":"putorius-zel-konopny-rozgrzewajacy-150-ml","status":"publish","type":"product","link":"https:\/\/27-215.pl\/index.php\/produkt\/putorius-zel-konopny-rozgrzewajacy-150-ml\/","title":{"rendered":"\u017bel konopny rozgrzewaj\u0105cy Putorius 150 ml"},"content":{"rendered":"<p data-start=\"0\" data-end=\"41\"><strong data-start=\"0\" data-end=\"41\">\u017bel konopny 150 ml &#8211; rozgrzewaj\u0105cy i regeneruj\u0105cy \ud83c\udf3f\ud83d\udd25<\/strong><\/p>\n<p data-start=\"43\" data-end=\"382\">Dla sk\u00f3ry zm\u0119czonej, napi\u0119tej i potrzebuj\u0105cej regeneracji, idealnym wsparciem jest rozgrzewaj\u0105cy \u017cel konopny. Dzi\u0119ki zawarto\u015bci <strong data-start=\"173\" data-end=\"192\">oleju konopnego<\/strong> oraz <strong data-start=\"198\" data-end=\"224\">olejku eukaliptusowego<\/strong>, sk\u00f3ra odzyskuje komfort, elastyczno\u015b\u0107 i zdrowy wygl\u0105d. Szczeg\u00f3lnie polecany dla os\u00f3b wykonuj\u0105cych prac\u0119 fizyczn\u0105 lub do\u015bwiadczaj\u0105cych zm\u0119czenia mi\u0119\u015bni.<\/p>\n<p data-start=\"384\" data-end=\"405\">\u2705 <strong data-start=\"386\" data-end=\"405\">Dlaczego warto wybra\u0107 ten produkt?<\/strong><\/p>\n<ul data-start=\"407\" data-end=\"697\">\n<li data-start=\"407\" data-end=\"458\">\n<p data-start=\"409\" data-end=\"458\">umo\u017cliwia <strong data-start=\"421\" data-end=\"456\">intensywn\u0105 regeneracj\u0119 i uelastycznienie sk\u00f3ry<\/strong><\/p>\n<\/li>\n<li data-start=\"459\" data-end=\"517\">\n<p data-start=\"461\" data-end=\"517\">nadaje sk\u00f3rze <strong data-start=\"475\" data-end=\"515\">g\u0142adko\u015b\u0107, mi\u0119kko\u015b\u0107 i naturalny blask<\/strong><\/p>\n<\/li>\n<li data-start=\"518\" data-end=\"588\">\n<p data-start=\"520\" data-end=\"588\">pomaga w \u0142agodzeniu dyskomfortu sk\u00f3ry oraz wspiera w piel\u0119gnacji zmian sk\u00f3rnych<\/p>\n<\/li>\n<li data-start=\"589\" data-end=\"650\">\n<p data-start=\"591\" data-end=\"650\">przyjemnie <strong data-start=\"602\" data-end=\"621\">rozgrzewa sk\u00f3r\u0119<\/strong>, poprawiaj\u0105c jej ukrwienie<\/p>\n<\/li>\n<li data-start=\"651\" data-end=\"697\">\n<p data-start=\"653\" data-end=\"697\">doskona\u0142y do stosowania przy zm\u0119czeniu mi\u0119\u015bni i po wysi\u0142ku<\/p>\n<\/li>\n<\/ul>\n<p data-start=\"699\" data-end=\"736\">\ud83c\udf3f <strong data-start=\"702\" data-end=\"736\">G\u0142\u00f3wne sk\u0142adniki i ich dzia\u0142anie<\/strong><\/p>\n<ul data-start=\"738\" data-end=\"894\">\n<li data-start=\"738\" data-end=\"819\">\n<p data-start=\"740\" data-end=\"819\"><strong data-start=\"740\" data-end=\"756\">olej konopny<\/strong> &#8211; od\u017cywia, regeneruje i wspiera sk\u00f3r\u0119 problematyczn\u0105<\/p>\n<\/li>\n<li data-start=\"820\" data-end=\"894\">\n<p data-start=\"822\" data-end=\"894\"><strong data-start=\"822\" data-end=\"846\">olejek eukaliptusowy<\/strong> &#8211; dzia\u0142a koj\u0105co, rozlu\u017aniaj\u0105co i od\u015bwie\u017caj\u0105co<\/p>\n<\/li>\n<\/ul>\n<p data-start=\"896\" data-end=\"1063\">\ud83e\uddf4 <strong data-start=\"899\" data-end=\"917\">Jak stosowa\u0107:<\/strong><br data-start=\"917\" data-end=\"920\" \/>Aplikuj niewielk\u0105 ilo\u015b\u0107 \u017celu na wybrane miejsce, delikatnie wmasuj w sk\u00f3r\u0119, a\u017c do wch\u0142oni\u0119cia. Regularne stosowanie zwi\u0119ksza efekt.<\/p>\n<p data-start=\"1065\" data-end=\"1091\">\u26a0\ufe0f <strong data-start=\"1068\" data-end=\"1089\">Wa\u017cne informacje dotycz\u0105ce stosowania:<\/strong><\/p>\n<ul data-start=\"1092\" data-end=\"1245\">\n<li data-start=\"1092\" data-end=\"1128\">\n<p data-start=\"1094\" data-end=\"1128\">stosowa\u0107 wy\u0142\u0105cznie zewn\u0119trznie<\/p>\n<\/li>\n<li data-start=\"1129\" data-end=\"1179\">\n<p data-start=\"1131\" data-end=\"1179\">unikaj kontaktu z oczami i otwartymi ranami<\/p>\n<\/li>\n<li data-start=\"1180\" data-end=\"1228\">\n<p data-start=\"1182\" data-end=\"1228\">nie zalecany dla dzieci poni\u017cej 3. roku \u017cycia<\/p>\n<\/li>\n<li data-start=\"1229\" data-end=\"1245\">\n<p data-start=\"1231\" data-end=\"1245\">nie przeznaczony do spo\u017cycia<\/p>\n<\/li>\n<\/ul>\n<p data-start=\"1247\" data-end=\"1273\">\ud83d\udce6 <strong data-start=\"1250\" data-end=\"1264\">Pojemno\u015b\u0107 opakowania:<\/strong> 150 ml<\/p>\n","protected":false},"excerpt":{"rendered":"<p>\u017bel konopny 150 ml &#8211; rozgrzewaj\u0105cy i regeneruj\u0105cy \ud83c\udf3f\ud83d\udd25 Dla sk\u00f3ry zm\u0119czonej, napi\u0119tej i potrzebuj\u0105cej regeneracji, idealnym wsparciem jest rozgrzewaj\u0105cy \u017cel konopny. Dzi\u0119ki zawarto\u015bci oleju konopnego oraz olejku eukaliptusowego, sk\u00f3ra odzyskuje komfort, elastyczno\u015b\u0107 i zdrowy wygl\u0105d. Szczeg\u00f3lnie polecany dla os\u00f3b wykonuj\u0105cych prac\u0119 fizyczn\u0105 lub do\u015bwiadczaj\u0105cych zm\u0119czenia mi\u0119\u015bni. \u2705 Dlaczego warto wybra\u0107 ten produkt? umo\u017cliwia intensywn\u0105 [&hellip;]<\/p>\n","protected":false},"featured_media":33607,"template":"","meta":[],"product_brand":[26],"product_cat":[25],"product_tag":[],"class_list":{"0":"post-2504","1":"product","2":"type-product","3":"status-publish","4":"has-post-thumbnail","6":"product_brand-putorius","7":"product_cat-putorius","9":"first","10":"instock","11":"taxable","12":"shipping-taxable","13":"purchasable","14":"product-type-simple"},"_links":{"self":[{"href":"https:\/\/27-215.pl\/index.php\/wp-json\/wp\/v2\/product\/2504","targetHints":{"allow":["GET"]}}],"collection":[{"href":"https:\/\/27-215.pl\/index.php\/wp-json\/wp\/v2\/product"}],"about":[{"href":"https:\/\/27-215.pl\/index.php\/wp-json\/wp\/v2\/types\/product"}],"wp:featuredmedia":[{"embeddable":true,"href":"https:\/\/27-215.pl\/index.php\/wp-json\/wp\/v2\/media\/33607"}],"wp:attachment":[{"href":"https:\/\/27-215.pl\/index.php\/wp-json\/wp\/v2\/media?parent=2504"}],"wp:term":[{"taxonomy":"product_brand","embeddable":true,"href":"https:\/\/27-215.pl\/index.php\/wp-json\/wp\/v2\/product_brand?post=2504"},{"taxonomy":"product_cat","embeddable":true,"href":"https:\/\/27-215.pl\/index.php\/wp-json\/wp\/v2\/product_cat?post=2504"},{"taxonomy":"product_tag","embeddable":true,"href":"https:\/\/27-215.pl\/index.php\/wp-json\/wp\/v2\/product_tag?post=2504"}],"curies":[{"name":"wp","href":"https:\/\/api.w.org\/{rel}","templated":true}]}}