{"id":2508,"date":"2025-11-06T09:15:13","date_gmt":"2025-11-06T08:15:13","guid":{"rendered":"https:\/\/www.27-215.pl\/?post_type=product&#038;p=2508"},"modified":"2026-04-17T08:14:49","modified_gmt":"2026-04-17T06:14:49","slug":"putorius-zel-z-syntetycznym-jadem-weza-150-ml","status":"publish","type":"product","link":"https:\/\/27-215.pl\/index.php\/produkt\/putorius-zel-z-syntetycznym-jadem-weza-150-ml\/","title":{"rendered":"\u017bel Putorius z jadem w\u0119\u017ca syntetycznym, obj\u0119to\u015b\u0107 150 ml"},"content":{"rendered":"<p data-start=\"0\" data-end=\"120\"><strong data-start=\"0\" data-end=\"49\">Putorius \u017bel z syntetycznym jadem w\u0119\u017ca 150 ml<\/strong> \ud83d\udc0d\ud83d\udcaa<\/p>\n<p data-start=\"0\" data-end=\"120\"><br data-start=\"54\" data-end=\"57\" \/>Dla os\u00f3b cierpi\u0105cych na napi\u0119cia mi\u0119\u015bniowe, przeci\u0105\u017cenia i b\u00f3le staw\u00f3w, nasz \u017cel oferuje intensywn\u0105 regeneracj\u0119 i ukojenie.<\/p>\n<p data-start=\"122\" data-end=\"539\">Preparat ten zosta\u0142 stworzony z my\u015bl\u0105 o osobach potrzebuj\u0105cych skutecznej ulgi w przypadku napi\u0119\u0107 mi\u0119\u015bniowych, przeci\u0105\u017ce\u0144 oraz b\u00f3l\u00f3w staw\u00f3w. Zawiera innowacyjny sk\u0142adnik <strong data-start=\"312\" data-end=\"323\">SYN-AKE<\/strong>, kt\u00f3ry jest laboratoryjnie opracowan\u0105 substancj\u0105 inspirowan\u0105 jadem w\u0119\u017ca <em data-start=\"386\" data-end=\"410\">Ch\u0159est\u00fd\u0161ovce Waglerova<\/em>, znanym ze swoich w\u0142a\u015bciwo\u015bci rozlu\u017aniaj\u0105cych. Dzi\u0119ki temu \u017cel jest w stanie z\u0142agodzi\u0107 napi\u0119cia, zmniejszy\u0107 skurcze mi\u0119\u015bni oraz wspom\u00f3c regeneracj\u0119 zm\u0119czonych obszar\u00f3w.<\/p>\n<p data-start=\"541\" data-end=\"726\">Nasze wyj\u0105tkowe po\u0142\u0105czenie sk\u0142adnik\u00f3w obejmuje r\u00f3wnie\u017c ekstrakty zio\u0142owe, takie jak kasztanowiec i \u017cywokost, kt\u00f3re intensyfikuj\u0105 dzia\u0142anie \u017celu, pomagaj\u0105c w redukowaniu obrz\u0119k\u00f3w, stan\u00f3w zapalnych oraz uczucia zm\u0119czenia n\u00f3g.<\/p>\n<p data-start=\"728\" data-end=\"1119\">\u2705 <strong data-start=\"730\" data-end=\"749\">Dlaczego warto?<\/strong><br data-start=\"749\" data-end=\"752\" \/>\u2022 Zmniejsza napi\u0119cia i skurcze mi\u0119\u015bni<br data-start=\"803\" data-end=\"806\" \/>\u2022 Przynosi ulg\u0119 w b\u00f3lach staw\u00f3w, kr\u0119gos\u0142upa i \u015bci\u0119gien<br data-start=\"862\" data-end=\"865\" \/>\u2022 Wspiera regeneracj\u0119 po intensywnym wysi\u0142ku fizycznym<br data-start=\"907\" data-end=\"910\" \/>\u2022 Jest pomocny w przypadku artretyzmu, stan\u00f3w reumatycznych, stan\u00f3w zapalnych \u015bci\u0119gien i obrz\u0119k\u00f3w<br data-start=\"999\" data-end=\"1002\" data-is-only-node=\"\" \/>\u2022 Idealny dla os\u00f3b z ci\u0119\u017ckimi nogami po d\u0142ugim dniu<br data-start=\"1052\" data-end=\"1055\" \/>\u2022 Mo\u017ce by\u0107 stosowany przed, w trakcie i po treningu lub pracy fizycznej<\/p>\n<p data-start=\"1121\" data-end=\"1364\">\ud83c\udf3f <strong data-start=\"1124\" data-end=\"1139\">Jak dzia\u0142a?<\/strong><br data-start=\"1139\" data-end=\"1142\" \/>Po\u0142\u0105czenie SYN-AKE z ekstraktami z \u017cywokostu, kasztanowca, nagietka, rumianku, dziurawca i sza\u0142wii daje silny efekt regeneruj\u0105cy i \u0142agodz\u0105cy, dzi\u0119ki kt\u00f3remu \u017cel dzia\u0142a koj\u0105co, poprawia komfort ruchu i wspiera naturaln\u0105 odnow\u0119 tkanek.<\/p>\n<p data-start=\"1366\" data-end=\"1563\">\ud83e\uddf4 <strong data-start=\"1369\" data-end=\"1387\">Spos\u00f3b u\u017cycia:<\/strong><br data-start=\"1387\" data-end=\"1390\" \/>\u017bel nale\u017cy nanosi\u0107 na wybrane miejsce i delikatnie wmasowa\u0107. Mo\u017ce by\u0107 stosowany wed\u0142ug potrzeby, nawet kilka razy dziennie.<br data-start=\"1491\" data-end=\"1494\" \/>Nale\u017cy unika\u0107 kontaktu z oczami. Nie zalecany dla dzieci poni\u017cej 3 roku \u017cycia.<\/p>\n<p data-start=\"1565\" data-end=\"1591\">\ud83d\udce6 <strong data-start=\"1568\" data-end=\"1582\">Pojemno\u015b\u0107:<\/strong> 150 ml<\/p>\n","protected":false},"excerpt":{"rendered":"<p>Putorius \u017bel z syntetycznym jadem w\u0119\u017ca 150 ml \ud83d\udc0d\ud83d\udcaa Dla os\u00f3b cierpi\u0105cych na napi\u0119cia mi\u0119\u015bniowe, przeci\u0105\u017cenia i b\u00f3le staw\u00f3w, nasz \u017cel oferuje intensywn\u0105 regeneracj\u0119 i ukojenie. Preparat ten zosta\u0142 stworzony z my\u015bl\u0105 o osobach potrzebuj\u0105cych skutecznej ulgi w przypadku napi\u0119\u0107 mi\u0119\u015bniowych, przeci\u0105\u017ce\u0144 oraz b\u00f3l\u00f3w staw\u00f3w. Zawiera innowacyjny sk\u0142adnik SYN-AKE, kt\u00f3ry jest laboratoryjnie opracowan\u0105 substancj\u0105 inspirowan\u0105 [&hellip;]<\/p>\n","protected":false},"featured_media":33601,"template":"","meta":[],"product_brand":[26],"product_cat":[25],"product_tag":[],"class_list":{"0":"post-2508","1":"product","2":"type-product","3":"status-publish","4":"has-post-thumbnail","6":"product_brand-putorius","7":"product_cat-putorius","9":"first","10":"instock","11":"taxable","12":"shipping-taxable","13":"purchasable","14":"product-type-simple"},"_links":{"self":[{"href":"https:\/\/27-215.pl\/index.php\/wp-json\/wp\/v2\/product\/2508","targetHints":{"allow":["GET"]}}],"collection":[{"href":"https:\/\/27-215.pl\/index.php\/wp-json\/wp\/v2\/product"}],"about":[{"href":"https:\/\/27-215.pl\/index.php\/wp-json\/wp\/v2\/types\/product"}],"wp:featuredmedia":[{"embeddable":true,"href":"https:\/\/27-215.pl\/index.php\/wp-json\/wp\/v2\/media\/33601"}],"wp:attachment":[{"href":"https:\/\/27-215.pl\/index.php\/wp-json\/wp\/v2\/media?parent=2508"}],"wp:term":[{"taxonomy":"product_brand","embeddable":true,"href":"https:\/\/27-215.pl\/index.php\/wp-json\/wp\/v2\/product_brand?post=2508"},{"taxonomy":"product_cat","embeddable":true,"href":"https:\/\/27-215.pl\/index.php\/wp-json\/wp\/v2\/product_cat?post=2508"},{"taxonomy":"product_tag","embeddable":true,"href":"https:\/\/27-215.pl\/index.php\/wp-json\/wp\/v2\/product_tag?post=2508"}],"curies":[{"name":"wp","href":"https:\/\/api.w.org\/{rel}","templated":true}]}}