{"id":2515,"date":"2025-11-06T09:22:12","date_gmt":"2025-11-06T08:22:12","guid":{"rendered":"https:\/\/www.27-215.pl\/?post_type=product&#038;p=2515"},"modified":"2026-04-17T08:14:23","modified_gmt":"2026-04-17T06:14:23","slug":"putorius-balsam-z-kasztanowcem-konskim-i-konopia-500-ml","status":"publish","type":"product","link":"https:\/\/27-215.pl\/index.php\/produkt\/putorius-balsam-z-kasztanowcem-konskim-i-konopia-500-ml\/","title":{"rendered":"Balsam Putorius 500 ml z wyj\u0105tkowym po\u0142\u0105czeniem kasztanowca ko\u0144skiego i konopi"},"content":{"rendered":"<p data-start=\"0\" data-end=\"121\"><strong data-start=\"0\" data-end=\"59\">Balsam Putorius z kasztanowcem ko\u0144skim i konopi\u0105 500 ml<\/strong> \ud83c\udf3f\ud83d\udc9a<\/p>\n<p data-start=\"0\" data-end=\"121\">Dla sk\u00f3ry zm\u0119czonej, obci\u0105\u017conej i suchej &#8211; regeneracja, ukojenie i nawil\u017cenie<\/p>\n<p data-start=\"123\" data-end=\"443\">Ten zio\u0142owy balsam, wzbogacony o kasztanowiec ko\u0144ski i olej konopny, stanowi skuteczn\u0105 pomoc dla sk\u00f3ry, kt\u00f3ra potrzebuje ulgi i regeneracji, szczeg\u00f3lnie po d\u0142ugim dniu, intensywnym staniu lub wysi\u0142ku fizycznym. Po\u0142\u0105czenie naturalnych ekstrakt\u00f3w ro\u015blinnych i wyj\u0105tkowych w\u0142a\u015bciwo\u015bci konopi sprawia, \u017ce sk\u00f3ra staje si\u0119 g\u0142adsza, elastyczna i wyra\u017anie odm\u0142odzona.<\/p>\n<p data-start=\"445\" data-end=\"611\">Formu\u0142a balsamu oparta na naturalnych ekstraktach ro\u015blinnych, w tym <strong data-start=\"547\" data-end=\"566\">olej konopny<\/strong>, przynosi sk\u00f3rze koj\u0105ce dzia\u0142anie, wspiera jej odnow\u0119 i intensywnie j\u0105 nawil\u017ca.<\/p>\n<p data-start=\"613\" data-end=\"1000\">\u2705 <strong data-start=\"615\" data-end=\"634\">Dlaczego jest on tak wyj\u0105tkowy?<\/strong><br data-start=\"634\" data-end=\"637\" \/>\u2022 przynosi ulg\u0119 przy napi\u0119ciu, zm\u0119czeniu i przeci\u0105\u017ceniu mi\u0119\u015bni<br data-start=\"699\" data-end=\"702\" \/>\u2022 regeneruje, zmi\u0119kcza i nawil\u017ca sk\u00f3r\u0119<br data-start=\"740\" data-end=\"743\" \/>\u2022 zawiera <strong data-start=\"753\" data-end=\"769\">olej konopny<\/strong>, kt\u00f3ry jest pomocny w leczeniu sucho\u015bci, egzem i podra\u017cnie\u0144 sk\u00f3ry<br data-start=\"820\" data-end=\"823\" \/>\u2022 wspiera mikrokr\u0105\u017cenie i regeneracj\u0119 sk\u00f3ry dzi\u0119ki kasztanowcowi i \u017cywokostowi<br data-start=\"895\" data-end=\"898\" \/>\u2022 bogata w zio\u0142a formu\u0142a idealnie nadaje si\u0119 do relaksuj\u0105cego masa\u017cu<br data-start=\"954\" data-end=\"957\" \/>\u2022 regularne stosowanie zwi\u0119ksza skuteczno\u015b\u0107 produktu<\/p>\n<p data-start=\"1002\" data-end=\"1267\">\ud83c\udf3f <strong data-start=\"1005\" data-end=\"1046\">Unikalna mieszanka kilkunastu ekstrakt\u00f3w zio\u0142owych:<\/strong><br data-start=\"1046\" data-end=\"1049\" \/>Olej konopny, kasztanowiec, \u017cywokost, arnika, eukaliptus, lawenda, rozmaryn, ja\u0142owiec, rumianek, nagietek, tymianek, ginkgo biloba, czarna porzeczka, ekstrakt z cytryny, v\u0159es, kosodrzewina, sosna, jod\u0142a i wiele innych.<\/p>\n<p data-start=\"1269\" data-end=\"1474\">\ud83e\uddf4 <strong data-start=\"1272\" data-end=\"1290\">Jak stosowa\u0107:<\/strong><br data-start=\"1290\" data-end=\"1293\" \/>Nanie\u015b niewielk\u0105 ilo\u015b\u0107 balsamu na sk\u00f3r\u0119 i delikatnie wmasuj. Mo\u017cna stosowa\u0107 kilka razy dziennie wed\u0142ug potrzeb.<br data-start=\"1379\" data-end=\"1382\" \/>Stosowa\u0107 tylko zewn\u0119trznie. Unika\u0107 kontaktu z oczami. Nie zalecany dla dzieci poni\u017cej 3 lat.<\/p>\n<p data-start=\"1476\" data-end=\"1502\">\ud83d\udce6 <strong data-start=\"1479\" data-end=\"1493\">Pojemno\u015b\u0107 butelki:<\/strong> 500 ml<\/p>\n","protected":false},"excerpt":{"rendered":"<p>Balsam Putorius z kasztanowcem ko\u0144skim i konopi\u0105 500 ml \ud83c\udf3f\ud83d\udc9a Dla sk\u00f3ry zm\u0119czonej, obci\u0105\u017conej i suchej &#8211; regeneracja, ukojenie i nawil\u017cenie Ten zio\u0142owy balsam, wzbogacony o kasztanowiec ko\u0144ski i olej konopny, stanowi skuteczn\u0105 pomoc dla sk\u00f3ry, kt\u00f3ra potrzebuje ulgi i regeneracji, szczeg\u00f3lnie po d\u0142ugim dniu, intensywnym staniu lub wysi\u0142ku fizycznym. Po\u0142\u0105czenie naturalnych ekstrakt\u00f3w ro\u015blinnych i [&hellip;]<\/p>\n","protected":false},"featured_media":33597,"template":"","meta":[],"product_brand":[26],"product_cat":[25],"product_tag":[],"class_list":{"0":"post-2515","1":"product","2":"type-product","3":"status-publish","4":"has-post-thumbnail","6":"product_brand-putorius","7":"product_cat-putorius","9":"first","10":"instock","11":"taxable","12":"shipping-taxable","13":"purchasable","14":"product-type-simple"},"_links":{"self":[{"href":"https:\/\/27-215.pl\/index.php\/wp-json\/wp\/v2\/product\/2515","targetHints":{"allow":["GET"]}}],"collection":[{"href":"https:\/\/27-215.pl\/index.php\/wp-json\/wp\/v2\/product"}],"about":[{"href":"https:\/\/27-215.pl\/index.php\/wp-json\/wp\/v2\/types\/product"}],"wp:featuredmedia":[{"embeddable":true,"href":"https:\/\/27-215.pl\/index.php\/wp-json\/wp\/v2\/media\/33597"}],"wp:attachment":[{"href":"https:\/\/27-215.pl\/index.php\/wp-json\/wp\/v2\/media?parent=2515"}],"wp:term":[{"taxonomy":"product_brand","embeddable":true,"href":"https:\/\/27-215.pl\/index.php\/wp-json\/wp\/v2\/product_brand?post=2515"},{"taxonomy":"product_cat","embeddable":true,"href":"https:\/\/27-215.pl\/index.php\/wp-json\/wp\/v2\/product_cat?post=2515"},{"taxonomy":"product_tag","embeddable":true,"href":"https:\/\/27-215.pl\/index.php\/wp-json\/wp\/v2\/product_tag?post=2515"}],"curies":[{"name":"wp","href":"https:\/\/api.w.org\/{rel}","templated":true}]}}