{"id":2517,"date":"2025-11-06T09:24:23","date_gmt":"2025-11-06T08:24:23","guid":{"rendered":"https:\/\/www.27-215.pl\/?post_type=product&#038;p=2517"},"modified":"2026-04-17T08:14:10","modified_gmt":"2026-04-17T06:14:10","slug":"putorius-chlodzacy-balsam-z-kasztanowcem-konskim-500-ml","status":"publish","type":"product","link":"https:\/\/27-215.pl\/index.php\/produkt\/putorius-chlodzacy-balsam-z-kasztanowcem-konskim-500-ml\/","title":{"rendered":"Balsam ch\u0142odz\u0105cy Putorius z kasztanowcem ko\u0144skim, 500 ml"},"content":{"rendered":"<p data-start=\"0\" data-end=\"119\"><strong data-start=\"0\" data-end=\"59\">Ch\u0142odz\u0105cy balsam Putorius z kasztanowcem ko\u0144skim 500 ml<\/strong> \u2744\ufe0f\ud83c\udf3f<\/p>\n<p data-start=\"0\" data-end=\"119\">Dla sk\u00f3ry zm\u0119czonej i napi\u0119tej, oferujemy ukojenie, \u015bwie\u017co\u015b\u0107 i regeneracj\u0119<\/p>\n<p data-start=\"121\" data-end=\"395\">Je\u015bli odczuwasz zm\u0119czenie, ci\u0119\u017cko\u015b\u0107 n\u00f3g lub napi\u0119cie po d\u0142ugim dniu na nogach lub po wysi\u0142ku fizycznym, nasz ch\u0142odz\u0105cy zio\u0142owy balsam z kasztanowcem ko\u0144skim jest idealnym rozwi\u0105zaniem. Przynosi on natychmiastow\u0105 ulg\u0119, od\u015bwie\u017ca i wspiera regeneracj\u0119 sk\u00f3ry oraz mi\u0119\u015bni.<\/p>\n<p data-start=\"397\" data-end=\"530\">Dzi\u0119ki naturalnym ekstraktom ro\u015blinnym oraz mentolowi, zapewnia delikatne ch\u0142odzenie, kt\u00f3re \u0142agodzi napi\u0119cie i dodaje lekko\u015bci, sprawiaj\u0105c, \u017ce sk\u00f3ra czuje si\u0119 przyjemnie od\u015bwie\u017cona.<\/p>\n<p data-start=\"532\" data-end=\"846\">\u2705 <strong data-start=\"534\" data-end=\"553\">Dlaczego warto wybra\u0107 nasz balsam?<\/strong><br data-start=\"553\" data-end=\"556\" \/>\u2022 Zapewnia natychmiastow\u0105 ulg\u0119, ch\u0142odzi i od\u015bwie\u017ca<br data-start=\"606\" data-end=\"609\" \/>\u2022 Idealny do stosowania po wysi\u0142ku fizycznym, d\u0142ugim staniu lub spacerze<br data-start=\"667\" data-end=\"670\" \/>\u2022 Wzmacnia regeneracj\u0119 dzi\u0119ki zawarto\u015bci kasztanowca, arniki, \u017cywokostu i rozmarynu<br data-start=\"743\" data-end=\"746\" \/>\u2022 Lekka formu\u0142a nadaje si\u0119 idealnie do masa\u017cu<br data-start=\"792\" data-end=\"795\" data-is-only-node=\"\" \/>\u2022 Regularne stosowanie naszego balsamu wzmacnia jego dzia\u0142anie<\/p>\n<p data-start=\"848\" data-end=\"1071\">\ud83c\udf3f <strong data-start=\"851\" data-end=\"881\">Aktywne sk\u0142adniki:<\/strong><br data-start=\"881\" data-end=\"884\" \/>Kasztanowiec, \u017cywokost, arnika, rozmaryn, eukaliptus, mi\u0119ta pieprzowa, menthol, lawenda, rumianek, nagietek, tymianek, ginkgo biloba, olejki eteryczne oraz wiele innych ekstrakt\u00f3w zio\u0142owych.<\/p>\n<p data-start=\"1073\" data-end=\"1297\">\ud83e\uddf4 <strong data-start=\"1076\" data-end=\"1094\">Jak stosowa\u0107:<\/strong><br data-start=\"1094\" data-end=\"1097\" \/>Balsam nale\u017cy nanosi\u0107 na sk\u00f3r\u0119 i delikatnie wmasowywa\u0107 okr\u0119\u017cnymi ruchami. Mo\u017cna stosowa\u0107 kilka razy dziennie, zgodnie z potrzebami.<br data-start=\"1202\" data-end=\"1205\" \/>Przeznaczony tylko do u\u017cytku zewn\u0119trznego. Nale\u017cy unika\u0107 kontaktu z oczami. Nie zalecany dla dzieci poni\u017cej 3 lat.<\/p>\n<p data-start=\"1299\" data-end=\"1325\">\ud83d\udce6 <strong data-start=\"1302\" data-end=\"1316\">Pojemno\u015b\u0107 butelki:<\/strong> 500 ml<\/p>\n","protected":false},"excerpt":{"rendered":"<p>Ch\u0142odz\u0105cy balsam Putorius z kasztanowcem ko\u0144skim 500 ml \u2744\ufe0f\ud83c\udf3f Dla sk\u00f3ry zm\u0119czonej i napi\u0119tej, oferujemy ukojenie, \u015bwie\u017co\u015b\u0107 i regeneracj\u0119 Je\u015bli odczuwasz zm\u0119czenie, ci\u0119\u017cko\u015b\u0107 n\u00f3g lub napi\u0119cie po d\u0142ugim dniu na nogach lub po wysi\u0142ku fizycznym, nasz ch\u0142odz\u0105cy zio\u0142owy balsam z kasztanowcem ko\u0144skim jest idealnym rozwi\u0105zaniem. Przynosi on natychmiastow\u0105 ulg\u0119, od\u015bwie\u017ca i wspiera regeneracj\u0119 sk\u00f3ry oraz [&hellip;]<\/p>\n","protected":false},"featured_media":33595,"template":"","meta":[],"product_brand":[26],"product_cat":[25],"product_tag":[],"class_list":{"0":"post-2517","1":"product","2":"type-product","3":"status-publish","4":"has-post-thumbnail","6":"product_brand-putorius","7":"product_cat-putorius","9":"first","10":"instock","11":"taxable","12":"shipping-taxable","13":"purchasable","14":"product-type-simple"},"_links":{"self":[{"href":"https:\/\/27-215.pl\/index.php\/wp-json\/wp\/v2\/product\/2517","targetHints":{"allow":["GET"]}}],"collection":[{"href":"https:\/\/27-215.pl\/index.php\/wp-json\/wp\/v2\/product"}],"about":[{"href":"https:\/\/27-215.pl\/index.php\/wp-json\/wp\/v2\/types\/product"}],"wp:featuredmedia":[{"embeddable":true,"href":"https:\/\/27-215.pl\/index.php\/wp-json\/wp\/v2\/media\/33595"}],"wp:attachment":[{"href":"https:\/\/27-215.pl\/index.php\/wp-json\/wp\/v2\/media?parent=2517"}],"wp:term":[{"taxonomy":"product_brand","embeddable":true,"href":"https:\/\/27-215.pl\/index.php\/wp-json\/wp\/v2\/product_brand?post=2517"},{"taxonomy":"product_cat","embeddable":true,"href":"https:\/\/27-215.pl\/index.php\/wp-json\/wp\/v2\/product_cat?post=2517"},{"taxonomy":"product_tag","embeddable":true,"href":"https:\/\/27-215.pl\/index.php\/wp-json\/wp\/v2\/product_tag?post=2517"}],"curies":[{"name":"wp","href":"https:\/\/api.w.org\/{rel}","templated":true}]}}