{"id":2527,"date":"2025-11-06T09:34:46","date_gmt":"2025-11-06T08:34:46","guid":{"rendered":"https:\/\/www.27-215.pl\/?post_type=product&#038;p=2527"},"modified":"2026-04-17T08:13:11","modified_gmt":"2026-04-17T06:13:11","slug":"putorius-ziolowy-balsam-z-kasztanowcem-konskim-chlodzacy-150-ml","status":"publish","type":"product","link":"https:\/\/27-215.pl\/index.php\/produkt\/putorius-ziolowy-balsam-z-kasztanowcem-konskim-chlodzacy-150-ml\/","title":{"rendered":"Balsam ch\u0142odz\u0105cy Putorius Zio\u0142owy 150 ml z kasztanowcem ko\u0144skim"},"content":{"rendered":"<p data-start=\"0\" data-end=\"120\"><strong data-start=\"0\" data-end=\"67\">Balsam ch\u0142odz\u0105cy Putorius Zio\u0142owy z kasztanowcem ko\u0144skim 150 ml<\/strong> \u2744\ufe0f\ud83c\udf3f<\/p>\n<p data-start=\"0\" data-end=\"120\">To idealne rozwi\u0105zanie dla os\u00f3b z zm\u0119czonymi, obola\u0142ymi i &#8222;ci\u0119\u017ckimi&#8221; nogami<\/p>\n<p data-start=\"122\" data-end=\"436\">Ch\u0142odz\u0105cy balsam z kasztanowcem ko\u0144skim to skuteczny spos\u00f3b na szybk\u0105 ulg\u0119 po intensywnym wysi\u0142ku fizycznym, d\u0142ugim staniu czy ci\u0119\u017ckim dniu. Przynosi przyjemne uczucie ch\u0142odu, kt\u00f3re od\u015bwie\u017ca, koi i pomaga zrelaksowa\u0107 zm\u0119czone mi\u0119\u015bnie oraz sk\u00f3r\u0119. Doskona\u0142y do masa\u017cu, szczeg\u00f3lnie gdy potrzebujesz szybkiej regeneracji i odpr\u0119\u017cenia.<\/p>\n<p data-start=\"438\" data-end=\"609\">Wzbogacony o wyci\u0105gi zio\u0142owe, takie jak mentol, mi\u0119ta, eukaliptus i arnika, kt\u00f3rych po\u0142\u0105czenie dostarcza intensywnego uczucia \u015bwie\u017co\u015bci, wspiera regeneracj\u0119 oraz \u0142agodzi napi\u0119cia mi\u0119\u015bniowe.<\/p>\n<p data-start=\"611\" data-end=\"891\">\u2705 <strong data-start=\"613\" data-end=\"632\">Dlaczego jest tak skuteczny?<\/strong><br data-start=\"632\" data-end=\"635\" \/>\u2022 przynosi natychmiastow\u0105 ulg\u0119, ch\u0142odzi i od\u015bwie\u017ca<br data-start=\"685\" data-end=\"688\" \/>\u2022 polecany szczeg\u00f3lnie w przypadku zm\u0119czenia n\u00f3g i uczucia ci\u0119\u017cko\u015bci<br data-start=\"749\" data-end=\"752\" \/>\u2022 idealny do stosowania po intensywnym wysi\u0142ku fizycznym oraz w upalne dni<br data-start=\"800\" data-end=\"803\" \/>\u2022 wspiera regeneracj\u0119, koi i pomaga odpr\u0119\u017cy\u0107 mi\u0119\u015bnie<br data-start=\"855\" data-end=\"858\" data-is-only-node=\"\" \/>\u2022 \u015bwietnie nadaje si\u0119 do masa\u017cu ch\u0142odz\u0105cego<\/p>\n<p data-start=\"893\" data-end=\"1270\">\ud83c\udf3f <strong data-start=\"896\" data-end=\"923\">Bogata formu\u0142a zio\u0142owa:<\/strong><br data-start=\"923\" data-end=\"926\" \/>\u2022 <strong data-start=\"928\" data-end=\"951\">kasztanowiec ko\u0144ski<\/strong> \u2013 wspomaga mikrokr\u0105\u017cenie, pomaga przy obrz\u0119kach<br data-start=\"998\" data-end=\"1001\" \/>\u2022 <strong data-start=\"1003\" data-end=\"1031\">arnika g\u00f3rska i \u017cywokost<\/strong> \u2013 \u0142agodz\u0105 napi\u0119cia, st\u0142uczenia, przyspieszaj\u0105 regeneracj\u0119<br data-start=\"1089\" data-end=\"1092\" \/>\u2022 <strong data-start=\"1094\" data-end=\"1123\">mentol, mi\u0119ta, eukaliptus<\/strong> \u2013 wyra\u017ane dzia\u0142anie ch\u0142odz\u0105ce i od\u015bwie\u017caj\u0105ce<br data-start=\"1168\" data-end=\"1171\" \/>\u2022 <strong data-start=\"1173\" data-end=\"1237\">rozmaryn, tymianek, lawenda, rumianek, nagietek i inne zio\u0142a<\/strong> \u2013 koj\u0105, odpr\u0119\u017caj\u0105 i regeneruj\u0105<\/p>\n<p data-start=\"1272\" data-end=\"1510\">\ud83e\uddf4 <strong data-start=\"1275\" data-end=\"1293\">Spos\u00f3b stosowania:<\/strong><br data-start=\"1293\" data-end=\"1296\" \/>Nanie\u015b\u0107 niewielk\u0105 ilo\u015b\u0107 balsamu na wybran\u0105 parti\u0119 cia\u0142a i delikatnie wmasowa\u0107. Mo\u017cna stosowa\u0107 kilka razy dziennie, wed\u0142ug potrzeb.<br data-start=\"1415\" data-end=\"1418\" \/>Przeznaczony wy\u0142\u0105cznie do u\u017cytku zewn\u0119trznego. Nale\u017cy unika\u0107 kontaktu z oczami. Nie zalecany dla dzieci poni\u017cej 3 lat.<\/p>\n<p data-start=\"1512\" data-end=\"1538\">\ud83d\udce6 <strong data-start=\"1515\" data-end=\"1529\">Pojemno\u015b\u0107:<\/strong> 150 ml<\/p>\n","protected":false},"excerpt":{"rendered":"<p>Balsam ch\u0142odz\u0105cy Putorius Zio\u0142owy z kasztanowcem ko\u0144skim 150 ml \u2744\ufe0f\ud83c\udf3f To idealne rozwi\u0105zanie dla os\u00f3b z zm\u0119czonymi, obola\u0142ymi i &#8222;ci\u0119\u017ckimi&#8221; nogami Ch\u0142odz\u0105cy balsam z kasztanowcem ko\u0144skim to skuteczny spos\u00f3b na szybk\u0105 ulg\u0119 po intensywnym wysi\u0142ku fizycznym, d\u0142ugim staniu czy ci\u0119\u017ckim dniu. Przynosi przyjemne uczucie ch\u0142odu, kt\u00f3re od\u015bwie\u017ca, koi i pomaga zrelaksowa\u0107 zm\u0119czone mi\u0119\u015bnie oraz sk\u00f3r\u0119. [&hellip;]<\/p>\n","protected":false},"featured_media":33585,"template":"","meta":[],"product_brand":[26],"product_cat":[25],"product_tag":[],"class_list":{"0":"post-2527","1":"product","2":"type-product","3":"status-publish","4":"has-post-thumbnail","6":"product_brand-putorius","7":"product_cat-putorius","9":"first","10":"instock","11":"taxable","12":"shipping-taxable","13":"purchasable","14":"product-type-simple"},"_links":{"self":[{"href":"https:\/\/27-215.pl\/index.php\/wp-json\/wp\/v2\/product\/2527","targetHints":{"allow":["GET"]}}],"collection":[{"href":"https:\/\/27-215.pl\/index.php\/wp-json\/wp\/v2\/product"}],"about":[{"href":"https:\/\/27-215.pl\/index.php\/wp-json\/wp\/v2\/types\/product"}],"wp:featuredmedia":[{"embeddable":true,"href":"https:\/\/27-215.pl\/index.php\/wp-json\/wp\/v2\/media\/33585"}],"wp:attachment":[{"href":"https:\/\/27-215.pl\/index.php\/wp-json\/wp\/v2\/media?parent=2527"}],"wp:term":[{"taxonomy":"product_brand","embeddable":true,"href":"https:\/\/27-215.pl\/index.php\/wp-json\/wp\/v2\/product_brand?post=2527"},{"taxonomy":"product_cat","embeddable":true,"href":"https:\/\/27-215.pl\/index.php\/wp-json\/wp\/v2\/product_cat?post=2527"},{"taxonomy":"product_tag","embeddable":true,"href":"https:\/\/27-215.pl\/index.php\/wp-json\/wp\/v2\/product_tag?post=2527"}],"curies":[{"name":"wp","href":"https:\/\/api.w.org\/{rel}","templated":true}]}}