{"id":2529,"date":"2025-11-06T09:36:45","date_gmt":"2025-11-06T08:36:45","guid":{"rendered":"https:\/\/www.27-215.pl\/?post_type=product&#038;p=2529"},"modified":"2026-04-17T08:12:58","modified_gmt":"2026-04-17T06:12:58","slug":"putorius-ziolowy-balsam-z-kasztanowcem-konskim-do-masazu-150-ml","status":"publish","type":"product","link":"https:\/\/27-215.pl\/index.php\/produkt\/putorius-ziolowy-balsam-z-kasztanowcem-konskim-do-masazu-150-ml\/","title":{"rendered":"Balsam do masa\u017cu Putorius Zio\u0142owy 150 ml z kasztanowcem ko\u0144skim"},"content":{"rendered":"<p data-start=\"0\" data-end=\"124\"><strong data-start=\"0\" data-end=\"67\">Balsam do masa\u017cu Putorius Zio\u0142owy z kasztanowcem ko\u0144skim 150 ml<\/strong> \ud83d\udc86\u200d\u2642\ufe0f\ud83c\udf3f<\/p>\n<p data-start=\"0\" data-end=\"124\">Doskona\u0142y wyb\u00f3r dla os\u00f3b, kt\u00f3re potrzebuj\u0105 ulgi dla zm\u0119czonych mi\u0119\u015bni po intensywnym wysi\u0142ku<\/p>\n<p data-start=\"126\" data-end=\"444\">Formu\u0142a zio\u0142owa balsamu do masa\u017cu z kasztanowcem ko\u0144skim jest idealna dla os\u00f3b aktywnych fizycznie, pracownik\u00f3w fizycznych oraz wszystkich, kt\u00f3rzy odczuwaj\u0105 zm\u0119czenie mi\u0119\u015bni. Ekstrakty zio\u0142owe w tym balsamie zapewniaj\u0105 odpr\u0119\u017cenie, regeneracj\u0119 i przyjemne uczucie ulgi, niezale\u017cnie od tego, czy u\u017cywasz go po treningu czy po d\u0142ugim dniu.<\/p>\n<p data-start=\"446\" data-end=\"605\">Balsam jest skuteczny podczas masa\u017cu, poprawiaj\u0105c komfort mi\u0119\u015bni, wspomagaj\u0105c rozlu\u017anienie i regeneracj\u0119 sk\u00f3ry, a jego regularne stosowanie wzmacnia jego dzia\u0142anie.<\/p>\n<p data-start=\"607\" data-end=\"873\">\u2705 <strong data-start=\"609\" data-end=\"628\">Dlaczego warto wybra\u0107 ten balsam?<\/strong><br data-start=\"628\" data-end=\"631\" \/>\u2022 polecany do masa\u017cu zm\u0119czonych mi\u0119\u015bni i plec\u00f3w<br data-start=\"677\" data-end=\"680\" \/>\u2022 przynosi ulg\u0119 po intensywnym wysi\u0142ku i d\u0142ugim staniu<br data-start=\"722\" data-end=\"725\" \/>\u2022 wspomaga regeneracj\u0119 sk\u00f3ry i redukuje napi\u0119cia<br data-start=\"771\" data-end=\"774\" \/>\u2022 od\u015bwie\u017ca, relaksuje i daje uczucie lekko\u015bci<br data-start=\"813\" data-end=\"816\" data-is-only-node=\"\" \/>\u2022 idealny dla os\u00f3b aktywnych i przem\u0119czonych fizycznie<\/p>\n<p data-start=\"875\" data-end=\"1260\">\ud83c\udf3f <strong data-start=\"878\" data-end=\"922\">Sk\u0142adniki aktywne w zio\u0142owej kompozycji:<\/strong><br data-start=\"922\" data-end=\"925\" \/>\u2022 <strong data-start=\"927\" data-end=\"950\">kasztanowiec ko\u0144ski<\/strong> \u2013 pomocny w przypadku obrz\u0119k\u00f3w i \u201eci\u0119\u017ckich n\u00f3g\u201d<br data-start=\"995\" data-end=\"998\" \/>\u2022 <strong data-start=\"1000\" data-end=\"1021\">\u017cywokost i arnika<\/strong> \u2013 wspomagaj\u0105 regeneracj\u0119, \u0142agodz\u0105 napi\u0119cia i st\u0142uczenia<br data-start=\"1076\" data-end=\"1079\" \/>\u2022 <strong data-start=\"1081\" data-end=\"1101\">rozmaryn i mi\u0119ta<\/strong> \u2013 pobudzaj\u0105, od\u015bwie\u017caj\u0105 i redukuj\u0105 uczucie zm\u0119czenia<br data-start=\"1154\" data-end=\"1157\" \/>\u2022 <strong data-start=\"1159\" data-end=\"1222\">eukaliptus, lawenda, rumianek, nagietek i wiele innych zi\u00f3\u0142<\/strong> \u2013 koj\u0105, relaksuj\u0105 i od\u017cywiaj\u0105 sk\u00f3r\u0119<\/p>\n<p data-start=\"1262\" data-end=\"1510\">\ud83e\uddf4 <strong data-start=\"1265\" data-end=\"1283\">Jak u\u017cywa\u0107 balsamu:<\/strong><br data-start=\"1283\" data-end=\"1286\" \/>Nanie\u015b\u0107 balsam na wybrane partie cia\u0142a i delikatnie wmasowa\u0107 okr\u0119\u017cnymi ruchami. Mo\u017cna stosowa\u0107 kilka razy dziennie, w zale\u017cno\u015bci od potrzeb.<br data-start=\"1415\" data-end=\"1418\" \/>Przeznaczony tylko do u\u017cytku zewn\u0119trznego. Nale\u017cy unika\u0107 kontaktu z oczami i nie stosowa\u0107 u dzieci poni\u017cej 3 lat.<\/p>\n<p data-start=\"1512\" data-end=\"1538\">\ud83d\udce6 <strong data-start=\"1515\" data-end=\"1529\">Pojemno\u015b\u0107 opakowania:<\/strong> 150 ml<\/p>\n","protected":false},"excerpt":{"rendered":"<p>Balsam do masa\u017cu Putorius Zio\u0142owy z kasztanowcem ko\u0144skim 150 ml \ud83d\udc86\u200d\u2642\ufe0f\ud83c\udf3f Doskona\u0142y wyb\u00f3r dla os\u00f3b, kt\u00f3re potrzebuj\u0105 ulgi dla zm\u0119czonych mi\u0119\u015bni po intensywnym wysi\u0142ku Formu\u0142a zio\u0142owa balsamu do masa\u017cu z kasztanowcem ko\u0144skim jest idealna dla os\u00f3b aktywnych fizycznie, pracownik\u00f3w fizycznych oraz wszystkich, kt\u00f3rzy odczuwaj\u0105 zm\u0119czenie mi\u0119\u015bni. Ekstrakty zio\u0142owe w tym balsamie zapewniaj\u0105 odpr\u0119\u017cenie, regeneracj\u0119 i [&hellip;]<\/p>\n","protected":false},"featured_media":33583,"template":"","meta":[],"product_brand":[26],"product_cat":[25],"product_tag":[],"class_list":{"0":"post-2529","1":"product","2":"type-product","3":"status-publish","4":"has-post-thumbnail","6":"product_brand-putorius","7":"product_cat-putorius","9":"first","10":"instock","11":"taxable","12":"shipping-taxable","13":"purchasable","14":"product-type-simple"},"_links":{"self":[{"href":"https:\/\/27-215.pl\/index.php\/wp-json\/wp\/v2\/product\/2529","targetHints":{"allow":["GET"]}}],"collection":[{"href":"https:\/\/27-215.pl\/index.php\/wp-json\/wp\/v2\/product"}],"about":[{"href":"https:\/\/27-215.pl\/index.php\/wp-json\/wp\/v2\/types\/product"}],"wp:featuredmedia":[{"embeddable":true,"href":"https:\/\/27-215.pl\/index.php\/wp-json\/wp\/v2\/media\/33583"}],"wp:attachment":[{"href":"https:\/\/27-215.pl\/index.php\/wp-json\/wp\/v2\/media?parent=2529"}],"wp:term":[{"taxonomy":"product_brand","embeddable":true,"href":"https:\/\/27-215.pl\/index.php\/wp-json\/wp\/v2\/product_brand?post=2529"},{"taxonomy":"product_cat","embeddable":true,"href":"https:\/\/27-215.pl\/index.php\/wp-json\/wp\/v2\/product_cat?post=2529"},{"taxonomy":"product_tag","embeddable":true,"href":"https:\/\/27-215.pl\/index.php\/wp-json\/wp\/v2\/product_tag?post=2529"}],"curies":[{"name":"wp","href":"https:\/\/api.w.org\/{rel}","templated":true}]}}