{"id":2531,"date":"2025-11-06T09:39:19","date_gmt":"2025-11-06T08:39:19","guid":{"rendered":"https:\/\/www.27-215.pl\/?post_type=product&#038;p=2531"},"modified":"2026-04-17T08:12:45","modified_gmt":"2026-04-17T06:12:45","slug":"putorius-ziolowy-balsam-z-kasztanowcem-konskim-i-aloesem-150-ml","status":"publish","type":"product","link":"https:\/\/27-215.pl\/index.php\/produkt\/putorius-ziolowy-balsam-z-kasztanowcem-konskim-i-aloesem-150-ml\/","title":{"rendered":"Balsam Putorius Zio\u0142owy 150 ml z kasztanowcem ko\u0144skim i ekstraktem aloesu"},"content":{"rendered":"<p data-start=\"0\" data-end=\"140\"><strong data-start=\"0\" data-end=\"67\">Putorius Zio\u0142owy balsam z kasztanowcem ko\u0144skim i aloesem 150 ml<\/strong> \ud83c\udf43\u2728<\/p>\n<p data-start=\"0\" data-end=\"140\">Balsam ten \u0142\u0105czy w sobie dzia\u0142anie \u0142agodz\u0105ce i regeneruj\u0105ce, dzi\u0119ki aloesowi, idealnie nadaj\u0105c si\u0119 do delikatnej piel\u0119gnacji sk\u00f3ry<\/p>\n<p data-start=\"142\" data-end=\"432\">Unikalne po\u0142\u0105czenie kasztanowca ko\u0144skiego i aloesu w tym zio\u0142owym balsamie zapewnia ulg\u0119 zm\u0119czonej sk\u00f3rze, wspieraj\u0105c jej regeneracj\u0119. Jest on idealny do stosowania po intensywnym wysi\u0142ku fizycznym, d\u0142ugim staniu lub po ci\u0119\u017ckim dniu, pozostawiaj\u0105c sk\u00f3r\u0119 mi\u0119kk\u0105, nawil\u017con\u0105 i zrelaksowan\u0105.<\/p>\n<p data-start=\"434\" data-end=\"635\">Zawarty w balsamie aloes dzia\u0142a koj\u0105co i regeneruj\u0105co, przywracaj\u0105c sk\u00f3rze naturaln\u0105 g\u0142adko\u015b\u0107 i elastyczno\u015b\u0107. Dzi\u0119ki temu, jest on doskona\u0142ym wyborem r\u00f3wnie\u017c dla sk\u00f3ry wra\u017cliwej lub przesuszonej.<\/p>\n<p data-start=\"637\" data-end=\"912\">\u2705 <strong data-start=\"639\" data-end=\"658\">Dlaczego jest to dobry wyb\u00f3r?<\/strong><br data-start=\"658\" data-end=\"661\" \/>\u2022 zapewnia ulg\u0119 zm\u0119czonej sk\u00f3rze n\u00f3g i cia\u0142a<br data-start=\"705\" data-end=\"708\" \/>\u2022 redukuje napi\u0119cie po wysi\u0142ku i d\u0142ugim staniu<br data-start=\"753\" data-end=\"756\" \/>\u2022 aloes koi, nawil\u017ca i przyspiesza regeneracj\u0119 sk\u00f3ry<br data-start=\"808\" data-end=\"811\" \/>\u2022 idealny do codziennego relaksu i piel\u0119gnacji<br data-start=\"856\" data-end=\"859\" data-is-only-node=\"\" \/>\u2022 wspomaga regeneracj\u0119 dzi\u0119ki bogatej mieszance zi\u00f3\u0142<\/p>\n<p data-start=\"914\" data-end=\"1302\">\ud83c\udf3f <strong data-start=\"917\" data-end=\"948\">G\u0142\u00f3wne sk\u0142adniki balsamu:<\/strong><br data-start=\"948\" data-end=\"951\" \/>\u2022 <strong data-start=\"953\" data-end=\"962\">aloes<\/strong> \u2013 intensywnie nawil\u017ca, koi i wspiera gojenie sk\u00f3ry<br data-start=\"1013\" data-end=\"1016\" \/>\u2022 <strong data-start=\"1018\" data-end=\"1041\">kasztanowiec ko\u0144ski<\/strong> \u2013 pomaga przy obrz\u0119kach i zm\u0119czeniu n\u00f3g<br data-start=\"1083\" data-end=\"1086\" \/>\u2022 <strong data-start=\"1088\" data-end=\"1109\">arnika i \u017cywokost<\/strong> \u2013 regeneruj\u0105, \u0142agodz\u0105 napi\u0119cia i mikrourazy<br data-start=\"1153\" data-end=\"1156\" \/>\u2022 <strong data-start=\"1158\" data-end=\"1190\">rozmaryn, mi\u0119ta i eukaliptus<\/strong> \u2013 od\u015bwie\u017caj\u0105, ch\u0142odz\u0105 i relaksuj\u0105<br data-start=\"1224\" data-end=\"1227\" \/>\u2022 dodatkowo: lawenda, nagietek, rumianek, ja\u0142owiec, tymianek i inne zio\u0142a<\/p>\n<p data-start=\"1304\" data-end=\"1537\">\ud83e\uddf4 <strong data-start=\"1307\" data-end=\"1325\">Jak stosowa\u0107:<\/strong><br data-start=\"1325\" data-end=\"1328\" \/>Nanie\u015b balsam na sk\u00f3r\u0119 i delikatnie wmasuj okr\u0119\u017cnymi ruchami. Mo\u017cna stosowa\u0107 kilka razy dziennie, w zale\u017cno\u015bci od potrzeb.<br data-start=\"1442\" data-end=\"1445\" \/>Stosowa\u0107 tylko zewn\u0119trznie. Unika\u0107 kontaktu z oczami. Nie zalecany dla dzieci poni\u017cej 3 lat.<\/p>\n<p data-start=\"1539\" data-end=\"1565\">\ud83d\udce6 <strong data-start=\"1542\" data-end=\"1556\">Pojemno\u015b\u0107:<\/strong> 150 ml<\/p>\n","protected":false},"excerpt":{"rendered":"<p>Putorius Zio\u0142owy balsam z kasztanowcem ko\u0144skim i aloesem 150 ml \ud83c\udf43\u2728 Balsam ten \u0142\u0105czy w sobie dzia\u0142anie \u0142agodz\u0105ce i regeneruj\u0105ce, dzi\u0119ki aloesowi, idealnie nadaj\u0105c si\u0119 do delikatnej piel\u0119gnacji sk\u00f3ry Unikalne po\u0142\u0105czenie kasztanowca ko\u0144skiego i aloesu w tym zio\u0142owym balsamie zapewnia ulg\u0119 zm\u0119czonej sk\u00f3rze, wspieraj\u0105c jej regeneracj\u0119. Jest on idealny do stosowania po intensywnym wysi\u0142ku fizycznym, [&hellip;]<\/p>\n","protected":false},"featured_media":33581,"template":"","meta":[],"product_brand":[26],"product_cat":[25],"product_tag":[],"class_list":{"0":"post-2531","1":"product","2":"type-product","3":"status-publish","4":"has-post-thumbnail","6":"product_brand-putorius","7":"product_cat-putorius","9":"first","10":"outofstock","11":"taxable","12":"shipping-taxable","13":"purchasable","14":"product-type-simple"},"_links":{"self":[{"href":"https:\/\/27-215.pl\/index.php\/wp-json\/wp\/v2\/product\/2531","targetHints":{"allow":["GET"]}}],"collection":[{"href":"https:\/\/27-215.pl\/index.php\/wp-json\/wp\/v2\/product"}],"about":[{"href":"https:\/\/27-215.pl\/index.php\/wp-json\/wp\/v2\/types\/product"}],"wp:featuredmedia":[{"embeddable":true,"href":"https:\/\/27-215.pl\/index.php\/wp-json\/wp\/v2\/media\/33581"}],"wp:attachment":[{"href":"https:\/\/27-215.pl\/index.php\/wp-json\/wp\/v2\/media?parent=2531"}],"wp:term":[{"taxonomy":"product_brand","embeddable":true,"href":"https:\/\/27-215.pl\/index.php\/wp-json\/wp\/v2\/product_brand?post=2531"},{"taxonomy":"product_cat","embeddable":true,"href":"https:\/\/27-215.pl\/index.php\/wp-json\/wp\/v2\/product_cat?post=2531"},{"taxonomy":"product_tag","embeddable":true,"href":"https:\/\/27-215.pl\/index.php\/wp-json\/wp\/v2\/product_tag?post=2531"}],"curies":[{"name":"wp","href":"https:\/\/api.w.org\/{rel}","templated":true}]}}