{"id":2533,"date":"2025-11-06T09:42:04","date_gmt":"2025-11-06T08:42:04","guid":{"rendered":"https:\/\/www.27-215.pl\/?post_type=product&#038;p=2533"},"modified":"2026-04-17T08:12:31","modified_gmt":"2026-04-17T06:12:31","slug":"putorius-ziolowy-balsam-z-kasztanowcem-konskim-i-konopia-150-ml","status":"publish","type":"product","link":"https:\/\/27-215.pl\/index.php\/produkt\/putorius-ziolowy-balsam-z-kasztanowcem-konskim-i-konopia-150-ml\/","title":{"rendered":"Balsam Putorius Zio\u0142owy 150 ml z ekstraktem kasztanowca ko\u0144skiego i konopi"},"content":{"rendered":"<p data-start=\"0\" data-end=\"137\"><strong data-start=\"0\" data-end=\"67\">Putorius Zio\u0142owy balsam z kasztanowcem ko\u0144skim i konopi\u0105 150 ml<\/strong> \ud83c\udf3f\ud83d\udc9a<\/p>\n<p data-start=\"0\" data-end=\"137\">Balsam ten zapewnia intensywn\u0105 regeneracj\u0119 i ukojenie sk\u00f3ry, dzi\u0119ki mocy oleju konopnego<\/p>\n<p data-start=\"139\" data-end=\"459\">Unikalna receptura tego zio\u0142owego balsamu \u0142\u0105czy efektywn\u0105 moc kilkunastu zi\u00f3\u0142 z wyj\u0105tkowymi w\u0142a\u015bciwo\u015bciami oleju konopnego, aby przynie\u015b\u0107 ulg\u0119 zm\u0119czonej, napi\u0119tej sk\u00f3rze i wspiera\u0107 jej regeneracj\u0119, szczeg\u00f3lnie po wysi\u0142ku fizycznym, d\u0142ugim staniu czy aktywnym dniu.<\/p>\n<p data-start=\"461\" data-end=\"664\">Olej konopny ma szczeg\u00f3lne w\u0142a\u015bciwo\u015bci, poniewa\u017c od\u017cywia, nawil\u017ca i zmi\u0119kcza sk\u00f3r\u0119, sprawiaj\u0105c, \u017ce staje si\u0119 g\u0142adka, elastyczna i wyra\u017anie zregenerowana, co jest szczeg\u00f3lnie cenne w przypadku sk\u00f3ry suchej, podra\u017cnionej oraz sk\u0142onnej do problem\u00f3w.<\/p>\n<p data-start=\"666\" data-end=\"1020\">\u2705 <strong data-start=\"668\" data-end=\"687\">Dlaczego warto?<\/strong><br data-start=\"687\" data-end=\"690\" \/>\u2022 balsam przynosi ulg\u0119 zm\u0119czonej i obci\u0105\u017conej sk\u00f3rze n\u00f3g oraz cia\u0142a<br data-start=\"750\" data-end=\"753\" \/>\u2022 wspiera regeneracj\u0119, \u0142agodzenie napi\u0119cia i od\u015bwie\u017cenie sk\u00f3ry<br data-start=\"815\" data-end=\"818\" \/>\u2022 intensywnie nawil\u017ca, od\u017cywia i zmi\u0119kcza sk\u00f3r\u0119 za spraw\u0105 oleju konopnego<br data-start=\"878\" data-end=\"881\" \/>\u2022 odpowiedni tak\u017ce przy sk\u00f3rze problematycznej i przesuszonej<br data-start=\"942\" data-end=\"945\" data-is-only-node=\"\" \/>\u2022 bogata kompozycja zio\u0142owych ekstrakt\u00f3w pot\u0119guje dzia\u0142anie piel\u0119gnacyjne<\/p>\n<p data-start=\"1022\" data-end=\"1479\">\ud83c\udf3f <strong data-start=\"1025\" data-end=\"1056\">Kluczowe sk\u0142adniki balsamu:<\/strong><br data-start=\"1056\" data-end=\"1059\" \/>\u2022 <strong data-start=\"1061\" data-end=\"1104\">olej konopny (Cannabis Sativa Seed Oil)<\/strong> \u2013 regeneruje, nawil\u017ca i poprawia elastyczno\u015b\u0107 sk\u00f3ry<br data-start=\"1156\" data-end=\"1159\" \/>\u2022 <strong data-start=\"1161\" data-end=\"1184\">kasztanowiec ko\u0144ski<\/strong> \u2013 wspiera przy obrz\u0119kach i zm\u0119czeniu n\u00f3g<br data-start=\"1225\" data-end=\"1228\" \/>\u2022 <strong data-start=\"1230\" data-end=\"1251\">arnika i \u017cywokost<\/strong> \u2013 \u0142agodz\u0105 napi\u0119cia i wspieraj\u0105 regeneracj\u0119 sk\u00f3ry<br data-start=\"1300\" data-end=\"1303\" \/>\u2022 <strong data-start=\"1305\" data-end=\"1348\">eukaliptus, lawenda, rozmaryn, tymianek<\/strong> \u2013 od\u015bwie\u017caj\u0105, koj\u0105 i przywracaj\u0105 komfort<br data-start=\"1389\" data-end=\"1392\" \/>\u2022 dodatkowo: nagietek, rumianek, ja\u0142owiec, wrotycz, ginkgo biloba i wiele innych zi\u00f3\u0142<\/p>\n<p data-start=\"1481\" data-end=\"1739\">\ud83e\uddf4 <strong data-start=\"1484\" data-end=\"1502\">Spos\u00f3b u\u017cycia:<\/strong><br data-start=\"1502\" data-end=\"1505\" \/>Aplikuj niewielk\u0105 ilo\u015b\u0107 balsamu na sk\u00f3r\u0119 i delikatnie wmasuj okr\u0119\u017cnymi ruchami. Zalecane jest stosowanie kilka razy dziennie, poniewa\u017c regularno\u015b\u0107 wzmacnia dzia\u0142anie.<br data-start=\"1644\" data-end=\"1647\" \/>Stosowa\u0107 wy\u0142\u0105cznie zewn\u0119trznie. Unika\u0107 kontaktu z oczami. Produkt nie jest przeznaczony dla dzieci poni\u017cej 3 lat.<\/p>\n<p data-start=\"1741\" data-end=\"1767\">\ud83d\udce6 <strong data-start=\"1744\" data-end=\"1758\">Pojemno\u015b\u0107:<\/strong> 150 ml<\/p>\n","protected":false},"excerpt":{"rendered":"<p>Putorius Zio\u0142owy balsam z kasztanowcem ko\u0144skim i konopi\u0105 150 ml \ud83c\udf3f\ud83d\udc9a Balsam ten zapewnia intensywn\u0105 regeneracj\u0119 i ukojenie sk\u00f3ry, dzi\u0119ki mocy oleju konopnego Unikalna receptura tego zio\u0142owego balsamu \u0142\u0105czy efektywn\u0105 moc kilkunastu zi\u00f3\u0142 z wyj\u0105tkowymi w\u0142a\u015bciwo\u015bciami oleju konopnego, aby przynie\u015b\u0107 ulg\u0119 zm\u0119czonej, napi\u0119tej sk\u00f3rze i wspiera\u0107 jej regeneracj\u0119, szczeg\u00f3lnie po wysi\u0142ku fizycznym, d\u0142ugim staniu czy [&hellip;]<\/p>\n","protected":false},"featured_media":33579,"template":"","meta":[],"product_brand":[26],"product_cat":[25],"product_tag":[],"class_list":{"0":"post-2533","1":"product","2":"type-product","3":"status-publish","4":"has-post-thumbnail","6":"product_brand-putorius","7":"product_cat-putorius","9":"first","10":"outofstock","11":"taxable","12":"shipping-taxable","13":"purchasable","14":"product-type-simple"},"_links":{"self":[{"href":"https:\/\/27-215.pl\/index.php\/wp-json\/wp\/v2\/product\/2533","targetHints":{"allow":["GET"]}}],"collection":[{"href":"https:\/\/27-215.pl\/index.php\/wp-json\/wp\/v2\/product"}],"about":[{"href":"https:\/\/27-215.pl\/index.php\/wp-json\/wp\/v2\/types\/product"}],"wp:featuredmedia":[{"embeddable":true,"href":"https:\/\/27-215.pl\/index.php\/wp-json\/wp\/v2\/media\/33579"}],"wp:attachment":[{"href":"https:\/\/27-215.pl\/index.php\/wp-json\/wp\/v2\/media?parent=2533"}],"wp:term":[{"taxonomy":"product_brand","embeddable":true,"href":"https:\/\/27-215.pl\/index.php\/wp-json\/wp\/v2\/product_brand?post=2533"},{"taxonomy":"product_cat","embeddable":true,"href":"https:\/\/27-215.pl\/index.php\/wp-json\/wp\/v2\/product_cat?post=2533"},{"taxonomy":"product_tag","embeddable":true,"href":"https:\/\/27-215.pl\/index.php\/wp-json\/wp\/v2\/product_tag?post=2533"}],"curies":[{"name":"wp","href":"https:\/\/api.w.org\/{rel}","templated":true}]}}