{"id":2535,"date":"2025-11-06T09:44:36","date_gmt":"2025-11-06T08:44:36","guid":{"rendered":"https:\/\/www.27-215.pl\/?post_type=product&#038;p=2535"},"modified":"2026-04-17T08:12:18","modified_gmt":"2026-04-17T06:12:18","slug":"putorius-ziolowy-balsam-z-kasztanowcem-konskim-i-chilli-150-ml","status":"publish","type":"product","link":"https:\/\/27-215.pl\/index.php\/produkt\/putorius-ziolowy-balsam-z-kasztanowcem-konskim-i-chilli-150-ml\/","title":{"rendered":"Balsam Putorius Zio\u0142owy 150 ml z kasztanowcem ko\u0144skim i ekstraktem chilli"},"content":{"rendered":"<p data-start=\"0\" data-end=\"141\"><strong data-start=\"0\" data-end=\"66\">Putorius Zio\u0142owy balsam z kasztanowcem ko\u0144skim i chilli 150 ml<\/strong> \ud83d\udd25\ud83c\udf3f<\/p>\n<p data-start=\"0\" data-end=\"141\">Dzi\u0119ki temu balsamowi Twoje mi\u0119\u015bnie i stawy b\u0119d\u0105 odpowiednio rozgrzane przed i po wysi\u0142ku fizycznym<\/p>\n<p data-start=\"143\" data-end=\"492\">Balsam ten jest bogaty w ekstrakty zio\u0142owe, w tym ekstrakt z chilli i kasztanowca ko\u0144skiego, co sprawia, \u017ce jest to idealny produkt do piel\u0119gnacji sk\u00f3ry, kt\u00f3ra jest napi\u0119ta i zm\u0119czona. U\u0142atwia rozlu\u017anienie mi\u0119\u015bni, przynosi ulg\u0119 po d\u0142ugim dniu pracy fizycznej lub w sytuacjach, gdy stawy s\u0105 obci\u0105\u017cone. Produkt zosta\u0142 stworzony wed\u0142ug sprawdzonej receptury, zawiera wysok\u0105 zawarto\u015b\u0107 ekstrakt\u00f3w zio\u0142owych.<br data-start=\"407\" data-end=\"410\" \/><\/p>\n<p data-start=\"494\" data-end=\"791\">\u2705 <strong data-start=\"496\" data-end=\"515\">Dlaczego warto wybra\u0107 ten balsam?<\/strong><br data-start=\"515\" data-end=\"518\" \/>\u2022 posiada silny efekt rozgrzewaj\u0105cy dzi\u0119ki zawarto\u015bci ekstraktu z chilli<br data-start=\"580\" data-end=\"583\" \/>\u2022 u\u0142atwia regeneracj\u0119 mi\u0119\u015bni po wysi\u0142ku fizycznym i rozlu\u017ania je<br data-start=\"635\" data-end=\"638\" \/>\u2022 jest idealny do stosowania przed treningiem, poniewa\u017c przygotowuje mi\u0119\u015bnie do pracy<br data-start=\"696\" data-end=\"699\" \/>\u2022 pomaga zlikwidowa\u0107 uczucie zm\u0119czenia po d\u0142ugim staniu lub chodzeniu<br data-start=\"745\" data-end=\"748\" \/>\u2022 wspomaga \u0142agodzenie napi\u0119cia i obrz\u0119k\u00f3w<\/p>\n<p data-start=\"793\" data-end=\"1221\">\ud83c\udf3f <strong data-start=\"796\" data-end=\"827\">G\u0142\u00f3wne sk\u0142adniki balsamu to:<\/strong><br data-start=\"827\" data-end=\"830\" \/>\u2022 <strong data-start=\"832\" data-end=\"853\">ekstrakt z chilli<\/strong> \u2013 kt\u00f3ry zapewnia intensywne uczucie ciep\u0142a<br data-start=\"890\" data-end=\"893\" \/>\u2022 <strong data-start=\"895\" data-end=\"918\">kasztanowiec ko\u0144ski<\/strong> \u2013 kt\u00f3ry wspomaga leczenie obrz\u0119k\u00f3w i zm\u0119czenia n\u00f3g<br data-start=\"959\" data-end=\"962\" data-is-only-node=\"\" \/>\u2022 <strong data-start=\"964\" data-end=\"985\">arnika i \u017cywokost<\/strong> \u2013 kt\u00f3re u\u0142atwiaj\u0105 regeneracj\u0119 i kojenie sk\u00f3ry<br data-start=\"1026\" data-end=\"1029\" \/>\u2022 <strong data-start=\"1031\" data-end=\"1064\">rozmaryn, eukaliptus, lawenda<\/strong> \u2013 kt\u00f3re od\u015bwie\u017caj\u0105, relaksuj\u0105 i przywracaj\u0105 komfort sk\u00f3rze<br data-start=\"1110\" data-end=\"1113\" \/>\u2022 dodatkowo zawiera takie sk\u0142adniki jak nagietek, rumianek, ginkgo biloba, ja\u0142owiec, tymianek, wrotycz, czarna porzeczka i inne zio\u0142a<\/p>\n<p data-start=\"1223\" data-end=\"1471\">\ud83e\uddf4 <strong data-start=\"1226\" data-end=\"1244\">Jak stosowa\u0107 balsam:<\/strong><br data-start=\"1244\" data-end=\"1247\" \/>Niewielk\u0105 ilo\u015b\u0107 balsamu nale\u017cy nanie\u015b\u0107 na sk\u00f3r\u0119 i delikatnie wmasowa\u0107. Mo\u017cna stosowa\u0107 zgodnie z potrzebami, nawet kilka razy dziennie.<br data-start=\"1357\" data-end=\"1360\" \/>Balsam jest przeznaczony tylko do u\u017cytku zewn\u0119trznego, nale\u017cy unika\u0107 kontaktu z oczami i otwartymi ranami, a tak\u017ce nie stosowa\u0107 u dzieci poni\u017cej 3 lat.<\/p>\n<p data-start=\"1473\" data-end=\"1499\">\ud83d\udce6 <strong data-start=\"1476\" data-end=\"1490\">Pojemno\u015b\u0107 butelki:<\/strong> 150 ml<\/p>\n","protected":false},"excerpt":{"rendered":"<p>Putorius Zio\u0142owy balsam z kasztanowcem ko\u0144skim i chilli 150 ml \ud83d\udd25\ud83c\udf3f Dzi\u0119ki temu balsamowi Twoje mi\u0119\u015bnie i stawy b\u0119d\u0105 odpowiednio rozgrzane przed i po wysi\u0142ku fizycznym Balsam ten jest bogaty w ekstrakty zio\u0142owe, w tym ekstrakt z chilli i kasztanowca ko\u0144skiego, co sprawia, \u017ce jest to idealny produkt do piel\u0119gnacji sk\u00f3ry, kt\u00f3ra jest napi\u0119ta i [&hellip;]<\/p>\n","protected":false},"featured_media":33577,"template":"","meta":[],"product_brand":[26],"product_cat":[25],"product_tag":[],"class_list":{"0":"post-2535","1":"product","2":"type-product","3":"status-publish","4":"has-post-thumbnail","6":"product_brand-putorius","7":"product_cat-putorius","9":"first","10":"outofstock","11":"taxable","12":"shipping-taxable","13":"purchasable","14":"product-type-simple"},"_links":{"self":[{"href":"https:\/\/27-215.pl\/index.php\/wp-json\/wp\/v2\/product\/2535","targetHints":{"allow":["GET"]}}],"collection":[{"href":"https:\/\/27-215.pl\/index.php\/wp-json\/wp\/v2\/product"}],"about":[{"href":"https:\/\/27-215.pl\/index.php\/wp-json\/wp\/v2\/types\/product"}],"wp:featuredmedia":[{"embeddable":true,"href":"https:\/\/27-215.pl\/index.php\/wp-json\/wp\/v2\/media\/33577"}],"wp:attachment":[{"href":"https:\/\/27-215.pl\/index.php\/wp-json\/wp\/v2\/media?parent=2535"}],"wp:term":[{"taxonomy":"product_brand","embeddable":true,"href":"https:\/\/27-215.pl\/index.php\/wp-json\/wp\/v2\/product_brand?post=2535"},{"taxonomy":"product_cat","embeddable":true,"href":"https:\/\/27-215.pl\/index.php\/wp-json\/wp\/v2\/product_cat?post=2535"},{"taxonomy":"product_tag","embeddable":true,"href":"https:\/\/27-215.pl\/index.php\/wp-json\/wp\/v2\/product_tag?post=2535"}],"curies":[{"name":"wp","href":"https:\/\/api.w.org\/{rel}","templated":true}]}}