{"id":2541,"date":"2025-11-06T10:04:31","date_gmt":"2025-11-06T09:04:31","guid":{"rendered":"https:\/\/www.27-215.pl\/?post_type=product&#038;p=2541"},"modified":"2026-04-17T08:11:38","modified_gmt":"2026-04-17T06:11:38","slug":"putorius-ziolowy-balsam-chlodzacy-w-tubie-150-ml","status":"publish","type":"product","link":"https:\/\/27-215.pl\/index.php\/produkt\/putorius-ziolowy-balsam-chlodzacy-w-tubie-150-ml\/","title":{"rendered":"Balsam ch\u0142odz\u0105cy Putorius Zio\u0142owy 150 ml w tubie"},"content":{"rendered":"<p data-start=\"0\" data-end=\"109\"><strong data-start=\"0\" data-end=\"52\">Putorius Zio\u0142owy balsam ch\u0142odz\u0105cy w tubie 150 ml<\/strong> \u2744\ufe0f\ud83c\udf3f<\/p>\n<p data-start=\"0\" data-end=\"109\">Dzi\u0119ki niemu Twoja sk\u00f3ra zyska natychmiastow\u0105 ulg\u0119, ukojenie i zostanie od\u015bwie\u017cona<\/p>\n<p data-start=\"111\" data-end=\"410\">Por\u0119czna tuba z ch\u0142odz\u0105cym balsamem zio\u0142owym to idealne rozwi\u0105zanie dla os\u00f3b, kt\u00f3re potrzebuj\u0105 szybkiego ukojenia sk\u00f3ry nara\u017conej na podra\u017cnienia, a tak\u017ce zm\u0119czonych mi\u0119\u015bni i staw\u00f3w. Produkt \u0142\u0105czy naturalne ekstrakty z mentolem i kamfor\u0105, co sprawia, \u017ce po pierwszym u\u017cyciu sk\u00f3ra zostaje przyjemnie och\u0142odzona i od\u015bwie\u017cona.<\/p>\n<p data-start=\"412\" data-end=\"844\">\u2705 <strong data-start=\"414\" data-end=\"433\">Dlaczego warto wybra\u0107 ten produkt?<\/strong><br data-start=\"433\" data-end=\"436\" \/>\u2022 zapewnia natychmiastowe od\u015bwie\u017cenie i ukojenie dla sk\u00f3ry podra\u017cnionej i zm\u0119czonej<br data-start=\"492\" data-end=\"495\" \/>\u2022 ch\u0142odzi i \u0142agodzi dyskomfort sk\u00f3ry, nawet po ekspozycji na s\u0142o\u0144ce<br data-start=\"565\" data-end=\"568\" \/>\u2022 wspiera regeneracj\u0119 sk\u00f3ry, zmi\u0119kczaj\u0105c j\u0105 i redukuj\u0105c suche pop\u0119kania<br data-start=\"626\" data-end=\"629\" \/>\u2022 pomaga rozlu\u017ani\u0107 napi\u0119te mi\u0119\u015bnie i stawy<br data-start=\"675\" data-end=\"678\" \/>\u2022 redukuje uczucie zm\u0119czenia i napi\u0119cia w ciele<br data-start=\"725\" data-end=\"728\" \/>\u2022 idealny do stosowania po treningu, d\u0142ugim staniu, spacerze lub innych formach aktywno\u015bci fizycznej<br data-start=\"796\" data-end=\"799\" \/>\u2022 sprawdzi si\u0119 r\u00f3wnie\u017c po goleniu i depilacji<\/p>\n<p data-start=\"846\" data-end=\"1393\">\ud83c\udf3f <strong data-start=\"849\" data-end=\"890\">Sk\u0142adniki aktywne inspirowane natur\u0105:<\/strong><br data-start=\"890\" data-end=\"893\" \/>Formu\u0142a balsamu zawiera bogaty zestaw ekstrakt\u00f3w ro\u015blinnych, kt\u00f3re dzia\u0142aj\u0105 \u0142agodz\u0105co, regeneruj\u0105co i od\u015bwie\u017caj\u0105co:<br data-start=\"999\" data-end=\"1002\" \/>\u2022 <strong data-start=\"1004\" data-end=\"1040\">mentol, kamfora, mi\u0119ta pieprzowa<\/strong> \u2013 gwarantuj\u0105 efekt ch\u0142odz\u0105cy, ukojenie i \u015bwie\u017co\u015b\u0107<br data-start=\"1079\" data-end=\"1082\" \/>\u2022 <strong data-start=\"1084\" data-end=\"1138\">kasztanowiec, \u017cywokost, arnika, nagietek, rumianek<\/strong> \u2013 regeneruj\u0105, zapewniaj\u0105 ulg\u0119 i wspieraj\u0105 sk\u00f3r\u0119<br data-start=\"1175\" data-end=\"1178\" \/>\u2022 <strong data-start=\"1180\" data-end=\"1245\">rozmaryn, tymianek, eukaliptus, kosodrzewina, sosna, ja\u0142owiec<\/strong> \u2013 odpr\u0119\u017caj\u0105 i oczyszczaj\u0105<br data-start=\"1285\" data-end=\"1288\" \/>\u2022 <strong data-start=\"1290\" data-end=\"1341\">lawenda, czarna porzeczka, wrzos, ginkgo biloba<\/strong> \u2013 piel\u0119gnuj\u0105 i odpr\u0119\u017caj\u0105 cia\u0142o oraz zmys\u0142y<\/p>\n<p data-start=\"1395\" data-end=\"1646\">\ud83e\uddf4 <strong data-start=\"1398\" data-end=\"1416\">Jak stosowa\u0107?<\/strong><br data-start=\"1416\" data-end=\"1419\" \/>Niewielk\u0105 ilo\u015b\u0107 balsamu nale\u017cy nanie\u015b\u0107 na sk\u00f3r\u0119 i delikatnie wmasowa\u0107. Zalecane jest stosowanie kilka razy dziennie, wed\u0142ug potrzeb.<br data-start=\"1522\" data-end=\"1525\" \/>Produkt przeznaczony wy\u0142\u0105cznie do u\u017cytku zewn\u0119trznego. Nale\u017cy unika\u0107 kontaktu z oczami i nie stosowa\u0107 na rany. Nie zalecany dla dzieci poni\u017cej 3 roku \u017cycia.<\/p>\n<p data-start=\"1648\" data-end=\"1674\">\ud83d\udce6 <strong data-start=\"1651\" data-end=\"1665\">Pojemno\u015b\u0107:<\/strong> 150 ml<\/p>\n","protected":false},"excerpt":{"rendered":"<p>Putorius Zio\u0142owy balsam ch\u0142odz\u0105cy w tubie 150 ml \u2744\ufe0f\ud83c\udf3f Dzi\u0119ki niemu Twoja sk\u00f3ra zyska natychmiastow\u0105 ulg\u0119, ukojenie i zostanie od\u015bwie\u017cona Por\u0119czna tuba z ch\u0142odz\u0105cym balsamem zio\u0142owym to idealne rozwi\u0105zanie dla os\u00f3b, kt\u00f3re potrzebuj\u0105 szybkiego ukojenia sk\u00f3ry nara\u017conej na podra\u017cnienia, a tak\u017ce zm\u0119czonych mi\u0119\u015bni i staw\u00f3w. Produkt \u0142\u0105czy naturalne ekstrakty z mentolem i kamfor\u0105, co sprawia, [&hellip;]<\/p>\n","protected":false},"featured_media":33571,"template":"","meta":[],"product_brand":[26],"product_cat":[25],"product_tag":[],"class_list":{"0":"post-2541","1":"product","2":"type-product","3":"status-publish","4":"has-post-thumbnail","6":"product_brand-putorius","7":"product_cat-putorius","9":"first","10":"outofstock","11":"taxable","12":"shipping-taxable","13":"purchasable","14":"product-type-simple"},"_links":{"self":[{"href":"https:\/\/27-215.pl\/index.php\/wp-json\/wp\/v2\/product\/2541","targetHints":{"allow":["GET"]}}],"collection":[{"href":"https:\/\/27-215.pl\/index.php\/wp-json\/wp\/v2\/product"}],"about":[{"href":"https:\/\/27-215.pl\/index.php\/wp-json\/wp\/v2\/types\/product"}],"wp:featuredmedia":[{"embeddable":true,"href":"https:\/\/27-215.pl\/index.php\/wp-json\/wp\/v2\/media\/33571"}],"wp:attachment":[{"href":"https:\/\/27-215.pl\/index.php\/wp-json\/wp\/v2\/media?parent=2541"}],"wp:term":[{"taxonomy":"product_brand","embeddable":true,"href":"https:\/\/27-215.pl\/index.php\/wp-json\/wp\/v2\/product_brand?post=2541"},{"taxonomy":"product_cat","embeddable":true,"href":"https:\/\/27-215.pl\/index.php\/wp-json\/wp\/v2\/product_cat?post=2541"},{"taxonomy":"product_tag","embeddable":true,"href":"https:\/\/27-215.pl\/index.php\/wp-json\/wp\/v2\/product_tag?post=2541"}],"curies":[{"name":"wp","href":"https:\/\/api.w.org\/{rel}","templated":true}]}}