{"id":2590,"date":"2025-11-06T10:27:26","date_gmt":"2025-11-06T09:27:26","guid":{"rendered":"https:\/\/www.27-215.pl\/?post_type=product&#038;p=2590"},"modified":"2026-04-17T08:10:24","modified_gmt":"2026-04-17T06:10:24","slug":"putorius-ziolowy-balsam-z-konopia-150-ml","status":"publish","type":"product","link":"https:\/\/27-215.pl\/index.php\/produkt\/putorius-ziolowy-balsam-z-konopia-150-ml\/","title":{"rendered":"Balsam zio\u0142owy Putorius z ekstraktem konopi, 150 ml"},"content":{"rendered":"<p data-start=\"0\" data-end=\"32\"><strong data-start=\"0\" data-end=\"30\">Ma\u015b\u0107 z konopi\u0105 150 ml \ud83c\udf31\ud83e\uddf4<\/strong><\/p>\n<p data-start=\"34\" data-end=\"309\">Ta wszechstronna ma\u015b\u0107 \u0142\u0105czy w sobie si\u0142\u0119 <strong data-start=\"94\" data-end=\"110\">oleju konopnego<\/strong> z wyselekcjonowanym zestawem ekstrakt\u00f3w ro\u015blinnych, co czyni j\u0105 idealn\u0105 do piel\u0119gnacji sk\u00f3ry, kt\u00f3ra jest zm\u0119czona, napi\u0119ta, lub kt\u00f3ra zosta\u0142a poddana d\u0142ugotrwa\u0142emu stresowi fizycznemu. Ma\u015b\u0107 ta nie tylko uspokaja sk\u00f3r\u0119, ale tak\u017ce wspiera jej naturalne procesy regeneracyjne.<\/p>\n<p data-start=\"311\" data-end=\"334\">\u2705 <strong data-start=\"313\" data-end=\"332\">Dlaczego warto j\u0105 wybra\u0107?<\/strong><\/p>\n<ul data-start=\"335\" data-end=\"657\">\n<li data-start=\"335\" data-end=\"406\">\n<p data-start=\"337\" data-end=\"406\">Przywraca mi\u0119kko\u015b\u0107 i piel\u0119gnuje sk\u00f3r\u0119 suchej i pop\u0119kanej sk\u00f3ry, takiej jak sk\u00f3ra pi\u0119t, \u0142okci i d\u0142oni.<\/p>\n<\/li>\n<li data-start=\"407\" data-end=\"465\">\n<p data-start=\"409\" data-end=\"465\">Dostarcza ulgi sk\u00f3rze, kt\u00f3ra jest nara\u017cona na niekorzystne warunki pogodowe, takie jak wiatr, mr\u00f3z i s\u0142o\u0144ce.<\/p>\n<\/li>\n<li data-start=\"466\" data-end=\"519\">\n<p data-start=\"468\" data-end=\"519\">Wspomaga regeneracj\u0119 sk\u00f3ry i poprawia jej elastyczno\u015b\u0107.<\/p>\n<\/li>\n<li data-start=\"520\" data-end=\"584\">\n<p data-start=\"522\" data-end=\"584\">Pomaga w przypadku obrz\u0119k\u00f3w, st\u0142ucze\u0144 i uczucia zm\u0119czonych n\u00f3g.<\/p>\n<\/li>\n<li data-start=\"585\" data-end=\"657\">\n<p data-start=\"587\" data-end=\"657\">Jest odpowiednia r\u00f3wnie\u017c dla sk\u00f3ry wra\u017cliwej i mo\u017ce by\u0107 stosowana u dzieci.<\/p>\n<\/li>\n<\/ul>\n<p data-start=\"659\" data-end=\"932\">\ud83c\udf3f <strong data-start=\"662\" data-end=\"677\">Mechanizm dzia\u0142ania:<\/strong><br data-start=\"677\" data-end=\"680\" \/>Po\u0142\u0105czenie oleju konopnego z naturalnymi ekstraktami zio\u0142owymi wykazuje dzia\u0142anie \u0142agodz\u0105ce i regeneruj\u0105ce. Nawil\u017ca sk\u00f3r\u0119, koi podra\u017cnienia i wspomaga procesy odnowy nask\u00f3rka. Regularne stosowanie tej ma\u015bci poprawia kondycj\u0119 i wygl\u0105d sk\u00f3ry, pozostawiaj\u0105c j\u0105 mi\u0119kk\u0105 i od\u017cywion\u0105.<\/p>\n<p data-start=\"934\" data-end=\"1186\">\ud83e\uddf4 <strong data-start=\"937\" data-end=\"955\">Spos\u00f3b stosowania:<\/strong><br data-start=\"955\" data-end=\"958\" \/>Aplikuj cienk\u0105 warstw\u0119 ma\u015bci na czyst\u0105 sk\u00f3r\u0119 w miejscu problemu, takim jak stopy, \u0142okcie, kolana, d\u0142onie lub ca\u0142e cia\u0142o, i delikatnie wmasuj. Stosuj kilka razy dziennie lub w razie potrzeby. Zalecane jest unikanie kontaktu z oczami i nie stosowanie na otwarte rany.<\/p>\n<p data-start=\"1188\" data-end=\"1321\">\ud83e\uddfe <strong data-start=\"1191\" data-end=\"1213\">G\u0142\u00f3wne sk\u0142adniki:<\/strong><br data-start=\"1213\" data-end=\"1216\" \/>Olej konopny, ekstrakt z arniki g\u00f3rskiej, przytuli le\u015bnej, ja\u0142owca oraz inne naturalne wyci\u0105gi zio\u0142owe.<\/p>\n<p data-start=\"1323\" data-end=\"1349\">\ud83d\udce6 <strong data-start=\"1326\" data-end=\"1340\">Pojemno\u015b\u0107:<\/strong> 150 ml<\/p>\n","protected":false},"excerpt":{"rendered":"<p>Ma\u015b\u0107 z konopi\u0105 150 ml \ud83c\udf31\ud83e\uddf4 Ta wszechstronna ma\u015b\u0107 \u0142\u0105czy w sobie si\u0142\u0119 oleju konopnego z wyselekcjonowanym zestawem ekstrakt\u00f3w ro\u015blinnych, co czyni j\u0105 idealn\u0105 do piel\u0119gnacji sk\u00f3ry, kt\u00f3ra jest zm\u0119czona, napi\u0119ta, lub kt\u00f3ra zosta\u0142a poddana d\u0142ugotrwa\u0142emu stresowi fizycznemu. Ma\u015b\u0107 ta nie tylko uspokaja sk\u00f3r\u0119, ale tak\u017ce wspiera jej naturalne procesy regeneracyjne. \u2705 Dlaczego warto j\u0105 [&hellip;]<\/p>\n","protected":false},"featured_media":33557,"template":"","meta":[],"product_brand":[26],"product_cat":[25],"product_tag":[],"class_list":{"0":"post-2590","1":"product","2":"type-product","3":"status-publish","4":"has-post-thumbnail","6":"product_brand-putorius","7":"product_cat-putorius","9":"first","10":"instock","11":"taxable","12":"shipping-taxable","13":"purchasable","14":"product-type-simple"},"_links":{"self":[{"href":"https:\/\/27-215.pl\/index.php\/wp-json\/wp\/v2\/product\/2590","targetHints":{"allow":["GET"]}}],"collection":[{"href":"https:\/\/27-215.pl\/index.php\/wp-json\/wp\/v2\/product"}],"about":[{"href":"https:\/\/27-215.pl\/index.php\/wp-json\/wp\/v2\/types\/product"}],"wp:featuredmedia":[{"embeddable":true,"href":"https:\/\/27-215.pl\/index.php\/wp-json\/wp\/v2\/media\/33557"}],"wp:attachment":[{"href":"https:\/\/27-215.pl\/index.php\/wp-json\/wp\/v2\/media?parent=2590"}],"wp:term":[{"taxonomy":"product_brand","embeddable":true,"href":"https:\/\/27-215.pl\/index.php\/wp-json\/wp\/v2\/product_brand?post=2590"},{"taxonomy":"product_cat","embeddable":true,"href":"https:\/\/27-215.pl\/index.php\/wp-json\/wp\/v2\/product_cat?post=2590"},{"taxonomy":"product_tag","embeddable":true,"href":"https:\/\/27-215.pl\/index.php\/wp-json\/wp\/v2\/product_tag?post=2590"}],"curies":[{"name":"wp","href":"https:\/\/api.w.org\/{rel}","templated":true}]}}