{"id":2667,"date":"2025-11-21T12:33:28","date_gmt":"2025-11-21T11:33:28","guid":{"rendered":"https:\/\/www.27-215.pl\/?post_type=product&#038;p=2667"},"modified":"2026-04-17T08:10:07","modified_gmt":"2026-04-17T06:10:07","slug":"palacio-nawilzajacy-zel-pod-prysznic-z-konopi-250-ml","status":"publish","type":"product","link":"https:\/\/27-215.pl\/index.php\/produkt\/palacio-nawilzajacy-zel-pod-prysznic-z-konopi-250-ml\/","title":{"rendered":"\u017bel nawil\u017caj\u0105cy Palacio z olejem konopnym, 250 ml, do stosowania pod prysznic"},"content":{"rendered":"<p data-start=\"66\" data-end=\"151\"><strong data-start=\"66\" data-end=\"151\">PALACIO Cannabis Shower Gel Tube 250 ml \u2013 \u017cel pod prysznic z konopi \ud83c\udf3f\ud83d\udebf od\u017cywiaj\u0105cy sk\u00f3r\u0119<\/strong><\/p>\n<p data-start=\"153\" data-end=\"468\">\u017bel pod prysznic wzbogacony naturalnymi ekstraktami konopnymi, idealny do codziennego stosowania przez ca\u0142\u0105 rodzin\u0119. Delikatnie oczyszcza sk\u00f3r\u0119, jednocze\u015bnie zapewniaj\u0105c jej g\u0142\u0119bokie nawil\u017cenie, mi\u0119kko\u015b\u0107 i uczucie \u015bwie\u017co\u015bci, pozostawiaj\u0105c j\u0105 g\u0142adk\u0105, wypocz\u0119t\u0105 i przyjemnie pachn\u0105c\u0105.<\/p>\n<p data-start=\"470\" data-end=\"790\"><strong data-start=\"470\" data-end=\"491\">\u2728 Dlaczego jest wart uwagi?<\/strong><br data-start=\"491\" data-end=\"494\" \/>\u2022 usuwa zanieczyszczenia i delikatnie oczyszcza sk\u00f3r\u0119<br data-start=\"541\" data-end=\"544\" \/>\u2022 poprawia elastyczno\u015b\u0107 i zmi\u0119kcza sk\u00f3r\u0119<br data-start=\"588\" data-end=\"591\" \/>\u2022 regeneruje i intensywnie nawil\u017ca<br data-start=\"625\" data-end=\"628\" \/>\u2022 redukuje uczucie \u015bci\u0105gni\u0119cia i przywraca komfort<br data-start=\"678\" data-end=\"681\" \/>\u2022 dostarcza energii i uczucia \u015bwie\u017co\u015bci<br data-start=\"717\" data-end=\"720\" data-is-only-node=\"\" \/>\u2022 odpowiedni dla ka\u017cdego cz\u0142onka rodziny<br data-start=\"750\" data-end=\"753\" \/>\u2022 idealny do codziennego u\u017cytku<\/p>\n<p data-start=\"792\" data-end=\"1096\"><strong data-start=\"792\" data-end=\"810\">\ud83c\udf3f Mechanizm dzia\u0142ania?<\/strong><br data-start=\"810\" data-end=\"813\" \/>Formu\u0142a \u0142\u0105czy delikatne sk\u0142adniki myj\u0105ce z olejem i ekstraktem z konopi, kt\u00f3re s\u0142yn\u0105 z w\u0142a\u015bciwo\u015bci od\u017cywczych, regeneruj\u0105cych i koj\u0105cych. Dzi\u0119ki temu pomaga utrzyma\u0107 zdrow\u0105 barier\u0119 hydrolipidow\u0105 i zapobiega\u0107 przesuszeniu. Dodatkowo, pantenol i gliceryna wspieraj\u0105 kondycj\u0119 i nawil\u017cenie sk\u00f3ry.<\/p>\n<p data-start=\"1098\" data-end=\"1261\"><strong data-start=\"1098\" data-end=\"1119\">\ud83e\uddf4 Jak u\u017cywa\u0107?<\/strong><br data-start=\"1119\" data-end=\"1122\" \/>Aplikuj niewielk\u0105 ilo\u015b\u0107 \u017celu na mokr\u0105 sk\u00f3r\u0119 lub g\u0105bk\u0119, spieni\u0105\u0107, delikatnie wmasowa\u0107 i obficie sp\u0142uka\u0107 wod\u0105. Mo\u017cna stosowa\u0107 codziennie.<\/p>\n<p data-start=\"1263\" data-end=\"1380\"><strong data-start=\"1263\" data-end=\"1280\">\ud83e\uddfe Sk\u0142ad:<\/strong><br data-start=\"1280\" data-end=\"1283\" \/>delikatne substancje myj\u0105ce, olej konopny, ekstrakt z konopi, pantenol, gliceryna oraz \u0142agodny perfum<\/p>\n<p data-start=\"1382\" data-end=\"1406\" data-is-last-node=\"\" data-is-only-node=\"\"><strong data-start=\"1382\" data-end=\"1399\">\ud83d\udce6 Wielko\u015b\u0107 opakowania:<\/strong> 250 ml<\/p>\n","protected":false},"excerpt":{"rendered":"<p>PALACIO Cannabis Shower Gel Tube 250 ml \u2013 \u017cel pod prysznic z konopi \ud83c\udf3f\ud83d\udebf od\u017cywiaj\u0105cy sk\u00f3r\u0119 \u017bel pod prysznic wzbogacony naturalnymi ekstraktami konopnymi, idealny do codziennego stosowania przez ca\u0142\u0105 rodzin\u0119. Delikatnie oczyszcza sk\u00f3r\u0119, jednocze\u015bnie zapewniaj\u0105c jej g\u0142\u0119bokie nawil\u017cenie, mi\u0119kko\u015b\u0107 i uczucie \u015bwie\u017co\u015bci, pozostawiaj\u0105c j\u0105 g\u0142adk\u0105, wypocz\u0119t\u0105 i przyjemnie pachn\u0105c\u0105. \u2728 Dlaczego jest wart uwagi?\u2022 usuwa [&hellip;]<\/p>\n","protected":false},"featured_media":33553,"template":"","meta":[],"product_brand":[22],"product_cat":[21],"product_tag":[],"class_list":{"0":"post-2667","1":"product","2":"type-product","3":"status-publish","4":"has-post-thumbnail","6":"product_brand-palacio","7":"product_cat-palacio","9":"first","10":"instock","11":"taxable","12":"shipping-taxable","13":"purchasable","14":"product-type-simple"},"_links":{"self":[{"href":"https:\/\/27-215.pl\/index.php\/wp-json\/wp\/v2\/product\/2667","targetHints":{"allow":["GET"]}}],"collection":[{"href":"https:\/\/27-215.pl\/index.php\/wp-json\/wp\/v2\/product"}],"about":[{"href":"https:\/\/27-215.pl\/index.php\/wp-json\/wp\/v2\/types\/product"}],"wp:featuredmedia":[{"embeddable":true,"href":"https:\/\/27-215.pl\/index.php\/wp-json\/wp\/v2\/media\/33553"}],"wp:attachment":[{"href":"https:\/\/27-215.pl\/index.php\/wp-json\/wp\/v2\/media?parent=2667"}],"wp:term":[{"taxonomy":"product_brand","embeddable":true,"href":"https:\/\/27-215.pl\/index.php\/wp-json\/wp\/v2\/product_brand?post=2667"},{"taxonomy":"product_cat","embeddable":true,"href":"https:\/\/27-215.pl\/index.php\/wp-json\/wp\/v2\/product_cat?post=2667"},{"taxonomy":"product_tag","embeddable":true,"href":"https:\/\/27-215.pl\/index.php\/wp-json\/wp\/v2\/product_tag?post=2667"}],"curies":[{"name":"wp","href":"https:\/\/api.w.org\/{rel}","templated":true}]}}